{"id":161,"date":"2021-09-18T12:09:02","date_gmt":"2021-09-18T10:09:02","guid":{"rendered":"https:\/\/vivasem.ro\/?post_type=product&#038;p=161"},"modified":"2026-02-18T12:36:20","modified_gmt":"2026-02-18T10:36:20","slug":"tomato-cherry-roma","status":"publish","type":"product","link":"https:\/\/vivasem.ro\/?product=tomato-cherry-roma","title":{"rendered":".MINI ROMA (TOMATO CHERRY ROMA)"},"content":{"rendered":"<h6><span style=\"color: #ff0000;\">TOMATO CHERRY ROMA ,sau MINI ROMA ,cum mai este numit,<\/span><\/h6>\n<h6><span style=\"color: #0000ff;\">CELEBRU SOI ITALIAN CE A C\u00c2\u0218TIGAT PREMIUL SSE\/2013, PENTRU CEA MAI GUSTOAS\u0102 TOMAT\u0102 DIN LUME \u0218I , PE DREPT , PENTRU C\u0102 PUTEM CONFIRMA GUSTUL EXCEP\u021aIONAL, DULCE, FOARTE AROMAT.<\/span><\/h6>\n<h6>SOI TIMPURIU, DE SEZON LUNG, <span style=\"color: #0000ff;\">FOARTE PRODUCTIV ,CE RODE\u0218TE\u00a0 \u00a0ABUNDENT FRUCTE TIP\u00a0 CHERRY MARI, DE 20-40 grame \u0218I 3- 6 CM LUNGIME.<\/span><\/h6>\n<h6>TOMATELE SE CONSUM\u0102 PROASPETE, CONSERVATE SAU USCATE \u0218I POT FI P\u0102STRATE O PERIOAD\u0102 MAI LUNG\u0102 DE TIMP, <span style=\"color: #0000ff;\">FIIND MULT CULTIVATE \u0218I PENTRU COMERCIALIZARE .<\/span><\/h6>\n<h6>PLANTE VIGUROASE , CE POT AJUNGE LA 5 metrii , \u00ceN SOLAR.<\/h6>\n","protected":false},"excerpt":{"rendered":"<h6><span style=\"color: #ff00ff;\">GUST EXCEP\u021aIONAL, EXTREM DE PRODUCTIV !<\/span><\/h6>\n<h6><span style=\"color: #ff00ff;\">MULT CULTIVAT \u0218I PENTRU COMERCIALIZARE !<\/span><\/h6>\n","protected":false},"featured_media":615,"comment_status":"open","ping_status":"closed","template":"","meta":{"site-sidebar-layout":"default","site-content-layout":"default","ast-site-content-layout":"default","site-content-style":"default","site-sidebar-style":"default","ast-global-header-display":"","ast-banner-title-visibility":"","ast-main-header-display":"","ast-hfb-above-header-display":"","ast-hfb-below-header-display":"","ast-hfb-mobile-header-display":"","site-post-title":"","ast-breadcrumbs-content":"","ast-featured-img":"","footer-sml-layout":"","ast-disable-related-posts":"","theme-transparent-header-meta":"default","adv-header-id-meta":"","stick-header-meta":"","header-above-stick-meta":"","header-main-stick-meta":"","header-below-stick-meta":"","astra-migrate-meta-layouts":"set","ast-page-background-enabled":"default","ast-page-background-meta":{"desktop":{"background-color":"var(--ast-global-color-4)","background-image":"","background-repeat":"repeat","background-position":"center center","background-size":"auto","background-attachment":"scroll","background-type":"","background-media":"","overlay-type":"","overlay-color":"","overlay-opacity":"","overlay-gradient":""},"tablet":{"background-color":"","background-image":"","background-repeat":"repeat","background-position":"center center","background-size":"auto","background-attachment":"scroll","background-type":"","background-media":"","overlay-type":"","overlay-color":"","overlay-opacity":"","overlay-gradient":""},"mobile":{"background-color":"","background-image":"","background-repeat":"repeat","background-position":"center center","background-size":"auto","background-attachment":"scroll","background-type":"","background-media":"","overlay-type":"","overlay-color":"","overlay-opacity":"","overlay-gradient":""}},"ast-content-background-meta":{"desktop":{"background-color":"var(--ast-global-color-5)","background-image":"","background-repeat":"repeat","background-position":"center center","background-size":"auto","background-attachment":"scroll","background-type":"","background-media":"","overlay-type":"","overlay-color":"","overlay-opacity":"","overlay-gradient":""},"tablet":{"background-color":"var(--ast-global-color-5)","background-image":"","background-repeat":"repeat","background-position":"center center","background-size":"auto","background-attachment":"scroll","background-type":"","background-media":"","overlay-type":"","overlay-color":"","overlay-opacity":"","overlay-gradient":""},"mobile":{"background-color":"var(--ast-global-color-5)","background-image":"","background-repeat":"repeat","background-position":"center center","background-size":"auto","background-attachment":"scroll","background-type":"","background-media":"","overlay-type":"","overlay-color":"","overlay-opacity":"","overlay-gradient":""}}},"product_brand":[],"product_cat":[143,151,178,142,15],"product_tag":[],"class_list":{"0":"post-161","1":"product","2":"type-product","3":"status-publish","4":"has-post-thumbnail","6":"product_cat-soiuri-timpurii-cherry","7":"product_cat-soiuri-italiene","8":"product_cat-soiuri-lungi","9":"product_cat-soiuri-rosii-roz","10":"product_cat-tomate-soi","11":"pa_cantitate-10-seminte","12":"pa_cantitate-100-seminte","13":"pa_cantitate-200-seminte","14":"pa_cantitate-25-seminte","15":"pa_cantitate-250-seminte","16":"pa_cantitate-5-seminte","17":"pa_cantitate-50-seminte","18":"pa_cantitate-500-seminte","19":"desktop-align-left","20":"tablet-align-left","21":"mobile-align-left","23":"first","24":"instock","25":"sale","26":"taxable","27":"shipping-taxable","28":"purchasable","29":"product-type-variable"},"_links":{"self":[{"href":"https:\/\/vivasem.ro\/index.php?rest_route=\/wp\/v2\/product\/161","targetHints":{"allow":["GET"]}}],"collection":[{"href":"https:\/\/vivasem.ro\/index.php?rest_route=\/wp\/v2\/product"}],"about":[{"href":"https:\/\/vivasem.ro\/index.php?rest_route=\/wp\/v2\/types\/product"}],"replies":[{"embeddable":true,"href":"https:\/\/vivasem.ro\/index.php?rest_route=%2Fwp%2Fv2%2Fcomments&post=161"}],"wp:featuredmedia":[{"embeddable":true,"href":"https:\/\/vivasem.ro\/index.php?rest_route=\/wp\/v2\/media\/615"}],"wp:attachment":[{"href":"https:\/\/vivasem.ro\/index.php?rest_route=%2Fwp%2Fv2%2Fmedia&parent=161"}],"wp:term":[{"taxonomy":"product_brand","embeddable":true,"href":"https:\/\/vivasem.ro\/index.php?rest_route=%2Fwp%2Fv2%2Fproduct_brand&post=161"},{"taxonomy":"product_cat","embeddable":true,"href":"https:\/\/vivasem.ro\/index.php?rest_route=%2Fwp%2Fv2%2Fproduct_cat&post=161"},{"taxonomy":"product_tag","embeddable":true,"href":"https:\/\/vivasem.ro\/index.php?rest_route=%2Fwp%2Fv2%2Fproduct_tag&post=161"}],"curies":[{"name":"wp","href":"https:\/\/api.w.org\/{rel}","templated":true}]}}