{"id":16000,"date":"2025-01-26T17:50:37","date_gmt":"2025-01-26T15:50:37","guid":{"rendered":"https:\/\/vivasem.ro\/?post_type=product&#038;p=16000"},"modified":"2025-10-18T06:37:09","modified_gmt":"2025-10-18T04:37:09","slug":"beefmaster-f1-fratelli-ingegnoli-italia-25s","status":"publish","type":"product","link":"https:\/\/vivasem.ro\/?product=beefmaster-f1-fratelli-ingegnoli-italia-25s","title":{"rendered":"\u201e\u201eBEEFMASTER F1 (Fratelli Ingegnoli-Italia) 10s"},"content":{"rendered":"<h6><span style=\"color: #ff0000;\"><strong><u>BEEFMASTER F1,<\/u><\/strong><\/span><\/h6>\n<h6><span style=\"color: #ff0000;\"><strong><u>Produc\u0103tor :Fratelli Ingegnoli Italia,<\/u><\/strong><\/span> \u00a0\u00a0 \u00a0\u00a0 \u00a0\u00a0 \u00a0\u00a0 \u00a0\u00a0 \u00a0\u00a0 \u00a0\u00a0 \u00a0\u00a0 \u00a0\u00a0 \u00a0\u00a0 \u00a0\u00a0 \u00a0\u00a0 \u00a0\u00a0 \u00a0\u00a0 \u00a0\u00a0 \u00a0\u00a0 \u00a0\u00a0 \u00a0\u00a0 \u00a0\u00a0 \u00a0\u00a0 \u00a0\u00a0 \u00a0\u00a0 \u00a0\u00a0 \u00a0\u00a0 \u00a0\u00a0 \u00a0\u00a0 \u00a0\u00a0 \u00a0\u00a0 \u00a0\u00a0 \u00a0\u00a0 \u00a0\u00a0 \u00a0<span style=\"color: #ff0000;\"><strong><u><a href=\"https:\/\/vivasem.ro\/wp-content\/uploads\/2021\/11\/INGEGNOLI.jpg\"><img loading=\"lazy\" decoding=\"async\" class=\"alignnone size-full wp-image-8034\" src=\"https:\/\/vivasem.ro\/wp-content\/uploads\/2021\/11\/INGEGNOLI.jpg\" alt=\"\" width=\"390\" height=\"98\" srcset=\"https:\/\/vivasem.ro\/wp-content\/uploads\/2021\/11\/INGEGNOLI.jpg 390w, https:\/\/vivasem.ro\/wp-content\/uploads\/2021\/11\/INGEGNOLI-248x62.jpg 248w\" sizes=\"auto, (max-width: 390px) 100vw, 390px\" \/><\/a><\/u><\/strong><\/span><\/h6>\n<h6><span style=\"color: #ff0000;\"><strong>UN SUPER-HIBRID , CU TOMATE FOARTE MARI, \u00ceN MEDIE \u00ceNTRE 200-300 grame, DAR CARE AJUNG URIA\u0218E \u0218I P\u00c2N\u0102 LA 1 Kg. NOI AM OB\u021aINUT DE 640 grame, VEZI FOTO.<\/strong><\/span><\/h6>\n<h6><span style=\"color: #0000ff;\"><strong>FRUCTELE SUNT FOARTE C\u0102RNOASE, TIP BEEFSTEAK, AROMATE SI FOARTE GUSTOASE, CU COAJ\u0102 SUB\u021aIRE, DE ACEEA\u0218I CALITATE CU RO\u0218IILE TRADI\u021aIONALE <\/strong>, IN PLUS MULT MAI REZISTENTE LA BOLI DIVERSE: Aal,Fol 1.M,Ss,Xcv.<\/span><\/h6>\n<h6><span style=\"color: #ff0000;\">HIBRID FOARTE PRODUCTIV, FORMEAZ\u0102 NUMERO\u0218I\u00a0 CIORCHINI\u00a0 DE PESTE 1 KG , CE NECESIT\u0102 SUS\u021aINERE\u00a0 , FORMA\u021aI DE REGUL\u0102, DIN3-4 RO\u0218II.<\/span><\/h6>\n<h6>Coacere \u00een 80 zile.<\/h6>\n<h6><span style=\"color: #0000ff;\">\u00ceN IMAGINILE CU TASUL C\u00c2NTARULUI, SUNT FRUCTE RECOLTATE DE LA O SINGUR\u0102 PLANT\u0102, ODAT\u0102 \u0218I AM OB\u021aINUT \u0218I 2 KG LA O PLANTA LA O RECOLTARE.<\/span><\/h6>\n<h6><a href=\"https:\/\/vivasem.ro\/wp-content\/uploads\/2021\/11\/RECOMAND.jpg\"><img loading=\"lazy\" decoding=\"async\" class=\"alignnone wp-image-8306\" src=\"https:\/\/vivasem.ro\/wp-content\/uploads\/2021\/11\/RECOMAND.jpg\" alt=\"\" width=\"166\" height=\"161\" \/><\/a><\/h6>\n","protected":false},"excerpt":{"rendered":"<h6>10 semin\u021be<\/h6>\n<h6><span style=\"color: #ff00ff;\">HIBRID EXCEP\u021aIONAL\u00a0<\/span><span style=\"color: #ff00ff;\">CU GUST EXTRAORDINAR ! FRUCTELE POT AJUNGE LA 1 Kg.\u00a0<\/span><\/h6>\n<h6><\/h6>\n","protected":false},"featured_media":4887,"comment_status":"open","ping_status":"closed","template":"","meta":{"site-sidebar-layout":"default","site-content-layout":"default","ast-site-content-layout":"default","site-content-style":"default","site-sidebar-style":"default","ast-global-header-display":"","ast-banner-title-visibility":"","ast-main-header-display":"","ast-hfb-above-header-display":"","ast-hfb-below-header-display":"","ast-hfb-mobile-header-display":"","site-post-title":"","ast-breadcrumbs-content":"","ast-featured-img":"","footer-sml-layout":"","ast-disable-related-posts":"","theme-transparent-header-meta":"default","adv-header-id-meta":"","stick-header-meta":"","header-above-stick-meta":"","header-main-stick-meta":"","header-below-stick-meta":"","astra-migrate-meta-layouts":"set","ast-page-background-enabled":"default","ast-page-background-meta":{"desktop":{"background-color":"var(--ast-global-color-4)","background-image":"","background-repeat":"repeat","background-position":"center center","background-size":"auto","background-attachment":"scroll","background-type":"","background-media":"","overlay-type":"","overlay-color":"","overlay-opacity":"","overlay-gradient":""},"tablet":{"background-color":"","background-image":"","background-repeat":"repeat","background-position":"center center","background-size":"auto","background-attachment":"scroll","background-type":"","background-media":"","overlay-type":"","overlay-color":"","overlay-opacity":"","overlay-gradient":""},"mobile":{"background-color":"","background-image":"","background-repeat":"repeat","background-position":"center center","background-size":"auto","background-attachment":"scroll","background-type":"","background-media":"","overlay-type":"","overlay-color":"","overlay-opacity":"","overlay-gradient":""}},"ast-content-background-meta":{"desktop":{"background-color":"var(--ast-global-color-5)","background-image":"","background-repeat":"repeat","background-position":"center center","background-size":"auto","background-attachment":"scroll","background-type":"","background-media":"","overlay-type":"","overlay-color":"","overlay-opacity":"","overlay-gradient":""},"tablet":{"background-color":"var(--ast-global-color-5)","background-image":"","background-repeat":"repeat","background-position":"center center","background-size":"auto","background-attachment":"scroll","background-type":"","background-media":"","overlay-type":"","overlay-color":"","overlay-opacity":"","overlay-gradient":""},"mobile":{"background-color":"var(--ast-global-color-5)","background-image":"","background-repeat":"repeat","background-position":"center center","background-size":"auto","background-attachment":"scroll","background-type":"","background-media":"","overlay-type":"","overlay-color":"","overlay-opacity":"","overlay-gradient":""}}},"product_brand":[],"product_cat":[110],"product_tag":[],"class_list":{"0":"post-16000","1":"product","2":"type-product","3":"status-publish","4":"has-post-thumbnail","6":"product_cat-tomate-hibrid","7":"pa_z-cantitate-10-seminte","8":"pa_z-cantitate-100-seminte","9":"pa_z-cantitate-200-seminte","10":"pa_z-cantitate-25-seminte","11":"pa_z-cantitate-250-seminte","12":"pa_z-cantitate-50-seminte","13":"pa_z-cantitate-500-seminte","14":"desktop-align-left","15":"tablet-align-left","16":"mobile-align-left","18":"first","19":"outofstock","20":"taxable","21":"shipping-taxable","22":"purchasable","23":"product-type-simple"},"_links":{"self":[{"href":"https:\/\/vivasem.ro\/index.php?rest_route=\/wp\/v2\/product\/16000","targetHints":{"allow":["GET"]}}],"collection":[{"href":"https:\/\/vivasem.ro\/index.php?rest_route=\/wp\/v2\/product"}],"about":[{"href":"https:\/\/vivasem.ro\/index.php?rest_route=\/wp\/v2\/types\/product"}],"replies":[{"embeddable":true,"href":"https:\/\/vivasem.ro\/index.php?rest_route=%2Fwp%2Fv2%2Fcomments&post=16000"}],"wp:featuredmedia":[{"embeddable":true,"href":"https:\/\/vivasem.ro\/index.php?rest_route=\/wp\/v2\/media\/4887"}],"wp:attachment":[{"href":"https:\/\/vivasem.ro\/index.php?rest_route=%2Fwp%2Fv2%2Fmedia&parent=16000"}],"wp:term":[{"taxonomy":"product_brand","embeddable":true,"href":"https:\/\/vivasem.ro\/index.php?rest_route=%2Fwp%2Fv2%2Fproduct_brand&post=16000"},{"taxonomy":"product_cat","embeddable":true,"href":"https:\/\/vivasem.ro\/index.php?rest_route=%2Fwp%2Fv2%2Fproduct_cat&post=16000"},{"taxonomy":"product_tag","embeddable":true,"href":"https:\/\/vivasem.ro\/index.php?rest_route=%2Fwp%2Fv2%2Fproduct_tag&post=16000"}],"curies":[{"name":"wp","href":"https:\/\/api.w.org\/{rel}","templated":true}]}}