{"id":15996,"date":"2025-01-25T10:45:49","date_gmt":"2025-01-25T08:45:49","guid":{"rendered":"https:\/\/vivasem.ro\/?post_type=product&#038;p=15996"},"modified":"2026-02-07T11:17:15","modified_gmt":"2026-02-07T09:17:15","slug":"reyana-f1-geosem-bulgaria-50s-2","status":"publish","type":"product","link":"https:\/\/vivasem.ro\/?product=reyana-f1-geosem-bulgaria-50s-2","title":{"rendered":"REYANA F1 (Geosem-Bulgaria) 25s"},"content":{"rendered":"<h6><span style=\"color: #ff0000;\"><strong><u>REYANA F1<\/u><\/strong><\/span><\/h6>\n<h6><span style=\"color: #ff0000;\"><span class=\"post-meta-key\">Produc\u0103tor semin\u021be:GEOSEM SELECT -Bulgaria<\/span>,<\/span><\/h6>\n<p><strong>Semin\u021be ambalate \u00een plic de polietilen\u0103 resigilabil,cu fermoar ZIP, etichetat.<\/strong><\/p>\n<h6><span style=\"color: #0000ff;\"><strong>H<\/strong><\/span><span style=\"color: #0000ff;\">ibrid\u00a0 bulgaresc, mult cultivat, pentru c\u0103<\/span> <span style=\"color: #0000ff;\">are un gust foarte bun \u0219i are o productivitate destul de mare.<\/span><\/h6>\n<h6><span style=\"color: #0000ff;\"><span style=\"color: #ff0000;\">Fructele au o greutate medie de 170 &#8211; 200 grame, sunt netede, ferme, au un gust specific de ro\u0219ie, c\u0103rnoase, f\u0103r\u0103 capac verde.<\/span><\/span><\/h6>\n<h6><span style=\"color: #0000ff;\"> \u00a0Formeaza in general, cam 6- 8 etaje de fructe, cu 7 si pana la 9 rosii pe ciorchine. Prezinta rezistenta mare la transport <\/span><\/h6>\n<h6>Maturitatea rosiilor Reyana F1 este una semitimpurie, planta avand o crestere nedeterminat\u0103, cu vigoare medie.<\/h6>\n<h6><strong>Reyana F1<\/strong> are o buna rezistenta la Verticilium si Fusarium \u0219i Virusul mozaicul tomatelor.<\/h6>\n<h6><span style=\"color: #0000ff;\">Se recomand\u0103 pentru produc\u021bia in c\u00e2mp, \u0219i spa\u021bii protejate (sere si solarii).<\/span><\/h6>\n<h6><span style=\"color: #ff0000;\">Destinat \u00een special consumului in stare proaspat\u0103,dar \u0219i pentru conservat.<\/span><\/h6>\n<h6>Cultivare: pe arac 80\/35 cm, cu \u00a06-8 ciorchini, palisat .<\/h6>\n<h6>Norm\u0103 de recoltare: 15-20 g\/10 ari r\u0103sad .<\/h6>\n<h6>Produc\u0163ie: 10-12 t\/10 ari pentru 60-80 zile.<\/h6>\n<h6><\/h6>\n","protected":false},"excerpt":{"rendered":"<h6><span style=\"color: #0000ff;\">25 SEMIN\u021aE<img loading=\"lazy\" decoding=\"async\" class=\"alignnone wp-image-5567\" src=\"https:\/\/vivasem.ro\/wp-content\/uploads\/2021\/11\/NOU3.jpg\" alt=\"\" width=\"61\" height=\"59\" srcset=\"https:\/\/vivasem.ro\/wp-content\/uploads\/2021\/11\/NOU3.jpg 270w, https:\/\/vivasem.ro\/wp-content\/uploads\/2021\/11\/NOU3-248x241.jpg 248w\" sizes=\"auto, (max-width: 61px) 100vw, 61px\" \/><\/span><\/h6>\n<h6><span style=\"color: #ff00ff;\">REZISTENT \u0218I GUSTOS<\/span><\/h6>\n","protected":false},"featured_media":8572,"comment_status":"open","ping_status":"closed","template":"","meta":{"site-sidebar-layout":"default","site-content-layout":"default","ast-site-content-layout":"default","site-content-style":"default","site-sidebar-style":"default","ast-global-header-display":"","ast-banner-title-visibility":"","ast-main-header-display":"","ast-hfb-above-header-display":"","ast-hfb-below-header-display":"","ast-hfb-mobile-header-display":"","site-post-title":"","ast-breadcrumbs-content":"","ast-featured-img":"","footer-sml-layout":"","ast-disable-related-posts":"","theme-transparent-header-meta":"default","adv-header-id-meta":"","stick-header-meta":"","header-above-stick-meta":"","header-main-stick-meta":"","header-below-stick-meta":"","astra-migrate-meta-layouts":"set","ast-page-background-enabled":"default","ast-page-background-meta":{"desktop":{"background-color":"var(--ast-global-color-4)","background-image":"","background-repeat":"repeat","background-position":"center center","background-size":"auto","background-attachment":"scroll","background-type":"","background-media":"","overlay-type":"","overlay-color":"","overlay-opacity":"","overlay-gradient":""},"tablet":{"background-color":"","background-image":"","background-repeat":"repeat","background-position":"center center","background-size":"auto","background-attachment":"scroll","background-type":"","background-media":"","overlay-type":"","overlay-color":"","overlay-opacity":"","overlay-gradient":""},"mobile":{"background-color":"","background-image":"","background-repeat":"repeat","background-position":"center center","background-size":"auto","background-attachment":"scroll","background-type":"","background-media":"","overlay-type":"","overlay-color":"","overlay-opacity":"","overlay-gradient":""}},"ast-content-background-meta":{"desktop":{"background-color":"var(--ast-global-color-5)","background-image":"","background-repeat":"repeat","background-position":"center center","background-size":"auto","background-attachment":"scroll","background-type":"","background-media":"","overlay-type":"","overlay-color":"","overlay-opacity":"","overlay-gradient":""},"tablet":{"background-color":"var(--ast-global-color-5)","background-image":"","background-repeat":"repeat","background-position":"center center","background-size":"auto","background-attachment":"scroll","background-type":"","background-media":"","overlay-type":"","overlay-color":"","overlay-opacity":"","overlay-gradient":""},"mobile":{"background-color":"var(--ast-global-color-5)","background-image":"","background-repeat":"repeat","background-position":"center center","background-size":"auto","background-attachment":"scroll","background-type":"","background-media":"","overlay-type":"","overlay-color":"","overlay-opacity":"","overlay-gradient":""}}},"product_brand":[],"product_cat":[110,150,187],"product_tag":[],"class_list":{"0":"post-15996","1":"product","2":"type-product","3":"status-publish","4":"has-post-thumbnail","6":"product_cat-tomate-hibrid","7":"product_cat-hibrizi-bulgaresti","8":"product_cat-soiuri-florian-opal-bulgaria","9":"desktop-align-left","10":"tablet-align-left","11":"mobile-align-left","13":"first","14":"instock","15":"sale","16":"taxable","17":"shipping-taxable","18":"purchasable","19":"product-type-simple"},"_links":{"self":[{"href":"https:\/\/vivasem.ro\/index.php?rest_route=\/wp\/v2\/product\/15996","targetHints":{"allow":["GET"]}}],"collection":[{"href":"https:\/\/vivasem.ro\/index.php?rest_route=\/wp\/v2\/product"}],"about":[{"href":"https:\/\/vivasem.ro\/index.php?rest_route=\/wp\/v2\/types\/product"}],"replies":[{"embeddable":true,"href":"https:\/\/vivasem.ro\/index.php?rest_route=%2Fwp%2Fv2%2Fcomments&post=15996"}],"wp:featuredmedia":[{"embeddable":true,"href":"https:\/\/vivasem.ro\/index.php?rest_route=\/wp\/v2\/media\/8572"}],"wp:attachment":[{"href":"https:\/\/vivasem.ro\/index.php?rest_route=%2Fwp%2Fv2%2Fmedia&parent=15996"}],"wp:term":[{"taxonomy":"product_brand","embeddable":true,"href":"https:\/\/vivasem.ro\/index.php?rest_route=%2Fwp%2Fv2%2Fproduct_brand&post=15996"},{"taxonomy":"product_cat","embeddable":true,"href":"https:\/\/vivasem.ro\/index.php?rest_route=%2Fwp%2Fv2%2Fproduct_cat&post=15996"},{"taxonomy":"product_tag","embeddable":true,"href":"https:\/\/vivasem.ro\/index.php?rest_route=%2Fwp%2Fv2%2Fproduct_tag&post=15996"}],"curies":[{"name":"wp","href":"https:\/\/api.w.org\/{rel}","templated":true}]}}