{"id":15921,"date":"2025-01-21T11:19:49","date_gmt":"2025-01-21T09:19:49","guid":{"rendered":"https:\/\/vivasem.ro\/?post_type=product&#038;p=15921"},"modified":"2025-01-21T11:22:32","modified_gmt":"2025-01-21T09:22:32","slug":"pink-wonder-f1-250s","status":"publish","type":"product","link":"https:\/\/vivasem.ro\/?product=pink-wonder-f1-250s","title":{"rendered":"PINK WONDER F1 (250s)"},"content":{"rendered":"<h6><span style=\"color: #ff0000;\"><strong><u>PINK WONDER\u00a0 F1<\/u><\/strong><\/span>\u00a0 \u00a0 \u00a0 \u00a0 \u00a0 <span style=\"color: #ff0000;\"><strong><u><a href=\"https:\/\/vivasem.ro\/wp-content\/uploads\/2022\/01\/GRAINES-VOLTZ.jpg\"><img loading=\"lazy\" decoding=\"async\" class=\"alignnone wp-image-11283\" src=\"https:\/\/vivasem.ro\/wp-content\/uploads\/2022\/01\/GRAINES-VOLTZ-original.jpg\" alt=\"\" width=\"232\" height=\"56\" srcset=\"https:\/\/vivasem.ro\/wp-content\/uploads\/2022\/01\/GRAINES-VOLTZ-original.jpg 528w, https:\/\/vivasem.ro\/wp-content\/uploads\/2022\/01\/GRAINES-VOLTZ-original-248x60.jpg 248w, https:\/\/vivasem.ro\/wp-content\/uploads\/2022\/01\/GRAINES-VOLTZ-300x72.jpg 300w\" sizes=\"auto, (max-width: 232px) 100vw, 232px\" \/><\/a><\/u><\/strong><\/span><\/h6>\n<h6>\u00a0Semin\u021be produse \u0219i ambalate de:-Graines Voltz.Fran\u021ba,<\/h6>\n<h6><span style=\"color: #ff0000;\">Un hibrid nou, cu fructe de calitate foarte ridicat\u0103, ce se remarc\u0103, \u00een principal, datorita propriet\u0103tilor sale gustative, ce amintesc de gustul ro\u0219iilor de alt\u0103dat\u0103.\u00a0<\/span><\/h6>\n<h6><span style=\"color: #0000ff;\">Fructul este costat, de culoare roz \u00eenchis, ating\u00e2nd dimensiuni mari de la 250-300 grame\u00a0 dar pot atinge p\u00e2na la 400 de grame.<\/span><\/h6>\n<h6><span style=\"color: #ff0000;\">Pulpa este foarte c\u0103rnoas\u0103 ,dar \u0219i suculent\u0103, iar coaja foarte sub\u021bire.<\/span><\/h6>\n<h6><span style=\"color: #ff0000;\"><strong>Planta este una semitimpurie, robust\u0103 , asigur\u0103 produc\u021bii\u00a0 ridicate dar necesit\u0103 un aport suficient de ap\u0103. Produce ciorchini de 3-4 fructe.<\/strong><\/span><\/h6>\n<h6><span style=\"color: #ff0000;\"><strong>S<\/strong>e preteaz\u0103 at\u00e2t pentru spa\u021bii protejate, c\u00e2t \u0219i pentru cultura pe arac, in gradin\u0103.<\/span><\/h6>\n<h6><span style=\"color: #ff0000;\">Prezinta multiple rezistente la boli precum: fuzarioza, virusul mozaic al tomatelor, verticilioza, ofilirea frunzelor.<\/span><\/h6>\n<h6><\/h6>\n<h6><\/h6>\n","protected":false},"excerpt":{"rendered":"<h6><span style=\"color: #ff00ff;\">HIBRID ROZ CU GUST <\/span><span style=\"color: #ff00ff;\">DE RO\u0218IE CLASIC\u0102 .<\/span><\/h6>\n","protected":false},"featured_media":15914,"comment_status":"open","ping_status":"closed","template":"","meta":{"site-sidebar-layout":"default","site-content-layout":"default","ast-site-content-layout":"default","site-content-style":"default","site-sidebar-style":"default","ast-global-header-display":"","ast-banner-title-visibility":"","ast-main-header-display":"","ast-hfb-above-header-display":"","ast-hfb-below-header-display":"","ast-hfb-mobile-header-display":"","site-post-title":"","ast-breadcrumbs-content":"","ast-featured-img":"","footer-sml-layout":"","ast-disable-related-posts":"","theme-transparent-header-meta":"default","adv-header-id-meta":"","stick-header-meta":"","header-above-stick-meta":"","header-main-stick-meta":"","header-below-stick-meta":"","astra-migrate-meta-layouts":"set","ast-page-background-enabled":"default","ast-page-background-meta":{"desktop":{"background-color":"var(--ast-global-color-4)","background-image":"","background-repeat":"repeat","background-position":"center center","background-size":"auto","background-attachment":"scroll","background-type":"","background-media":"","overlay-type":"","overlay-color":"","overlay-opacity":"","overlay-gradient":""},"tablet":{"background-color":"","background-image":"","background-repeat":"repeat","background-position":"center center","background-size":"auto","background-attachment":"scroll","background-type":"","background-media":"","overlay-type":"","overlay-color":"","overlay-opacity":"","overlay-gradient":""},"mobile":{"background-color":"","background-image":"","background-repeat":"repeat","background-position":"center center","background-size":"auto","background-attachment":"scroll","background-type":"","background-media":"","overlay-type":"","overlay-color":"","overlay-opacity":"","overlay-gradient":""}},"ast-content-background-meta":{"desktop":{"background-color":"var(--ast-global-color-5)","background-image":"","background-repeat":"repeat","background-position":"center center","background-size":"auto","background-attachment":"scroll","background-type":"","background-media":"","overlay-type":"","overlay-color":"","overlay-opacity":"","overlay-gradient":""},"tablet":{"background-color":"var(--ast-global-color-5)","background-image":"","background-repeat":"repeat","background-position":"center center","background-size":"auto","background-attachment":"scroll","background-type":"","background-media":"","overlay-type":"","overlay-color":"","overlay-opacity":"","overlay-gradient":""},"mobile":{"background-color":"var(--ast-global-color-5)","background-image":"","background-repeat":"repeat","background-position":"center center","background-size":"auto","background-attachment":"scroll","background-type":"","background-media":"","overlay-type":"","overlay-color":"","overlay-opacity":"","overlay-gradient":""}}},"product_brand":[],"product_cat":[110],"product_tag":[],"class_list":{"0":"post-15921","1":"product","2":"type-product","3":"status-publish","4":"has-post-thumbnail","6":"product_cat-tomate-hibrid","7":"pa_z-cantitate-10-seminte","8":"pa_z-cantitate-100-seminte","9":"pa_z-cantitate-1000-seminte","10":"pa_z-cantitate-25-seminte","11":"pa_z-cantitate-250-seminte","12":"pa_z-cantitate-50-seminte","13":"pa_z-cantitate-500-seminte","14":"desktop-align-left","15":"tablet-align-left","16":"mobile-align-left","18":"first","19":"instock","20":"taxable","21":"shipping-taxable","22":"purchasable","23":"product-type-simple"},"_links":{"self":[{"href":"https:\/\/vivasem.ro\/index.php?rest_route=\/wp\/v2\/product\/15921","targetHints":{"allow":["GET"]}}],"collection":[{"href":"https:\/\/vivasem.ro\/index.php?rest_route=\/wp\/v2\/product"}],"about":[{"href":"https:\/\/vivasem.ro\/index.php?rest_route=\/wp\/v2\/types\/product"}],"replies":[{"embeddable":true,"href":"https:\/\/vivasem.ro\/index.php?rest_route=%2Fwp%2Fv2%2Fcomments&post=15921"}],"wp:featuredmedia":[{"embeddable":true,"href":"https:\/\/vivasem.ro\/index.php?rest_route=\/wp\/v2\/media\/15914"}],"wp:attachment":[{"href":"https:\/\/vivasem.ro\/index.php?rest_route=%2Fwp%2Fv2%2Fmedia&parent=15921"}],"wp:term":[{"taxonomy":"product_brand","embeddable":true,"href":"https:\/\/vivasem.ro\/index.php?rest_route=%2Fwp%2Fv2%2Fproduct_brand&post=15921"},{"taxonomy":"product_cat","embeddable":true,"href":"https:\/\/vivasem.ro\/index.php?rest_route=%2Fwp%2Fv2%2Fproduct_cat&post=15921"},{"taxonomy":"product_tag","embeddable":true,"href":"https:\/\/vivasem.ro\/index.php?rest_route=%2Fwp%2Fv2%2Fproduct_tag&post=15921"}],"curies":[{"name":"wp","href":"https:\/\/api.w.org\/{rel}","templated":true}]}}