{"id":15879,"date":"2025-01-20T17:08:27","date_gmt":"2025-01-20T15:08:27","guid":{"rendered":"https:\/\/vivasem.ro\/?post_type=product&#038;p=15879"},"modified":"2025-11-06T12:35:26","modified_gmt":"2025-11-06T10:35:26","slug":"imperius-f1-prime-seed-italia","status":"publish","type":"product","link":"https:\/\/vivasem.ro\/?product=imperius-f1-prime-seed-italia","title":{"rendered":"IMPERIUS F1 (PRIME SEED Italia)"},"content":{"rendered":"<h6><span style=\"color: #ff0000;\"><strong><u>IMPERIUS F1,<\/u><\/strong><\/span>\u00a0 \u00a0 \u00a0 \u00a0 \u00a0 \u00a0 \u00a0 \u00a0 \u00a0 \u00a0 \u00a0 \u00a0 \u00a0<span style=\"color: #ff0000;\"><strong><u><img loading=\"lazy\" decoding=\"async\" class=\"alignnone wp-image-15918\" src=\"https:\/\/vivasem.ro\/wp-content\/uploads\/2025\/01\/PRIMESEED-300x90.jpg\" alt=\"\" width=\"190\" height=\"57\" srcset=\"https:\/\/vivasem.ro\/wp-content\/uploads\/2025\/01\/PRIMESEED-300x90.jpg 300w, https:\/\/vivasem.ro\/wp-content\/uploads\/2025\/01\/PRIMESEED-248x74.jpg 248w, https:\/\/vivasem.ro\/wp-content\/uploads\/2025\/01\/PRIMESEED-590x176.jpg 590w, https:\/\/vivasem.ro\/wp-content\/uploads\/2025\/01\/PRIMESEED-150x45.jpg 150w, https:\/\/vivasem.ro\/wp-content\/uploads\/2025\/01\/PRIMESEED.jpg 700w\" sizes=\"auto, (max-width: 190px) 100vw, 190px\" \/><\/u><\/strong><\/span><\/h6>\n<h6><span style=\"color: #ff0000;\">Produc\u0103tor semin\u021be: PRIME SEED\/Furia Seeds Monticelli Terme (PR) Italia,<\/span><\/h6>\n<h6><span style=\"color: #000080;\"><strong>Hibrid<\/strong> nou, cu cre\u0219tere nedeterminat\u0103, cu fructe mari ,\u00een greutate medie \u00eentre 200-300 grame, de calitate ridicat\u0103 \u0219i foarte gustoase.<\/span><\/h6>\n<h6><span style=\"color: #ff0000;\"><strong>Hibridul <\/strong>ofer\u0103 produc\u021bii foarte ridicate, are maturitatea semitimpurie si se recomanda cultivat in sistem palisat (legat), in sere, solarii si c\u00e2mp.<\/span><\/h6>\n<h6><span style=\"color: #ff0000;\">Plantele se formeaza si se dezvolt\u0103 bine chiar \u0219i \u00een condi\u021bii de temperaturi ridicate, ceea ce le face o alegere ideala pentru regiunile mai calde.<\/span><\/h6>\n<h6><span style=\"color: #000080;\">Fructul este \u00een forma ro\u0219iilor de gr\u0103din\u0103 tip\u00a0 par\u0103, ondulate,<\/span><\/h6>\n<h6><span style=\"color: #000080;\">de tipul Inim\u0103 de bou italian\u0103 de Albenga, <\/span><span style=\"color: #000080;\">de culoare ro\u0219ie, cu coacere uniform\u0103 \u0219i aspect comercial bun.<\/span><br \/>\n<span style=\"color: #000080;\">Se recomanda pentru consum in stare proaspat\u0103.<\/span><br \/>\n<span style=\"color: #000080;\"><span style=\"color: #ff0000;\">Pentru a ob\u021bine fructe foarte mari, se recomand\u0103 reducerea inflorescen\u021belor la <strong>3-4<\/strong> fructe\/ciorchine.<\/span><strong><br \/>\n<\/strong><strong>Imperius F1<\/strong> prezinta rezisten\u021b\u0103 ridicat\u0103 la boli, ceea ce le face usor de \u00eentre\u021binut si de cultivat, chiar si \u00een conditii de clim\u0103 variat\u0103. Astfel, acest hibrid de tomate combin\u0103 productivitatea cu calitatea fructelor cu gust deosebit , fiind o alegere de top pentru gradinari \u0219i fermieri.<\/span><\/h6>\n","protected":false},"excerpt":{"rendered":"<h6><span style=\"color: #ff00ff;\">EXTREM DE PRODUCTIV<\/span><span style=\"color: #ff00ff;\"> \u0219i FOARTE GUSTOS !POATE DEP\u0102\u0218II 1 KG.!<\/span><\/h6>\n","protected":false},"featured_media":15890,"comment_status":"open","ping_status":"closed","template":"","meta":{"site-sidebar-layout":"default","site-content-layout":"default","ast-site-content-layout":"default","site-content-style":"default","site-sidebar-style":"default","ast-global-header-display":"","ast-banner-title-visibility":"","ast-main-header-display":"","ast-hfb-above-header-display":"","ast-hfb-below-header-display":"","ast-hfb-mobile-header-display":"","site-post-title":"","ast-breadcrumbs-content":"","ast-featured-img":"","footer-sml-layout":"","ast-disable-related-posts":"","theme-transparent-header-meta":"default","adv-header-id-meta":"","stick-header-meta":"","header-above-stick-meta":"","header-main-stick-meta":"","header-below-stick-meta":"","astra-migrate-meta-layouts":"set","ast-page-background-enabled":"default","ast-page-background-meta":{"desktop":{"background-color":"var(--ast-global-color-4)","background-image":"","background-repeat":"repeat","background-position":"center center","background-size":"auto","background-attachment":"scroll","background-type":"","background-media":"","overlay-type":"","overlay-color":"","overlay-opacity":"","overlay-gradient":""},"tablet":{"background-color":"","background-image":"","background-repeat":"repeat","background-position":"center center","background-size":"auto","background-attachment":"scroll","background-type":"","background-media":"","overlay-type":"","overlay-color":"","overlay-opacity":"","overlay-gradient":""},"mobile":{"background-color":"","background-image":"","background-repeat":"repeat","background-position":"center center","background-size":"auto","background-attachment":"scroll","background-type":"","background-media":"","overlay-type":"","overlay-color":"","overlay-opacity":"","overlay-gradient":""}},"ast-content-background-meta":{"desktop":{"background-color":"var(--ast-global-color-5)","background-image":"","background-repeat":"repeat","background-position":"center center","background-size":"auto","background-attachment":"scroll","background-type":"","background-media":"","overlay-type":"","overlay-color":"","overlay-opacity":"","overlay-gradient":""},"tablet":{"background-color":"var(--ast-global-color-5)","background-image":"","background-repeat":"repeat","background-position":"center center","background-size":"auto","background-attachment":"scroll","background-type":"","background-media":"","overlay-type":"","overlay-color":"","overlay-opacity":"","overlay-gradient":""},"mobile":{"background-color":"var(--ast-global-color-5)","background-image":"","background-repeat":"repeat","background-position":"center center","background-size":"auto","background-attachment":"scroll","background-type":"","background-media":"","overlay-type":"","overlay-color":"","overlay-opacity":"","overlay-gradient":""}}},"product_brand":[],"product_cat":[110],"product_tag":[],"class_list":{"0":"post-15879","1":"product","2":"type-product","3":"status-publish","4":"has-post-thumbnail","6":"product_cat-tomate-hibrid","7":"pa_cantitate-10-seminte","8":"pa_cantitate-100-seminte","9":"pa_cantitate-200-seminte","10":"pa_cantitate-25-seminte","11":"pa_cantitate-250-seminte","12":"pa_cantitate-50-seminte","13":"pa_cantitate-500-seminte","14":"desktop-align-left","15":"tablet-align-left","16":"mobile-align-left","18":"first","19":"instock","20":"sale","21":"taxable","22":"shipping-taxable","23":"purchasable","24":"product-type-variable"},"_links":{"self":[{"href":"https:\/\/vivasem.ro\/index.php?rest_route=\/wp\/v2\/product\/15879","targetHints":{"allow":["GET"]}}],"collection":[{"href":"https:\/\/vivasem.ro\/index.php?rest_route=\/wp\/v2\/product"}],"about":[{"href":"https:\/\/vivasem.ro\/index.php?rest_route=\/wp\/v2\/types\/product"}],"replies":[{"embeddable":true,"href":"https:\/\/vivasem.ro\/index.php?rest_route=%2Fwp%2Fv2%2Fcomments&post=15879"}],"wp:featuredmedia":[{"embeddable":true,"href":"https:\/\/vivasem.ro\/index.php?rest_route=\/wp\/v2\/media\/15890"}],"wp:attachment":[{"href":"https:\/\/vivasem.ro\/index.php?rest_route=%2Fwp%2Fv2%2Fmedia&parent=15879"}],"wp:term":[{"taxonomy":"product_brand","embeddable":true,"href":"https:\/\/vivasem.ro\/index.php?rest_route=%2Fwp%2Fv2%2Fproduct_brand&post=15879"},{"taxonomy":"product_cat","embeddable":true,"href":"https:\/\/vivasem.ro\/index.php?rest_route=%2Fwp%2Fv2%2Fproduct_cat&post=15879"},{"taxonomy":"product_tag","embeddable":true,"href":"https:\/\/vivasem.ro\/index.php?rest_route=%2Fwp%2Fv2%2Fproduct_tag&post=15879"}],"curies":[{"name":"wp","href":"https:\/\/api.w.org\/{rel}","templated":true}]}}