{"id":15847,"date":"2025-01-13T16:47:42","date_gmt":"2025-01-13T14:47:42","guid":{"rendered":"https:\/\/vivasem.ro\/?post_type=product&#038;p=15847"},"modified":"2025-01-26T10:19:52","modified_gmt":"2025-01-26T08:19:52","slug":"varza-kale-blue-scotch-vates-dwarf-300s","status":"publish","type":"product","link":"https:\/\/vivasem.ro\/?product=varza-kale-blue-scotch-vates-dwarf-300s","title":{"rendered":".VARZ\u0102 KALE BLUE SCOTCH VATES DWARF (300s)"},"content":{"rendered":"<h6><span style=\"color: #008000;\"><strong><u>VARZ\u0102 KALE BLUE SCOTCH VATES DWARF- Holmes Seeds.SUA,<\/u><\/strong><\/span><\/h6>\n<h6><strong>SOI HEIRLOOM FOARTE PRODUCTIV,CU FRUNZE CRE\u021aE , DE CULOARE VERDE \u2013ALB\u0102STRUI, LUNGI DE PAN\u0102 LA 50 centimetrii. <\/strong><\/h6>\n<h6>TUFELE COMPACTE ,AJUNG PAN\u0102 LA 1 M \u00ceN DIAMETRU.<\/h6>\n<h6>FOARTE REZISTENT LA FRIG,SE POATE CULTIVA IMEDIAT DUPA TOPIREA Z\u0102PEZII.<\/h6>\n<h6><strong>Varza Kale este o cultur\u0103 timpurie, minunat\u0103 pentru sezonul rece si de primavara<\/strong> .<\/h6>\n<h6>\u00a0Gustul \u0219i textura se \u00eembun\u0103t\u0103\u021besc cu frigul de la \u00eenceputul iernii c\u00e2nd acumuleaza zaharuri .<\/h6>\n<h6>Se culeg frunzele exterioare.Se poate consuma crud\u0103,in salate sau g\u0103tit\u0103.<\/h6>\n<h6>Se poate \u00eens\u0103m\u00e2n\u021ba direct sau se face r\u0103sad, care se transplanteaz\u0103 la 65 cm \u00eentre plante.<\/h6>\n","protected":false},"excerpt":{"rendered":"<h6><span style=\"color: #0000ff;\">300 SEMIN\u021aE\u00a0<\/span><\/h6>\n","protected":false},"featured_media":5386,"comment_status":"open","ping_status":"closed","template":"","meta":{"site-sidebar-layout":"default","site-content-layout":"default","ast-site-content-layout":"default","site-content-style":"default","site-sidebar-style":"default","ast-global-header-display":"","ast-banner-title-visibility":"","ast-main-header-display":"","ast-hfb-above-header-display":"","ast-hfb-below-header-display":"","ast-hfb-mobile-header-display":"","site-post-title":"","ast-breadcrumbs-content":"","ast-featured-img":"","footer-sml-layout":"","ast-disable-related-posts":"","theme-transparent-header-meta":"default","adv-header-id-meta":"","stick-header-meta":"","header-above-stick-meta":"","header-main-stick-meta":"","header-below-stick-meta":"","astra-migrate-meta-layouts":"set","ast-page-background-enabled":"default","ast-page-background-meta":{"desktop":{"background-color":"var(--ast-global-color-4)","background-image":"","background-repeat":"repeat","background-position":"center center","background-size":"auto","background-attachment":"scroll","background-type":"","background-media":"","overlay-type":"","overlay-color":"","overlay-opacity":"","overlay-gradient":""},"tablet":{"background-color":"","background-image":"","background-repeat":"repeat","background-position":"center center","background-size":"auto","background-attachment":"scroll","background-type":"","background-media":"","overlay-type":"","overlay-color":"","overlay-opacity":"","overlay-gradient":""},"mobile":{"background-color":"","background-image":"","background-repeat":"repeat","background-position":"center center","background-size":"auto","background-attachment":"scroll","background-type":"","background-media":"","overlay-type":"","overlay-color":"","overlay-opacity":"","overlay-gradient":""}},"ast-content-background-meta":{"desktop":{"background-color":"var(--ast-global-color-5)","background-image":"","background-repeat":"repeat","background-position":"center center","background-size":"auto","background-attachment":"scroll","background-type":"","background-media":"","overlay-type":"","overlay-color":"","overlay-opacity":"","overlay-gradient":""},"tablet":{"background-color":"var(--ast-global-color-5)","background-image":"","background-repeat":"repeat","background-position":"center center","background-size":"auto","background-attachment":"scroll","background-type":"","background-media":"","overlay-type":"","overlay-color":"","overlay-opacity":"","overlay-gradient":""},"mobile":{"background-color":"var(--ast-global-color-5)","background-image":"","background-repeat":"repeat","background-position":"center center","background-size":"auto","background-attachment":"scroll","background-type":"","background-media":"","overlay-type":"","overlay-color":"","overlay-opacity":"","overlay-gradient":""}}},"product_brand":[],"product_cat":[148],"product_tag":[],"class_list":{"0":"post-15847","1":"product","2":"type-product","3":"status-publish","4":"has-post-thumbnail","6":"product_cat-10-varza-varza-kale","7":"desktop-align-left","8":"tablet-align-left","9":"mobile-align-left","11":"first","12":"instock","13":"taxable","14":"shipping-taxable","15":"purchasable","16":"product-type-simple"},"_links":{"self":[{"href":"https:\/\/vivasem.ro\/index.php?rest_route=\/wp\/v2\/product\/15847","targetHints":{"allow":["GET"]}}],"collection":[{"href":"https:\/\/vivasem.ro\/index.php?rest_route=\/wp\/v2\/product"}],"about":[{"href":"https:\/\/vivasem.ro\/index.php?rest_route=\/wp\/v2\/types\/product"}],"replies":[{"embeddable":true,"href":"https:\/\/vivasem.ro\/index.php?rest_route=%2Fwp%2Fv2%2Fcomments&post=15847"}],"wp:featuredmedia":[{"embeddable":true,"href":"https:\/\/vivasem.ro\/index.php?rest_route=\/wp\/v2\/media\/5386"}],"wp:attachment":[{"href":"https:\/\/vivasem.ro\/index.php?rest_route=%2Fwp%2Fv2%2Fmedia&parent=15847"}],"wp:term":[{"taxonomy":"product_brand","embeddable":true,"href":"https:\/\/vivasem.ro\/index.php?rest_route=%2Fwp%2Fv2%2Fproduct_brand&post=15847"},{"taxonomy":"product_cat","embeddable":true,"href":"https:\/\/vivasem.ro\/index.php?rest_route=%2Fwp%2Fv2%2Fproduct_cat&post=15847"},{"taxonomy":"product_tag","embeddable":true,"href":"https:\/\/vivasem.ro\/index.php?rest_route=%2Fwp%2Fv2%2Fproduct_tag&post=15847"}],"curies":[{"name":"wp","href":"https:\/\/api.w.org\/{rel}","templated":true}]}}