{"id":158,"date":"2021-09-18T11:56:53","date_gmt":"2021-09-18T09:56:53","guid":{"rendered":"https:\/\/vivasem.ro\/?post_type=product&#038;p=158"},"modified":"2026-02-13T09:31:25","modified_gmt":"2026-02-13T07:31:25","slug":"yellow-pear-cherry-pere-galbene-cherry","status":"publish","type":"product","link":"https:\/\/vivasem.ro\/?product=yellow-pear-cherry-pere-galbene-cherry","title":{"rendered":"YELLOW   PEAR-CHERRY (PERE GALBENE CHERRY)"},"content":{"rendered":"<h6><span style=\"color: #ff0000;\">YELLOW PEAR-CHERRY (PERE GALBENE CHERRY),<\/span><\/h6>\n<h6>EXCELENT SOI VECHI, HEIRLOOM, DIN SUA,\u00a0 CE PRODUCE <span style=\"color: #0000ff;\">FRUCTE FOARTE FRUMOASE, LUCIOASE, DE CULOARE GALBEN-L\u0102M\u00c2I, REZISTENTE LA CR\u0102PARE .<\/span><\/h6>\n<h6>ACESTEA AU FORMA DE PAR\u0102\u00a0 \u0218I SUNT DE TIP CHERRY MARE ,AV\u00c2ND GREUTATEA \u00ceNTRE 15-40 grame.<\/h6>\n<h6><span style=\"color: #0000ff;\">TOMATELE SUNT FOARTE DULCI, NEACIDE, DEOSEBIT DE GUSTOASE, FOARTE AROMATE, SUCULENTE, BUNE DE CONSUMAT IN STARE PROASP\u0102T\u0102,<\/span> \u00ceN SALATE \u0218I DE UTILIZAT \u00ceN ARANJAMENTE CULINARE, PLATOURI, APERITIVE, ETC. .<\/h6>\n<h6>PLANTELE VIGUROASE ,<span style=\"color: #0000ff;\"> NEDETERMINATE,SUNT DE\u00a0 PRODUCTIVITATE \u00ceNALT\u0102,\u00a0 FORMEAZ\u0102\u00a0 ABUNDENT CIORCHINI NUMERO\u0218I .<\/span><\/h6>\n","protected":false},"excerpt":{"rendered":"<h6><span style=\"color: #0000ff;\">30 SEMIN\u021aE<\/span><\/h6>\n<h6><span style=\"color: #ff6600;\">GUST EXCELENT ,FOARTE DULCE !<\/span><\/h6>\n<h6><span style=\"color: #ff6600;\">SOI DEOSEBIT DE PRODUCTIV !<\/span><\/h6>\n","protected":false},"featured_media":2328,"comment_status":"open","ping_status":"closed","template":"","meta":{"site-sidebar-layout":"default","site-content-layout":"default","ast-site-content-layout":"default","site-content-style":"default","site-sidebar-style":"default","ast-global-header-display":"","ast-banner-title-visibility":"","ast-main-header-display":"","ast-hfb-above-header-display":"","ast-hfb-below-header-display":"","ast-hfb-mobile-header-display":"","site-post-title":"","ast-breadcrumbs-content":"","ast-featured-img":"","footer-sml-layout":"","ast-disable-related-posts":"","theme-transparent-header-meta":"default","adv-header-id-meta":"","stick-header-meta":"","header-above-stick-meta":"","header-main-stick-meta":"","header-below-stick-meta":"","astra-migrate-meta-layouts":"set","ast-page-background-enabled":"default","ast-page-background-meta":{"desktop":{"background-color":"var(--ast-global-color-4)","background-image":"","background-repeat":"repeat","background-position":"center center","background-size":"auto","background-attachment":"scroll","background-type":"","background-media":"","overlay-type":"","overlay-color":"","overlay-opacity":"","overlay-gradient":""},"tablet":{"background-color":"","background-image":"","background-repeat":"repeat","background-position":"center center","background-size":"auto","background-attachment":"scroll","background-type":"","background-media":"","overlay-type":"","overlay-color":"","overlay-opacity":"","overlay-gradient":""},"mobile":{"background-color":"","background-image":"","background-repeat":"repeat","background-position":"center center","background-size":"auto","background-attachment":"scroll","background-type":"","background-media":"","overlay-type":"","overlay-color":"","overlay-opacity":"","overlay-gradient":""}},"ast-content-background-meta":{"desktop":{"background-color":"var(--ast-global-color-5)","background-image":"","background-repeat":"repeat","background-position":"center center","background-size":"auto","background-attachment":"scroll","background-type":"","background-media":"","overlay-type":"","overlay-color":"","overlay-opacity":"","overlay-gradient":""},"tablet":{"background-color":"var(--ast-global-color-5)","background-image":"","background-repeat":"repeat","background-position":"center center","background-size":"auto","background-attachment":"scroll","background-type":"","background-media":"","overlay-type":"","overlay-color":"","overlay-opacity":"","overlay-gradient":""},"mobile":{"background-color":"var(--ast-global-color-5)","background-image":"","background-repeat":"repeat","background-position":"center center","background-size":"auto","background-attachment":"scroll","background-type":"","background-media":"","overlay-type":"","overlay-color":"","overlay-opacity":"","overlay-gradient":""}}},"product_brand":[],"product_cat":[139,143,178,15],"product_tag":[],"class_list":{"0":"post-158","1":"product","2":"type-product","3":"status-publish","4":"has-post-thumbnail","6":"product_cat-tomate-galbene-orange-bicolore-verzi","7":"product_cat-soiuri-timpurii-cherry","8":"product_cat-soiuri-lungi","9":"product_cat-tomate-soi","10":"desktop-align-left","11":"tablet-align-left","12":"mobile-align-left","14":"first","15":"instock","16":"taxable","17":"shipping-taxable","18":"purchasable","19":"product-type-simple"},"_links":{"self":[{"href":"https:\/\/vivasem.ro\/index.php?rest_route=\/wp\/v2\/product\/158","targetHints":{"allow":["GET"]}}],"collection":[{"href":"https:\/\/vivasem.ro\/index.php?rest_route=\/wp\/v2\/product"}],"about":[{"href":"https:\/\/vivasem.ro\/index.php?rest_route=\/wp\/v2\/types\/product"}],"replies":[{"embeddable":true,"href":"https:\/\/vivasem.ro\/index.php?rest_route=%2Fwp%2Fv2%2Fcomments&post=158"}],"wp:featuredmedia":[{"embeddable":true,"href":"https:\/\/vivasem.ro\/index.php?rest_route=\/wp\/v2\/media\/2328"}],"wp:attachment":[{"href":"https:\/\/vivasem.ro\/index.php?rest_route=%2Fwp%2Fv2%2Fmedia&parent=158"}],"wp:term":[{"taxonomy":"product_brand","embeddable":true,"href":"https:\/\/vivasem.ro\/index.php?rest_route=%2Fwp%2Fv2%2Fproduct_brand&post=158"},{"taxonomy":"product_cat","embeddable":true,"href":"https:\/\/vivasem.ro\/index.php?rest_route=%2Fwp%2Fv2%2Fproduct_cat&post=158"},{"taxonomy":"product_tag","embeddable":true,"href":"https:\/\/vivasem.ro\/index.php?rest_route=%2Fwp%2Fv2%2Fproduct_tag&post=158"}],"curies":[{"name":"wp","href":"https:\/\/api.w.org\/{rel}","templated":true}]}}