{"id":15587,"date":"2024-12-23T15:25:04","date_gmt":"2024-12-23T13:25:04","guid":{"rendered":"https:\/\/vivasem.ro\/?post_type=product&#038;p=15587"},"modified":"2025-12-01T17:10:44","modified_gmt":"2025-12-01T15:10:44","slug":"uriase-de-brasov-30s","status":"publish","type":"product","link":"https:\/\/vivasem.ro\/?product=uriase-de-brasov-30s","title":{"rendered":"\u201e\u201eURIASE DE BRASOV (30s)"},"content":{"rendered":"<h6><span style=\"color: #ff0000;\"><strong><u>URIA\u0218E DE\u00a0 BRASOV\/BRA\u0218OVENE,<\/u><\/strong><\/span><\/h6>\n<h6><strong>\u00a0SOI \u021a\u0102R\u0102NESC ROM\u00c2NESC,<\/strong> ORIGINAR DIN ZONA T\u0102RLUNGENI-C\u0102RPINI\u0218 ,DE LANG\u0102 ORA\u0218UL\u00a0 BRA\u0218OV .<\/h6>\n<h6><span style=\"color: #0000ff;\">FRUCTELE SUNT MARI \u0218I FOARTE MARI , AU MEDIA DE 200 grame, MULTE AJUNG LA 500-600 grame \u0218I AU <\/span>DE\u00a0 CULOAREA RO\u0218IE.<\/h6>\n<h6><span style=\"color: #0000ff;\">TOMATELE AU GUST EXCELENT, DULCE, FOARTE BINE ECHILIBRAT CU ACID, CU AROM\u0102 INTENS\u0102,DE RO\u0218IE VECHE,<\/span> SUNT FOARTE SUCULENTE, CU PULP\u0102 FERM\u0102 FOARTE C\u0102RNOASE, CE SE POT FELIA PERFECT.<\/h6>\n<h6>DE CONSUMAT PROASPETE, IN SALATE.<\/h6>\n<h6>PLANTELE SUNT NEDETERMINATE, VIGUROASE,<span style=\"color: #0000ff;\">\u00a0 PRODUCTIVE, CE NECESIT\u0102 SUS\u021aINERE SOLID\u0102, MEDIU-TIMPURII.<\/span><\/h6>\n","protected":false},"excerpt":{"rendered":"<h6><span style=\"color: #0000ff;\">30 SEMIN\u021aE<\/span><\/h6>\n<p><a href=\"https:\/\/vivasem.ro\/wp-content\/uploads\/2021\/11\/RO-1.jpg\"><img loading=\"lazy\" decoding=\"async\" class=\"alignnone size-medium wp-image-7098\" src=\"https:\/\/vivasem.ro\/wp-content\/uploads\/2021\/11\/RO-1-300x107.jpg\" alt=\"\" width=\"300\" height=\"107\" \/><\/a><\/p>\n<h6><span style=\"color: #ff6600;\">GUST EXEP\u021aIONAL !<\/span><\/h6>\n<h6><span style=\"color: #ff6600;\">SOI FOARTE PRODUCTIV !<\/span><\/h6>\n","protected":false},"featured_media":0,"comment_status":"open","ping_status":"closed","template":"","meta":{"site-sidebar-layout":"default","site-content-layout":"default","ast-site-content-layout":"default","site-content-style":"default","site-sidebar-style":"default","ast-global-header-display":"","ast-banner-title-visibility":"","ast-main-header-display":"","ast-hfb-above-header-display":"","ast-hfb-below-header-display":"","ast-hfb-mobile-header-display":"","site-post-title":"","ast-breadcrumbs-content":"","ast-featured-img":"","footer-sml-layout":"","ast-disable-related-posts":"","theme-transparent-header-meta":"default","adv-header-id-meta":"","stick-header-meta":"","header-above-stick-meta":"","header-main-stick-meta":"","header-below-stick-meta":"","astra-migrate-meta-layouts":"set","ast-page-background-enabled":"default","ast-page-background-meta":{"desktop":{"background-color":"var(--ast-global-color-4)","background-image":"","background-repeat":"repeat","background-position":"center center","background-size":"auto","background-attachment":"scroll","background-type":"","background-media":"","overlay-type":"","overlay-color":"","overlay-opacity":"","overlay-gradient":""},"tablet":{"background-color":"","background-image":"","background-repeat":"repeat","background-position":"center center","background-size":"auto","background-attachment":"scroll","background-type":"","background-media":"","overlay-type":"","overlay-color":"","overlay-opacity":"","overlay-gradient":""},"mobile":{"background-color":"","background-image":"","background-repeat":"repeat","background-position":"center center","background-size":"auto","background-attachment":"scroll","background-type":"","background-media":"","overlay-type":"","overlay-color":"","overlay-opacity":"","overlay-gradient":""}},"ast-content-background-meta":{"desktop":{"background-color":"var(--ast-global-color-5)","background-image":"","background-repeat":"repeat","background-position":"center center","background-size":"auto","background-attachment":"scroll","background-type":"","background-media":"","overlay-type":"","overlay-color":"","overlay-opacity":"","overlay-gradient":""},"tablet":{"background-color":"var(--ast-global-color-5)","background-image":"","background-repeat":"repeat","background-position":"center center","background-size":"auto","background-attachment":"scroll","background-type":"","background-media":"","overlay-type":"","overlay-color":"","overlay-opacity":"","overlay-gradient":""},"mobile":{"background-color":"var(--ast-global-color-5)","background-image":"","background-repeat":"repeat","background-position":"center center","background-size":"auto","background-attachment":"scroll","background-type":"","background-media":"","overlay-type":"","overlay-color":"","overlay-opacity":"","overlay-gradient":""}}},"product_brand":[],"product_cat":[149],"product_tag":[],"class_list":{"0":"post-15587","1":"product","2":"type-product","3":"status-publish","5":"product_cat-33-produse-epuizate","6":"desktop-align-left","7":"tablet-align-left","8":"mobile-align-left","10":"first","11":"instock","12":"taxable","13":"shipping-taxable","14":"purchasable","15":"product-type-simple"},"_links":{"self":[{"href":"https:\/\/vivasem.ro\/index.php?rest_route=\/wp\/v2\/product\/15587","targetHints":{"allow":["GET"]}}],"collection":[{"href":"https:\/\/vivasem.ro\/index.php?rest_route=\/wp\/v2\/product"}],"about":[{"href":"https:\/\/vivasem.ro\/index.php?rest_route=\/wp\/v2\/types\/product"}],"replies":[{"embeddable":true,"href":"https:\/\/vivasem.ro\/index.php?rest_route=%2Fwp%2Fv2%2Fcomments&post=15587"}],"wp:attachment":[{"href":"https:\/\/vivasem.ro\/index.php?rest_route=%2Fwp%2Fv2%2Fmedia&parent=15587"}],"wp:term":[{"taxonomy":"product_brand","embeddable":true,"href":"https:\/\/vivasem.ro\/index.php?rest_route=%2Fwp%2Fv2%2Fproduct_brand&post=15587"},{"taxonomy":"product_cat","embeddable":true,"href":"https:\/\/vivasem.ro\/index.php?rest_route=%2Fwp%2Fv2%2Fproduct_cat&post=15587"},{"taxonomy":"product_tag","embeddable":true,"href":"https:\/\/vivasem.ro\/index.php?rest_route=%2Fwp%2Fv2%2Fproduct_tag&post=15587"}],"curies":[{"name":"wp","href":"https:\/\/api.w.org\/{rel}","templated":true}]}}