{"id":15522,"date":"2024-12-20T11:04:52","date_gmt":"2024-12-20T09:04:52","guid":{"rendered":"https:\/\/vivasem.ro\/?post_type=product&#038;p=15522"},"modified":"2025-05-19T07:44:48","modified_gmt":"2025-05-19T05:44:48","slug":"castraveti-kitto-f1-hazera-seeds-copie","status":"publish","type":"product","link":"https:\/\/vivasem.ro\/?product=castraveti-kitto-f1-hazera-seeds-copie","title":{"rendered":"__CASTRAVETI KITTO F1 (HAZERA SEEDS)"},"content":{"rendered":"<h6><span style=\"color: #333399;\"><u><b>CASTRAVETI KITTO F1,<\/b><\/u><\/span><\/h6>\n<h6><span style=\"color: #ff0000;\"><u><b>Produc\u0103tor semin\u021be-HAZERA SEEDS.Israel<\/b><\/u>, \u00a0\u00a0 \u00a0\u00a0 \u00a0\u00a0 \u00a0\u00a0 \u00a0<\/span>\u00a0 \u00a0\u00a0 \u00a0\u00a0 \u00a0\u00a0 \u00a0\u00a0 \u00a0<span style=\"color: #333399;\"><u><a href=\"https:\/\/vivasem.ro\/wp-content\/uploads\/2021\/11\/HAZERA-LOGO.jpg\"><img loading=\"lazy\" decoding=\"async\" class=\"alignnone wp-image-11430\" src=\"https:\/\/vivasem.ro\/wp-content\/uploads\/2021\/11\/HAZERA-LOGO-original.jpg\" alt=\"\" width=\"182\" height=\"73\" srcset=\"https:\/\/vivasem.ro\/wp-content\/uploads\/2021\/11\/HAZERA-LOGO-original.jpg 354w, https:\/\/vivasem.ro\/wp-content\/uploads\/2021\/11\/HAZERA-LOGO-original-248x99.jpg 248w, https:\/\/vivasem.ro\/wp-content\/uploads\/2021\/11\/HAZERA-LOGO-300x120.jpg 300w\" sizes=\"auto, (max-width: 182px) 100vw, 182px\" \/><\/a><\/u><\/span><\/h6>\n<h6><span style=\"color: #333399;\">Kitto F1\u00a0&#8211;\u00a0hibrid nou\u00a0de\u00a0castraveti tip cornichon,\u00a0timpuriu,\u00a0partenocarpic, productiv, pentru cultura in spatii protejate, potrivit pentru\u00a0ciclul I si ciclul II.<\/span><\/h6>\n<h6><span style=\"color: #333399;\">Leaga foarte bine, 1-2 fructe\/nod, fructe de culoare verde inchis, cu spini, aprox. 12 cm lungime, uniforme ca marime pe toata perioada de vegetatie. <\/span><\/h6>\n<h6><span style=\"color: #333399;\">Potriviti pentru consum in stare proaspata sau murati.<\/span><\/h6>\n<ul>\n<li>\n<h6><span style=\"color: #333399;\"><strong>Hibrid timpuriu, partenocarpic (leaga fructe fara polenizare).<\/strong><\/span><\/h6>\n<\/li>\n<li>\n<h6><span style=\"color: #333399;\"><strong>Recomandat pentru\u00a0cultura\u00a0in\u00a0spatii protejate, potrivit pentru\u00a0ciclul I si ciclul II.<\/strong><\/span><\/h6>\n<\/li>\n<li>\n<h6><span style=\"color: #333399;\"><strong>Fructe gustoase, fara gust amar la maturitate.<\/strong><\/span><\/h6>\n<\/li>\n<li>\n<h6><span style=\"color: #ff0000;\"><strong>Tolereaza\u00a0foarte bine\u00a0niveluri scazute de temperatur\u0103 si lumin\u0103, din primavar\u0103 si toamn\u0103.<\/strong><\/span><\/h6>\n<\/li>\n<li>\n<h6><span style=\"color: #333399;\"><strong>Planta este de vigoare medie, bine aerisita, radacina puternica, bine dezvoltata.<\/strong><\/span><\/h6>\n<\/li>\n<li>\n<h6><span style=\"color: #333399;\"><strong>Lastarii cu crestere nedeterminata, de vigoare medie, asigura un spor de productie considerabil.<\/strong><\/span><\/h6>\n<\/li>\n<li>\n<h6><span style=\"color: #333399;\"><strong>Leaga foarte bine,\u00a01-2 fructe\/nod.\u00a0<\/strong><\/span><\/h6>\n<\/li>\n<li>\n<h6><span style=\"color: #333399;\"><strong>Fructe aprox.\u00a012 cm lungime, uniforme ca marime pe toata perioada de vegetatie.<\/strong><\/span><\/h6>\n<\/li>\n<li>\n<h6><span style=\"color: #333399;\"><strong>Fructele au culoarea\u00a0verde inchis,\u00a0cu\u00a0spini proeminenti.<\/strong><\/span><\/h6>\n<\/li>\n<li>\n<h6><span style=\"color: #333399;\"><strong>Recomandat atat pentru consum in\u00a0stare proaspata, cat si\u00a0murat.<\/strong><\/span><\/h6>\n<\/li>\n<\/ul>\n<ul>\n<li>\n<h6><span style=\"color: #ff0000;\"><strong>Rezistente la agenti patogeni:\u00a0<\/strong><\/span><\/h6>\n<\/li>\n<\/ul>\n<h6><span style=\"color: #000080;\">\u00a0 \u00a0 \u00a0 \u00a0&#8211; virusul mozaicul comun al castravetilor (CMV)\u00a0<\/span><\/h6>\n<h6><span style=\"color: #000080;\">\u00a0 \u00a0 \u00a0 \u00a0&#8211; virusul mozaicul galben al dovleceilor (ZYMV)\u00a0<\/span><\/h6>\n<h6>LOT MO727 cu GERMINA\u021aIE DE 99%,<strong>verificat\u0103 <\/strong>conform <strong>Buletinului de analiz\u0103<\/strong>\u00a0de la Laboratorul Central pentru Calitatea Semin\u0163elor \u015fi a Materialului S\u0103ditor Bucure\u015fti &#8211;\u00a0<strong>LCCSMS<\/strong> Bucure\u0219ti, \u00een 25.10.2024.Valabilitate :25.10.2026.<\/h6>\n<h6><\/h6>\n<p>VIDEOCLIP<\/p>\n<div class=\"ast-oembed-container \" style=\"height: 100%;\"><iframe loading=\"lazy\" title=\"KITTO F1 Hazera - Castraveti tip cornichon, gustosi, productivi, pentru toate ciclurile de cultura.\" width=\"500\" height=\"281\" src=\"https:\/\/www.youtube.com\/embed\/elIWeUBF72s?feature=oembed\" frameborder=\"0\" allow=\"accelerometer; autoplay; clipboard-write; encrypted-media; gyroscope; picture-in-picture; web-share\" referrerpolicy=\"strict-origin-when-cross-origin\" allowfullscreen><\/iframe><\/div>\n","protected":false},"excerpt":{"rendered":"<h6><span style=\"color: #ff00ff;\">HIBRID TIMPURIU,ADAPTAT LA TEMPERATURI SC\u0102ZUTE.<\/span><\/h6>\n<h6><img loading=\"lazy\" decoding=\"async\" class=\"alignnone wp-image-15077\" src=\"https:\/\/vivasem.ro\/wp-content\/uploads\/2023\/12\/SUPEROFERTA-11-Copy-300x153.jpg\" alt=\"\" width=\"137\" height=\"70\" srcset=\"https:\/\/vivasem.ro\/wp-content\/uploads\/2023\/12\/SUPEROFERTA-11-Copy-300x153.jpg 300w, https:\/\/vivasem.ro\/wp-content\/uploads\/2023\/12\/SUPEROFERTA-11-Copy-248x126.jpg 248w, https:\/\/vivasem.ro\/wp-content\/uploads\/2023\/12\/SUPEROFERTA-11-Copy-590x301.jpg 590w, https:\/\/vivasem.ro\/wp-content\/uploads\/2023\/12\/SUPEROFERTA-11-Copy-150x77.jpg 150w, https:\/\/vivasem.ro\/wp-content\/uploads\/2023\/12\/SUPEROFERTA-11-Copy.jpg 700w\" sizes=\"auto, (max-width: 137px) 100vw, 137px\" \/> VEZI VIDEOCLIP !<\/h6>\n<p>&nbsp;<\/p>\n<h6><\/h6>\n","protected":false},"featured_media":15524,"comment_status":"open","ping_status":"closed","template":"","meta":{"site-sidebar-layout":"default","site-content-layout":"default","ast-site-content-layout":"default","site-content-style":"default","site-sidebar-style":"default","ast-global-header-display":"","ast-banner-title-visibility":"","ast-main-header-display":"","ast-hfb-above-header-display":"","ast-hfb-below-header-display":"","ast-hfb-mobile-header-display":"","site-post-title":"","ast-breadcrumbs-content":"","ast-featured-img":"","footer-sml-layout":"","ast-disable-related-posts":"","theme-transparent-header-meta":"default","adv-header-id-meta":"","stick-header-meta":"","header-above-stick-meta":"","header-main-stick-meta":"","header-below-stick-meta":"","astra-migrate-meta-layouts":"set","ast-page-background-enabled":"default","ast-page-background-meta":{"desktop":{"background-color":"var(--ast-global-color-4)","background-image":"","background-repeat":"repeat","background-position":"center center","background-size":"auto","background-attachment":"scroll","background-type":"","background-media":"","overlay-type":"","overlay-color":"","overlay-opacity":"","overlay-gradient":""},"tablet":{"background-color":"","background-image":"","background-repeat":"repeat","background-position":"center center","background-size":"auto","background-attachment":"scroll","background-type":"","background-media":"","overlay-type":"","overlay-color":"","overlay-opacity":"","overlay-gradient":""},"mobile":{"background-color":"","background-image":"","background-repeat":"repeat","background-position":"center center","background-size":"auto","background-attachment":"scroll","background-type":"","background-media":"","overlay-type":"","overlay-color":"","overlay-opacity":"","overlay-gradient":""}},"ast-content-background-meta":{"desktop":{"background-color":"var(--ast-global-color-5)","background-image":"","background-repeat":"repeat","background-position":"center center","background-size":"auto","background-attachment":"scroll","background-type":"","background-media":"","overlay-type":"","overlay-color":"","overlay-opacity":"","overlay-gradient":""},"tablet":{"background-color":"var(--ast-global-color-5)","background-image":"","background-repeat":"repeat","background-position":"center center","background-size":"auto","background-attachment":"scroll","background-type":"","background-media":"","overlay-type":"","overlay-color":"","overlay-opacity":"","overlay-gradient":""},"mobile":{"background-color":"var(--ast-global-color-5)","background-image":"","background-repeat":"repeat","background-position":"center center","background-size":"auto","background-attachment":"scroll","background-type":"","background-media":"","overlay-type":"","overlay-color":"","overlay-opacity":"","overlay-gradient":""}}},"product_brand":[],"product_cat":[149],"product_tag":[],"class_list":{"0":"post-15522","1":"product","2":"type-product","3":"status-publish","4":"has-post-thumbnail","6":"product_cat-33-produse-epuizate","7":"pa_z-cantitate-10-seminte","8":"pa_z-cantitate-100-seminte","9":"pa_z-cantitate-20-seminte","10":"pa_z-cantitate-200-seminte","11":"pa_z-cantitate-25-seminte","12":"pa_z-cantitate-250-seminte","13":"pa_z-cantitate-30-seminte","14":"pa_z-cantitate-50-seminte","15":"desktop-align-left","16":"tablet-align-left","17":"mobile-align-left","19":"first","20":"outofstock","21":"sale","22":"taxable","23":"shipping-taxable","24":"purchasable","25":"product-type-variable"},"_links":{"self":[{"href":"https:\/\/vivasem.ro\/index.php?rest_route=\/wp\/v2\/product\/15522","targetHints":{"allow":["GET"]}}],"collection":[{"href":"https:\/\/vivasem.ro\/index.php?rest_route=\/wp\/v2\/product"}],"about":[{"href":"https:\/\/vivasem.ro\/index.php?rest_route=\/wp\/v2\/types\/product"}],"replies":[{"embeddable":true,"href":"https:\/\/vivasem.ro\/index.php?rest_route=%2Fwp%2Fv2%2Fcomments&post=15522"}],"wp:featuredmedia":[{"embeddable":true,"href":"https:\/\/vivasem.ro\/index.php?rest_route=\/wp\/v2\/media\/15524"}],"wp:attachment":[{"href":"https:\/\/vivasem.ro\/index.php?rest_route=%2Fwp%2Fv2%2Fmedia&parent=15522"}],"wp:term":[{"taxonomy":"product_brand","embeddable":true,"href":"https:\/\/vivasem.ro\/index.php?rest_route=%2Fwp%2Fv2%2Fproduct_brand&post=15522"},{"taxonomy":"product_cat","embeddable":true,"href":"https:\/\/vivasem.ro\/index.php?rest_route=%2Fwp%2Fv2%2Fproduct_cat&post=15522"},{"taxonomy":"product_tag","embeddable":true,"href":"https:\/\/vivasem.ro\/index.php?rest_route=%2Fwp%2Fv2%2Fproduct_tag&post=15522"}],"curies":[{"name":"wp","href":"https:\/\/api.w.org\/{rel}","templated":true}]}}