{"id":15510,"date":"2024-12-20T10:09:48","date_gmt":"2024-12-20T08:09:48","guid":{"rendered":"https:\/\/vivasem.ro\/?post_type=product&#038;p=15510"},"modified":"2024-12-20T12:14:33","modified_gmt":"2024-12-20T10:14:33","slug":"pink-soul-f1-hazera-seeds","status":"publish","type":"product","link":"https:\/\/vivasem.ro\/?product=pink-soul-f1-hazera-seeds","title":{"rendered":".PINK SOUL F1 (HAZERA SEEDS)"},"content":{"rendered":"<h6><span style=\"color: #333399;\"><u><b>TOMATE HIBRID PINK SOUL F1,<\/b><\/u><\/span><\/h6>\n<h6><span style=\"color: #333399;\"><u><b>Produc\u0103tor-HAZERA SEEDS.Israel<\/b><\/u><\/span>, \u00a0\u00a0 \u00a0\u00a0 \u00a0\u00a0 \u00a0\u00a0 \u00a0\u00a0 \u00a0\u00a0 \u00a0\u00a0 \u00a0\u00a0 \u00a0\u00a0 \u00a0<span style=\"color: #333399;\"><u><a href=\"https:\/\/vivasem.ro\/wp-content\/uploads\/2021\/11\/HAZERA-LOGO.jpg\"><img loading=\"lazy\" decoding=\"async\" class=\"alignnone wp-image-11430\" src=\"https:\/\/vivasem.ro\/wp-content\/uploads\/2021\/11\/HAZERA-LOGO-original.jpg\" alt=\"\" width=\"182\" height=\"73\" srcset=\"https:\/\/vivasem.ro\/wp-content\/uploads\/2021\/11\/HAZERA-LOGO-original.jpg 354w, https:\/\/vivasem.ro\/wp-content\/uploads\/2021\/11\/HAZERA-LOGO-original-248x99.jpg 248w, https:\/\/vivasem.ro\/wp-content\/uploads\/2021\/11\/HAZERA-LOGO-300x120.jpg 300w\" sizes=\"auto, (max-width: 182px) 100vw, 182px\" \/><\/a><\/u><\/span><\/h6>\n<h6><span style=\"color: #ff0000;\">Hibrid semideterminat, de tomate cu fructe tip pruni\u0219oar\u0103, de culoare roz.<\/span><\/h6>\n<h6><span style=\"color: #ff0000;\">Acestea sunt gustoase,mari pentru acest segment,\u00a0 \u00een medie de 160-180 grame\/fruct, cu pulp\u0103 ferm\u0103.<\/span><\/h6>\n<h6><span style=\"color: #000080;\">Varietate foarte productiv\u0103, timpurie ,pretabil\u0103 cultivarii \u00een toate ciclurile de cultur\u0103.<\/span><\/h6>\n<h6><span style=\"color: #000080;\">Planta este <\/span><span style=\"color: #000080;\">cu cre\u0219tere semiedeterminat\u0103,viguroas<\/span><span style=\"color: #000080;\">\u0103.<\/span><\/h6>\n<h6><span style=\"color: #ff0000;\">Hibridul este destinat cultivarii atat in spatiile protejate, c\u00e2t \u0219i \u00een c\u00e2mp deschis.<\/span><\/h6>\n<h6><span style=\"color: #000080;\">R<\/span><span style=\"color: #000080;\">ezisten\u021b\u0103<\/span><span style=\"color: #000080;\"> ridicat\u0103\u00a0<\/span><span style=\"color: #000080;\">la agenti patogeni:<\/span><\/h6>\n<h6><span style=\"color: #003366;\">\u00a0-Fusarium (Fol 1,2) \/fuzarioz\u0103 tip 1 si 2<\/span><\/h6>\n<h6><span style=\"color: #003366;\">&#8211; Virusul mozaicului tomatelor (ToMV)<\/span><\/h6>\n<h6><span style=\"color: #003366; font-size: 17.6px;\">\u00a0&#8211; Virusul petelor de bronz\u00a0<strong>(TSWV)<\/strong><\/span><\/h6>\n<h6><span style=\"color: #003366; font-size: 17.6px;\"><strong>-Verticiloz\u0103(Vd)<\/strong><\/span><\/h6>\n<h6><span style=\"color: #003366;\"><span style=\"font-size: 17.6px;\"><strong>-P\u0103tarea cenu\u0219ie a frunzelor (Sl)<\/strong><\/span>\u00a0 <\/span><\/h6>\n<h6><span style=\"color: #003366;\">&#8211; Nematozi (Mi, Mj)<\/span><\/h6>\n<p>VIDEOCLIP:\u00a0 https:\/\/www.facebook.com\/watch\/?v=485782077167789<\/p>\n<p>&nbsp;<\/p>\n","protected":false},"excerpt":{"rendered":"<h6><span style=\"color: #ff00ff;\">HIBRID SEMIDETRMINAT, TIMPURIU,ADAPTAT LA TEMPERATURI RIDICATE.<\/span><img loading=\"lazy\" decoding=\"async\" class=\"alignnone wp-image-15077\" src=\"https:\/\/vivasem.ro\/wp-content\/uploads\/2023\/12\/SUPEROFERTA-11-Copy-300x153.jpg\" alt=\"\" width=\"137\" height=\"70\" srcset=\"https:\/\/vivasem.ro\/wp-content\/uploads\/2023\/12\/SUPEROFERTA-11-Copy-300x153.jpg 300w, https:\/\/vivasem.ro\/wp-content\/uploads\/2023\/12\/SUPEROFERTA-11-Copy-248x126.jpg 248w, https:\/\/vivasem.ro\/wp-content\/uploads\/2023\/12\/SUPEROFERTA-11-Copy-590x301.jpg 590w, https:\/\/vivasem.ro\/wp-content\/uploads\/2023\/12\/SUPEROFERTA-11-Copy-150x77.jpg 150w, https:\/\/vivasem.ro\/wp-content\/uploads\/2023\/12\/SUPEROFERTA-11-Copy.jpg 700w\" sizes=\"auto, (max-width: 137px) 100vw, 137px\" \/><\/h6>\n<h6><\/h6>\n","protected":false},"featured_media":15518,"comment_status":"open","ping_status":"closed","template":"","meta":{"site-sidebar-layout":"default","site-content-layout":"default","ast-site-content-layout":"default","site-content-style":"default","site-sidebar-style":"default","ast-global-header-display":"","ast-banner-title-visibility":"","ast-main-header-display":"","ast-hfb-above-header-display":"","ast-hfb-below-header-display":"","ast-hfb-mobile-header-display":"","site-post-title":"","ast-breadcrumbs-content":"","ast-featured-img":"","footer-sml-layout":"","ast-disable-related-posts":"","theme-transparent-header-meta":"default","adv-header-id-meta":"","stick-header-meta":"","header-above-stick-meta":"","header-main-stick-meta":"","header-below-stick-meta":"","astra-migrate-meta-layouts":"set","ast-page-background-enabled":"default","ast-page-background-meta":{"desktop":{"background-color":"var(--ast-global-color-4)","background-image":"","background-repeat":"repeat","background-position":"center center","background-size":"auto","background-attachment":"scroll","background-type":"","background-media":"","overlay-type":"","overlay-color":"","overlay-opacity":"","overlay-gradient":""},"tablet":{"background-color":"","background-image":"","background-repeat":"repeat","background-position":"center center","background-size":"auto","background-attachment":"scroll","background-type":"","background-media":"","overlay-type":"","overlay-color":"","overlay-opacity":"","overlay-gradient":""},"mobile":{"background-color":"","background-image":"","background-repeat":"repeat","background-position":"center center","background-size":"auto","background-attachment":"scroll","background-type":"","background-media":"","overlay-type":"","overlay-color":"","overlay-opacity":"","overlay-gradient":""}},"ast-content-background-meta":{"desktop":{"background-color":"var(--ast-global-color-5)","background-image":"","background-repeat":"repeat","background-position":"center center","background-size":"auto","background-attachment":"scroll","background-type":"","background-media":"","overlay-type":"","overlay-color":"","overlay-opacity":"","overlay-gradient":""},"tablet":{"background-color":"var(--ast-global-color-5)","background-image":"","background-repeat":"repeat","background-position":"center center","background-size":"auto","background-attachment":"scroll","background-type":"","background-media":"","overlay-type":"","overlay-color":"","overlay-opacity":"","overlay-gradient":""},"mobile":{"background-color":"var(--ast-global-color-5)","background-image":"","background-repeat":"repeat","background-position":"center center","background-size":"auto","background-attachment":"scroll","background-type":"","background-media":"","overlay-type":"","overlay-color":"","overlay-opacity":"","overlay-gradient":""}}},"product_brand":[],"product_cat":[110],"product_tag":[],"class_list":{"0":"post-15510","1":"product","2":"type-product","3":"status-publish","4":"has-post-thumbnail","6":"product_cat-tomate-hibrid","7":"pa_cantitate-10-seminte","8":"pa_cantitate-100-seminte","9":"pa_cantitate-200-seminte","10":"pa_cantitate-25-seminte","11":"pa_cantitate-250-seminte","12":"pa_cantitate-5-seminte","13":"pa_cantitate-50-seminte","14":"pa_cantitate-500-seminte","15":"desktop-align-left","16":"tablet-align-left","17":"mobile-align-left","19":"first","20":"instock","21":"sale","22":"taxable","23":"shipping-taxable","24":"purchasable","25":"product-type-variable"},"_links":{"self":[{"href":"https:\/\/vivasem.ro\/index.php?rest_route=\/wp\/v2\/product\/15510","targetHints":{"allow":["GET"]}}],"collection":[{"href":"https:\/\/vivasem.ro\/index.php?rest_route=\/wp\/v2\/product"}],"about":[{"href":"https:\/\/vivasem.ro\/index.php?rest_route=\/wp\/v2\/types\/product"}],"replies":[{"embeddable":true,"href":"https:\/\/vivasem.ro\/index.php?rest_route=%2Fwp%2Fv2%2Fcomments&post=15510"}],"wp:featuredmedia":[{"embeddable":true,"href":"https:\/\/vivasem.ro\/index.php?rest_route=\/wp\/v2\/media\/15518"}],"wp:attachment":[{"href":"https:\/\/vivasem.ro\/index.php?rest_route=%2Fwp%2Fv2%2Fmedia&parent=15510"}],"wp:term":[{"taxonomy":"product_brand","embeddable":true,"href":"https:\/\/vivasem.ro\/index.php?rest_route=%2Fwp%2Fv2%2Fproduct_brand&post=15510"},{"taxonomy":"product_cat","embeddable":true,"href":"https:\/\/vivasem.ro\/index.php?rest_route=%2Fwp%2Fv2%2Fproduct_cat&post=15510"},{"taxonomy":"product_tag","embeddable":true,"href":"https:\/\/vivasem.ro\/index.php?rest_route=%2Fwp%2Fv2%2Fproduct_tag&post=15510"}],"curies":[{"name":"wp","href":"https:\/\/api.w.org\/{rel}","templated":true}]}}