{"id":15412,"date":"2024-12-12T07:40:47","date_gmt":"2024-12-12T05:40:47","guid":{"rendered":"https:\/\/vivasem.ro\/?post_type=product&#038;p=15412"},"modified":"2024-12-12T22:11:47","modified_gmt":"2024-12-12T20:11:47","slug":"cristal-f1-clause","status":"publish","type":"product","link":"https:\/\/vivasem.ro\/?product=cristal-f1-clause","title":{"rendered":"CRISTAL F1 (Clause)"},"content":{"rendered":"<h6><span style=\"color: #ff0000;\">CRISTAL F1 ,\u00a0 \u00a0 \u00a0 \u00a0 \u00a0 \u00a0 \u00a0 \u00a0 \u00a0 \u00a0 \u00a0 \u00a0 \u00a0 \u00a0 \u00a0 \u00a0 \u00a0 \u00a0 \u00a0 \u00a0 \u00a0 \u00a0 <a href=\"https:\/\/vivasem.ro\/wp-content\/uploads\/2022\/12\/CLAUSE-2.jpg\"><img loading=\"lazy\" decoding=\"async\" class=\"alignnone wp-image-8482\" src=\"https:\/\/vivasem.ro\/wp-content\/uploads\/2022\/12\/CLAUSE-2-300x80.jpg\" alt=\"\" width=\"135\" height=\"36\" srcset=\"https:\/\/vivasem.ro\/wp-content\/uploads\/2022\/12\/CLAUSE-2-300x80.jpg 300w, https:\/\/vivasem.ro\/wp-content\/uploads\/2022\/12\/CLAUSE-2-248x66.jpg 248w, https:\/\/vivasem.ro\/wp-content\/uploads\/2022\/12\/CLAUSE-2.jpg 431w\" sizes=\"auto, (max-width: 135px) 100vw, 135px\" \/><\/a>\u00a0 \u00a0 \u00a0 \u00a0 \u00a0 \u00a0 \u00a0 \u00a0 \u00a0 \u00a0 \u00a0 \u00a0 \u00a0 \u00a0 \u00a0 \u00a0 \u00a0 \u00a0 \u00a0 \u00a0 \u00a0 \u00a0 \u00a0 \u00a0 \u00a0 \u00a0 \u00a0 \u00a0 \u00a0 \u00a0 \u00a0 \u00a0 \u00a0 \u00a0 \u00a0 \u00a0 \u00a0 \u00a0 \u00a0 \u00a0 \u00a0 \u00a0 \u00a0 \u00a0 \u00a0 \u00a0 \u00a0 \u00a0 \u00a0 \u00a0 \u00a0 \u00a0 \u00a0 \u00a0 \u00a0 \u00a0 \u00a0 \u00a0 \u00a0 \u00a0 \u00a0 \u00a0 \u00a0 \u00a0 \u00a0 \u00a0 \u00a0<\/span><\/h6>\n<h6><span style=\"color: #ff0000;\">Produc\u0103tor semin\u021be : CLAUSE , \u00a0\u00a0 \u00a0\u00a0 \u00a0\u00a0 \u00a0\u00a0 \u00a0\u00a0 \u00a0\u00a0 <\/span><span style=\"color: #003366;\">\u00a0 \u00a0 \u00a0 \u00a0 \u00a0 \u00a0 \u00a0 \u00a0<\/span><\/h6>\n<h6><span style=\"color: #003366;\"><strong>Hibrid mult cultivat, cunoscut pentru fructele sale de calitate \u0219i productivitatea ridicat\u0103.<\/strong><\/span><\/h6>\n<h6><span style=\"color: #ff0000;\"><strong>Gustul este excelent, dulce,\u00a0 aromat ,perfecte de consum \u00een stare proasp\u0103t\u0103, salate, la ormamente culinare, sosuri, paste,etc!<\/strong><\/span><\/h6>\n<h6><span style=\"color: #003366;\"><strong>Fructele sunt foarte aspectuase, sferice, \u00een <\/strong>m\u0103rimi cuprinse intre 120-160 grame si p\u00e2n\u0103 la 180 de grame ,de culoare ro\u0219ie aprins\u0103, <\/span><span style=\"color: #003366;\"><span style=\"font-size: 16px;\">\u0219i au un timp \u00eendelungat de p\u0103strare.<\/span><\/span><\/h6>\n<h6><span style=\"color: #003366;\">Planta prezint\u0103 cre\u0219tere nedeterminat\u0103,\u00a0 cu maturitate\u00a0 timpurie , de aproximativ 70-75 de zile de la transplantare, asigur\u00e2nd o recolt\u0103 constant\u0103 \u0219i abundent\u0103, <\/span><span style=\"color: #003366;\">r<span style=\"font-size: 16px;\">ecomandat\u0103 pentru cultivarea atat in spa\u021bii protejate c\u00e2t \u0219i \u00een c\u00e2mp deschis.\u00a0<\/span><\/span><\/h6>\n<h6><span style=\"color: #003366;\"><span style=\"font-size: 16px;\"> <span style=\"color: #ff0000;\">Hibrid productiv, pretabil pentru toate ciclurile de cultur\u0103,<\/span><\/span><span style=\"color: #ff0000;\"> destinat producatorilor profesioni\u0219ti, care vor fructe de calitate ,cu gust,\u00a0 dar \u0219i gr\u0103dinarilor amatori care doresc o plant\u0103 u\u0219or de crescut, datorit\u0103 rezisten\u021belor multiple.\u00a0<\/span><\/span><\/h6>\n<h6><span style=\"color: #ff0000;\"><strong>Mirely F1<\/strong> are\u00a0 un pachet excelent de rezisten\u021be la boli:<\/span><\/h6>\n<h6><strong><span style=\"color: #333399;\">Rezistenta la boli (HR\/ REZISTEN\u021a\u0102 \u00ceNALT\u0102):<\/span><\/strong><\/h6>\n<ul>\n<li>\n<h6><strong><span style=\"color: #333399;\">ToMV:0,1,2-Virusul Mozaicului Tutunului<\/span><\/strong><\/h6>\n<\/li>\n<li>\n<h6><strong><span style=\"color: #333399; font-size: 16px;\">Fol: 0 (US1)-Fuzrioza<\/span><\/strong><\/h6>\n<\/li>\n<li>\n<h6><strong><span style=\"color: #333399; font-size: 16px;\">Ff: A,B,C,D,E-Patarea cafenie<\/span><\/strong><\/h6>\n<\/li>\n<li>\n<h6><strong><span style=\"color: #333399;\">Va: 0 (US1)- Verticillium<\/span><\/strong><\/h6>\n<\/li>\n<li>\n<h6><strong><span style=\"color: #333399;\">Vd: 0 (US1)-Verticillium<\/span><\/strong><\/h6>\n<h6><strong><span style=\"color: #333399;\">Rezistenta la boli (IR\/REZISTEN\u021a\u0102 MEDIE:<\/span><\/strong><\/h6>\n<\/li>\n<li>\n<h6><strong><span style=\"font-size: 16px; color: #333399;\">\u00a0Ss-P\u0103tarea cenu\u0219ie a frunzelor<\/span><\/strong><\/h6>\n<\/li>\n<li>\n<h6>semanare in rasadnita: februarie-mai<\/h6>\n<\/li>\n<li>\n<h6>transplantare: martie-iunie<\/h6>\n<\/li>\n<li>\n<h6>recoltare: iulie-noiembrie<\/h6>\n<\/li>\n<li>\n<h6><span style=\"color: #000080; font-size: 17.6px;\">Semin\u021bele sunt ambalate \u00een plicuri de polietilen\u0103 cu ziplock,resigilabile, etichetate.<\/span><\/h6>\n<\/li>\n<\/ul>\n<div class=\"ast-oembed-container \" style=\"height: 100%;\"><iframe loading=\"lazy\" title=\"Cristal F1 - Cultura de tomate \u00een jud. Bihor, loc. T\u0103rcaia\" width=\"500\" height=\"281\" src=\"https:\/\/www.youtube.com\/embed\/1EtXEj0CXVw?feature=oembed\" frameborder=\"0\" allow=\"accelerometer; autoplay; clipboard-write; encrypted-media; gyroscope; picture-in-picture; web-share\" referrerpolicy=\"strict-origin-when-cross-origin\" allowfullscreen><\/iframe><\/div>\n<p>&nbsp;<\/p>\n","protected":false},"excerpt":{"rendered":"<h6><span style=\"color: #ff00ff;\">FRUCTE MULTE \u0218I\u00a0 GUSTOASE !<\/span><\/h6>\n<h6><span style=\"color: #ff00ff;\">Vezi video !<\/span><\/h6>\n","protected":false},"featured_media":15415,"comment_status":"open","ping_status":"closed","template":"","meta":{"site-sidebar-layout":"default","site-content-layout":"default","ast-site-content-layout":"default","site-content-style":"default","site-sidebar-style":"default","ast-global-header-display":"","ast-banner-title-visibility":"","ast-main-header-display":"","ast-hfb-above-header-display":"","ast-hfb-below-header-display":"","ast-hfb-mobile-header-display":"","site-post-title":"","ast-breadcrumbs-content":"","ast-featured-img":"","footer-sml-layout":"","ast-disable-related-posts":"","theme-transparent-header-meta":"default","adv-header-id-meta":"","stick-header-meta":"","header-above-stick-meta":"","header-main-stick-meta":"","header-below-stick-meta":"","astra-migrate-meta-layouts":"set","ast-page-background-enabled":"default","ast-page-background-meta":{"desktop":{"background-color":"var(--ast-global-color-4)","background-image":"","background-repeat":"repeat","background-position":"center center","background-size":"auto","background-attachment":"scroll","background-type":"","background-media":"","overlay-type":"","overlay-color":"","overlay-opacity":"","overlay-gradient":""},"tablet":{"background-color":"","background-image":"","background-repeat":"repeat","background-position":"center center","background-size":"auto","background-attachment":"scroll","background-type":"","background-media":"","overlay-type":"","overlay-color":"","overlay-opacity":"","overlay-gradient":""},"mobile":{"background-color":"","background-image":"","background-repeat":"repeat","background-position":"center center","background-size":"auto","background-attachment":"scroll","background-type":"","background-media":"","overlay-type":"","overlay-color":"","overlay-opacity":"","overlay-gradient":""}},"ast-content-background-meta":{"desktop":{"background-color":"var(--ast-global-color-5)","background-image":"","background-repeat":"repeat","background-position":"center center","background-size":"auto","background-attachment":"scroll","background-type":"","background-media":"","overlay-type":"","overlay-color":"","overlay-opacity":"","overlay-gradient":""},"tablet":{"background-color":"var(--ast-global-color-5)","background-image":"","background-repeat":"repeat","background-position":"center center","background-size":"auto","background-attachment":"scroll","background-type":"","background-media":"","overlay-type":"","overlay-color":"","overlay-opacity":"","overlay-gradient":""},"mobile":{"background-color":"var(--ast-global-color-5)","background-image":"","background-repeat":"repeat","background-position":"center center","background-size":"auto","background-attachment":"scroll","background-type":"","background-media":"","overlay-type":"","overlay-color":"","overlay-opacity":"","overlay-gradient":""}}},"product_brand":[],"product_cat":[110],"product_tag":[],"class_list":{"0":"post-15412","1":"product","2":"type-product","3":"status-publish","4":"has-post-thumbnail","6":"product_cat-tomate-hibrid","7":"pa_cantitate-10-seminte","8":"pa_cantitate-100-seminte","9":"pa_cantitate-200-seminte","10":"pa_cantitate-25-seminte","11":"pa_cantitate-250-seminte","12":"pa_cantitate-5-seminte","13":"pa_cantitate-50-seminte","14":"pa_cantitate-500-seminte","15":"desktop-align-left","16":"tablet-align-left","17":"mobile-align-left","19":"first","20":"instock","21":"sale","22":"taxable","23":"shipping-taxable","24":"purchasable","25":"product-type-variable"},"_links":{"self":[{"href":"https:\/\/vivasem.ro\/index.php?rest_route=\/wp\/v2\/product\/15412","targetHints":{"allow":["GET"]}}],"collection":[{"href":"https:\/\/vivasem.ro\/index.php?rest_route=\/wp\/v2\/product"}],"about":[{"href":"https:\/\/vivasem.ro\/index.php?rest_route=\/wp\/v2\/types\/product"}],"replies":[{"embeddable":true,"href":"https:\/\/vivasem.ro\/index.php?rest_route=%2Fwp%2Fv2%2Fcomments&post=15412"}],"wp:featuredmedia":[{"embeddable":true,"href":"https:\/\/vivasem.ro\/index.php?rest_route=\/wp\/v2\/media\/15415"}],"wp:attachment":[{"href":"https:\/\/vivasem.ro\/index.php?rest_route=%2Fwp%2Fv2%2Fmedia&parent=15412"}],"wp:term":[{"taxonomy":"product_brand","embeddable":true,"href":"https:\/\/vivasem.ro\/index.php?rest_route=%2Fwp%2Fv2%2Fproduct_brand&post=15412"},{"taxonomy":"product_cat","embeddable":true,"href":"https:\/\/vivasem.ro\/index.php?rest_route=%2Fwp%2Fv2%2Fproduct_cat&post=15412"},{"taxonomy":"product_tag","embeddable":true,"href":"https:\/\/vivasem.ro\/index.php?rest_route=%2Fwp%2Fv2%2Fproduct_tag&post=15412"}],"curies":[{"name":"wp","href":"https:\/\/api.w.org\/{rel}","templated":true}]}}