{"id":15406,"date":"2024-12-11T23:02:13","date_gmt":"2024-12-11T21:02:13","guid":{"rendered":"https:\/\/vivasem.ro\/?post_type=product&#038;p=15406"},"modified":"2025-11-28T07:32:51","modified_gmt":"2025-11-28T05:32:51","slug":"gourmandia-f1-clause","status":"publish","type":"product","link":"https:\/\/vivasem.ro\/?product=gourmandia-f1-clause","title":{"rendered":"GOURMANDIA F1  -Clause"},"content":{"rendered":"<h6><span style=\"color: #ff0000;\">GOURMANDIA F1 ,\u00a0 \u00a0 \u00a0 \u00a0 \u00a0\u00a0<a href=\"https:\/\/vivasem.ro\/wp-content\/uploads\/2022\/12\/CLAUSE-2.jpg\"><img loading=\"lazy\" decoding=\"async\" class=\"alignnone wp-image-8482\" src=\"https:\/\/vivasem.ro\/wp-content\/uploads\/2022\/12\/CLAUSE-2-300x80.jpg\" alt=\"\" width=\"135\" height=\"36\" srcset=\"https:\/\/vivasem.ro\/wp-content\/uploads\/2022\/12\/CLAUSE-2-300x80.jpg 300w, https:\/\/vivasem.ro\/wp-content\/uploads\/2022\/12\/CLAUSE-2-248x66.jpg 248w, https:\/\/vivasem.ro\/wp-content\/uploads\/2022\/12\/CLAUSE-2.jpg 431w\" sizes=\"auto, (max-width: 135px) 100vw, 135px\" \/><\/a>\u00a0 \u00a0 \u00a0 \u00a0 \u00a0 \u00a0 \u00a0 \u00a0 \u00a0 \u00a0 \u00a0 \u00a0 \u00a0 \u00a0 \u00a0 \u00a0 \u00a0 \u00a0 \u00a0 \u00a0 \u00a0 \u00a0 \u00a0 \u00a0 \u00a0 \u00a0 \u00a0 \u00a0 \u00a0 \u00a0 \u00a0 \u00a0 \u00a0 \u00a0 \u00a0 \u00a0 \u00a0 \u00a0 \u00a0 \u00a0 \u00a0 \u00a0 \u00a0 \u00a0 \u00a0 \u00a0 \u00a0 \u00a0 \u00a0 \u00a0 \u00a0 \u00a0 \u00a0 \u00a0 \u00a0 \u00a0 \u00a0 \u00a0 \u00a0 \u00a0 \u00a0 \u00a0 \u00a0 \u00a0 \u00a0 \u00a0 \u00a0<\/span><\/h6>\n<h6><span style=\"color: #ff0000;\">Produc\u0103tor semin\u021be : CLAUSE -FRAN\u021aA, \u00a0\u00a0 \u00a0\u00a0 \u00a0\u00a0 \u00a0\u00a0 \u00a0\u00a0 \u00a0\u00a0 <\/span><\/h6>\n<h6><span style=\"color: #ff0000;\">\u00a0\u00a0 \u00a0\u00a0 \u00a0\u00a0 \u00a0\u00a0 \u00a0\u00a0 \u00a0\u00a0<\/span><\/h6>\n<h6><span style=\"color: #333399;\"><strong>Hibrid timpuriu, deosebit prin productivitate \u0219i\u00a0 <\/strong>calitatea \u00eenalt\u0103 a fructelor .<\/span><\/h6>\n<h6><span style=\"color: #ff0000;\">Acestea sunt excep\u021bionale, deosebit de gustoase, dulci \u0219i intens aromate, mari, \u00een medie c\u00e2nt\u0103resc intre 250 si 300 de grame !<\/span><\/h6>\n<h6><span style=\"color: #ff0000;\">Fructele, foarte aspectuase, sunt \u00een form\u0103 de\u00a0 tip inim\u0103 de bou, cu umeri proeminen\u021bi, de culoare ro\u0219u aprins.<\/span><\/h6>\n<h6><span style=\"color: #333399;\">Miezul este c\u0103rnos, suculent, foarte potrivit de consum in stare proasp\u0103t\u0103 ,dar \u0219i pentru preparate g\u0103tite, sosuri \u0219i conserve.<\/span><\/h6>\n<h6><span style=\"color: #333399;\">Plantele sunt viguroase ,foarte roditoare , cu o legare foarte bun\u0103 \u0219i au o capacitate excelent\u0103 de produc\u021bie, oferind o cantitate generoas\u0103 de ro\u0219ii pe tot parcursul sezonului <\/span><\/h6>\n<h6><span style=\"color: #ff0000;\">Prezint\u0103 cre\u0219tere nedeterminat\u0103, se adapteaz\u0103 excelent at\u00e2t \u00een gr\u0103dini deschise, c\u00e2t \u0219i \u00een sere sau solarii \u0219i \u00een diverse condi\u021bii de sol \u0219i climat.\u00a0\u00a0<\/span><\/h6>\n<h6><span style=\"color: #333399;\"> Gourmandia F1 este destinat producatorilor profesioni\u0219ti, care vor sa ofere tomate de \u00eenalt\u0103 calitate ,cu gust,\u00a0 dar \u0219i gr\u0103dinarilor amatori ,datorit\u0103 capacit\u0103\u021bii de a rezista la principalele boli , necesit\u00e2nd mai pu\u021bine tratamente\u00a0 \u0219i ob\u021bin\u00e2nduse o recolt\u0103 mai s\u0103n\u0103toas\u0103..<\/span><\/h6>\n<h6><span style=\"color: #003366;\"><strong>A<\/strong>re\u00a0 un pachet excelent de rezisten\u021be la boli:<\/span><\/h6>\n<h6><strong><span style=\"color: #333399;\">Rezistenta la boli (HR\/ REZISTEN\u021a\u0102 \u00ceNALT\u0102):<\/span><\/strong><\/h6>\n<ul>\n<li>\n<h6><strong><span style=\"color: #333399;\">ToMV-Virusul Mozaicului Tutunului<\/span><\/strong><\/h6>\n<\/li>\n<li>\n<h6><strong><span style=\"color: #333399;\">Fol: 0 ,1\u00a0 (US1)-Fuzarioza<\/span><\/strong><\/h6>\n<\/li>\n<li>\n<h6><strong><span style=\"color: #333399;\">Va: 0 (US1)- Verticillium<\/span><\/strong><\/h6>\n<\/li>\n<li>\n<h6><strong><span style=\"color: #333399;\">Vd: 0 (US1)-Verticillium<\/span><\/strong><\/h6>\n<h6><strong><span style=\"color: #333399;\">Rezistenta\u00a0 (IR)\/REZISTEN\u021a\u0102 MEDIE:<\/span><\/strong><\/h6>\n<\/li>\n<li>\n<h6><strong><span style=\"font-size: 16px; color: #333399;\">Ma; Mi; Mj-Nematozi<\/span><\/strong><\/h6>\n<\/li>\n<li>\n<h6>semanare in rasadnita: februarie-mai<\/h6>\n<\/li>\n<li>\n<h6>transplantare: martie-iunie<\/h6>\n<\/li>\n<li>\n<h6>recoltare: iulie-noiembrie<\/h6>\n<\/li>\n<\/ul>\n<h6><span style=\"color: #000080;\">Semin\u021bele sunt ambalate \u00een plicuri de polietilen\u0103 cu ziplock,resigilabile, etichetat.<\/span><\/h6>\n<div class=\"ast-oembed-container \" style=\"height: 100%;\"><iframe loading=\"lazy\" title=\"Gourmandia F1 - Cultura de tomate \u00een P\u00e2ncota, jud. Arad, fermier Ne\u0219iu Ioan\" width=\"500\" height=\"281\" src=\"https:\/\/www.youtube.com\/embed\/No8-NS__Tk8?feature=oembed\" frameborder=\"0\" allow=\"accelerometer; autoplay; clipboard-write; encrypted-media; gyroscope; picture-in-picture; web-share\" referrerpolicy=\"strict-origin-when-cross-origin\" allowfullscreen><\/iframe><\/div>\n<div class=\"ast-oembed-container \" style=\"height: 100%;\"><iframe loading=\"lazy\" title=\"La tomate GOURMANDIA dans un potager ? - #HowToGrow | HM.CLAUSE\" width=\"500\" height=\"281\" src=\"https:\/\/www.youtube.com\/embed\/6KRl2UgypBY?start=19&#038;feature=oembed\" frameborder=\"0\" allow=\"accelerometer; autoplay; clipboard-write; encrypted-media; gyroscope; picture-in-picture; web-share\" referrerpolicy=\"strict-origin-when-cross-origin\" allowfullscreen><\/iframe><\/div>\n","protected":false},"excerpt":{"rendered":"<h6><span style=\"color: #ff00ff;\">EXCEP\u021aIONAL! DUP\u0102 NOI, CEL MAI GUSTOS DE LA CLAUSE! <img loading=\"lazy\" decoding=\"async\" class=\"alignnone size-full wp-image-8306\" src=\"https:\/\/vivasem.ro\/wp-content\/uploads\/2021\/11\/RECOMAND-e1762844609348.jpg\" alt=\"\" width=\"87\" height=\"84\" \/><\/span><\/h6>\n<h6><span style=\"color: #ff00ff;\">Vezi video !<\/span><\/h6>\n","protected":false},"featured_media":15410,"comment_status":"open","ping_status":"closed","template":"","meta":{"site-sidebar-layout":"default","site-content-layout":"default","ast-site-content-layout":"default","site-content-style":"default","site-sidebar-style":"default","ast-global-header-display":"","ast-banner-title-visibility":"","ast-main-header-display":"","ast-hfb-above-header-display":"","ast-hfb-below-header-display":"","ast-hfb-mobile-header-display":"","site-post-title":"","ast-breadcrumbs-content":"","ast-featured-img":"","footer-sml-layout":"","ast-disable-related-posts":"","theme-transparent-header-meta":"default","adv-header-id-meta":"","stick-header-meta":"","header-above-stick-meta":"","header-main-stick-meta":"","header-below-stick-meta":"","astra-migrate-meta-layouts":"set","ast-page-background-enabled":"default","ast-page-background-meta":{"desktop":{"background-color":"var(--ast-global-color-4)","background-image":"","background-repeat":"repeat","background-position":"center center","background-size":"auto","background-attachment":"scroll","background-type":"","background-media":"","overlay-type":"","overlay-color":"","overlay-opacity":"","overlay-gradient":""},"tablet":{"background-color":"","background-image":"","background-repeat":"repeat","background-position":"center center","background-size":"auto","background-attachment":"scroll","background-type":"","background-media":"","overlay-type":"","overlay-color":"","overlay-opacity":"","overlay-gradient":""},"mobile":{"background-color":"","background-image":"","background-repeat":"repeat","background-position":"center center","background-size":"auto","background-attachment":"scroll","background-type":"","background-media":"","overlay-type":"","overlay-color":"","overlay-opacity":"","overlay-gradient":""}},"ast-content-background-meta":{"desktop":{"background-color":"var(--ast-global-color-5)","background-image":"","background-repeat":"repeat","background-position":"center center","background-size":"auto","background-attachment":"scroll","background-type":"","background-media":"","overlay-type":"","overlay-color":"","overlay-opacity":"","overlay-gradient":""},"tablet":{"background-color":"var(--ast-global-color-5)","background-image":"","background-repeat":"repeat","background-position":"center center","background-size":"auto","background-attachment":"scroll","background-type":"","background-media":"","overlay-type":"","overlay-color":"","overlay-opacity":"","overlay-gradient":""},"mobile":{"background-color":"var(--ast-global-color-5)","background-image":"","background-repeat":"repeat","background-position":"center center","background-size":"auto","background-attachment":"scroll","background-type":"","background-media":"","overlay-type":"","overlay-color":"","overlay-opacity":"","overlay-gradient":""}}},"product_brand":[],"product_cat":[110],"product_tag":[],"class_list":{"0":"post-15406","1":"product","2":"type-product","3":"status-publish","4":"has-post-thumbnail","6":"product_cat-tomate-hibrid","7":"pa_cantitate-10-seminte","8":"pa_cantitate-100-seminte","9":"pa_cantitate-200-seminte","10":"pa_cantitate-25-seminte","11":"pa_cantitate-250-seminte","12":"pa_cantitate-5-seminte","13":"pa_cantitate-50-seminte","14":"pa_cantitate-500-seminte","15":"desktop-align-left","16":"tablet-align-left","17":"mobile-align-left","19":"first","20":"instock","21":"sale","22":"taxable","23":"shipping-taxable","24":"purchasable","25":"product-type-variable"},"_links":{"self":[{"href":"https:\/\/vivasem.ro\/index.php?rest_route=\/wp\/v2\/product\/15406","targetHints":{"allow":["GET"]}}],"collection":[{"href":"https:\/\/vivasem.ro\/index.php?rest_route=\/wp\/v2\/product"}],"about":[{"href":"https:\/\/vivasem.ro\/index.php?rest_route=\/wp\/v2\/types\/product"}],"replies":[{"embeddable":true,"href":"https:\/\/vivasem.ro\/index.php?rest_route=%2Fwp%2Fv2%2Fcomments&post=15406"}],"wp:featuredmedia":[{"embeddable":true,"href":"https:\/\/vivasem.ro\/index.php?rest_route=\/wp\/v2\/media\/15410"}],"wp:attachment":[{"href":"https:\/\/vivasem.ro\/index.php?rest_route=%2Fwp%2Fv2%2Fmedia&parent=15406"}],"wp:term":[{"taxonomy":"product_brand","embeddable":true,"href":"https:\/\/vivasem.ro\/index.php?rest_route=%2Fwp%2Fv2%2Fproduct_brand&post=15406"},{"taxonomy":"product_cat","embeddable":true,"href":"https:\/\/vivasem.ro\/index.php?rest_route=%2Fwp%2Fv2%2Fproduct_cat&post=15406"},{"taxonomy":"product_tag","embeddable":true,"href":"https:\/\/vivasem.ro\/index.php?rest_route=%2Fwp%2Fv2%2Fproduct_tag&post=15406"}],"curies":[{"name":"wp","href":"https:\/\/api.w.org\/{rel}","templated":true}]}}