{"id":15216,"date":"2024-12-04T14:09:25","date_gmt":"2024-12-04T12:09:25","guid":{"rendered":"https:\/\/vivasem.ro\/?post_type=product&#038;p=15216"},"modified":"2024-12-04T18:12:53","modified_gmt":"2024-12-04T16:12:53","slug":"varza-hibrid-multima-rz-f1-1000s","status":"publish","type":"product","link":"https:\/\/vivasem.ro\/?product=varza-hibrid-multima-rz-f1-1000s","title":{"rendered":"Varz\u0103 hibrid MULTIMA RZ F1 (1000s)"},"content":{"rendered":"<h6><span style=\"color: #ff0000;\">VARZ\u0102 MULTIMA RZ F1<img loading=\"lazy\" decoding=\"async\" class=\"alignnone size-medium wp-image-14882\" src=\"https:\/\/vivasem.ro\/wp-content\/uploads\/2022\/03\/RIJK-ZWAAN-300x71.jpg\" alt=\"\" width=\"300\" height=\"71\" srcset=\"https:\/\/vivasem.ro\/wp-content\/uploads\/2022\/03\/RIJK-ZWAAN-300x71.jpg 300w, https:\/\/vivasem.ro\/wp-content\/uploads\/2022\/03\/RIJK-ZWAAN-248x58.jpg 248w, https:\/\/vivasem.ro\/wp-content\/uploads\/2022\/03\/RIJK-ZWAAN-150x35.jpg 150w, https:\/\/vivasem.ro\/wp-content\/uploads\/2022\/03\/RIJK-ZWAAN.jpg 526w\" sizes=\"auto, (max-width: 300px) 100vw, 300px\" \/><\/span><\/h6>\n<h6><span style=\"color: #ff0000;\">-Produc\u0103tor seminte:Rijk Zwaan.Olanda,<\/span><\/h6>\n<div class=\"card\">\n<div id=\"descriere\" class=\"collapse show\" aria-labelledby=\"descriereHead\">\n<div class=\"card-body\"><\/div>\n<\/div>\n<\/div>\n<div id=\"recomandari\" class=\"collapse show\" aria-labelledby=\"recomandariHead\">\n<div class=\"card-body\">\n<div class=\"card\">\n<div id=\"descriere\" class=\"collapse show\" aria-labelledby=\"descriereHead\">\n<div class=\"card-body\">\n<h6><span style=\"color: #000080;\">Hibrid foarte rezistent pentru cultura de var\u0103-toamn\u0103 cu perioad\u0103 de vegeta\u0163ie de 85-100 de zile , dar ,dup\u0103 maturare,mai rezist\u0103 o perioad\u0103 de 2-3 s\u0103pt\u0103m\u00e2ni ,f\u0103r\u0103 s\u0103 crape.<\/span><\/h6>\n<h6><span style=\"color: #ff0000;\">C\u0103p\u0103\u0163\u00e2nile de form\u0103 rotund-aplatizat\u0103 au o greutate cuprins\u0103 \u00eentre 1,5 \u015fi 4 kg.<\/span><\/h6>\n<h6><span style=\"color: #ff0000;\">Ideal pentru murat, dar \u015fi pentru consum \u00een stare proasp\u0103t\u0103, av\u00e2nd un gust excelent,\u00a0datorat con\u0163inutului ridicat de zah\u0103r.<\/span><\/h6>\n<h6><span style=\"color: #ff0000;\">C\u0103p\u0103\u0163\u00e2nile au calitate intern\u0103 fin\u0103 cu frunze sub\u0163iri.<\/span><\/h6>\n<h6><span style=\"color: #000080;\">Plantele au vigoare mare, iar foliajul bogat acoper\u0103 bine r\u00e2ndurile.<\/span><\/h6>\n<h6><span style=\"color: #000080;\">Se comport\u0103 excelent \u00een condi\u021bii de temperatur\u0103 \u015fi umiditate ridicat\u0103.<\/span><\/h6>\n<h6><span style=\"color: #000080;\">Hibridul este rezistent la atacul de trips \u015fi boli, inclusiv Xanthomonas.<\/span><\/h6>\n<h6><span style=\"color: #000080;\">Rezisten\u0163\u0103 la agen\u0163i fitopatogeni: Foc:1 &#8211; ofilire vascular\u0103.<\/span><\/h6>\n<\/div>\n<\/div>\n<\/div>\n<div id=\"recomandari\" class=\"collapse show\" aria-labelledby=\"recomandariHead\">\n<div class=\"card-body\">\n<h6><span style=\"color: #000080;\">Pentru cele mai bune rezultate, desimea recomandat\u0103 este de\u00a0<a style=\"color: #000080;\" href=\"tel:32000-38000\">32000-38000<\/a>\u00a0de plante\/hectar, \u00een func\u0163ie de greutatea dorit\u0103 c\u0103p\u0103\u0163\u00e2nii, \u015fi implicit de produc\u0163ia planificat\u0103 pe unitatea de suprafa\u0163\u0103.<\/span><\/h6>\n<h6><span style=\"color: #000080;\">Datorit\u0103 r\u0103d\u0103cinilor puternice, foarte agresive, planta are o bun\u0103 capacitate de absorb\u0163ie a hranei necesare, \u015fi \u00een consecin\u0163\u0103 se recomand\u0103 o fertilizare cu maxim 130 kg N\/ha, substan\u0163\u0103 activ\u0103.<\/span><\/h6>\n<div class=\"ast-oembed-container \" style=\"height: 100%;\"><iframe loading=\"lazy\" title=\"MULTIMA RZ F1, hibrid de varza alba ideal pentru murat!\" width=\"500\" height=\"281\" src=\"https:\/\/www.youtube.com\/embed\/cX1hXvYlofw?feature=oembed\" frameborder=\"0\" allow=\"accelerometer; autoplay; clipboard-write; encrypted-media; gyroscope; picture-in-picture; web-share\" referrerpolicy=\"strict-origin-when-cross-origin\" allowfullscreen><\/iframe><\/div>\n<div class=\"ast-oembed-container \" style=\"height: 100%;\"><iframe loading=\"lazy\" title=\"Multima RZ F1, varza alba de succes in Romania!\" width=\"500\" height=\"281\" src=\"https:\/\/www.youtube.com\/embed\/3zmyXFhMags?feature=oembed\" frameborder=\"0\" allow=\"accelerometer; autoplay; clipboard-write; encrypted-media; gyroscope; picture-in-picture; web-share\" referrerpolicy=\"strict-origin-when-cross-origin\" allowfullscreen><\/iframe><\/div>\n<\/div>\n<\/div>\n<\/div>\n<\/div>\n<h6><\/h6>\n","protected":false},"excerpt":{"rendered":"<h6><span style=\"color: #0000ff;\">1000 semin\u021be<\/span><\/h6>\n<h6><span style=\"color: #ff00ff;\">HIBRID DE VAR\u0102-TOAMN\u0102 \u0218I PENTRU MURAT !<\/span><\/h6>\n<h6><span style=\"color: #ff0000;\">VEZI VIDEOCLIP !<\/span><\/h6>\n<p>&nbsp;<\/p>\n","protected":false},"featured_media":15222,"comment_status":"open","ping_status":"closed","template":"","meta":{"site-sidebar-layout":"default","site-content-layout":"default","ast-site-content-layout":"default","site-content-style":"default","site-sidebar-style":"default","ast-global-header-display":"","ast-banner-title-visibility":"","ast-main-header-display":"","ast-hfb-above-header-display":"","ast-hfb-below-header-display":"","ast-hfb-mobile-header-display":"","site-post-title":"","ast-breadcrumbs-content":"","ast-featured-img":"","footer-sml-layout":"","ast-disable-related-posts":"","theme-transparent-header-meta":"default","adv-header-id-meta":"","stick-header-meta":"","header-above-stick-meta":"","header-main-stick-meta":"","header-below-stick-meta":"","astra-migrate-meta-layouts":"set","ast-page-background-enabled":"default","ast-page-background-meta":{"desktop":{"background-color":"var(--ast-global-color-4)","background-image":"","background-repeat":"repeat","background-position":"center center","background-size":"auto","background-attachment":"scroll","background-type":"","background-media":"","overlay-type":"","overlay-color":"","overlay-opacity":"","overlay-gradient":""},"tablet":{"background-color":"","background-image":"","background-repeat":"repeat","background-position":"center center","background-size":"auto","background-attachment":"scroll","background-type":"","background-media":"","overlay-type":"","overlay-color":"","overlay-opacity":"","overlay-gradient":""},"mobile":{"background-color":"","background-image":"","background-repeat":"repeat","background-position":"center center","background-size":"auto","background-attachment":"scroll","background-type":"","background-media":"","overlay-type":"","overlay-color":"","overlay-opacity":"","overlay-gradient":""}},"ast-content-background-meta":{"desktop":{"background-color":"var(--ast-global-color-5)","background-image":"","background-repeat":"repeat","background-position":"center center","background-size":"auto","background-attachment":"scroll","background-type":"","background-media":"","overlay-type":"","overlay-color":"","overlay-opacity":"","overlay-gradient":""},"tablet":{"background-color":"var(--ast-global-color-5)","background-image":"","background-repeat":"repeat","background-position":"center center","background-size":"auto","background-attachment":"scroll","background-type":"","background-media":"","overlay-type":"","overlay-color":"","overlay-opacity":"","overlay-gradient":""},"mobile":{"background-color":"var(--ast-global-color-5)","background-image":"","background-repeat":"repeat","background-position":"center center","background-size":"auto","background-attachment":"scroll","background-type":"","background-media":"","overlay-type":"","overlay-color":"","overlay-opacity":"","overlay-gradient":""}}},"product_brand":[],"product_cat":[148],"product_tag":[],"class_list":{"0":"post-15216","1":"product","2":"type-product","3":"status-publish","4":"has-post-thumbnail","6":"product_cat-10-varza-varza-kale","7":"pa_cantitate-10-seminte","8":"pa_cantitate-100-seminte","9":"pa_cantitate-200-seminte","10":"pa_cantitate-25-seminte","11":"pa_cantitate-250-seminte","12":"pa_cantitate-5-seminte","13":"pa_cantitate-50-seminte","14":"pa_cantitate-500-seminte","15":"desktop-align-left","16":"tablet-align-left","17":"mobile-align-left","19":"first","20":"instock","21":"taxable","22":"shipping-taxable","23":"purchasable","24":"product-type-simple"},"_links":{"self":[{"href":"https:\/\/vivasem.ro\/index.php?rest_route=\/wp\/v2\/product\/15216","targetHints":{"allow":["GET"]}}],"collection":[{"href":"https:\/\/vivasem.ro\/index.php?rest_route=\/wp\/v2\/product"}],"about":[{"href":"https:\/\/vivasem.ro\/index.php?rest_route=\/wp\/v2\/types\/product"}],"replies":[{"embeddable":true,"href":"https:\/\/vivasem.ro\/index.php?rest_route=%2Fwp%2Fv2%2Fcomments&post=15216"}],"wp:featuredmedia":[{"embeddable":true,"href":"https:\/\/vivasem.ro\/index.php?rest_route=\/wp\/v2\/media\/15222"}],"wp:attachment":[{"href":"https:\/\/vivasem.ro\/index.php?rest_route=%2Fwp%2Fv2%2Fmedia&parent=15216"}],"wp:term":[{"taxonomy":"product_brand","embeddable":true,"href":"https:\/\/vivasem.ro\/index.php?rest_route=%2Fwp%2Fv2%2Fproduct_brand&post=15216"},{"taxonomy":"product_cat","embeddable":true,"href":"https:\/\/vivasem.ro\/index.php?rest_route=%2Fwp%2Fv2%2Fproduct_cat&post=15216"},{"taxonomy":"product_tag","embeddable":true,"href":"https:\/\/vivasem.ro\/index.php?rest_route=%2Fwp%2Fv2%2Fproduct_tag&post=15216"}],"curies":[{"name":"wp","href":"https:\/\/api.w.org\/{rel}","templated":true}]}}