{"id":15215,"date":"2024-12-04T14:07:56","date_gmt":"2024-12-04T12:07:56","guid":{"rendered":"https:\/\/vivasem.ro\/?post_type=product&#038;p=15215"},"modified":"2024-12-04T18:02:04","modified_gmt":"2024-12-04T16:02:04","slug":"varza-hibrid-madalya-rz-f1-1000s","status":"publish","type":"product","link":"https:\/\/vivasem.ro\/?product=varza-hibrid-madalya-rz-f1-1000s","title":{"rendered":"Varz\u0103 hibrid MADALYA RZ F1 (1000s)"},"content":{"rendered":"<h6><span style=\"color: #ff0000;\">VARZ\u0102 MADALYA RZ F1<img loading=\"lazy\" decoding=\"async\" class=\"alignnone size-medium wp-image-14882\" src=\"https:\/\/vivasem.ro\/wp-content\/uploads\/2022\/03\/RIJK-ZWAAN-300x71.jpg\" alt=\"\" width=\"300\" height=\"71\" srcset=\"https:\/\/vivasem.ro\/wp-content\/uploads\/2022\/03\/RIJK-ZWAAN-300x71.jpg 300w, https:\/\/vivasem.ro\/wp-content\/uploads\/2022\/03\/RIJK-ZWAAN-248x58.jpg 248w, https:\/\/vivasem.ro\/wp-content\/uploads\/2022\/03\/RIJK-ZWAAN-150x35.jpg 150w, https:\/\/vivasem.ro\/wp-content\/uploads\/2022\/03\/RIJK-ZWAAN.jpg 526w\" sizes=\"auto, (max-width: 300px) 100vw, 300px\" \/><\/span><\/h6>\n<h6><span style=\"color: #ff0000;\">-Produc\u0103tor seminte:Rijk Zwaan.Olanda,<\/span><\/h6>\n<div class=\"card\">\n<div id=\"descriere\" class=\"collapse show\" aria-labelledby=\"descriereHead\">\n<div class=\"card-body\"><\/div>\n<\/div>\n<\/div>\n<div id=\"recomandari\" class=\"collapse show\" aria-labelledby=\"recomandariHead\">\n<div class=\"card-body\">\n<div class=\"card\">\n<div id=\"descriere\" class=\"collapse show\" aria-labelledby=\"descriereHead\">\n<div class=\"card-body\">\n<h6><span style=\"color: #333399;\">Hibrid semitimpuriu de varz\u0103 cu form\u0103 aplatizat\u0103 \u0219i ciclu scurt de vegeta\u021bie (65-70 zile).<\/span><\/h6>\n<h6><span style=\"color: #ff0000;\">Ideal pentru murat \u0219i consum \u00een stare proasp\u0103t\u0103.<\/span><\/h6>\n<h6><span style=\"color: #333399;\">Panta este foarte viguroas\u0103 \u0219i prezint\u0103 un foliaj puternic.<\/span><\/h6>\n<h6><span style=\"color: #333399;\">Greutatea c\u0103p\u0103\u021b\u00e2nilor variaz\u0103 \u00eentre 2-4 kg \u00een func\u021bie de schema de plantare.<\/span><\/h6>\n<h6><span style=\"color: #333399;\">Hibridul prezint\u0103 o foarte bun\u0103 rezisten\u021b\u0103 \u00een c\u00e2mp dup\u0103 \u00eemplinirea perioadei de vegeta\u021bie.<\/span><\/h6>\n<h6><span style=\"color: #333399;\">Rezisten\u0163\u0103 la agen\u0163i fitopatogeni: Foc:1 &#8211; ofilire vascular\u0103.<\/span><\/h6>\n<\/div>\n<\/div>\n<\/div>\n<div class=\"card\">\n<div id=\"recomandari\" class=\"collapse show\" aria-labelledby=\"recomandariHead\">\n<div class=\"card-body\">\n<h6><span style=\"color: #333399;\">Se recomand\u0103 \u00eenfiin\u0163area culturii \u00eencep\u00e2nd din luna martie \u0219i p\u00e2n\u0103 la sf\u00e2r\u0219itul lunii iulie.<\/span><\/h6>\n<h6><span style=\"color: #333399;\">Desimea recomandat\u0103 este de 28-37.000 plante la hectar.<\/span><\/h6>\n<\/div>\n<\/div>\n<\/div>\n<\/div>\n<\/div>\n<div class=\"ast-oembed-container \" style=\"height: 100%;\"><iframe loading=\"lazy\" title=\"Madalya RZ F1 Rijk Zwaan\" width=\"500\" height=\"281\" src=\"https:\/\/www.youtube.com\/embed\/OdAdJnu7_G8?start=44&#038;feature=oembed\" frameborder=\"0\" allow=\"accelerometer; autoplay; clipboard-write; encrypted-media; gyroscope; picture-in-picture; web-share\" referrerpolicy=\"strict-origin-when-cross-origin\" allowfullscreen><\/iframe><\/div>\n<div class=\"ast-oembed-container \" style=\"height: 100%;\"><iframe loading=\"lazy\" title=\"MADALYA RZ F1\" width=\"500\" height=\"281\" src=\"https:\/\/www.youtube.com\/embed\/KXsxMbbKYxU?feature=oembed\" frameborder=\"0\" allow=\"accelerometer; autoplay; clipboard-write; encrypted-media; gyroscope; picture-in-picture; web-share\" referrerpolicy=\"strict-origin-when-cross-origin\" allowfullscreen><\/iframe><\/div>\n","protected":false},"excerpt":{"rendered":"<h6><span style=\"color: #0000ff;\">1000 semin\u021be<\/span><\/h6>\n<h6><span style=\"color: #ff00ff;\">VARZ\u0102 APLATIZAT\u0102 PENTRU MURAT\u00a0 DE CEA MAI BUN\u0102 CALITATE!<\/span><\/h6>\n<p><strong><span style=\"color: #ff0000;\">VEZI VIDEOCLIP !<\/span><\/strong><\/p>\n","protected":false},"featured_media":15218,"comment_status":"open","ping_status":"closed","template":"","meta":{"site-sidebar-layout":"default","site-content-layout":"default","ast-site-content-layout":"default","site-content-style":"default","site-sidebar-style":"default","ast-global-header-display":"","ast-banner-title-visibility":"","ast-main-header-display":"","ast-hfb-above-header-display":"","ast-hfb-below-header-display":"","ast-hfb-mobile-header-display":"","site-post-title":"","ast-breadcrumbs-content":"","ast-featured-img":"","footer-sml-layout":"","ast-disable-related-posts":"","theme-transparent-header-meta":"default","adv-header-id-meta":"","stick-header-meta":"","header-above-stick-meta":"","header-main-stick-meta":"","header-below-stick-meta":"","astra-migrate-meta-layouts":"set","ast-page-background-enabled":"default","ast-page-background-meta":{"desktop":{"background-color":"var(--ast-global-color-4)","background-image":"","background-repeat":"repeat","background-position":"center center","background-size":"auto","background-attachment":"scroll","background-type":"","background-media":"","overlay-type":"","overlay-color":"","overlay-opacity":"","overlay-gradient":""},"tablet":{"background-color":"","background-image":"","background-repeat":"repeat","background-position":"center center","background-size":"auto","background-attachment":"scroll","background-type":"","background-media":"","overlay-type":"","overlay-color":"","overlay-opacity":"","overlay-gradient":""},"mobile":{"background-color":"","background-image":"","background-repeat":"repeat","background-position":"center center","background-size":"auto","background-attachment":"scroll","background-type":"","background-media":"","overlay-type":"","overlay-color":"","overlay-opacity":"","overlay-gradient":""}},"ast-content-background-meta":{"desktop":{"background-color":"var(--ast-global-color-5)","background-image":"","background-repeat":"repeat","background-position":"center center","background-size":"auto","background-attachment":"scroll","background-type":"","background-media":"","overlay-type":"","overlay-color":"","overlay-opacity":"","overlay-gradient":""},"tablet":{"background-color":"var(--ast-global-color-5)","background-image":"","background-repeat":"repeat","background-position":"center center","background-size":"auto","background-attachment":"scroll","background-type":"","background-media":"","overlay-type":"","overlay-color":"","overlay-opacity":"","overlay-gradient":""},"mobile":{"background-color":"var(--ast-global-color-5)","background-image":"","background-repeat":"repeat","background-position":"center center","background-size":"auto","background-attachment":"scroll","background-type":"","background-media":"","overlay-type":"","overlay-color":"","overlay-opacity":"","overlay-gradient":""}}},"product_brand":[],"product_cat":[148],"product_tag":[],"class_list":{"0":"post-15215","1":"product","2":"type-product","3":"status-publish","4":"has-post-thumbnail","6":"product_cat-10-varza-varza-kale","7":"pa_cantitate-10-seminte","8":"pa_cantitate-100-seminte","9":"pa_cantitate-200-seminte","10":"pa_cantitate-25-seminte","11":"pa_cantitate-250-seminte","12":"pa_cantitate-5-seminte","13":"pa_cantitate-50-seminte","14":"pa_cantitate-500-seminte","15":"desktop-align-left","16":"tablet-align-left","17":"mobile-align-left","19":"first","20":"instock","21":"taxable","22":"shipping-taxable","23":"purchasable","24":"product-type-simple"},"_links":{"self":[{"href":"https:\/\/vivasem.ro\/index.php?rest_route=\/wp\/v2\/product\/15215","targetHints":{"allow":["GET"]}}],"collection":[{"href":"https:\/\/vivasem.ro\/index.php?rest_route=\/wp\/v2\/product"}],"about":[{"href":"https:\/\/vivasem.ro\/index.php?rest_route=\/wp\/v2\/types\/product"}],"replies":[{"embeddable":true,"href":"https:\/\/vivasem.ro\/index.php?rest_route=%2Fwp%2Fv2%2Fcomments&post=15215"}],"wp:featuredmedia":[{"embeddable":true,"href":"https:\/\/vivasem.ro\/index.php?rest_route=\/wp\/v2\/media\/15218"}],"wp:attachment":[{"href":"https:\/\/vivasem.ro\/index.php?rest_route=%2Fwp%2Fv2%2Fmedia&parent=15215"}],"wp:term":[{"taxonomy":"product_brand","embeddable":true,"href":"https:\/\/vivasem.ro\/index.php?rest_route=%2Fwp%2Fv2%2Fproduct_brand&post=15215"},{"taxonomy":"product_cat","embeddable":true,"href":"https:\/\/vivasem.ro\/index.php?rest_route=%2Fwp%2Fv2%2Fproduct_cat&post=15215"},{"taxonomy":"product_tag","embeddable":true,"href":"https:\/\/vivasem.ro\/index.php?rest_route=%2Fwp%2Fv2%2Fproduct_tag&post=15215"}],"curies":[{"name":"wp","href":"https:\/\/api.w.org\/{rel}","templated":true}]}}