{"id":15203,"date":"2024-12-04T13:53:19","date_gmt":"2024-12-04T11:53:19","guid":{"rendered":"https:\/\/vivasem.ro\/?post_type=product&#038;p=15203"},"modified":"2024-12-04T17:54:03","modified_gmt":"2024-12-04T15:54:03","slug":"varza-hibrid-jetma-rz-f1-1000s","status":"publish","type":"product","link":"https:\/\/vivasem.ro\/?product=varza-hibrid-jetma-rz-f1-1000s","title":{"rendered":"Varz\u0103 hibrid JETMA RZ F1 (1000s)"},"content":{"rendered":"<h6><span style=\"color: #ff0000;\">VARZ\u0102 JETMA RZ F1<img loading=\"lazy\" decoding=\"async\" class=\"alignnone size-medium wp-image-14882\" src=\"https:\/\/vivasem.ro\/wp-content\/uploads\/2022\/03\/RIJK-ZWAAN-300x71.jpg\" alt=\"\" width=\"300\" height=\"71\" srcset=\"https:\/\/vivasem.ro\/wp-content\/uploads\/2022\/03\/RIJK-ZWAAN-300x71.jpg 300w, https:\/\/vivasem.ro\/wp-content\/uploads\/2022\/03\/RIJK-ZWAAN-248x58.jpg 248w, https:\/\/vivasem.ro\/wp-content\/uploads\/2022\/03\/RIJK-ZWAAN-150x35.jpg 150w, https:\/\/vivasem.ro\/wp-content\/uploads\/2022\/03\/RIJK-ZWAAN.jpg 526w\" sizes=\"auto, (max-width: 300px) 100vw, 300px\" \/><\/span><\/h6>\n<h6><span style=\"color: #ff0000;\">-Produc\u0103tor seminte:Rijk Zwaan.Olanda,<\/span><\/h6>\n<div class=\"card\">\n<div id=\"descriere\" class=\"collapse show\" aria-labelledby=\"descriereHead\">\n<div class=\"card-body\">\n<h6><span style=\"color: #000080;\">Hibrid extratimpuriu de varz\u0103 ce poate fi recoltat dup\u0103 numai 48-52 de zile de la plantare.<\/span><\/h6>\n<h6><span style=\"color: #000080;\">Hibridul este foarte cunoscut printre cultivatorii de varz\u0103 timpurie datorit\u0103 culorii specifice (verde proasp\u0103t), structurii interne foarte fine, precum \u015fi gustului foarte pl\u0103cut.<\/span><\/h6>\n<h6><span style=\"color: #000080;\">Datorit\u0103 frunzelor de la baz\u0103 de dimensiuni medii \u015fi cu port erect, tolereaz\u0103 un num\u0103r mai mare de plante pe ha, f\u0103r\u0103 a fi predispus la apari\u0163ia bolilor.<\/span><\/h6>\n<h6><span style=\"color: #ff0000;\">C\u0103p\u0103\u0163\u00e2nile sunt dense, de form\u0103 rotund\u0103, u\u0219or oval\u0103 \u0219i au o greutate medie cuprins\u0103 \u00eentre 0,8-1,5 kg.<\/span><\/h6>\n<h6><span style=\"color: #000080;\">Rezisten\u0163\u0103 la agen\u0163i fitopatogeni: Foc:1 &#8211; ofilire vascular\u0103.<\/span><\/h6>\n<\/div>\n<\/div>\n<\/div>\n<div id=\"recomandari\" class=\"collapse show\" aria-labelledby=\"recomandariHead\">\n<div class=\"card-body\">\n<h6><span style=\"color: #000080;\">Se recomand\u0103 plantarea \u00een spa\u0163ii protejate ne\u00eenc\u0103lzite de la mijlocul lunii februarie, (cu acoperire COVERTAN P17) iar \u00een c\u00e2mp deschis, de la mijlocul lunii martie (cu acoperire COVERTAN P19) p\u00e2n\u0103 la mijlocul lunii aprilie.<\/span><\/h6>\n<h6><span style=\"color: #000080;\">Poate fi cultivat cu \u00eencredere \u015fi \u00een prim\u0103verile reci cu zile \u00eennorate.<\/span><\/h6>\n<h6><span style=\"color: #000080;\">Desime recomandat\u0103: 60.000-75.000 plante\/ha.<\/span><\/h6>\n<\/div>\n<\/div>\n<h6><\/h6>\n","protected":false},"excerpt":{"rendered":"<h6><span style=\"color: #0000ff;\">1000 semin\u021be<\/span><\/h6>\n<h6><span style=\"color: #ff00ff;\">HIBRID EXTRATIMPURIU DE CEA MAI BUN\u0102 CALITATE!<\/span><\/h6>\n<p>&nbsp;<\/p>\n","protected":false},"featured_media":15212,"comment_status":"open","ping_status":"closed","template":"","meta":{"site-sidebar-layout":"default","site-content-layout":"default","ast-site-content-layout":"default","site-content-style":"default","site-sidebar-style":"default","ast-global-header-display":"","ast-banner-title-visibility":"","ast-main-header-display":"","ast-hfb-above-header-display":"","ast-hfb-below-header-display":"","ast-hfb-mobile-header-display":"","site-post-title":"","ast-breadcrumbs-content":"","ast-featured-img":"","footer-sml-layout":"","ast-disable-related-posts":"","theme-transparent-header-meta":"default","adv-header-id-meta":"","stick-header-meta":"","header-above-stick-meta":"","header-main-stick-meta":"","header-below-stick-meta":"","astra-migrate-meta-layouts":"set","ast-page-background-enabled":"default","ast-page-background-meta":{"desktop":{"background-color":"var(--ast-global-color-4)","background-image":"","background-repeat":"repeat","background-position":"center center","background-size":"auto","background-attachment":"scroll","background-type":"","background-media":"","overlay-type":"","overlay-color":"","overlay-opacity":"","overlay-gradient":""},"tablet":{"background-color":"","background-image":"","background-repeat":"repeat","background-position":"center center","background-size":"auto","background-attachment":"scroll","background-type":"","background-media":"","overlay-type":"","overlay-color":"","overlay-opacity":"","overlay-gradient":""},"mobile":{"background-color":"","background-image":"","background-repeat":"repeat","background-position":"center center","background-size":"auto","background-attachment":"scroll","background-type":"","background-media":"","overlay-type":"","overlay-color":"","overlay-opacity":"","overlay-gradient":""}},"ast-content-background-meta":{"desktop":{"background-color":"var(--ast-global-color-5)","background-image":"","background-repeat":"repeat","background-position":"center center","background-size":"auto","background-attachment":"scroll","background-type":"","background-media":"","overlay-type":"","overlay-color":"","overlay-opacity":"","overlay-gradient":""},"tablet":{"background-color":"var(--ast-global-color-5)","background-image":"","background-repeat":"repeat","background-position":"center center","background-size":"auto","background-attachment":"scroll","background-type":"","background-media":"","overlay-type":"","overlay-color":"","overlay-opacity":"","overlay-gradient":""},"mobile":{"background-color":"var(--ast-global-color-5)","background-image":"","background-repeat":"repeat","background-position":"center center","background-size":"auto","background-attachment":"scroll","background-type":"","background-media":"","overlay-type":"","overlay-color":"","overlay-opacity":"","overlay-gradient":""}}},"product_brand":[],"product_cat":[148],"product_tag":[],"class_list":{"0":"post-15203","1":"product","2":"type-product","3":"status-publish","4":"has-post-thumbnail","6":"product_cat-10-varza-varza-kale","7":"pa_cantitate-10-seminte","8":"pa_cantitate-100-seminte","9":"pa_cantitate-200-seminte","10":"pa_cantitate-25-seminte","11":"pa_cantitate-250-seminte","12":"pa_cantitate-5-seminte","13":"pa_cantitate-50-seminte","14":"pa_cantitate-500-seminte","15":"desktop-align-left","16":"tablet-align-left","17":"mobile-align-left","19":"first","20":"instock","21":"taxable","22":"shipping-taxable","23":"purchasable","24":"product-type-simple"},"_links":{"self":[{"href":"https:\/\/vivasem.ro\/index.php?rest_route=\/wp\/v2\/product\/15203","targetHints":{"allow":["GET"]}}],"collection":[{"href":"https:\/\/vivasem.ro\/index.php?rest_route=\/wp\/v2\/product"}],"about":[{"href":"https:\/\/vivasem.ro\/index.php?rest_route=\/wp\/v2\/types\/product"}],"replies":[{"embeddable":true,"href":"https:\/\/vivasem.ro\/index.php?rest_route=%2Fwp%2Fv2%2Fcomments&post=15203"}],"wp:featuredmedia":[{"embeddable":true,"href":"https:\/\/vivasem.ro\/index.php?rest_route=\/wp\/v2\/media\/15212"}],"wp:attachment":[{"href":"https:\/\/vivasem.ro\/index.php?rest_route=%2Fwp%2Fv2%2Fmedia&parent=15203"}],"wp:term":[{"taxonomy":"product_brand","embeddable":true,"href":"https:\/\/vivasem.ro\/index.php?rest_route=%2Fwp%2Fv2%2Fproduct_brand&post=15203"},{"taxonomy":"product_cat","embeddable":true,"href":"https:\/\/vivasem.ro\/index.php?rest_route=%2Fwp%2Fv2%2Fproduct_cat&post=15203"},{"taxonomy":"product_tag","embeddable":true,"href":"https:\/\/vivasem.ro\/index.php?rest_route=%2Fwp%2Fv2%2Fproduct_tag&post=15203"}],"curies":[{"name":"wp","href":"https:\/\/api.w.org\/{rel}","templated":true}]}}