{"id":15181,"date":"2024-12-04T12:41:03","date_gmt":"2024-12-04T10:41:03","guid":{"rendered":"https:\/\/vivasem.ro\/?post_type=product&#038;p=15181"},"modified":"2024-12-04T12:57:05","modified_gmt":"2024-12-04T10:57:05","slug":"ardei-gras-vitalica-rz-f1","status":"publish","type":"product","link":"https:\/\/vivasem.ro\/?product=ardei-gras-vitalica-rz-f1","title":{"rendered":"ARDEI CAPIA VITALICA RZ F1"},"content":{"rendered":"<h6><span style=\"color: #ff0000;\">ARDEI VITALICA RZ F1\u00a0 \u00a0 \u00a0 \u00a0 \u00a0 \u00a0 \u00a0 \u00a0 \u00a0 \u00a0 \u00a0 \u00a0 \u00a0 \u00a0 \u00a0 \u00a0 \u00a0 \u00a0 \u00a0 \u00a0 \u00a0 \u00a0 \u00a0 \u00a0 \u00a0 \u00a0 \u00a0 \u00a0 \u00a0 \u00a0 \u00a0 \u00a0 <img loading=\"lazy\" decoding=\"async\" class=\"alignnone size-medium wp-image-14882\" src=\"https:\/\/vivasem.ro\/wp-content\/uploads\/2022\/03\/RIJK-ZWAAN-300x71.jpg\" alt=\"\" width=\"300\" height=\"71\" srcset=\"https:\/\/vivasem.ro\/wp-content\/uploads\/2022\/03\/RIJK-ZWAAN-300x71.jpg 300w, https:\/\/vivasem.ro\/wp-content\/uploads\/2022\/03\/RIJK-ZWAAN-248x58.jpg 248w, https:\/\/vivasem.ro\/wp-content\/uploads\/2022\/03\/RIJK-ZWAAN-150x35.jpg 150w, https:\/\/vivasem.ro\/wp-content\/uploads\/2022\/03\/RIJK-ZWAAN.jpg 526w\" sizes=\"auto, (max-width: 300px) 100vw, 300px\" \/><\/span><\/h6>\n<h6><span style=\"color: #ff0000;\">Produc\u0103tor semin\u021be:Rijk Zwaan.Olanda,<\/span><\/h6>\n<section class=\"container\">\n<div class=\"single-product\">\n<div class=\"row single-product-wrapper\">\n<div class=\"col-6 col-md-6 product-summary-wrapper\">\n<div id=\"product-details\" class=\"product-details\">\n<div class=\"card\">\n<div id=\"descriere\" class=\"collapse show\" aria-labelledby=\"descriereHead\">\n<div class=\"card-body\">\n<div class=\"card\">\n<div id=\"descriere\" class=\"collapse show\" aria-labelledby=\"descriereHead\">\n<div class=\"card-body\">\n<h6><span style=\"color: #003366;\">Planta are cre\u0219tere puternic\u0103, dar compact\u0103, cu port vertical, iar foliajul bogat \u0219i puternic dezvoltat va proteja \u00eentotdeauna fructele de arsura solar\u0103.<\/span><\/h6>\n<h6><span style=\"color: #003366;\">Datorit\u0103 sistemului radicular puternic, plantele sunt echilibrate \u0219i au o cre\u0219tere viguroas\u0103.<\/span><\/h6>\n<h6><span style=\"color: #003366;\">Planta prezint\u0103 un tip de cre\u0219tere u\u0219or vegetativ\u0103. Acesta este motivul pentru care hibridul prezint\u0103 o toleran\u021b\u0103 foarte bun\u0103 \u00eempotriva condi\u021biilor de stres, ob\u021binerea unei leg\u0103ri bune de rod \u0219i ulterior unei recolte foarte ridicate.<\/span><\/h6>\n<h6><span style=\"color: #003366;\">Fructele au suprafa\u021ba neted\u0103 cu 2 sau 3 lobi, l\u0103\u021bime 6-7 cm \u00een partea superioar\u0103 \u0219i lungimea 20-25 cm.<\/span><\/h6>\n<h6><span style=\"color: #003366;\">Prezint\u0103 pulp\u0103 groas\u0103 \u0219i gust deosebit.<\/span><\/h6>\n<h6><span style=\"color: #003366;\">Fructele proaspete nu sunt sensibile la fenomenul de cr\u0103pare \u0219i nu prezint\u0103 micro-fisuri \u00een pulpa fructului.<\/span><\/h6>\n<h6><span style=\"color: #003366;\">Rezisten\u021b\u0103 ridicat\u0103 la:<\/span><\/h6>\n<h6><span style=\"color: #003366;\">Tm 0-2 &#8211; virusul mozaicului tutunului la ardei<\/span><\/h6>\n<h6><span style=\"color: #003366;\">PVY:0,1 &#8211; virusul Y al cartofului la ardei<\/span><\/h6>\n<h6><span style=\"color: #003366;\">XCV:1-3 &#8211; putregaiul negru la frunzele de ardei<\/span><\/h6>\n<h6><span style=\"color: #003366;\">Rezisten\u021b\u0103 intermediar\u0103 la:<\/span><\/h6>\n<h6><span style=\"color: #003366;\">TSWV &#8211; virusul petelor de bronz<\/span><\/h6>\n<\/div>\n<\/div>\n<\/div>\n<div class=\"card\">\n<div id=\"recomandari\" class=\"collapse show\" aria-labelledby=\"recomandariHead\">\n<div class=\"card-body\">\n<h6><span style=\"color: #003366;\">Se recomand\u0103 cultivarea hibridului Vitalica RZ \u00een sere \u0219i solarii pentru ob\u021binerea unor produc\u021bii mai timpurii dar \u0219i \u00een c\u00e2mp deschis.<\/span><\/h6>\n<h6><span style=\"color: #003366;\">Recomandat pentru consum \u00een stare proasp\u0103t\u0103 dar \u0219i pentru procesare.<\/span><\/h6>\n<h6><span style=\"color: #003366;\">Densitate recomandat\u0103 la plantare: 4,5 &#8211; 5 plante\/mp.<\/span><\/h6>\n<div class=\"ast-oembed-container \" style=\"height: 100%;\"><iframe loading=\"lazy\" title=\"VITALICA RZ F1, cel mai apreciat hibrid de ardei Kapya!\" width=\"500\" height=\"375\" src=\"https:\/\/www.youtube.com\/embed\/g311lDFShlI?feature=oembed\" frameborder=\"0\" allow=\"accelerometer; autoplay; clipboard-write; encrypted-media; gyroscope; picture-in-picture; web-share\" referrerpolicy=\"strict-origin-when-cross-origin\" allowfullscreen><\/iframe><\/div>\n<\/div>\n<\/div>\n<\/div>\n<\/div>\n<\/div>\n<\/div>\n<\/div>\n<\/div>\n<\/div>\n<\/div>\n<\/section>\n","protected":false},"excerpt":{"rendered":"<h6><span style=\"color: #ff00ff;\">HIBRID REZISTENT, FRUCTE MARI, PRODUCTIV!<\/span><\/h6>\n<h6><span style=\"color: #0000ff;\"><img loading=\"lazy\" decoding=\"async\" class=\"alignnone wp-image-5567\" src=\"https:\/\/vivasem.ro\/wp-content\/uploads\/2021\/11\/NOU3.jpg\" alt=\"\" width=\"66\" height=\"64\" srcset=\"https:\/\/vivasem.ro\/wp-content\/uploads\/2021\/11\/NOU3.jpg 270w, https:\/\/vivasem.ro\/wp-content\/uploads\/2021\/11\/NOU3-248x241.jpg 248w\" sizes=\"auto, (max-width: 66px) 100vw, 66px\" \/><\/span><\/h6>\n<h6><\/h6>\n","protected":false},"featured_media":15202,"comment_status":"open","ping_status":"closed","template":"","meta":{"site-sidebar-layout":"default","site-content-layout":"default","ast-site-content-layout":"default","site-content-style":"default","site-sidebar-style":"default","ast-global-header-display":"","ast-banner-title-visibility":"","ast-main-header-display":"","ast-hfb-above-header-display":"","ast-hfb-below-header-display":"","ast-hfb-mobile-header-display":"","site-post-title":"","ast-breadcrumbs-content":"","ast-featured-img":"","footer-sml-layout":"","ast-disable-related-posts":"","theme-transparent-header-meta":"default","adv-header-id-meta":"","stick-header-meta":"","header-above-stick-meta":"","header-main-stick-meta":"","header-below-stick-meta":"","astra-migrate-meta-layouts":"set","ast-page-background-enabled":"default","ast-page-background-meta":{"desktop":{"background-color":"var(--ast-global-color-4)","background-image":"","background-repeat":"repeat","background-position":"center center","background-size":"auto","background-attachment":"scroll","background-type":"","background-media":"","overlay-type":"","overlay-color":"","overlay-opacity":"","overlay-gradient":""},"tablet":{"background-color":"","background-image":"","background-repeat":"repeat","background-position":"center center","background-size":"auto","background-attachment":"scroll","background-type":"","background-media":"","overlay-type":"","overlay-color":"","overlay-opacity":"","overlay-gradient":""},"mobile":{"background-color":"","background-image":"","background-repeat":"repeat","background-position":"center center","background-size":"auto","background-attachment":"scroll","background-type":"","background-media":"","overlay-type":"","overlay-color":"","overlay-opacity":"","overlay-gradient":""}},"ast-content-background-meta":{"desktop":{"background-color":"var(--ast-global-color-5)","background-image":"","background-repeat":"repeat","background-position":"center center","background-size":"auto","background-attachment":"scroll","background-type":"","background-media":"","overlay-type":"","overlay-color":"","overlay-opacity":"","overlay-gradient":""},"tablet":{"background-color":"var(--ast-global-color-5)","background-image":"","background-repeat":"repeat","background-position":"center center","background-size":"auto","background-attachment":"scroll","background-type":"","background-media":"","overlay-type":"","overlay-color":"","overlay-opacity":"","overlay-gradient":""},"mobile":{"background-color":"var(--ast-global-color-5)","background-image":"","background-repeat":"repeat","background-position":"center center","background-size":"auto","background-attachment":"scroll","background-type":"","background-media":"","overlay-type":"","overlay-color":"","overlay-opacity":"","overlay-gradient":""}}},"product_brand":[],"product_cat":[84,145],"product_tag":[],"class_list":{"0":"post-15181","1":"product","2":"type-product","3":"status-publish","4":"has-post-thumbnail","6":"product_cat-ardei","7":"product_cat-ardei-hibrid","8":"pa_cantitate-10-seminte","9":"pa_cantitate-100-seminte","10":"pa_cantitate-200-seminte","11":"pa_cantitate-25-seminte","12":"pa_cantitate-250-seminte","13":"pa_cantitate-5-seminte","14":"pa_cantitate-50-seminte","15":"pa_cantitate-500-seminte","16":"desktop-align-left","17":"tablet-align-left","18":"mobile-align-left","20":"first","21":"instock","22":"sale","23":"taxable","24":"shipping-taxable","25":"purchasable","26":"product-type-variable"},"_links":{"self":[{"href":"https:\/\/vivasem.ro\/index.php?rest_route=\/wp\/v2\/product\/15181","targetHints":{"allow":["GET"]}}],"collection":[{"href":"https:\/\/vivasem.ro\/index.php?rest_route=\/wp\/v2\/product"}],"about":[{"href":"https:\/\/vivasem.ro\/index.php?rest_route=\/wp\/v2\/types\/product"}],"replies":[{"embeddable":true,"href":"https:\/\/vivasem.ro\/index.php?rest_route=%2Fwp%2Fv2%2Fcomments&post=15181"}],"wp:featuredmedia":[{"embeddable":true,"href":"https:\/\/vivasem.ro\/index.php?rest_route=\/wp\/v2\/media\/15202"}],"wp:attachment":[{"href":"https:\/\/vivasem.ro\/index.php?rest_route=%2Fwp%2Fv2%2Fmedia&parent=15181"}],"wp:term":[{"taxonomy":"product_brand","embeddable":true,"href":"https:\/\/vivasem.ro\/index.php?rest_route=%2Fwp%2Fv2%2Fproduct_brand&post=15181"},{"taxonomy":"product_cat","embeddable":true,"href":"https:\/\/vivasem.ro\/index.php?rest_route=%2Fwp%2Fv2%2Fproduct_cat&post=15181"},{"taxonomy":"product_tag","embeddable":true,"href":"https:\/\/vivasem.ro\/index.php?rest_route=%2Fwp%2Fv2%2Fproduct_tag&post=15181"}],"curies":[{"name":"wp","href":"https:\/\/api.w.org\/{rel}","templated":true}]}}