{"id":15090,"date":"2024-12-04T10:16:03","date_gmt":"2024-12-04T08:16:03","guid":{"rendered":"https:\/\/vivasem.ro\/?post_type=product&#038;p=15090"},"modified":"2024-12-04T10:46:52","modified_gmt":"2024-12-04T08:46:52","slug":"nargiza-rz-f1-rijk-zwaan","status":"publish","type":"product","link":"https:\/\/vivasem.ro\/?product=nargiza-rz-f1-rijk-zwaan","title":{"rendered":"NARGIZA RZ F1-RIJK ZWAAN"},"content":{"rendered":"<h6><span style=\"color: #ff0000;\">NARGIZA\u00a0 F1,\u00a0 \u00a0 \u00a0 \u00a0 \u00a0 \u00a0 \u00a0 \u00a0 \u00a0 \u00a0 \u00a0 \u00a0 \u00a0 \u00a0 \u00a0 \u00a0 <img loading=\"lazy\" decoding=\"async\" class=\"alignnone size-medium wp-image-14882\" src=\"https:\/\/vivasem.ro\/wp-content\/uploads\/2022\/03\/RIJK-ZWAAN-300x71.jpg\" alt=\"\" width=\"300\" height=\"71\" srcset=\"https:\/\/vivasem.ro\/wp-content\/uploads\/2022\/03\/RIJK-ZWAAN-300x71.jpg 300w, https:\/\/vivasem.ro\/wp-content\/uploads\/2022\/03\/RIJK-ZWAAN-248x58.jpg 248w, https:\/\/vivasem.ro\/wp-content\/uploads\/2022\/03\/RIJK-ZWAAN-150x35.jpg 150w, https:\/\/vivasem.ro\/wp-content\/uploads\/2022\/03\/RIJK-ZWAAN.jpg 526w\" sizes=\"auto, (max-width: 300px) 100vw, 300px\" \/> \u00a0 \u00a0 \u00a0 \u00a0 \u00a0 \u00a0 \u00a0 \u00a0 \u00a0 \u00a0 \u00a0 \u00a0<\/span><\/h6>\n<h6><span style=\"color: #ff0000;\">Produc\u0103tor semin\u021be:RIJK ZWAAN.Olanda,\u00a0 \u00a0 \u00a0 \u00a0 \u00a0 \u00a0 \u00a0 \u00a0 \u00a0 \u00a0\u00a0<\/span><\/h6>\n<h6><span style=\"color: #003366;\">Hibrid timpuriu, cu productivitate \u00eenalt\u0103 \u0219i<\/span><\/h6>\n<h6><span style=\"color: #003366;\"> fructe de calitate\u00a0 superioar\u0103, cu cre\u0219tere nedeterminat\u0103.<\/span><\/h6>\n<h6><span style=\"color: #ff0000;\">Fructele sunt\u00a0 mari,foarte gustoase,cu gust deosebit, de culoare roz, sferic- u\u0219or ovale,\u00a0 \u00een greutate de 180-220 grame, dense,pentru consum \u00een stare proasp\u0103t\u0103 \u0219i cresc c\u00e2te 4-5 la ciorchine.Leag\u0103 excelent pe tot sezonul, chiar \u00een condi\u021bii de stres.<\/span><\/h6>\n<h6><span style=\"color: #003366;\">Plantele sunt de tip generativ, cu r\u0103d\u0103cini puternice, iar internodurile sunt medii.<\/span><\/h6>\n<h6><span style=\"color: #003366;\">Rezisten\u021b\u0103 ridicat\u0103 la:<\/span><\/h6>\n<h6><span style=\"color: #003366;\">ToMV:0-2 \u2013 virusul marmor\u0103rii slabe al tutunului la tomate<\/span><\/h6>\n<h6><span style=\"color: #003366;\">Ff:A-C \u2013 p\u0103tarea cafenie a frunzelor de tomate<\/span><\/h6>\n<h6><span style=\"color: #003366;\">Va:0 \u2013 verticilioz\u0103<\/span><\/h6>\n<h6><span style=\"color: #003366;\">Vd:0 \u2013 verticilioza r\u0103d\u0103cinilor<\/span><\/h6>\n<h6><span style=\"color: #003366;\">Fol:0,1 \u2013 fuzarioz\u0103<\/span><\/h6>\n<h6><span style=\"color: #003366;\">Rezisten\u021b\u0103 intermediar\u0103 la:<\/span><\/h6>\n<h6><span style=\"color: #003366;\">TSWV &#8211; virusul petelor de bronz<\/span><\/h6>\n<h6><span style=\"color: #003366;\">Hibrid profesional ,<\/span><span style=\"color: #003366;\">foarte productiv,<\/span><span style=\"color: #003366;\">generativ, de tomate cu cre\u0219tere nedeterminat\u0103, cu fructe\u00a0 de calitate \u00eenalt\u0103, <\/span><span style=\"color: #333399;\">cu aspect comercial, rezistente la cr\u0103pare, la transport \u0219i la p\u0103strare.<\/span><\/h6>\n<h6><span style=\"color: #003366;\">Un hibrid cu coacere timpurie, r<\/span><span style=\"color: #000080;\">ecomandat\u00a0 pentru culturile de tomate din c\u00e2mp \u0219i pentru cultura de ciclu I \u0219i II din spa\u021bii protejate (ser\u0103, solar).<\/span><\/h6>\n<div class=\"ast-oembed-container \" style=\"height: 100%;\"><iframe loading=\"lazy\" title=\"NARGIZA F1\" width=\"500\" height=\"281\" src=\"https:\/\/www.youtube.com\/embed\/T9JCpi5sV2c?feature=oembed\" frameborder=\"0\" allow=\"accelerometer; autoplay; clipboard-write; encrypted-media; gyroscope; picture-in-picture; web-share\" referrerpolicy=\"strict-origin-when-cross-origin\" allowfullscreen><\/iframe><\/div>\n","protected":false},"excerpt":{"rendered":"<h5><span style=\"color: #ff00ff;\">HIBRID\u00a0 EXTREM DE PRODUCTIV, FOARTE GUSTOS<\/span><span style=\"color: #ff00ff;\">\u00a0!<\/span><\/h5>\n<h6><span style=\"color: #ff0000;\">VEZI VIDEO!<img loading=\"lazy\" decoding=\"async\" class=\"alignnone wp-image-6106\" src=\"https:\/\/vivasem.ro\/wp-content\/uploads\/2021\/12\/NOU3.jpg\" alt=\"\" width=\"101\" height=\"98\" srcset=\"https:\/\/vivasem.ro\/wp-content\/uploads\/2021\/12\/NOU3.jpg 270w, https:\/\/vivasem.ro\/wp-content\/uploads\/2021\/12\/NOU3-248x241.jpg 248w\" sizes=\"auto, (max-width: 101px) 100vw, 101px\" \/><\/span><\/h6>\n<h6><\/h6>\n","protected":false},"featured_media":15099,"comment_status":"open","ping_status":"closed","template":"","meta":{"site-sidebar-layout":"default","site-content-layout":"default","ast-site-content-layout":"default","site-content-style":"default","site-sidebar-style":"default","ast-global-header-display":"","ast-banner-title-visibility":"","ast-main-header-display":"","ast-hfb-above-header-display":"","ast-hfb-below-header-display":"","ast-hfb-mobile-header-display":"","site-post-title":"","ast-breadcrumbs-content":"","ast-featured-img":"","footer-sml-layout":"","ast-disable-related-posts":"","theme-transparent-header-meta":"default","adv-header-id-meta":"","stick-header-meta":"","header-above-stick-meta":"","header-main-stick-meta":"","header-below-stick-meta":"","astra-migrate-meta-layouts":"set","ast-page-background-enabled":"default","ast-page-background-meta":{"desktop":{"background-color":"var(--ast-global-color-4)","background-image":"","background-repeat":"repeat","background-position":"center center","background-size":"auto","background-attachment":"scroll","background-type":"","background-media":"","overlay-type":"","overlay-color":"","overlay-opacity":"","overlay-gradient":""},"tablet":{"background-color":"","background-image":"","background-repeat":"repeat","background-position":"center center","background-size":"auto","background-attachment":"scroll","background-type":"","background-media":"","overlay-type":"","overlay-color":"","overlay-opacity":"","overlay-gradient":""},"mobile":{"background-color":"","background-image":"","background-repeat":"repeat","background-position":"center center","background-size":"auto","background-attachment":"scroll","background-type":"","background-media":"","overlay-type":"","overlay-color":"","overlay-opacity":"","overlay-gradient":""}},"ast-content-background-meta":{"desktop":{"background-color":"var(--ast-global-color-5)","background-image":"","background-repeat":"repeat","background-position":"center center","background-size":"auto","background-attachment":"scroll","background-type":"","background-media":"","overlay-type":"","overlay-color":"","overlay-opacity":"","overlay-gradient":""},"tablet":{"background-color":"var(--ast-global-color-5)","background-image":"","background-repeat":"repeat","background-position":"center center","background-size":"auto","background-attachment":"scroll","background-type":"","background-media":"","overlay-type":"","overlay-color":"","overlay-opacity":"","overlay-gradient":""},"mobile":{"background-color":"var(--ast-global-color-5)","background-image":"","background-repeat":"repeat","background-position":"center center","background-size":"auto","background-attachment":"scroll","background-type":"","background-media":"","overlay-type":"","overlay-color":"","overlay-opacity":"","overlay-gradient":""}}},"product_brand":[],"product_cat":[110],"product_tag":[],"class_list":{"0":"post-15090","1":"product","2":"type-product","3":"status-publish","4":"has-post-thumbnail","6":"product_cat-tomate-hibrid","7":"pa_cantitate-10-seminte","8":"pa_cantitate-100-seminte","9":"pa_cantitate-200-seminte","10":"pa_cantitate-25-seminte","11":"pa_cantitate-250-seminte","12":"pa_cantitate-5-seminte","13":"pa_cantitate-50-seminte","14":"pa_cantitate-500-seminte","15":"desktop-align-left","16":"tablet-align-left","17":"mobile-align-left","19":"first","20":"instock","21":"sale","22":"taxable","23":"shipping-taxable","24":"purchasable","25":"product-type-variable"},"_links":{"self":[{"href":"https:\/\/vivasem.ro\/index.php?rest_route=\/wp\/v2\/product\/15090","targetHints":{"allow":["GET"]}}],"collection":[{"href":"https:\/\/vivasem.ro\/index.php?rest_route=\/wp\/v2\/product"}],"about":[{"href":"https:\/\/vivasem.ro\/index.php?rest_route=\/wp\/v2\/types\/product"}],"replies":[{"embeddable":true,"href":"https:\/\/vivasem.ro\/index.php?rest_route=%2Fwp%2Fv2%2Fcomments&post=15090"}],"wp:featuredmedia":[{"embeddable":true,"href":"https:\/\/vivasem.ro\/index.php?rest_route=\/wp\/v2\/media\/15099"}],"wp:attachment":[{"href":"https:\/\/vivasem.ro\/index.php?rest_route=%2Fwp%2Fv2%2Fmedia&parent=15090"}],"wp:term":[{"taxonomy":"product_brand","embeddable":true,"href":"https:\/\/vivasem.ro\/index.php?rest_route=%2Fwp%2Fv2%2Fproduct_brand&post=15090"},{"taxonomy":"product_cat","embeddable":true,"href":"https:\/\/vivasem.ro\/index.php?rest_route=%2Fwp%2Fv2%2Fproduct_cat&post=15090"},{"taxonomy":"product_tag","embeddable":true,"href":"https:\/\/vivasem.ro\/index.php?rest_route=%2Fwp%2Fv2%2Fproduct_tag&post=15090"}],"curies":[{"name":"wp","href":"https:\/\/api.w.org\/{rel}","templated":true}]}}