{"id":15054,"date":"2024-12-03T20:19:57","date_gmt":"2024-12-03T18:19:57","guid":{"rendered":"https:\/\/vivasem.ro\/?post_type=product&#038;p=15054"},"modified":"2024-12-21T19:09:00","modified_gmt":"2024-12-21T17:09:00","slug":"alasia-rz-f1-rijk-zwaan","status":"publish","type":"product","link":"https:\/\/vivasem.ro\/?product=alasia-rz-f1-rijk-zwaan","title":{"rendered":"ALASIA RZ F1-RIJK ZWAAN"},"content":{"rendered":"<h6><span style=\"color: #ff0000;\">ALASIA\u00a0 F1,\u00a0 \u00a0 \u00a0 \u00a0 \u00a0 \u00a0 \u00a0 \u00a0 \u00a0 \u00a0 \u00a0 \u00a0 \u00a0 \u00a0 \u00a0 \u00a0 <img loading=\"lazy\" decoding=\"async\" class=\"alignnone size-medium wp-image-14882\" src=\"https:\/\/vivasem.ro\/wp-content\/uploads\/2022\/03\/RIJK-ZWAAN-300x71.jpg\" alt=\"\" width=\"300\" height=\"71\" srcset=\"https:\/\/vivasem.ro\/wp-content\/uploads\/2022\/03\/RIJK-ZWAAN-300x71.jpg 300w, https:\/\/vivasem.ro\/wp-content\/uploads\/2022\/03\/RIJK-ZWAAN-248x58.jpg 248w, https:\/\/vivasem.ro\/wp-content\/uploads\/2022\/03\/RIJK-ZWAAN-150x35.jpg 150w, https:\/\/vivasem.ro\/wp-content\/uploads\/2022\/03\/RIJK-ZWAAN.jpg 526w\" sizes=\"auto, (max-width: 300px) 100vw, 300px\" \/> \u00a0 \u00a0 \u00a0 \u00a0 \u00a0 \u00a0 \u00a0 \u00a0 \u00a0 \u00a0 \u00a0 \u00a0<\/span><\/h6>\n<h6><span style=\"color: #ff0000;\">Produc\u0103tor semin\u021be:RIJK ZWAAN.Olanda,\u00a0 \u00a0 \u00a0 \u00a0 \u00a0 \u00a0 \u00a0 \u00a0 \u00a0 \u00a0\u00a0<\/span><\/h6>\n<h6><span style=\"color: #003366;\">Hibrid profesional, timpuriu de tomate, cu cre\u0219tere nedeterminat\u0103, cu fructe de calitate \u00eenalt\u0103..<\/span><\/h6>\n<h6><span style=\"color: #ff0000;\">\u00a0Fructele sunt\u00a0 mari de 160-180 grame, deosebit de gustoase, dulci, aromate, de culoare ro\u0219ie intens\u0103, sferice,dense, c\u0103rnoase, sferice, uniforme, pentru consum \u00een stare proasp\u0103t\u0103.<\/span><\/h6>\n<h6><span style=\"color: #333399;\">Plantele sunt\u00a0 deschise, cu internoduri medii, vigoare bun\u0103 \u0219i sistem radicular puternic. <\/span><\/h6>\n<h6><span style=\"color: #333399;\">Fructele cresc \u00een ciorchini de 7-8\u00a0 buc\u0103\u021bi, sunt rezistente la cr\u0103pare, la transport \u0219i la p\u0103strare, au o legare excelent\u0103 \u0219i \u00een condi\u021bii de stres pe toat\u0103 perioada de cre\u0219tere.\u00a0<\/span><\/h6>\n<h6><span style=\"color: #003366;\">Un hibrid cu coacere timpurie, 55-60 de zile dup\u0103 transplantarea r\u0103sadurilor, foarte productiv, recomandat \u00een special pentru cultivatea \u00een spa\u021bii protejate .<\/span><\/h6>\n<h6><span style=\"color: #000080;\">Rezisten\u021bele hibridului la virusul petelor de bronz (TSWV) \u0219i nematozi (Mi) ofer\u0103 o siguran\u021b\u0103 \u00een plus pentru a ob\u021bine o produc\u021bie ridicat\u0103.<\/span><\/h6>\n<h6><span style=\"color: #000080;\">Legarea fructelor este foarte bun\u0103, at\u00e2t \u00een condi\u021bii de luminozitate sc\u0103zut\u0103, c\u00e2t \u0219i \u00een condi\u021bii de temperaturi sc\u0103zute sau ridicate.<\/span><\/h6>\n<h6><span style=\"color: #000080;\">Recomandat \u00een special pentru culturile tomate din ciclu I \u0219i II din spa\u021bii protejate (ser\u0103, solar).<\/span><\/h6>\n<h6><span style=\"color: #000080;\">Recomand\u0103m cultivarea \u0219i \u00een ciclul II (cultur\u0103 de toamn\u0103), fiind rezistent la cr\u0103pare, sau micro-fisuri ale fructelor.<\/span><\/h6>\n<ul>\n<li>\n<h6>Rezisten\u021b\u0103 la agen\u021bi patogeni:<\/h6>\n<h6>-TSWV &#8211; Virusul petelor de\u00a0 bronz<\/h6>\n<\/li>\n<li>\n<h6>\u2013 Ff:A-E &#8211; Fulvia fulva, (Cladosporium fulvum) &#8211; P\u0103tarea cafenie a frunzelor de tomate.<\/h6>\n<h6>-Nematozi \/MA\/Mi\/Mj<\/h6>\n<\/li>\n<li>\n<h6>TYLCV:0-2<\/h6>\n<\/li>\n<li>\n<h6><span style=\"color: #ff0000;\">POTEN\u021aIAL RIDICAT DE PRODUC\u021aIE\u00a0 !<\/span><\/h6>\n<\/li>\n<\/ul>\n","protected":false},"excerpt":{"rendered":"<h5><span style=\"color: #ff00ff;\">HIBRID FOARTE <\/span><span style=\"color: #ff00ff;\">GUSTOS \u0218I PRODUCTIV !<\/span><\/h5>\n<p><img loading=\"lazy\" decoding=\"async\" class=\"alignnone wp-image-6106\" src=\"https:\/\/vivasem.ro\/wp-content\/uploads\/2021\/12\/NOU3.jpg\" alt=\"\" width=\"98\" height=\"95\" srcset=\"https:\/\/vivasem.ro\/wp-content\/uploads\/2021\/12\/NOU3.jpg 270w, https:\/\/vivasem.ro\/wp-content\/uploads\/2021\/12\/NOU3-248x241.jpg 248w\" sizes=\"auto, (max-width: 98px) 100vw, 98px\" \/><\/p>\n<h6><\/h6>\n","protected":false},"featured_media":15063,"comment_status":"open","ping_status":"closed","template":"","meta":{"site-sidebar-layout":"default","site-content-layout":"default","ast-site-content-layout":"default","site-content-style":"default","site-sidebar-style":"default","ast-global-header-display":"","ast-banner-title-visibility":"","ast-main-header-display":"","ast-hfb-above-header-display":"","ast-hfb-below-header-display":"","ast-hfb-mobile-header-display":"","site-post-title":"","ast-breadcrumbs-content":"","ast-featured-img":"","footer-sml-layout":"","ast-disable-related-posts":"","theme-transparent-header-meta":"default","adv-header-id-meta":"","stick-header-meta":"","header-above-stick-meta":"","header-main-stick-meta":"","header-below-stick-meta":"","astra-migrate-meta-layouts":"set","ast-page-background-enabled":"default","ast-page-background-meta":{"desktop":{"background-color":"var(--ast-global-color-4)","background-image":"","background-repeat":"repeat","background-position":"center center","background-size":"auto","background-attachment":"scroll","background-type":"","background-media":"","overlay-type":"","overlay-color":"","overlay-opacity":"","overlay-gradient":""},"tablet":{"background-color":"","background-image":"","background-repeat":"repeat","background-position":"center center","background-size":"auto","background-attachment":"scroll","background-type":"","background-media":"","overlay-type":"","overlay-color":"","overlay-opacity":"","overlay-gradient":""},"mobile":{"background-color":"","background-image":"","background-repeat":"repeat","background-position":"center center","background-size":"auto","background-attachment":"scroll","background-type":"","background-media":"","overlay-type":"","overlay-color":"","overlay-opacity":"","overlay-gradient":""}},"ast-content-background-meta":{"desktop":{"background-color":"var(--ast-global-color-5)","background-image":"","background-repeat":"repeat","background-position":"center center","background-size":"auto","background-attachment":"scroll","background-type":"","background-media":"","overlay-type":"","overlay-color":"","overlay-opacity":"","overlay-gradient":""},"tablet":{"background-color":"var(--ast-global-color-5)","background-image":"","background-repeat":"repeat","background-position":"center center","background-size":"auto","background-attachment":"scroll","background-type":"","background-media":"","overlay-type":"","overlay-color":"","overlay-opacity":"","overlay-gradient":""},"mobile":{"background-color":"var(--ast-global-color-5)","background-image":"","background-repeat":"repeat","background-position":"center center","background-size":"auto","background-attachment":"scroll","background-type":"","background-media":"","overlay-type":"","overlay-color":"","overlay-opacity":"","overlay-gradient":""}}},"product_brand":[],"product_cat":[110],"product_tag":[],"class_list":{"0":"post-15054","1":"product","2":"type-product","3":"status-publish","4":"has-post-thumbnail","6":"product_cat-tomate-hibrid","7":"pa_cantitate-10-seminte","8":"pa_cantitate-100-seminte","9":"pa_cantitate-200-seminte","10":"pa_cantitate-25-seminte","11":"pa_cantitate-250-seminte","12":"pa_cantitate-5-seminte","13":"pa_cantitate-50-seminte","14":"pa_cantitate-500-seminte","15":"desktop-align-left","16":"tablet-align-left","17":"mobile-align-left","19":"first","20":"instock","21":"sale","22":"taxable","23":"shipping-taxable","24":"purchasable","25":"product-type-variable"},"_links":{"self":[{"href":"https:\/\/vivasem.ro\/index.php?rest_route=\/wp\/v2\/product\/15054","targetHints":{"allow":["GET"]}}],"collection":[{"href":"https:\/\/vivasem.ro\/index.php?rest_route=\/wp\/v2\/product"}],"about":[{"href":"https:\/\/vivasem.ro\/index.php?rest_route=\/wp\/v2\/types\/product"}],"replies":[{"embeddable":true,"href":"https:\/\/vivasem.ro\/index.php?rest_route=%2Fwp%2Fv2%2Fcomments&post=15054"}],"wp:featuredmedia":[{"embeddable":true,"href":"https:\/\/vivasem.ro\/index.php?rest_route=\/wp\/v2\/media\/15063"}],"wp:attachment":[{"href":"https:\/\/vivasem.ro\/index.php?rest_route=%2Fwp%2Fv2%2Fmedia&parent=15054"}],"wp:term":[{"taxonomy":"product_brand","embeddable":true,"href":"https:\/\/vivasem.ro\/index.php?rest_route=%2Fwp%2Fv2%2Fproduct_brand&post=15054"},{"taxonomy":"product_cat","embeddable":true,"href":"https:\/\/vivasem.ro\/index.php?rest_route=%2Fwp%2Fv2%2Fproduct_cat&post=15054"},{"taxonomy":"product_tag","embeddable":true,"href":"https:\/\/vivasem.ro\/index.php?rest_route=%2Fwp%2Fv2%2Fproduct_tag&post=15054"}],"curies":[{"name":"wp","href":"https:\/\/api.w.org\/{rel}","templated":true}]}}