{"id":14910,"date":"2024-11-30T09:32:12","date_gmt":"2024-11-30T07:32:12","guid":{"rendered":"https:\/\/vivasem.ro\/?post_type=product&#038;p=14910"},"modified":"2025-12-07T11:25:42","modified_gmt":"2025-12-07T09:25:42","slug":"ardei-gras-buratti-rz-f1-copie","status":"publish","type":"product","link":"https:\/\/vivasem.ro\/?product=ardei-gras-buratti-rz-f1-copie","title":{"rendered":"ARDEI GRAS BURATTI RZ F1"},"content":{"rendered":"<h6><span style=\"color: #ff0000;\">ARDEI GRAS BURATTI RZ F1\u00a0 \u00a0 \u00a0 \u00a0 \u00a0 \u00a0 \u00a0 \u00a0 \u00a0 \u00a0 \u00a0 \u00a0 \u00a0 \u00a0 \u00a0 \u00a0 \u00a0 \u00a0 \u00a0 \u00a0 \u00a0 \u00a0 \u00a0 \u00a0 \u00a0 \u00a0 \u00a0 \u00a0 \u00a0 \u00a0 \u00a0 \u00a0 <img loading=\"lazy\" decoding=\"async\" class=\"alignnone size-medium wp-image-14882\" src=\"https:\/\/vivasem.ro\/wp-content\/uploads\/2022\/03\/RIJK-ZWAAN-300x71.jpg\" alt=\"\" width=\"300\" height=\"71\" srcset=\"https:\/\/vivasem.ro\/wp-content\/uploads\/2022\/03\/RIJK-ZWAAN-300x71.jpg 300w, https:\/\/vivasem.ro\/wp-content\/uploads\/2022\/03\/RIJK-ZWAAN-248x58.jpg 248w, https:\/\/vivasem.ro\/wp-content\/uploads\/2022\/03\/RIJK-ZWAAN-150x35.jpg 150w, https:\/\/vivasem.ro\/wp-content\/uploads\/2022\/03\/RIJK-ZWAAN.jpg 526w\" sizes=\"auto, (max-width: 300px) 100vw, 300px\" \/><\/span><\/h6>\n<h6><span style=\"color: #ff0000;\">Produc\u0103tor semin\u021be:Rijk Zwaan.Olanda,<\/span><\/h6>\n<div class=\"card\">\n<div id=\"descriere\" class=\"collapse show\" aria-labelledby=\"descriereHead\">\n<div class=\"card-body\">\n<h6><span style=\"color: #333399;\">Hibrid de ardei gras, tip Blocky, de culoare galben deschis, cerat \u0219i cu rezisten\u021b\u0103 la TSWV.<\/span><\/h6>\n<h6><span style=\"color: #333399;\">Portul plantei este deschis, produce mai pu\u021bini l\u0103stari laterali, ceea ce reprezint\u0103 un mare avantaj deoarece scad lucr\u0103rile \u00een verde cu eliminarea l\u0103starilor.<\/span><\/h6>\n<h6><span style=\"color: #333399;\">Radacinile viguroase ajut\u0103 la calitatea sporit\u0103 a plantei \u0219i a produc\u021biei.<\/span><\/h6>\n<h6><span style=\"color: #333399;\">Are o capacitate foarte bun\u0103 de legare chiar \u0219i \u00een ultima parte a sezonului.<\/span><\/h6>\n<h6><span style=\"color: #333399;\">Pulpa fructului este groas\u0103, are o rezisten\u021b\u0103 foarte bun\u0103 la p\u0103strare \u0219i transport.<\/span><\/h6>\n<h6><span style=\"color: #333399;\">Greutatea medie a fructelor este aproximativ 150-200g.<\/span><\/h6>\n<h6><span style=\"color: #333399;\">Datorit\u0103 uniformit\u0103\u021bii fructelor, activitatea de sortare dup\u0103 recoltare se reduce foarte mult.<\/span><\/h6>\n<h6><span style=\"color: #333399;\">Rezisten\u021b\u0103 ridicat\u0103 la:<\/span><\/h6>\n<h6><span style=\"color: #333399;\">Tm:0-2 &#8211; virusul mozaicului tutunului la ardei<\/span><\/h6>\n<h6><span style=\"color: #333399;\">Rezisten\u021b\u0103 intermediar\u0103 la:<\/span><\/h6>\n<h6><span style=\"color: #333399;\">TSWV &#8211; virusul petelor de bronz<\/span><\/h6>\n<\/div>\n<\/div>\n<\/div>\n<div class=\"card\">\n<div id=\"recomandari\" class=\"collapse show\" aria-labelledby=\"recomandariHead\">\n<div class=\"card-body\">\n<h6><span style=\"color: #333399;\">Recomandat pentru cultivare \u00een spa\u021biu protejat condus pe 2,3 bra\u021be sau nepalisat.<\/span><\/h6>\n<\/div>\n<\/div>\n<\/div>\n<p>https:\/\/www.tiktok.com\/@holland.farming.agro\/video\/7413691618059914529<\/p>\n<div id=\"product-details\" class=\"product-details\">\n<div class=\"card\">\n<div id=\"descriere\" class=\"collapse show\" aria-labelledby=\"descriereHead\">\n<div class=\"card-body\">\n<h6><\/h6>\n<p>https:\/\/www.tiktok.com\/@holland.farming.agro\/video\/7332075337624374560<\/p>\n<\/div>\n<\/div>\n<\/div>\n<div class=\"card\">\n<div id=\"recomandari\" class=\"collapse show\" aria-labelledby=\"recomandariHead\">\n<div class=\"card-body\">\n<h6><\/h6>\n<\/div>\n<\/div>\n<\/div>\n<\/div>\n","protected":false},"excerpt":{"rendered":"<h6><span style=\"color: #ff00ff;\">\u00a0FRUCTE MARI,DE CALITATE , PRODUCTIVITATE \u00ceNALT\u0102!<\/span><img loading=\"lazy\" decoding=\"async\" class=\"alignnone wp-image-5567\" style=\"color: #0000ff;\" src=\"https:\/\/vivasem.ro\/wp-content\/uploads\/2021\/11\/NOU3.jpg\" alt=\"\" width=\"66\" height=\"64\" srcset=\"https:\/\/vivasem.ro\/wp-content\/uploads\/2021\/11\/NOU3.jpg 270w, https:\/\/vivasem.ro\/wp-content\/uploads\/2021\/11\/NOU3-248x241.jpg 248w\" sizes=\"auto, (max-width: 66px) 100vw, 66px\" \/><\/h6>\n<h6><\/h6>\n","protected":false},"featured_media":14941,"comment_status":"open","ping_status":"closed","template":"","meta":{"site-sidebar-layout":"default","site-content-layout":"default","ast-site-content-layout":"default","site-content-style":"default","site-sidebar-style":"default","ast-global-header-display":"","ast-banner-title-visibility":"","ast-main-header-display":"","ast-hfb-above-header-display":"","ast-hfb-below-header-display":"","ast-hfb-mobile-header-display":"","site-post-title":"","ast-breadcrumbs-content":"","ast-featured-img":"","footer-sml-layout":"","ast-disable-related-posts":"","theme-transparent-header-meta":"default","adv-header-id-meta":"","stick-header-meta":"","header-above-stick-meta":"","header-main-stick-meta":"","header-below-stick-meta":"","astra-migrate-meta-layouts":"set","ast-page-background-enabled":"default","ast-page-background-meta":{"desktop":{"background-color":"var(--ast-global-color-4)","background-image":"","background-repeat":"repeat","background-position":"center center","background-size":"auto","background-attachment":"scroll","background-type":"","background-media":"","overlay-type":"","overlay-color":"","overlay-opacity":"","overlay-gradient":""},"tablet":{"background-color":"","background-image":"","background-repeat":"repeat","background-position":"center center","background-size":"auto","background-attachment":"scroll","background-type":"","background-media":"","overlay-type":"","overlay-color":"","overlay-opacity":"","overlay-gradient":""},"mobile":{"background-color":"","background-image":"","background-repeat":"repeat","background-position":"center center","background-size":"auto","background-attachment":"scroll","background-type":"","background-media":"","overlay-type":"","overlay-color":"","overlay-opacity":"","overlay-gradient":""}},"ast-content-background-meta":{"desktop":{"background-color":"var(--ast-global-color-5)","background-image":"","background-repeat":"repeat","background-position":"center center","background-size":"auto","background-attachment":"scroll","background-type":"","background-media":"","overlay-type":"","overlay-color":"","overlay-opacity":"","overlay-gradient":""},"tablet":{"background-color":"var(--ast-global-color-5)","background-image":"","background-repeat":"repeat","background-position":"center center","background-size":"auto","background-attachment":"scroll","background-type":"","background-media":"","overlay-type":"","overlay-color":"","overlay-opacity":"","overlay-gradient":""},"mobile":{"background-color":"var(--ast-global-color-5)","background-image":"","background-repeat":"repeat","background-position":"center center","background-size":"auto","background-attachment":"scroll","background-type":"","background-media":"","overlay-type":"","overlay-color":"","overlay-opacity":"","overlay-gradient":""}}},"product_brand":[],"product_cat":[84,145],"product_tag":[],"class_list":{"0":"post-14910","1":"product","2":"type-product","3":"status-publish","4":"has-post-thumbnail","6":"product_cat-ardei","7":"product_cat-ardei-hibrid","8":"pa_cantitate-10-seminte","9":"pa_cantitate-100-seminte","10":"pa_cantitate-200-seminte","11":"pa_cantitate-25-seminte","12":"pa_cantitate-250-seminte","13":"pa_cantitate-5-seminte","14":"pa_cantitate-50-seminte","15":"pa_cantitate-500-seminte","16":"desktop-align-left","17":"tablet-align-left","18":"mobile-align-left","20":"first","21":"instock","22":"sale","23":"taxable","24":"shipping-taxable","25":"purchasable","26":"product-type-variable"},"_links":{"self":[{"href":"https:\/\/vivasem.ro\/index.php?rest_route=\/wp\/v2\/product\/14910","targetHints":{"allow":["GET"]}}],"collection":[{"href":"https:\/\/vivasem.ro\/index.php?rest_route=\/wp\/v2\/product"}],"about":[{"href":"https:\/\/vivasem.ro\/index.php?rest_route=\/wp\/v2\/types\/product"}],"replies":[{"embeddable":true,"href":"https:\/\/vivasem.ro\/index.php?rest_route=%2Fwp%2Fv2%2Fcomments&post=14910"}],"wp:featuredmedia":[{"embeddable":true,"href":"https:\/\/vivasem.ro\/index.php?rest_route=\/wp\/v2\/media\/14941"}],"wp:attachment":[{"href":"https:\/\/vivasem.ro\/index.php?rest_route=%2Fwp%2Fv2%2Fmedia&parent=14910"}],"wp:term":[{"taxonomy":"product_brand","embeddable":true,"href":"https:\/\/vivasem.ro\/index.php?rest_route=%2Fwp%2Fv2%2Fproduct_brand&post=14910"},{"taxonomy":"product_cat","embeddable":true,"href":"https:\/\/vivasem.ro\/index.php?rest_route=%2Fwp%2Fv2%2Fproduct_cat&post=14910"},{"taxonomy":"product_tag","embeddable":true,"href":"https:\/\/vivasem.ro\/index.php?rest_route=%2Fwp%2Fv2%2Fproduct_tag&post=14910"}],"curies":[{"name":"wp","href":"https:\/\/api.w.org\/{rel}","templated":true}]}}