{"id":14901,"date":"2024-11-30T09:27:45","date_gmt":"2024-11-30T07:27:45","guid":{"rendered":"https:\/\/vivasem.ro\/?post_type=product&#038;p=14901"},"modified":"2026-03-15T08:34:52","modified_gmt":"2026-03-15T06:34:52","slug":"ardei-gras-burabella-rz-f1","status":"publish","type":"product","link":"https:\/\/vivasem.ro\/?product=ardei-gras-burabella-rz-f1","title":{"rendered":"ARDEI GRAS BURABELLA RZ F1"},"content":{"rendered":"<h6><span style=\"color: #ff0000;\">ARDEI GRAS BURABELLA RZ F1\u00a0 \u00a0 \u00a0 \u00a0 \u00a0 \u00a0 \u00a0 \u00a0 \u00a0 \u00a0 \u00a0 \u00a0 \u00a0 \u00a0 \u00a0 \u00a0 \u00a0 \u00a0 \u00a0 \u00a0 \u00a0 \u00a0 \u00a0 \u00a0 \u00a0 \u00a0 \u00a0 \u00a0 \u00a0 \u00a0 \u00a0 \u00a0 <img loading=\"lazy\" decoding=\"async\" class=\"alignnone size-medium wp-image-14882\" src=\"https:\/\/vivasem.ro\/wp-content\/uploads\/2022\/03\/RIJK-ZWAAN-300x71.jpg\" alt=\"\" width=\"300\" height=\"71\" srcset=\"https:\/\/vivasem.ro\/wp-content\/uploads\/2022\/03\/RIJK-ZWAAN-300x71.jpg 300w, https:\/\/vivasem.ro\/wp-content\/uploads\/2022\/03\/RIJK-ZWAAN-248x58.jpg 248w, https:\/\/vivasem.ro\/wp-content\/uploads\/2022\/03\/RIJK-ZWAAN-150x35.jpg 150w, https:\/\/vivasem.ro\/wp-content\/uploads\/2022\/03\/RIJK-ZWAAN.jpg 526w\" sizes=\"auto, (max-width: 300px) 100vw, 300px\" \/><\/span><\/h6>\n<h6><span style=\"color: #ff0000;\">Produc\u0103tor semin\u021be:Rijk Zwaan.Olanda,<\/span><\/h6>\n<section class=\"container\">\n<div class=\"single-product\">\n<div class=\"row single-product-wrapper\">\n<div class=\"col-6 col-md-6 product-summary-wrapper\">\n<div id=\"product-details\" class=\"product-details\">\n<div class=\"card\">\n<div id=\"descriere\" class=\"collapse show\" aria-labelledby=\"descriereHead\">\n<div class=\"card-body\">\n<h6><span style=\"color: #333399;\">Hibrid de ardei gras, tip Blocky, de culoare galben deschis, cu rezisten\u021b\u0103 la TSWV.<\/span><\/h6>\n<h6><span style=\"color: #ff0000;\">Plantele sunt mai viguroase dec\u00e2t la Buratti RZ, dar datorit\u0103 internodurilor de m\u0103rime medie, planta r\u0103m\u00e2ne compact\u0103.<\/span><\/h6>\n<h6><span style=\"color: #333399;\">Sistemul radicular este puternic, sus\u021bine planta \u00een condi\u021bii\u00a0 de cultivare cu tehnologie redus\u0103 (nivel de fertilizare sc\u0103zut) \u0219i \u00een condi\u021bii de stres.<\/span><\/h6>\n<h6><span style=\"color: #333399;\">Fructele beneficiaz\u0103 de o acoperire bun\u0103 a frunzelor datorit\u0103 portului viguros al acestui hibrid.<\/span><\/h6>\n<h6><span style=\"color: #ff0000;\">Greutatea medie a fructului este 140-200 g.<\/span><\/h6>\n<h6><span style=\"color: #333399;\">Are un aspect pl\u0103cut, form\u0103 alungit\u0103, culoarea fructelor este galben deschis str\u0103lucitor, pulpa este groas\u0103 \u0219i are o bun\u0103 rezisten\u021b\u0103 la transport \u0219i p\u0103strare.<\/span><\/h6>\n<h6><span style=\"color: #333399;\">Rezisten\u021b\u0103 ridicat\u0103 la:<\/span><\/h6>\n<h6><span style=\"color: #333399;\">Tm:0-2 &#8211; virusul mozaicului tutunului la ardei<\/span><\/h6>\n<h6><span style=\"color: #333399;\">Rezisten\u021b\u0103 intermediar\u0103 la:<\/span><\/h6>\n<h6><span style=\"color: #333399;\">TSWV &#8211; virusul petelor de bronz<\/span><\/h6>\n<p><span style=\"color: #0000ff;\">Recomandat hibridul Burabella RZ at\u00e2t pentru cultivarea \u00een c\u00e2mp deschis, c\u00e2t \u0219i \u00een spa\u021biu protejat, condus pe dou\u0103 bra\u021be sau nepalisat, pentru cultivarea \u00een spa\u021biu protejat prim\u0103vara, vara \u0219i toamna.<\/span><\/p>\n<\/div>\n<\/div>\n<\/div>\n<\/div>\n<\/div>\n<\/div>\n<\/div>\n<\/section>\n<p>https:\/\/www.tiktok.com\/@holland.farming.agro\/video\/7323218204820639009<\/p>\n<p>https:\/\/www.tiktok.com\/@holland.farming.agro\/video\/7396963239084444961<\/p>\n<p>&nbsp;<\/p>\n","protected":false},"excerpt":{"rendered":"<h6><span style=\"color: #ff00ff;\">HIBRID REZISTENT, FRUCTE DE CALITATE , PRODUCTIVITATE!<\/span><\/h6>\n<p>VEZI VIDEO !<\/p>\n<h6><span style=\"color: #0000ff;\"><img loading=\"lazy\" decoding=\"async\" class=\"alignnone wp-image-5567\" src=\"https:\/\/vivasem.ro\/wp-content\/uploads\/2021\/11\/NOU3.jpg\" alt=\"\" width=\"66\" height=\"64\" srcset=\"https:\/\/vivasem.ro\/wp-content\/uploads\/2021\/11\/NOU3.jpg 270w, https:\/\/vivasem.ro\/wp-content\/uploads\/2021\/11\/NOU3-248x241.jpg 248w\" sizes=\"auto, (max-width: 66px) 100vw, 66px\" \/><\/span><\/h6>\n<h6><\/h6>\n","protected":false},"featured_media":19572,"comment_status":"open","ping_status":"closed","template":"","meta":{"site-sidebar-layout":"default","site-content-layout":"default","ast-site-content-layout":"default","site-content-style":"default","site-sidebar-style":"default","ast-global-header-display":"","ast-banner-title-visibility":"","ast-main-header-display":"","ast-hfb-above-header-display":"","ast-hfb-below-header-display":"","ast-hfb-mobile-header-display":"","site-post-title":"","ast-breadcrumbs-content":"","ast-featured-img":"","footer-sml-layout":"","ast-disable-related-posts":"","theme-transparent-header-meta":"default","adv-header-id-meta":"","stick-header-meta":"","header-above-stick-meta":"","header-main-stick-meta":"","header-below-stick-meta":"","astra-migrate-meta-layouts":"set","ast-page-background-enabled":"default","ast-page-background-meta":{"desktop":{"background-color":"var(--ast-global-color-4)","background-image":"","background-repeat":"repeat","background-position":"center center","background-size":"auto","background-attachment":"scroll","background-type":"","background-media":"","overlay-type":"","overlay-color":"","overlay-opacity":"","overlay-gradient":""},"tablet":{"background-color":"","background-image":"","background-repeat":"repeat","background-position":"center center","background-size":"auto","background-attachment":"scroll","background-type":"","background-media":"","overlay-type":"","overlay-color":"","overlay-opacity":"","overlay-gradient":""},"mobile":{"background-color":"","background-image":"","background-repeat":"repeat","background-position":"center center","background-size":"auto","background-attachment":"scroll","background-type":"","background-media":"","overlay-type":"","overlay-color":"","overlay-opacity":"","overlay-gradient":""}},"ast-content-background-meta":{"desktop":{"background-color":"var(--ast-global-color-5)","background-image":"","background-repeat":"repeat","background-position":"center center","background-size":"auto","background-attachment":"scroll","background-type":"","background-media":"","overlay-type":"","overlay-color":"","overlay-opacity":"","overlay-gradient":""},"tablet":{"background-color":"var(--ast-global-color-5)","background-image":"","background-repeat":"repeat","background-position":"center center","background-size":"auto","background-attachment":"scroll","background-type":"","background-media":"","overlay-type":"","overlay-color":"","overlay-opacity":"","overlay-gradient":""},"mobile":{"background-color":"var(--ast-global-color-5)","background-image":"","background-repeat":"repeat","background-position":"center center","background-size":"auto","background-attachment":"scroll","background-type":"","background-media":"","overlay-type":"","overlay-color":"","overlay-opacity":"","overlay-gradient":""}}},"product_brand":[],"product_cat":[84,145],"product_tag":[],"class_list":{"0":"post-14901","1":"product","2":"type-product","3":"status-publish","4":"has-post-thumbnail","6":"product_cat-ardei","7":"product_cat-ardei-hibrid","8":"pa_cantitate-10-seminte","9":"pa_cantitate-100-seminte","10":"pa_cantitate-200-seminte","11":"pa_cantitate-25-seminte","12":"pa_cantitate-250-seminte","13":"pa_cantitate-5-seminte","14":"pa_cantitate-50-seminte","15":"pa_cantitate-500-seminte","16":"desktop-align-left","17":"tablet-align-left","18":"mobile-align-left","20":"first","21":"instock","22":"sale","23":"taxable","24":"shipping-taxable","25":"purchasable","26":"product-type-variable"},"_links":{"self":[{"href":"https:\/\/vivasem.ro\/index.php?rest_route=\/wp\/v2\/product\/14901","targetHints":{"allow":["GET"]}}],"collection":[{"href":"https:\/\/vivasem.ro\/index.php?rest_route=\/wp\/v2\/product"}],"about":[{"href":"https:\/\/vivasem.ro\/index.php?rest_route=\/wp\/v2\/types\/product"}],"replies":[{"embeddable":true,"href":"https:\/\/vivasem.ro\/index.php?rest_route=%2Fwp%2Fv2%2Fcomments&post=14901"}],"wp:featuredmedia":[{"embeddable":true,"href":"https:\/\/vivasem.ro\/index.php?rest_route=\/wp\/v2\/media\/19572"}],"wp:attachment":[{"href":"https:\/\/vivasem.ro\/index.php?rest_route=%2Fwp%2Fv2%2Fmedia&parent=14901"}],"wp:term":[{"taxonomy":"product_brand","embeddable":true,"href":"https:\/\/vivasem.ro\/index.php?rest_route=%2Fwp%2Fv2%2Fproduct_brand&post=14901"},{"taxonomy":"product_cat","embeddable":true,"href":"https:\/\/vivasem.ro\/index.php?rest_route=%2Fwp%2Fv2%2Fproduct_cat&post=14901"},{"taxonomy":"product_tag","embeddable":true,"href":"https:\/\/vivasem.ro\/index.php?rest_route=%2Fwp%2Fv2%2Fproduct_tag&post=14901"}],"curies":[{"name":"wp","href":"https:\/\/api.w.org\/{rel}","templated":true}]}}