{"id":14891,"date":"2024-11-30T09:05:32","date_gmt":"2024-11-30T07:05:32","guid":{"rendered":"https:\/\/vivasem.ro\/?post_type=product&#038;p=14891"},"modified":"2025-01-20T16:02:34","modified_gmt":"2025-01-20T14:02:34","slug":"castraveti-romara-rz-f1","status":"publish","type":"product","link":"https:\/\/vivasem.ro\/?product=castraveti-romara-rz-f1","title":{"rendered":".Castraveti ROMARA RZ F1 (Rijk Zwaan)"},"content":{"rendered":"<h6><span style=\"color: #ff0000;\">Castrave\u021bi ROMARA RZ F1\u00a0 \u00a0 \u00a0 \u00a0 \u00a0 \u00a0 \u00a0 \u00a0 \u00a0 \u00a0 \u00a0 \u00a0 \u00a0 \u00a0 \u00a0 \u00a0 \u00a0 \u00a0 \u00a0 \u00a0 \u00a0 \u00a0 \u00a0 \u00a0 \u00a0 \u00a0 \u00a0 \u00a0 \u00a0 \u00a0 \u00a0 \u00a0 <img loading=\"lazy\" decoding=\"async\" class=\"alignnone size-medium wp-image-14882\" src=\"https:\/\/vivasem.ro\/wp-content\/uploads\/2022\/03\/RIJK-ZWAAN-300x71.jpg\" alt=\"\" width=\"300\" height=\"71\" srcset=\"https:\/\/vivasem.ro\/wp-content\/uploads\/2022\/03\/RIJK-ZWAAN-300x71.jpg 300w, https:\/\/vivasem.ro\/wp-content\/uploads\/2022\/03\/RIJK-ZWAAN-248x58.jpg 248w, https:\/\/vivasem.ro\/wp-content\/uploads\/2022\/03\/RIJK-ZWAAN-150x35.jpg 150w, https:\/\/vivasem.ro\/wp-content\/uploads\/2022\/03\/RIJK-ZWAAN.jpg 526w\" sizes=\"auto, (max-width: 300px) 100vw, 300px\" \/><\/span><\/h6>\n<h6><span style=\"color: #ff0000;\">Produc\u0103tor semin\u021be:Rijk Zwaan.Olanda,<\/span><\/h6>\n<h6><span style=\"color: #333399;\">Hibrid partenocarpic de castrave\u021bi cornichon, cu \u021bepi, pentru cultura \u00een spa\u021bii protejate.<\/span><\/h6>\n<h6><span style=\"color: #333399;\">Fructele sunt sub\u021biri chiar \u0219i la dimensiuni foarte mari (p\u00e2na la 14-16 cm).<\/span><\/h6>\n<h6><span style=\"color: #333399;\">Culoarea fructului este uniform\u0103, de un verde \u00eenchis, cu aspect str\u0103lucitor.<\/span><\/h6>\n<h6><span style=\"color: #333399;\">Fructele sunt crocante \u0219i au o excelent\u0103 rezisten\u021b\u0103 post recoltare \u0219i transport.<\/span><\/h6>\n<h6><span style=\"color: #333399;\">Raportul lungime:diametru este 3,8:1.<\/span><\/h6>\n<h6><span style=\"color: #ff0000;\">Este un hibrid mediu-timpuriu, cu un poten\u021bial ridicat de produc\u021bie, perfect pentru v\u00e2nzarea la caserol\u0103 \u00een supermarket.<\/span><\/h6>\n<h6><span style=\"color: #ff0000;\">Planta este viguroas\u0103, are un sistem radicular foarte puternic, o dezvoltare intens\u0103 a l\u0103starilor \u0219i frunze de m\u0103rime medie.<\/span><\/h6>\n<h6><span style=\"color: #333399;\">Datorit\u0103 rezisten\u021bei remarcabile, are o calitate deosebit\u0103 a fructelor p\u00e2n\u0103 la sf\u00e2r\u0219itul sezonului.<\/span><\/h6>\n<h6><span style=\"color: #333399;\">Rezisten\u021b\u0103 ridicat\u0103 la:<\/span><\/h6>\n<h6><span style=\"color: #333399;\">Ccu &#8211; cladosporioza castrave\u021bilor<\/span><\/h6>\n<h6><span style=\"color: #333399;\">Px &#8211; f\u0103inarea castrave\u021bilor<\/span><\/h6>\n<h6><span style=\"color: #333399;\">Rezisten\u021b\u0103 intermediar\u0103 la:<\/span><\/h6>\n<h6><span style=\"color: #333399;\">CMV &#8211; virusul mozaicului la castrave\u021bi<\/span><\/h6>\n<h6><span style=\"color: #333399;\">CVYV &#8211; virusul galben al nervurilor la castrave\u021bi<\/span><\/h6>\n<h6><span style=\"color: #ff0000;\">Se recomand\u0103 cultivarea \u00een ciclul I \u0219i II de cultur\u0103, \u00een spa\u021bii protejate.<\/span><\/h6>\n<h6><span style=\"color: #333399;\">Densitate optim\u0103 de plantare: 1,8 &#8211; 2 plante\/mp.<\/span><\/h6>\n","protected":false},"excerpt":{"rendered":"<h6><span style=\"color: #ff00ff;\">HIBRID REZISTENT, FRUCTE DE CALITATE , PRODUCTIVITATE MARE!<\/span><\/h6>\n<h6><span style=\"color: #0000ff;\"><img loading=\"lazy\" decoding=\"async\" class=\"alignnone wp-image-5567\" src=\"https:\/\/vivasem.ro\/wp-content\/uploads\/2021\/11\/NOU3.jpg\" alt=\"\" width=\"66\" height=\"64\" srcset=\"https:\/\/vivasem.ro\/wp-content\/uploads\/2021\/11\/NOU3.jpg 270w, https:\/\/vivasem.ro\/wp-content\/uploads\/2021\/11\/NOU3-248x241.jpg 248w\" sizes=\"auto, (max-width: 66px) 100vw, 66px\" \/><\/span><\/h6>\n<h6><\/h6>\n","protected":false},"featured_media":14900,"comment_status":"open","ping_status":"closed","template":"","meta":{"site-sidebar-layout":"default","site-content-layout":"default","ast-site-content-layout":"default","site-content-style":"default","site-sidebar-style":"default","ast-global-header-display":"","ast-banner-title-visibility":"","ast-main-header-display":"","ast-hfb-above-header-display":"","ast-hfb-below-header-display":"","ast-hfb-mobile-header-display":"","site-post-title":"","ast-breadcrumbs-content":"","ast-featured-img":"","footer-sml-layout":"","ast-disable-related-posts":"","theme-transparent-header-meta":"default","adv-header-id-meta":"","stick-header-meta":"","header-above-stick-meta":"","header-main-stick-meta":"","header-below-stick-meta":"","astra-migrate-meta-layouts":"set","ast-page-background-enabled":"default","ast-page-background-meta":{"desktop":{"background-color":"var(--ast-global-color-4)","background-image":"","background-repeat":"repeat","background-position":"center center","background-size":"auto","background-attachment":"scroll","background-type":"","background-media":"","overlay-type":"","overlay-color":"","overlay-opacity":"","overlay-gradient":""},"tablet":{"background-color":"","background-image":"","background-repeat":"repeat","background-position":"center center","background-size":"auto","background-attachment":"scroll","background-type":"","background-media":"","overlay-type":"","overlay-color":"","overlay-opacity":"","overlay-gradient":""},"mobile":{"background-color":"","background-image":"","background-repeat":"repeat","background-position":"center center","background-size":"auto","background-attachment":"scroll","background-type":"","background-media":"","overlay-type":"","overlay-color":"","overlay-opacity":"","overlay-gradient":""}},"ast-content-background-meta":{"desktop":{"background-color":"var(--ast-global-color-5)","background-image":"","background-repeat":"repeat","background-position":"center center","background-size":"auto","background-attachment":"scroll","background-type":"","background-media":"","overlay-type":"","overlay-color":"","overlay-opacity":"","overlay-gradient":""},"tablet":{"background-color":"var(--ast-global-color-5)","background-image":"","background-repeat":"repeat","background-position":"center center","background-size":"auto","background-attachment":"scroll","background-type":"","background-media":"","overlay-type":"","overlay-color":"","overlay-opacity":"","overlay-gradient":""},"mobile":{"background-color":"var(--ast-global-color-5)","background-image":"","background-repeat":"repeat","background-position":"center center","background-size":"auto","background-attachment":"scroll","background-type":"","background-media":"","overlay-type":"","overlay-color":"","overlay-opacity":"","overlay-gradient":""}}},"product_brand":[],"product_cat":[147,83],"product_tag":[],"class_list":{"0":"post-14891","1":"product","2":"type-product","3":"status-publish","4":"has-post-thumbnail","6":"product_cat-02-castraveti","7":"product_cat-castraveti-hibrid","8":"pa_cantitate-10-seminte","9":"pa_cantitate-100-seminte","10":"pa_cantitate-200-seminte","11":"pa_cantitate-25-seminte","12":"pa_cantitate-250-seminte","13":"pa_cantitate-5-seminte","14":"pa_cantitate-50-seminte","15":"pa_cantitate-500-seminte","16":"desktop-align-left","17":"tablet-align-left","18":"mobile-align-left","20":"first","21":"instock","22":"sale","23":"taxable","24":"shipping-taxable","25":"purchasable","26":"product-type-variable"},"_links":{"self":[{"href":"https:\/\/vivasem.ro\/index.php?rest_route=\/wp\/v2\/product\/14891","targetHints":{"allow":["GET"]}}],"collection":[{"href":"https:\/\/vivasem.ro\/index.php?rest_route=\/wp\/v2\/product"}],"about":[{"href":"https:\/\/vivasem.ro\/index.php?rest_route=\/wp\/v2\/types\/product"}],"replies":[{"embeddable":true,"href":"https:\/\/vivasem.ro\/index.php?rest_route=%2Fwp%2Fv2%2Fcomments&post=14891"}],"wp:featuredmedia":[{"embeddable":true,"href":"https:\/\/vivasem.ro\/index.php?rest_route=\/wp\/v2\/media\/14900"}],"wp:attachment":[{"href":"https:\/\/vivasem.ro\/index.php?rest_route=%2Fwp%2Fv2%2Fmedia&parent=14891"}],"wp:term":[{"taxonomy":"product_brand","embeddable":true,"href":"https:\/\/vivasem.ro\/index.php?rest_route=%2Fwp%2Fv2%2Fproduct_brand&post=14891"},{"taxonomy":"product_cat","embeddable":true,"href":"https:\/\/vivasem.ro\/index.php?rest_route=%2Fwp%2Fv2%2Fproduct_cat&post=14891"},{"taxonomy":"product_tag","embeddable":true,"href":"https:\/\/vivasem.ro\/index.php?rest_route=%2Fwp%2Fv2%2Fproduct_tag&post=14891"}],"curies":[{"name":"wp","href":"https:\/\/api.w.org\/{rel}","templated":true}]}}