{"id":148,"date":"2021-09-18T07:43:46","date_gmt":"2021-09-18T05:43:46","guid":{"rendered":"https:\/\/vivasem.ro\/?post_type=product&#038;p=148"},"modified":"2025-10-07T13:04:39","modified_gmt":"2025-10-07T11:04:39","slug":"cherry-chadwick","status":"publish","type":"product","link":"https:\/\/vivasem.ro\/?product=cherry-chadwick","title":{"rendered":".CHERRY CHADWICK"},"content":{"rendered":"<h6><span style=\"color: #ff0000;\">CHERRY CHADWICK,<\/span><\/h6>\n<h6>SOI DE CHERRY,ORIGINAR DIN SUA,CREEAT DE CELEBRUL HORTICULTOR AMERICAN ALAN CHADWICK,CE FORMEAZ\u0102 CIORCHINI LUNGI ,TIP CORDON .<\/h6>\n<h6>FRUCTELE DE 20-30 grame,AU CULOAREA RO\u0218U-APRINS,SUNT SUCULENTE,<span style=\"color: #0000ff;\">CU GUST DELICIOS,DULCE,SLAB ACID.<\/span><\/h6>\n<h6><span style=\"color: #0000ff;\">PLANTELE VIGUROASE,NEDETERMINATE,AJUNG \u0218I LA PESTE 5 metrii.<\/span><\/h6>\n<h6>TIMPURII,DE SEZON LUNG, REZISTENTE LA BOLI,CEEA CE ASIGUR\u0102 SI O PRODUCTIE FOARTE RIDICAT\u0102.<\/h6>\n<h6>D\u0102 REZULTATE EXCEP\u021aIONALE \u0218I \u00ceN GR\u0102DIN\u0102 \u0218I \u00ceN SOLAR ,<span style=\"color: #0000ff;\">FIIND INTRE PREFERATELE DIN PORTOFOLIU.<\/span><\/h6>\n","protected":false},"excerpt":{"rendered":"<h6><span style=\"color: #0000ff;\">40 SEMIN\u021aE<\/span><\/h6>\n<h6><span style=\"color: #ff0000;\">DINTRE CELE MAI BUNE SOIURI CHERRY !<\/span><\/h6>\n<h6><span style=\"color: #ff0000;\">GUST EXCEP\u021aIONAL !<\/span><\/h6>\n","protected":false},"featured_media":460,"comment_status":"open","ping_status":"closed","template":"","meta":{"site-sidebar-layout":"default","site-content-layout":"default","ast-site-content-layout":"default","site-content-style":"default","site-sidebar-style":"default","ast-global-header-display":"","ast-banner-title-visibility":"","ast-main-header-display":"","ast-hfb-above-header-display":"","ast-hfb-below-header-display":"","ast-hfb-mobile-header-display":"","site-post-title":"","ast-breadcrumbs-content":"","ast-featured-img":"","footer-sml-layout":"","ast-disable-related-posts":"","theme-transparent-header-meta":"default","adv-header-id-meta":"","stick-header-meta":"","header-above-stick-meta":"","header-main-stick-meta":"","header-below-stick-meta":"","astra-migrate-meta-layouts":"set","ast-page-background-enabled":"default","ast-page-background-meta":{"desktop":{"background-color":"var(--ast-global-color-4)","background-image":"","background-repeat":"repeat","background-position":"center center","background-size":"auto","background-attachment":"scroll","background-type":"","background-media":"","overlay-type":"","overlay-color":"","overlay-opacity":"","overlay-gradient":""},"tablet":{"background-color":"","background-image":"","background-repeat":"repeat","background-position":"center center","background-size":"auto","background-attachment":"scroll","background-type":"","background-media":"","overlay-type":"","overlay-color":"","overlay-opacity":"","overlay-gradient":""},"mobile":{"background-color":"","background-image":"","background-repeat":"repeat","background-position":"center center","background-size":"auto","background-attachment":"scroll","background-type":"","background-media":"","overlay-type":"","overlay-color":"","overlay-opacity":"","overlay-gradient":""}},"ast-content-background-meta":{"desktop":{"background-color":"var(--ast-global-color-5)","background-image":"","background-repeat":"repeat","background-position":"center center","background-size":"auto","background-attachment":"scroll","background-type":"","background-media":"","overlay-type":"","overlay-color":"","overlay-opacity":"","overlay-gradient":""},"tablet":{"background-color":"var(--ast-global-color-5)","background-image":"","background-repeat":"repeat","background-position":"center center","background-size":"auto","background-attachment":"scroll","background-type":"","background-media":"","overlay-type":"","overlay-color":"","overlay-opacity":"","overlay-gradient":""},"mobile":{"background-color":"var(--ast-global-color-5)","background-image":"","background-repeat":"repeat","background-position":"center center","background-size":"auto","background-attachment":"scroll","background-type":"","background-media":"","overlay-type":"","overlay-color":"","overlay-opacity":"","overlay-gradient":""}}},"product_brand":[],"product_cat":[143,142,15],"product_tag":[],"class_list":{"0":"post-148","1":"product","2":"type-product","3":"status-publish","4":"has-post-thumbnail","6":"product_cat-soiuri-timpurii-cherry","7":"product_cat-soiuri-rosii-roz","8":"product_cat-tomate-soi","9":"desktop-align-left","10":"tablet-align-left","11":"mobile-align-left","13":"first","14":"instock","15":"taxable","16":"shipping-taxable","17":"purchasable","18":"product-type-simple"},"_links":{"self":[{"href":"https:\/\/vivasem.ro\/index.php?rest_route=\/wp\/v2\/product\/148","targetHints":{"allow":["GET"]}}],"collection":[{"href":"https:\/\/vivasem.ro\/index.php?rest_route=\/wp\/v2\/product"}],"about":[{"href":"https:\/\/vivasem.ro\/index.php?rest_route=\/wp\/v2\/types\/product"}],"replies":[{"embeddable":true,"href":"https:\/\/vivasem.ro\/index.php?rest_route=%2Fwp%2Fv2%2Fcomments&post=148"}],"wp:featuredmedia":[{"embeddable":true,"href":"https:\/\/vivasem.ro\/index.php?rest_route=\/wp\/v2\/media\/460"}],"wp:attachment":[{"href":"https:\/\/vivasem.ro\/index.php?rest_route=%2Fwp%2Fv2%2Fmedia&parent=148"}],"wp:term":[{"taxonomy":"product_brand","embeddable":true,"href":"https:\/\/vivasem.ro\/index.php?rest_route=%2Fwp%2Fv2%2Fproduct_brand&post=148"},{"taxonomy":"product_cat","embeddable":true,"href":"https:\/\/vivasem.ro\/index.php?rest_route=%2Fwp%2Fv2%2Fproduct_cat&post=148"},{"taxonomy":"product_tag","embeddable":true,"href":"https:\/\/vivasem.ro\/index.php?rest_route=%2Fwp%2Fv2%2Fproduct_tag&post=148"}],"curies":[{"name":"wp","href":"https:\/\/api.w.org\/{rel}","templated":true}]}}