{"id":14771,"date":"2024-11-29T18:57:07","date_gmt":"2024-11-29T16:57:07","guid":{"rendered":"https:\/\/vivasem.ro\/?post_type=product&#038;p=14771"},"modified":"2025-12-19T17:58:07","modified_gmt":"2025-12-19T15:58:07","slug":"castraveti-hibrid-georg-f1","status":"publish","type":"product","link":"https:\/\/vivasem.ro\/?product=castraveti-hibrid-georg-f1","title":{"rendered":"_CASTRAVETI  GEORG F1 (ENZA ZADEN)"},"content":{"rendered":"<h6><span style=\"color: #ff0000;\">CASTRAVETI GEORG F1\u00a0 \u00a0 \u00a0<\/span><span style=\"color: #ff0000;\">-Produc\u0103tor semin\u021be :ENZA ZADEN Olanda,<img loading=\"lazy\" decoding=\"async\" class=\"alignnone wp-image-14747\" src=\"https:\/\/vivasem.ro\/wp-content\/uploads\/2022\/11\/ENZA-Zaden.jpg\" alt=\"\" width=\"91\" height=\"113\" srcset=\"https:\/\/vivasem.ro\/wp-content\/uploads\/2022\/11\/ENZA-Zaden.jpg 234w, https:\/\/vivasem.ro\/wp-content\/uploads\/2022\/11\/ENZA-Zaden-121x150.jpg 121w\" sizes=\"auto, (max-width: 91px) 100vw, 91px\" \/><\/span><\/h6>\n<p>&nbsp;<\/p>\n<p>https:\/\/agrointel.ro\/332152\/care-sunt-cei-mai-performanti-hibrizi-de-castraveti-pentru-cultura-de-solar<\/p>\n<h6><span style=\"color: #000080;\">Hibrid de castrave\u021bi cornichon partenocarpic, deosebit\u00a0de productiv, \u00a0<span style=\"font-size: 1.1em; font-weight: bold; color: #ff0000;\">recomandat cultiv\u0103rii pe tot parcursul anului,\u00een 1 sau\u00a0 2 cicluri, dar se remarc\u0103 cu\u00a0 rezultate foarte bune \u0219i \u00een timpul verii, c\u00e2nd al\u021bi hibrizi stagneaz\u0103.<\/span><\/span><\/h6>\n<h6><span style=\"color: #000080;\">Plantele sunt viguroase \u0219i foarte productive cu port semi-deschis. <\/span><\/h6>\n<h6><span style=\"color: #000080;\">Formeaz\u0103 l\u0103stari laterali, iar pe axil\u0103 sunt prezente 3-4 fructe. <\/span><\/h6>\n<h6><span style=\"color: #000080;\">Fructele sunt uniforme de culoare verde \u00eenchis cu \u021bepi proeminen\u021bi av\u00e2nd un aspect comercial foarte pl\u0103cut, cu lungime de 12-14 cm,.<\/span><\/h6>\n<h6><span style=\"color: #000080;\">Recomandat pentru consum \u00een stare proasp\u0103t\u0103 sau pentru procesare\/murare.<\/span><\/h6>\n<h6><span style=\"color: #000080;\">Se poate cultiva \u00een solarii , dar \u0219i \u00een c\u00e2mp deschis.<\/span><\/h6>\n<h6><span style=\"color: #000080;\">Prezint\u0103 rezisten\u021b\u0103 \u00eenalt\u0103 la:<\/span><\/h6>\n<h6><span style=\"color: #000080;\">Ccu<\/span><\/h6>\n<h6><span style=\"color: #000080;\">Rezisten\u021b\u0103 intermediar\u0103 la:\u00a0<\/span><\/h6>\n<h6><span style=\"color: #000080;\">\u00a0 -CMV=Virusul mozaicului castravetilor<\/span><\/h6>\n<h6><span style=\"color: #000080;\">-CVYV=Virusul \u00eeng\u0103lbenirii castrave\u021bilor<\/span><\/h6>\n<h6><span style=\"color: #000080;\">&#8211; Px=F\u0103inarea cucurbitaceelor (Podosphaera xanthii)<\/span><\/h6>\n<h6><span style=\"color: #000080;\">CYSDV-Virusul galben al castravetilor Cucurbit yellow stunting disorder virus<\/span><\/h6>\n<h6><span style=\"color: #000080;\">CGMMV=VIRUSUL Cucumber green mottle mosaic virus<\/span><\/h6>\n<h6><span style=\"color: #000080;\">WMV<\/span><\/h6>\n<h6><span style=\"color: #000080;\">Perioada de vegetatie semi-timpurie, 60 zile (de la germinare)<\/span><\/h6>\n<h6><\/h6>\n<h6><span style=\"color: #000080;\">.<\/span><\/h6>\n<p>&nbsp;<\/p>\n","protected":false},"excerpt":{"rendered":"<h6><span style=\"color: #ff00ff;\">FOARTE\u00a0 PRODUCTIV \u00ceN SEZONUL DE VAR\u0102<\/span><span style=\"color: #ff00ff;\">!<\/span><\/h6>\n<h6><\/h6>\n","protected":false},"featured_media":14793,"comment_status":"open","ping_status":"closed","template":"","meta":{"site-sidebar-layout":"default","site-content-layout":"default","ast-site-content-layout":"default","site-content-style":"default","site-sidebar-style":"default","ast-global-header-display":"","ast-banner-title-visibility":"","ast-main-header-display":"","ast-hfb-above-header-display":"","ast-hfb-below-header-display":"","ast-hfb-mobile-header-display":"","site-post-title":"","ast-breadcrumbs-content":"","ast-featured-img":"","footer-sml-layout":"","ast-disable-related-posts":"","theme-transparent-header-meta":"default","adv-header-id-meta":"","stick-header-meta":"","header-above-stick-meta":"","header-main-stick-meta":"","header-below-stick-meta":"","astra-migrate-meta-layouts":"set","ast-page-background-enabled":"default","ast-page-background-meta":{"desktop":{"background-color":"var(--ast-global-color-4)","background-image":"","background-repeat":"repeat","background-position":"center center","background-size":"auto","background-attachment":"scroll","background-type":"","background-media":"","overlay-type":"","overlay-color":"","overlay-opacity":"","overlay-gradient":""},"tablet":{"background-color":"","background-image":"","background-repeat":"repeat","background-position":"center center","background-size":"auto","background-attachment":"scroll","background-type":"","background-media":"","overlay-type":"","overlay-color":"","overlay-opacity":"","overlay-gradient":""},"mobile":{"background-color":"","background-image":"","background-repeat":"repeat","background-position":"center center","background-size":"auto","background-attachment":"scroll","background-type":"","background-media":"","overlay-type":"","overlay-color":"","overlay-opacity":"","overlay-gradient":""}},"ast-content-background-meta":{"desktop":{"background-color":"var(--ast-global-color-5)","background-image":"","background-repeat":"repeat","background-position":"center center","background-size":"auto","background-attachment":"scroll","background-type":"","background-media":"","overlay-type":"","overlay-color":"","overlay-opacity":"","overlay-gradient":""},"tablet":{"background-color":"var(--ast-global-color-5)","background-image":"","background-repeat":"repeat","background-position":"center center","background-size":"auto","background-attachment":"scroll","background-type":"","background-media":"","overlay-type":"","overlay-color":"","overlay-opacity":"","overlay-gradient":""},"mobile":{"background-color":"var(--ast-global-color-5)","background-image":"","background-repeat":"repeat","background-position":"center center","background-size":"auto","background-attachment":"scroll","background-type":"","background-media":"","overlay-type":"","overlay-color":"","overlay-opacity":"","overlay-gradient":""}}},"product_brand":[],"product_cat":[83],"product_tag":[],"class_list":{"0":"post-14771","1":"product","2":"type-product","3":"status-publish","4":"has-post-thumbnail","6":"product_cat-castraveti-hibrid","7":"pa_cantitate-10-seminte","8":"pa_cantitate-100-seminte","9":"pa_cantitate-200-seminte","10":"pa_cantitate-25-seminte","11":"pa_cantitate-250-seminte","12":"pa_cantitate-5-seminte","13":"pa_cantitate-50-seminte","14":"pa_cantitate-500-seminte","15":"desktop-align-left","16":"tablet-align-left","17":"mobile-align-left","19":"first","20":"instock","21":"sale","22":"taxable","23":"shipping-taxable","24":"purchasable","25":"product-type-variable"},"_links":{"self":[{"href":"https:\/\/vivasem.ro\/index.php?rest_route=\/wp\/v2\/product\/14771","targetHints":{"allow":["GET"]}}],"collection":[{"href":"https:\/\/vivasem.ro\/index.php?rest_route=\/wp\/v2\/product"}],"about":[{"href":"https:\/\/vivasem.ro\/index.php?rest_route=\/wp\/v2\/types\/product"}],"replies":[{"embeddable":true,"href":"https:\/\/vivasem.ro\/index.php?rest_route=%2Fwp%2Fv2%2Fcomments&post=14771"}],"wp:featuredmedia":[{"embeddable":true,"href":"https:\/\/vivasem.ro\/index.php?rest_route=\/wp\/v2\/media\/14793"}],"wp:attachment":[{"href":"https:\/\/vivasem.ro\/index.php?rest_route=%2Fwp%2Fv2%2Fmedia&parent=14771"}],"wp:term":[{"taxonomy":"product_brand","embeddable":true,"href":"https:\/\/vivasem.ro\/index.php?rest_route=%2Fwp%2Fv2%2Fproduct_brand&post=14771"},{"taxonomy":"product_cat","embeddable":true,"href":"https:\/\/vivasem.ro\/index.php?rest_route=%2Fwp%2Fv2%2Fproduct_cat&post=14771"},{"taxonomy":"product_tag","embeddable":true,"href":"https:\/\/vivasem.ro\/index.php?rest_route=%2Fwp%2Fv2%2Fproduct_tag&post=14771"}],"curies":[{"name":"wp","href":"https:\/\/api.w.org\/{rel}","templated":true}]}}