{"id":14713,"date":"2024-11-29T08:01:59","date_gmt":"2024-11-29T06:01:59","guid":{"rendered":"https:\/\/vivasem.ro\/?post_type=product&#038;p=14713"},"modified":"2025-02-15T19:39:03","modified_gmt":"2025-02-15T17:39:03","slug":"crovarese","status":"publish","type":"product","link":"https:\/\/vivasem.ro\/?product=crovarese","title":{"rendered":"_CROVARESE  (4g)"},"content":{"rendered":"<h6 class=\"page-title\"><span style=\"color: #ff0000;\">CROVARESE, \u00a0\u00a0 \u00a0\u00a0 \u00a0\u00a0 \u00a0\u00a0 \u00a0<a href=\"https:\/\/vivasem.ro\/wp-content\/uploads\/2022\/12\/LA-SEMIORTO-2.jpg\"><img loading=\"lazy\" decoding=\"async\" class=\"alignnone size-medium wp-image-8634\" src=\"https:\/\/vivasem.ro\/wp-content\/uploads\/2022\/12\/LA-SEMIORTO-2-300x83.jpg\" alt=\"\" width=\"300\" height=\"83\" srcset=\"https:\/\/vivasem.ro\/wp-content\/uploads\/2022\/12\/LA-SEMIORTO-2-300x83.jpg 300w, https:\/\/vivasem.ro\/wp-content\/uploads\/2022\/12\/LA-SEMIORTO-2-248x69.jpg 248w, https:\/\/vivasem.ro\/wp-content\/uploads\/2022\/12\/LA-SEMIORTO-2.jpg 523w\" sizes=\"auto, (max-width: 300px) 100vw, 300px\" \/><\/a><\/span><\/h6>\n<h6 class=\"page-title\"><span style=\"color: #ff0000;\">-Produc\u0103tor :La Semiorto Sementi ITALIA\u00a0 \u00a0 \u00a0 \u00a0 \u00a0 \u00a0<\/span><\/h6>\n<h6 class=\"page-title\"><span style=\"color: #ff0000;\"> \u00a0 \u00a0 \u00a0 \u00a0 \u00a0 \u00a0 \u00a0 \u00a0 \u00a0 \u00a0 \u00a0 \u00a0 \u00a0 \u00a0 \u00a0 \u00a0 \u00a0 \u00a0 \u00a0 \u00a0 \u00a0 \u00a0<\/span><\/h6>\n<h6 class=\"page-title\"><span style=\"color: #000080;\">Soiul Crovarese este foarte popular \u00een Italia, datorita gustului excep\u021bional, foarte dulce, dat de con\u021binutul mare de zaharuri, fiind folosit cu succes la ob\u021binerea de ro\u0219ii uscate, prin deshidratare.<\/span><\/h6>\n<h6 class=\"page-title\"><span style=\"color: #ff0000;\">Plantele nedeterminate, foarte timpurii, formeaz\u0103 \u00a0ciorchini boga\u021bi , cu mai multe ramnifica\u021bii, ce ajung \u0219i la peste 30 de fructe\/ ciorchine. <\/span><\/h6>\n<h6 class=\"page-title\"><span style=\"color: #ff0000;\">Fructele au\u00a0 20-25 grame, sunt \u00een form\u0103 de pruni\u0219oar\u0103, de culoare ro\u0219ie -intens\u0103, cu coaja sub\u021bire .<\/span><\/h6>\n<h6 class=\"page-title\"><span style=\"color: #000080;\">Pe l\u00e2ng\u0103 deshidratare, sunt excelente de consum in stare proaspat\u0103., dar \u0219i pentru procesare .<\/span><\/h6>\n<h6 class=\"page-title\"><span style=\"color: #000080;\">In Italia , rosiile din soiul Crovarese , datorita maturita\u021bii timpurii \u0219i rezisten\u021bei excelente la temperaturi sc\u0103zute, sunt cultivate pentru recoltele tarzii, foarte aproape de iarn\u0103, cu rezultate foarte bune chiar \u0219i \u00een zonele de munte.<\/span><\/h6>\n<h6><span style=\"color: #000080;\">Soi recomandat produc\u021biilor din gr\u0103dini,sere si solarii.\u00a0<\/span><\/h6>\n<h6><\/h6>\n","protected":false},"excerpt":{"rendered":"<h6><span style=\"color: #0000ff;\">4 grame\/1200 SEMIN\u021aE<\/span><\/h6>\n<h6><span style=\"color: #ff00ff;\">SOI FOARTE DULCE \u0218I GUSTOS, BUN PENTRU DESHIDRATARE!<\/span><\/h6>\n<h6><\/h6>\n","protected":false},"featured_media":14714,"comment_status":"open","ping_status":"closed","template":"","meta":{"site-sidebar-layout":"default","site-content-layout":"default","ast-site-content-layout":"default","site-content-style":"default","site-sidebar-style":"default","ast-global-header-display":"","ast-banner-title-visibility":"","ast-main-header-display":"","ast-hfb-above-header-display":"","ast-hfb-below-header-display":"","ast-hfb-mobile-header-display":"","site-post-title":"","ast-breadcrumbs-content":"","ast-featured-img":"","footer-sml-layout":"","ast-disable-related-posts":"","theme-transparent-header-meta":"default","adv-header-id-meta":"","stick-header-meta":"","header-above-stick-meta":"","header-main-stick-meta":"","header-below-stick-meta":"","astra-migrate-meta-layouts":"set","ast-page-background-enabled":"default","ast-page-background-meta":{"desktop":{"background-color":"var(--ast-global-color-4)","background-image":"","background-repeat":"repeat","background-position":"center center","background-size":"auto","background-attachment":"scroll","background-type":"","background-media":"","overlay-type":"","overlay-color":"","overlay-opacity":"","overlay-gradient":""},"tablet":{"background-color":"","background-image":"","background-repeat":"repeat","background-position":"center center","background-size":"auto","background-attachment":"scroll","background-type":"","background-media":"","overlay-type":"","overlay-color":"","overlay-opacity":"","overlay-gradient":""},"mobile":{"background-color":"","background-image":"","background-repeat":"repeat","background-position":"center center","background-size":"auto","background-attachment":"scroll","background-type":"","background-media":"","overlay-type":"","overlay-color":"","overlay-opacity":"","overlay-gradient":""}},"ast-content-background-meta":{"desktop":{"background-color":"var(--ast-global-color-5)","background-image":"","background-repeat":"repeat","background-position":"center center","background-size":"auto","background-attachment":"scroll","background-type":"","background-media":"","overlay-type":"","overlay-color":"","overlay-opacity":"","overlay-gradient":""},"tablet":{"background-color":"var(--ast-global-color-5)","background-image":"","background-repeat":"repeat","background-position":"center center","background-size":"auto","background-attachment":"scroll","background-type":"","background-media":"","overlay-type":"","overlay-color":"","overlay-opacity":"","overlay-gradient":""},"mobile":{"background-color":"var(--ast-global-color-5)","background-image":"","background-repeat":"repeat","background-position":"center center","background-size":"auto","background-attachment":"scroll","background-type":"","background-media":"","overlay-type":"","overlay-color":"","overlay-opacity":"","overlay-gradient":""}}},"product_brand":[],"product_cat":[180,143,151,142,15],"product_tag":[],"class_list":{"0":"post-14713","1":"product","2":"type-product","3":"status-publish","4":"has-post-thumbnail","6":"product_cat-oferte-de-pret-cantitate","7":"product_cat-soiuri-timpurii-cherry","8":"product_cat-soiuri-italiene","9":"product_cat-soiuri-rosii-roz","10":"product_cat-tomate-soi","11":"desktop-align-left","12":"tablet-align-left","13":"mobile-align-left","15":"first","16":"outofstock","17":"taxable","18":"shipping-taxable","19":"purchasable","20":"product-type-simple"},"_links":{"self":[{"href":"https:\/\/vivasem.ro\/index.php?rest_route=\/wp\/v2\/product\/14713","targetHints":{"allow":["GET"]}}],"collection":[{"href":"https:\/\/vivasem.ro\/index.php?rest_route=\/wp\/v2\/product"}],"about":[{"href":"https:\/\/vivasem.ro\/index.php?rest_route=\/wp\/v2\/types\/product"}],"replies":[{"embeddable":true,"href":"https:\/\/vivasem.ro\/index.php?rest_route=%2Fwp%2Fv2%2Fcomments&post=14713"}],"wp:featuredmedia":[{"embeddable":true,"href":"https:\/\/vivasem.ro\/index.php?rest_route=\/wp\/v2\/media\/14714"}],"wp:attachment":[{"href":"https:\/\/vivasem.ro\/index.php?rest_route=%2Fwp%2Fv2%2Fmedia&parent=14713"}],"wp:term":[{"taxonomy":"product_brand","embeddable":true,"href":"https:\/\/vivasem.ro\/index.php?rest_route=%2Fwp%2Fv2%2Fproduct_brand&post=14713"},{"taxonomy":"product_cat","embeddable":true,"href":"https:\/\/vivasem.ro\/index.php?rest_route=%2Fwp%2Fv2%2Fproduct_cat&post=14713"},{"taxonomy":"product_tag","embeddable":true,"href":"https:\/\/vivasem.ro\/index.php?rest_route=%2Fwp%2Fv2%2Fproduct_tag&post=14713"}],"curies":[{"name":"wp","href":"https:\/\/api.w.org\/{rel}","templated":true}]}}