{"id":14685,"date":"2024-11-29T06:57:32","date_gmt":"2024-11-29T04:57:32","guid":{"rendered":"https:\/\/vivasem.ro\/?post_type=product&#038;p=14685"},"modified":"2026-01-04T18:21:28","modified_gmt":"2026-01-04T16:21:28","slug":"varza-platoon-f1-pentru-murat","status":"publish","type":"product","link":"https:\/\/vivasem.ro\/?product=varza-platoon-f1-pentru-murat","title":{"rendered":"\u201e\u201eVARZ\u0102 HIBRID PLATOON F1 (PENTRU MURAT)"},"content":{"rendered":"<h6 style=\"text-align: left;\"><span style=\"color: #ff0000;\"><u>VARZ\u0102 PLATOON F1 ,<\/u><\/span><\/h6>\n<h6 style=\"text-align: left;\"><span style=\"color: #ff0000;\"><u>Produs \u0219i ambalat de: <\/u><\/span>NONGWOO BIO -Coreea de Sud\u00a0 \u00a0 \u00a0 \u00a0 \u00a0 \u00a0 \u00a0 \u00a0 \u00a0 \u00a0 \u00a0 \u00a0 \u00a0 \u00a0 \u00a0 \u00a0 \u00a0 \u00a0 \u00a0 \u00a0 \u00a0 \u00a0 \u00a0 \u00a0 \u00a0 \u00a0 \u00a0 \u00a0 \u00a0 \u00a0 \u00a0 \u00a0 \u00a0 \u00a0 \u00a0 \u00a0 \u00a0 <span style=\"color: #ff0000;\"><u><a href=\"https:\/\/vivasem.ro\/wp-content\/uploads\/2022\/12\/NOONGWOO-BIO.jpg\"><img loading=\"lazy\" decoding=\"async\" class=\"alignnone size-medium wp-image-8500\" src=\"https:\/\/vivasem.ro\/wp-content\/uploads\/2022\/12\/NOONGWOO-BIO-300x56.jpg\" alt=\"\" width=\"300\" height=\"56\" srcset=\"https:\/\/vivasem.ro\/wp-content\/uploads\/2022\/12\/NOONGWOO-BIO-300x56.jpg 300w, https:\/\/vivasem.ro\/wp-content\/uploads\/2022\/12\/NOONGWOO-BIO-248x46.jpg 248w, https:\/\/vivasem.ro\/wp-content\/uploads\/2022\/12\/NOONGWOO-BIO.jpg 545w\" sizes=\"auto, (max-width: 300px) 100vw, 300px\" \/><\/a><\/u><\/span><\/h6>\n<h6><\/h6>\n<div class=\"ast-oembed-container \" style=\"height: 100%;\"><iframe loading=\"lazy\" title=\"Varza Platoon F1\" width=\"422\" height=\"750\" src=\"https:\/\/www.youtube.com\/embed\/L4fhjAtazYE?feature=oembed\" frameborder=\"0\" allow=\"accelerometer; autoplay; clipboard-write; encrypted-media; gyroscope; picture-in-picture; web-share\" referrerpolicy=\"strict-origin-when-cross-origin\" allowfullscreen><\/iframe><\/div>\n<h6 style=\"text-align: left;\"><span style=\"color: #003366;\"><b>Platoon F1<\/b> este un hibrid profesional de varz\u0103 alb\u0103, cu forma plat\u0103.<\/span><\/h6>\n<h6 style=\"text-align: left;\"><span style=\"color: #003366;\">Este un hibrid excelent pentru murare sau consum in stare proaspata in condi\u021biile recoltarii in perioada de maturitate a hibridului. <\/span><\/h6>\n<h6 style=\"text-align: left;\"><span style=\"color: #003366;\"><strong>Varza <\/strong><b>Platoon F1<\/b> este caracterizat\u0103 prin uniformitate bun\u0103 si c\u0103p\u0103\u021b\u00e2ni cu structura intern\u0103 bun\u0103, ce se formeaza rapid \u0219i prezinta toleran\u021b\u0103 la umiditate. <\/span><\/h6>\n<h6 style=\"text-align: left;\"><span style=\"color: #003366;\">Perioada de vegeta\u021bie a hibridului de <strong>varz\u0103 <\/strong><b>Platoon F1<\/b> este de 80 &#8211; 85 de zile de la transplantare. <\/span><\/h6>\n<h6 style=\"text-align: left;\"><span style=\"color: #ff0000;\">Fiind special\u0103 pentru murare si sarmale, varza Platoon are frunze sub\u021biri, este af\u00e2nat\u0103, cu o structura intern\u0103 bun\u0103, si un cotor mic, ideal\u0103 pentru murare. <\/span><\/h6>\n<h6 style=\"text-align: left;\"><span style=\"color: #003366;\">Testat\u0103 \u00een Rom\u00e2nia, rezistenta la Fusarium a fost mult mai buna, comparativ cu hibrizii concuren\u021bi.<\/span><\/h6>\n<h6 style=\"text-align: left;\"><span style=\"color: #003366;\"> Se recomanda a se recolta in termen, a nu se pastra varza pe c\u00e2mp dupa trecerea perioadei de maturitate, la 80-85 de zile de la transplantare.<\/span><\/h6>\n<h6><span style=\"color: #333399;\">Prezint\u0103 rezisten\u021b\u0103 la urm\u0103toarele boli:\u00a0<\/span><\/h6>\n<ul>\n<li>\n<h6><span style=\"color: #333399;\">Foc &#8211; Fusarium<\/span><\/h6>\n<\/li>\n<li>\n<h6><span style=\"color: #333399;\">Xcc &#8211; Xanthomonas campestris pv.<\/span><\/h6>\n<\/li>\n<\/ul>\n<h6><\/h6>\n<p>&nbsp;<\/p>\n","protected":false},"excerpt":{"rendered":"<h6><span style=\"color: #0000ff;\">1000 semin\u021be<\/span><\/h6>\n<h6><span style=\"color: #ff00ff;\">EXTRATIMPURIU, <\/span><span style=\"color: #ff00ff;\">FOARTE\u00a0 PRODUCTIV !<\/span><\/h6>\n<p>&nbsp;<\/p>\n<p>&nbsp;<\/p>\n","protected":false},"featured_media":14697,"comment_status":"open","ping_status":"closed","template":"","meta":{"site-sidebar-layout":"default","site-content-layout":"default","ast-site-content-layout":"default","site-content-style":"default","site-sidebar-style":"default","ast-global-header-display":"","ast-banner-title-visibility":"","ast-main-header-display":"","ast-hfb-above-header-display":"","ast-hfb-below-header-display":"","ast-hfb-mobile-header-display":"","site-post-title":"","ast-breadcrumbs-content":"","ast-featured-img":"","footer-sml-layout":"","ast-disable-related-posts":"","theme-transparent-header-meta":"default","adv-header-id-meta":"","stick-header-meta":"","header-above-stick-meta":"","header-main-stick-meta":"","header-below-stick-meta":"","astra-migrate-meta-layouts":"set","ast-page-background-enabled":"default","ast-page-background-meta":{"desktop":{"background-color":"var(--ast-global-color-4)","background-image":"","background-repeat":"repeat","background-position":"center center","background-size":"auto","background-attachment":"scroll","background-type":"","background-media":"","overlay-type":"","overlay-color":"","overlay-opacity":"","overlay-gradient":""},"tablet":{"background-color":"","background-image":"","background-repeat":"repeat","background-position":"center center","background-size":"auto","background-attachment":"scroll","background-type":"","background-media":"","overlay-type":"","overlay-color":"","overlay-opacity":"","overlay-gradient":""},"mobile":{"background-color":"","background-image":"","background-repeat":"repeat","background-position":"center center","background-size":"auto","background-attachment":"scroll","background-type":"","background-media":"","overlay-type":"","overlay-color":"","overlay-opacity":"","overlay-gradient":""}},"ast-content-background-meta":{"desktop":{"background-color":"var(--ast-global-color-5)","background-image":"","background-repeat":"repeat","background-position":"center center","background-size":"auto","background-attachment":"scroll","background-type":"","background-media":"","overlay-type":"","overlay-color":"","overlay-opacity":"","overlay-gradient":""},"tablet":{"background-color":"var(--ast-global-color-5)","background-image":"","background-repeat":"repeat","background-position":"center center","background-size":"auto","background-attachment":"scroll","background-type":"","background-media":"","overlay-type":"","overlay-color":"","overlay-opacity":"","overlay-gradient":""},"mobile":{"background-color":"var(--ast-global-color-5)","background-image":"","background-repeat":"repeat","background-position":"center center","background-size":"auto","background-attachment":"scroll","background-type":"","background-media":"","overlay-type":"","overlay-color":"","overlay-opacity":"","overlay-gradient":""}}},"product_brand":[],"product_cat":[148],"product_tag":[],"class_list":{"0":"post-14685","1":"product","2":"type-product","3":"status-publish","4":"has-post-thumbnail","6":"product_cat-10-varza-varza-kale","7":"pa_cantitate-10-seminte","8":"pa_cantitate-100-seminte","9":"pa_cantitate-200-seminte","10":"pa_cantitate-25-seminte","11":"pa_cantitate-250-seminte","12":"pa_cantitate-5-seminte","13":"pa_cantitate-50-seminte","14":"pa_cantitate-500-seminte","15":"desktop-align-left","16":"tablet-align-left","17":"mobile-align-left","19":"first","20":"outofstock","21":"taxable","22":"shipping-taxable","23":"purchasable","24":"product-type-simple"},"_links":{"self":[{"href":"https:\/\/vivasem.ro\/index.php?rest_route=\/wp\/v2\/product\/14685","targetHints":{"allow":["GET"]}}],"collection":[{"href":"https:\/\/vivasem.ro\/index.php?rest_route=\/wp\/v2\/product"}],"about":[{"href":"https:\/\/vivasem.ro\/index.php?rest_route=\/wp\/v2\/types\/product"}],"replies":[{"embeddable":true,"href":"https:\/\/vivasem.ro\/index.php?rest_route=%2Fwp%2Fv2%2Fcomments&post=14685"}],"wp:featuredmedia":[{"embeddable":true,"href":"https:\/\/vivasem.ro\/index.php?rest_route=\/wp\/v2\/media\/14697"}],"wp:attachment":[{"href":"https:\/\/vivasem.ro\/index.php?rest_route=%2Fwp%2Fv2%2Fmedia&parent=14685"}],"wp:term":[{"taxonomy":"product_brand","embeddable":true,"href":"https:\/\/vivasem.ro\/index.php?rest_route=%2Fwp%2Fv2%2Fproduct_brand&post=14685"},{"taxonomy":"product_cat","embeddable":true,"href":"https:\/\/vivasem.ro\/index.php?rest_route=%2Fwp%2Fv2%2Fproduct_cat&post=14685"},{"taxonomy":"product_tag","embeddable":true,"href":"https:\/\/vivasem.ro\/index.php?rest_route=%2Fwp%2Fv2%2Fproduct_tag&post=14685"}],"curies":[{"name":"wp","href":"https:\/\/api.w.org\/{rel}","templated":true}]}}