{"id":14584,"date":"2024-11-28T18:05:36","date_gmt":"2024-11-28T16:05:36","guid":{"rendered":"https:\/\/vivasem.ro\/?post_type=product&#038;p=14584"},"modified":"2024-11-28T20:03:47","modified_gmt":"2024-11-28T18:03:47","slug":"tygo-f1-nongwoo-bio","status":"publish","type":"product","link":"https:\/\/vivasem.ro\/?product=tygo-f1-nongwoo-bio","title":{"rendered":"TYGO F1- NONGWOO BIO"},"content":{"rendered":"<h6 style=\"text-align: left;\"><span style=\"color: #ff0000;\"><u>TOMATE HIBRID TYGO F1 ,<\/u><\/span><\/h6>\n<h6 style=\"text-align: left;\"><span style=\"color: #ff0000;\">-Produc\u0103tor : NONGWOO BIO -Korea de Sud\u00a0 \u00a0 \u00a0 \u00a0 \u00a0<u><a href=\"https:\/\/vivasem.ro\/wp-content\/uploads\/2022\/12\/NOONGWOO-BIO.jpg\"><img loading=\"lazy\" decoding=\"async\" class=\"alignnone size-medium wp-image-8500\" src=\"https:\/\/vivasem.ro\/wp-content\/uploads\/2022\/12\/NOONGWOO-BIO-300x56.jpg\" alt=\"\" width=\"300\" height=\"56\" srcset=\"https:\/\/vivasem.ro\/wp-content\/uploads\/2022\/12\/NOONGWOO-BIO-300x56.jpg 300w, https:\/\/vivasem.ro\/wp-content\/uploads\/2022\/12\/NOONGWOO-BIO-248x46.jpg 248w, https:\/\/vivasem.ro\/wp-content\/uploads\/2022\/12\/NOONGWOO-BIO.jpg 545w\" sizes=\"auto, (max-width: 300px) 100vw, 300px\" \/><\/a><\/u><\/span><\/h6>\n<div class=\"ast-oembed-container \" style=\"height: 100%;\"><iframe loading=\"lazy\" title=\"\u0422\u043e\u043c\u0430\u0442 \u0422\u0438\u0433\u043e F1\" width=\"500\" height=\"281\" src=\"https:\/\/www.youtube.com\/embed\/5N560r0qqx8?feature=oembed\" frameborder=\"0\" allow=\"accelerometer; autoplay; clipboard-write; encrypted-media; gyroscope; picture-in-picture; web-share\" referrerpolicy=\"strict-origin-when-cross-origin\" allowfullscreen><\/iframe><\/div>\n<p>TYGO F1<\/p>\n<div class=\"ast-oembed-container \" style=\"height: 100%;\"><iframe loading=\"lazy\" title=\"Vizit\u0103 la Ferma de Legume din Aduna\u021bii-Cop\u0103ceni, Iunie 2024\" width=\"500\" height=\"281\" src=\"https:\/\/www.youtube.com\/embed\/rYo2s7nvhG4?feature=oembed\" frameborder=\"0\" allow=\"accelerometer; autoplay; clipboard-write; encrypted-media; gyroscope; picture-in-picture; web-share\" referrerpolicy=\"strict-origin-when-cross-origin\" allowfullscreen><\/iframe><\/div>\n<p>PREZENTARE\u00a0 Tygo F1 IN PRIMA PARTE A CLIPULUI.<\/p>\n<h6 style=\"text-align: left;\"><span style=\"color: #003366;\"><strong>Tygo F1<\/strong> este un hibrid determinat , dar \u00een solar poate fi utilizat \u0219i ca un semideterminat, de ciclu 1 sau 2.<\/span><\/h6>\n<h6 style=\"text-align: left;\"><span style=\"color: #003366;\">Fructele sunt lungi, ovale, cu \u00a0gust excelent, cu un pachet foarte bun de rezisten\u021be \u0219i cu o toleran\u021b\u0103 deosebit\u0103 la condi\u021biile din c\u00e2mp.\u00a0<\/span><\/h6>\n<h6 style=\"text-align: left;\"><span style=\"color: #ff0000;\">De m\u0103rime mare pentru acest tip de fructe, cu greutate medie cuprins\u0103 \u00eentre 160 &#8211; 180 de grame \u0219i prezint\u0103 o fermitate bun\u0103 ,caracteristic\u0103 ce permite transportul \u0219i p\u0103strarea \u00een bune condi\u021bii .<\/span><\/h6>\n<h6><span style=\"color: #ff0000;\">Gustul este foarte bun, dulce.<\/span><\/h6>\n<h6 style=\"text-align: left;\"><span style=\"color: #003366;\">Fructele sunt de culoare\u00a0 ro\u0219ie-aprins\u0103, cu un aspect comercial excelent.<\/span><\/h6>\n<h6><span style=\"color: #003366;\"><strong>Rosiile Tygo F1<\/strong> sunt destinate cultivarii \u00een c\u00e2mp deschis, dar poate fi cultivat \u0219i \u00een solarii, unde necesit\u0103 sus\u021binere ,vezi videoclipul 2.<\/span><\/h6>\n<h6><span style=\"color: #003366;\">A\u0219ezarea fructelor pe plant\u0103 este concentrat\u0103 iar acoperirea fructelor cu foliajul plantei este una excelent\u0103.\u00a0<\/span><\/h6>\n<h6><span style=\"color: #003366;\">Culoarea este rosie, aprins\u0103 \u0219i maturitatea timpurie.\u00a0<\/span><\/h6>\n<h6><span style=\"color: #003366;\">Hibridul este unul de tip &#8222;saladette&#8221;. Tipul de tomate &#8222;saladette&#8221; este recunoscut pentru pretabilitatea tomatelor pentru salate, salsa sau sucuri de ro\u0219ii.\u00a0<\/span><\/h6>\n<h6><span style=\"color: #0000ff;\">Rezisten\u021be ridicate la boli:<\/span><\/h6>\n<ul>\n<li>\n<h6><span style=\"color: #0000ff;\">ToMV &#8211;\u00a0Virusul mozaicul tomatelor;<\/span><\/h6>\n<\/li>\n<li>\n<h6><span style=\"color: #0000ff;\">Fol:1,2 &#8211; Fuzarioza;<\/span><\/h6>\n<\/li>\n<li>\n<h6><span style=\"color: #0000ff;\">Vd &#8211; Verticilioza &#8211; Verticilium dahliae;<\/span><\/h6>\n<h6><span style=\"color: #0000ff;\">Rezisten\u021be intermediare la boli:<\/span><\/h6>\n<\/li>\n<li>\n<h6><span style=\"color: #0000ff;\">TYLCV &#8211; Virusul incretirii gabene a frunzelor de tomate;<\/span><\/h6>\n<\/li>\n<li>\n<h6><span style=\"color: #0000ff;\">TSWV -Virusul petelor de bronz la tomate<\/span><\/h6>\n<\/li>\n<li>\n<h6><span style=\"color: #0000ff;\">Ma, Mi, Mj &#8211; Nematozi.<\/span><\/h6>\n<\/li>\n<\/ul>\n<h6><\/h6>\n","protected":false},"excerpt":{"rendered":"<h6><span style=\"color: #ff00ff;\">HIBRID DETERMINAT,REZISTENT \u0218I GUSTOS<\/span><span style=\"color: #ff00ff;\">\u00a0!<\/span><\/h6>\n<h6><span style=\"color: #ff00ff;\">Vezi videoclip !<\/span><\/h6>\n","protected":false},"featured_media":14610,"comment_status":"open","ping_status":"closed","template":"","meta":{"site-sidebar-layout":"default","site-content-layout":"default","ast-site-content-layout":"default","site-content-style":"default","site-sidebar-style":"default","ast-global-header-display":"","ast-banner-title-visibility":"","ast-main-header-display":"","ast-hfb-above-header-display":"","ast-hfb-below-header-display":"","ast-hfb-mobile-header-display":"","site-post-title":"","ast-breadcrumbs-content":"","ast-featured-img":"","footer-sml-layout":"","ast-disable-related-posts":"","theme-transparent-header-meta":"default","adv-header-id-meta":"","stick-header-meta":"","header-above-stick-meta":"","header-main-stick-meta":"","header-below-stick-meta":"","astra-migrate-meta-layouts":"set","ast-page-background-enabled":"default","ast-page-background-meta":{"desktop":{"background-color":"var(--ast-global-color-4)","background-image":"","background-repeat":"repeat","background-position":"center center","background-size":"auto","background-attachment":"scroll","background-type":"","background-media":"","overlay-type":"","overlay-color":"","overlay-opacity":"","overlay-gradient":""},"tablet":{"background-color":"","background-image":"","background-repeat":"repeat","background-position":"center center","background-size":"auto","background-attachment":"scroll","background-type":"","background-media":"","overlay-type":"","overlay-color":"","overlay-opacity":"","overlay-gradient":""},"mobile":{"background-color":"","background-image":"","background-repeat":"repeat","background-position":"center center","background-size":"auto","background-attachment":"scroll","background-type":"","background-media":"","overlay-type":"","overlay-color":"","overlay-opacity":"","overlay-gradient":""}},"ast-content-background-meta":{"desktop":{"background-color":"var(--ast-global-color-5)","background-image":"","background-repeat":"repeat","background-position":"center center","background-size":"auto","background-attachment":"scroll","background-type":"","background-media":"","overlay-type":"","overlay-color":"","overlay-opacity":"","overlay-gradient":""},"tablet":{"background-color":"var(--ast-global-color-5)","background-image":"","background-repeat":"repeat","background-position":"center center","background-size":"auto","background-attachment":"scroll","background-type":"","background-media":"","overlay-type":"","overlay-color":"","overlay-opacity":"","overlay-gradient":""},"mobile":{"background-color":"var(--ast-global-color-5)","background-image":"","background-repeat":"repeat","background-position":"center center","background-size":"auto","background-attachment":"scroll","background-type":"","background-media":"","overlay-type":"","overlay-color":"","overlay-opacity":"","overlay-gradient":""}}},"product_brand":[],"product_cat":[110,167],"product_tag":[],"class_list":{"0":"post-14584","1":"product","2":"type-product","3":"status-publish","4":"has-post-thumbnail","6":"product_cat-tomate-hibrid","7":"product_cat-tufa","8":"pa_cantitate-10-seminte","9":"pa_cantitate-100-seminte","10":"pa_cantitate-200-seminte","11":"pa_cantitate-25-seminte","12":"pa_cantitate-250-seminte","13":"pa_cantitate-5-seminte","14":"pa_cantitate-50-seminte","15":"pa_cantitate-500-seminte","16":"desktop-align-left","17":"tablet-align-left","18":"mobile-align-left","20":"first","21":"instock","22":"sale","23":"taxable","24":"shipping-taxable","25":"purchasable","26":"product-type-variable"},"_links":{"self":[{"href":"https:\/\/vivasem.ro\/index.php?rest_route=\/wp\/v2\/product\/14584","targetHints":{"allow":["GET"]}}],"collection":[{"href":"https:\/\/vivasem.ro\/index.php?rest_route=\/wp\/v2\/product"}],"about":[{"href":"https:\/\/vivasem.ro\/index.php?rest_route=\/wp\/v2\/types\/product"}],"replies":[{"embeddable":true,"href":"https:\/\/vivasem.ro\/index.php?rest_route=%2Fwp%2Fv2%2Fcomments&post=14584"}],"wp:featuredmedia":[{"embeddable":true,"href":"https:\/\/vivasem.ro\/index.php?rest_route=\/wp\/v2\/media\/14610"}],"wp:attachment":[{"href":"https:\/\/vivasem.ro\/index.php?rest_route=%2Fwp%2Fv2%2Fmedia&parent=14584"}],"wp:term":[{"taxonomy":"product_brand","embeddable":true,"href":"https:\/\/vivasem.ro\/index.php?rest_route=%2Fwp%2Fv2%2Fproduct_brand&post=14584"},{"taxonomy":"product_cat","embeddable":true,"href":"https:\/\/vivasem.ro\/index.php?rest_route=%2Fwp%2Fv2%2Fproduct_cat&post=14584"},{"taxonomy":"product_tag","embeddable":true,"href":"https:\/\/vivasem.ro\/index.php?rest_route=%2Fwp%2Fv2%2Fproduct_tag&post=14584"}],"curies":[{"name":"wp","href":"https:\/\/api.w.org\/{rel}","templated":true}]}}