{"id":14455,"date":"2024-11-24T16:39:35","date_gmt":"2024-11-24T14:39:35","guid":{"rendered":"https:\/\/vivasem.ro\/?post_type=product&#038;p=14455"},"modified":"2024-11-24T17:34:11","modified_gmt":"2024-11-24T15:34:11","slug":"mei-shuai-f1-seminis","status":"publish","type":"product","link":"https:\/\/vivasem.ro\/?product=mei-shuai-f1-seminis","title":{"rendered":"MEI SHUAI F1-Seminis"},"content":{"rendered":"<h6><span style=\"color: #ff0000;\"><strong><u>MEI SHUAI F1,<\/u><\/strong><\/span><\/h6>\n<h6><span style=\"color: #ff0000;\"><strong><u>Produc\u0103tor:SEMINS-BAYER HOLLAND BV ,<\/u><\/strong><\/span>\u00a0 \u00a0 \u00a0 \u00a0 \u00a0 \u00a0 \u00a0 \u00a0 \u00a0 \u00a0 \u00a0 \u00a0 \u00a0 \u00a0 \u00a0 \u00a0 \u00a0 \u00a0 \u00a0 \u00a0 \u00a0 \u00a0 \u00a0 \u00a0 \u00a0 \u00a0 \u00a0 \u00a0 \u00a0 \u00a0<strong style=\"font-style: normal; font-size: 17.6px; color: #ff0000;\"><u><img loading=\"lazy\" decoding=\"async\" class=\"alignnone wp-image-14218\" src=\"https:\/\/vivasem.ro\/wp-content\/uploads\/2023\/11\/SEMINIS-BAYER-300x105.png\" alt=\"\" width=\"186\" height=\"65\" srcset=\"https:\/\/vivasem.ro\/wp-content\/uploads\/2023\/11\/SEMINIS-BAYER-300x105.png 300w, https:\/\/vivasem.ro\/wp-content\/uploads\/2023\/11\/SEMINIS-BAYER-248x87.png 248w, https:\/\/vivasem.ro\/wp-content\/uploads\/2023\/11\/SEMINIS-BAYER-150x53.png 150w, https:\/\/vivasem.ro\/wp-content\/uploads\/2023\/11\/SEMINIS-BAYER.png 376w\" sizes=\"auto, (max-width: 186px) 100vw, 186px\" \/><\/u><\/strong><\/h6>\n<p>https:\/\/www.facebook.com\/watch\/?v=391099726535000<\/p>\n<div class=\"ast-oembed-container \" style=\"height: 100%;\"><iframe loading=\"lazy\" title=\"PINK TOMATO MEI SHUAI F1 SEMINIS GREENHOUSE\" width=\"500\" height=\"281\" src=\"https:\/\/www.youtube.com\/embed\/ie1a-KWAW50?feature=oembed\" frameborder=\"0\" allow=\"accelerometer; autoplay; clipboard-write; encrypted-media; gyroscope; picture-in-picture; web-share\" referrerpolicy=\"strict-origin-when-cross-origin\" allowfullscreen><\/iframe><\/div>\n<h6><span style=\"color: #000080;\">Hibrid timpuriu de tomate cu cre\u0219tere nedeterminat\u0103,cu poten\u021bial ridicat de produc\u021bie.<\/span><\/h6>\n<h6><span style=\"color: #ff0000;\">Fructele sunt mari, uniforme, de culoare roz, au aspect comercial pl\u0103cut \u0219i gust deosebit de bun.<\/span><\/h6>\n<h6><span style=\"color: #ff0000;\">Greutatea medie a fructelor este cuprins\u0103 intre 220-230 g,\u00a0 sunt \u00een numar de 4-5 la fiecare inflorescen\u021b\u0103 \u0219i sunt caracterizate de o fermitate foarte bun\u0103.<\/span><\/h6>\n<h6><span style=\"color: #000080;\">Plantele sunt viguroase \u0219i se remarc\u0103 prin adaptabilitatea foarte bun\u0103 la condi\u021bii variate de cultur\u0103.<\/span><\/h6>\n<h6><span style=\"color: #000080;\">Au o distanta scurt\u0103 \u00eentre internoduri.<\/span><\/h6>\n<h6><span style=\"color: #000080;\">Toleran\u021b\u0103 sporit\u0103 la conditii de temperatura redus\u0103 \u0219i adaptabilitate foarte buna la condi\u021bii variate de cultur\u0103.<\/span><\/h6>\n<h6><span style=\"color: #000080;\">Hibrid recomandat pentru cultura in spa\u021bii protejate, \u00een ciclul I de productie.\u00a0<\/span><\/h6>\n<h6><span style=\"color: #ff0000;\">Prezint\u0103 rezisten\u021b\u0103\u00a0 la urm\u0103toarele boli :<\/span><\/h6>\n<ul>\n<li>\n<h6><span style=\"color: #ff0000;\">ToMV:0-2 &#8211; Tomato Mosaic Virus (Virusul mozaicului tomatelor);<\/span><\/h6>\n<\/li>\n<li>\n<h6><span style=\"color: #ff0000;\">Ff:A-E\/<\/span><\/h6>\n<\/li>\n<li>\n<h6><span style=\"color: #ff0000;\">Fol:0,1 &#8211; Fusarium oxysporum f. sp. Lycopersici (Ofilirea vasculara);<\/span><\/h6>\n<\/li>\n<li>\n<h6><span style=\"color: #ff0000;\">For &#8211; Fusarium oxysporum f. sp. radicis-lycopersici (Ofilirea vasculara de radacina);<\/span><\/h6>\n<\/li>\n<li>\n<h6><span style=\"color: #ff0000;\">Va:0,\u00a0 &#8211; Verticilium dahliae (Uscare vasculara)<\/span><\/h6>\n<\/li>\n<li>\n<h6><span style=\"color: #ff0000;\">Sbl, Sl, Ss &#8211; Stemphylium spp.\/solani (Patarea cenusie a frunzelor de solanacee);<\/span><\/h6>\n<\/li>\n<li>\n<h6><span style=\"color: #ff0000;\">Mi, Ma, Mj &#8211; Meloidogyne arenaria\/incognita\/javanica (Nematozi);<\/span><\/h6>\n<\/li>\n<li>\n<h6><span style=\"color: #ff0000;\">TYLCV &#8211; Virusul rasucirii si ingalbenirii frunzelor<\/span><\/h6>\n<\/li>\n<\/ul>\n<h6><\/h6>\n","protected":false},"excerpt":{"rendered":"<h6><span style=\"color: #ff00ff;\">HIBRID GUSTOS,PRODUCTIV \u0218I REZISTENT <img loading=\"lazy\" decoding=\"async\" class=\"alignnone wp-image-6106 \" src=\"https:\/\/vivasem.ro\/wp-content\/uploads\/2021\/12\/NOU3.jpg\" alt=\"\" width=\"77\" height=\"74\" srcset=\"https:\/\/vivasem.ro\/wp-content\/uploads\/2021\/12\/NOU3.jpg 270w, https:\/\/vivasem.ro\/wp-content\/uploads\/2021\/12\/NOU3-248x241.jpg 248w\" sizes=\"auto, (max-width: 77px) 100vw, 77px\" \/><\/span><\/h6>\n<h6><span style=\"color: #ff00ff;\">VEZI VIDEO\u00a0 !<\/span><\/h6>\n<h6><\/h6>\n","protected":false},"featured_media":14467,"comment_status":"open","ping_status":"closed","template":"","meta":{"site-sidebar-layout":"default","site-content-layout":"default","ast-site-content-layout":"default","site-content-style":"default","site-sidebar-style":"default","ast-global-header-display":"","ast-banner-title-visibility":"","ast-main-header-display":"","ast-hfb-above-header-display":"","ast-hfb-below-header-display":"","ast-hfb-mobile-header-display":"","site-post-title":"","ast-breadcrumbs-content":"","ast-featured-img":"","footer-sml-layout":"","ast-disable-related-posts":"","theme-transparent-header-meta":"default","adv-header-id-meta":"","stick-header-meta":"","header-above-stick-meta":"","header-main-stick-meta":"","header-below-stick-meta":"","astra-migrate-meta-layouts":"set","ast-page-background-enabled":"default","ast-page-background-meta":{"desktop":{"background-color":"var(--ast-global-color-4)","background-image":"","background-repeat":"repeat","background-position":"center center","background-size":"auto","background-attachment":"scroll","background-type":"","background-media":"","overlay-type":"","overlay-color":"","overlay-opacity":"","overlay-gradient":""},"tablet":{"background-color":"","background-image":"","background-repeat":"repeat","background-position":"center center","background-size":"auto","background-attachment":"scroll","background-type":"","background-media":"","overlay-type":"","overlay-color":"","overlay-opacity":"","overlay-gradient":""},"mobile":{"background-color":"","background-image":"","background-repeat":"repeat","background-position":"center center","background-size":"auto","background-attachment":"scroll","background-type":"","background-media":"","overlay-type":"","overlay-color":"","overlay-opacity":"","overlay-gradient":""}},"ast-content-background-meta":{"desktop":{"background-color":"var(--ast-global-color-5)","background-image":"","background-repeat":"repeat","background-position":"center center","background-size":"auto","background-attachment":"scroll","background-type":"","background-media":"","overlay-type":"","overlay-color":"","overlay-opacity":"","overlay-gradient":""},"tablet":{"background-color":"var(--ast-global-color-5)","background-image":"","background-repeat":"repeat","background-position":"center center","background-size":"auto","background-attachment":"scroll","background-type":"","background-media":"","overlay-type":"","overlay-color":"","overlay-opacity":"","overlay-gradient":""},"mobile":{"background-color":"var(--ast-global-color-5)","background-image":"","background-repeat":"repeat","background-position":"center center","background-size":"auto","background-attachment":"scroll","background-type":"","background-media":"","overlay-type":"","overlay-color":"","overlay-opacity":"","overlay-gradient":""}}},"product_brand":[],"product_cat":[110],"product_tag":[],"class_list":{"0":"post-14455","1":"product","2":"type-product","3":"status-publish","4":"has-post-thumbnail","6":"product_cat-tomate-hibrid","7":"pa_cantitate-10-seminte","8":"pa_cantitate-100-seminte","9":"pa_cantitate-200-seminte","10":"pa_cantitate-25-seminte","11":"pa_cantitate-250-seminte","12":"pa_cantitate-5-seminte","13":"pa_cantitate-50-seminte","14":"pa_cantitate-500-seminte","15":"desktop-align-left","16":"tablet-align-left","17":"mobile-align-left","19":"first","20":"instock","21":"sale","22":"taxable","23":"shipping-taxable","24":"purchasable","25":"product-type-variable"},"_links":{"self":[{"href":"https:\/\/vivasem.ro\/index.php?rest_route=\/wp\/v2\/product\/14455","targetHints":{"allow":["GET"]}}],"collection":[{"href":"https:\/\/vivasem.ro\/index.php?rest_route=\/wp\/v2\/product"}],"about":[{"href":"https:\/\/vivasem.ro\/index.php?rest_route=\/wp\/v2\/types\/product"}],"replies":[{"embeddable":true,"href":"https:\/\/vivasem.ro\/index.php?rest_route=%2Fwp%2Fv2%2Fcomments&post=14455"}],"wp:featuredmedia":[{"embeddable":true,"href":"https:\/\/vivasem.ro\/index.php?rest_route=\/wp\/v2\/media\/14467"}],"wp:attachment":[{"href":"https:\/\/vivasem.ro\/index.php?rest_route=%2Fwp%2Fv2%2Fmedia&parent=14455"}],"wp:term":[{"taxonomy":"product_brand","embeddable":true,"href":"https:\/\/vivasem.ro\/index.php?rest_route=%2Fwp%2Fv2%2Fproduct_brand&post=14455"},{"taxonomy":"product_cat","embeddable":true,"href":"https:\/\/vivasem.ro\/index.php?rest_route=%2Fwp%2Fv2%2Fproduct_cat&post=14455"},{"taxonomy":"product_tag","embeddable":true,"href":"https:\/\/vivasem.ro\/index.php?rest_route=%2Fwp%2Fv2%2Fproduct_tag&post=14455"}],"curies":[{"name":"wp","href":"https:\/\/api.w.org\/{rel}","templated":true}]}}