{"id":14411,"date":"2024-11-24T08:34:29","date_gmt":"2024-11-24T06:34:29","guid":{"rendered":"https:\/\/vivasem.ro\/?post_type=product&#038;p=14411"},"modified":"2025-11-08T22:32:50","modified_gmt":"2025-11-08T20:32:50","slug":"altamira-f1-prima-sementi-100g","status":"publish","type":"product","link":"https:\/\/vivasem.ro\/?product=altamira-f1-prima-sementi-100g","title":{"rendered":"ALTAMIRA F1 (PRIMA SEMENTI)"},"content":{"rendered":"<h6><span style=\"color: #ff0000;\">ALTAMIRA F1,\u00a0 \u00a0 \u00a0 \u00a0 \u00a0 \u00a0 \u00a0 \u00a0 \u00a0 \u00a0 \u00a0 \u00a0 \u00a0 \u00a0 \u00a0 \u00a0 \u00a0 \u00a0 \u00a0 <img loading=\"lazy\" decoding=\"async\" class=\"alignnone wp-image-14350\" src=\"https:\/\/vivasem.ro\/wp-content\/uploads\/2024\/11\/PRIMA-SEMENTI-300x91.jpg\" alt=\"\" width=\"201\" height=\"61\" srcset=\"https:\/\/vivasem.ro\/wp-content\/uploads\/2024\/11\/PRIMA-SEMENTI-300x91.jpg 300w, https:\/\/vivasem.ro\/wp-content\/uploads\/2024\/11\/PRIMA-SEMENTI-248x75.jpg 248w, https:\/\/vivasem.ro\/wp-content\/uploads\/2024\/11\/PRIMA-SEMENTI-150x45.jpg 150w, https:\/\/vivasem.ro\/wp-content\/uploads\/2024\/11\/PRIMA-SEMENTI.jpg 387w\" sizes=\"auto, (max-width: 201px) 100vw, 201px\" \/><\/span><\/h6>\n<h6><span style=\"color: #ff0000;\">PRODUC\u0102TOR-Prima Sementi SRL Alba Iulia.<\/span><\/h6>\n<h6><\/h6>\n<h6><span style=\"color: #000080;\">Hibrid cu crestere nedeterminata extrem de productiv.<\/span><\/h6>\n<h6><span style=\"color: #ff0000;\">Este de tip Cluster ,ce formeaza ciorchini compac\u021bi, cu fructele uniforme, a\u0219ezate simetric, de culoare ro\u0219ie-aprins\u0103, ce au\u00a0 o greutate de 160-180 grame, coacerea fiind concentrat\u0103.<\/span><\/h6>\n<h6><span style=\"color: #ff0000;\">Gustul este foarte dulce, av\u00e2nd Brix de 5,7.<\/span><\/h6>\n<h6><span style=\"color: #000080;\">\u00a0Hibrid LSL\u00a0 cu o foarte bun\u0103 capacitate de p\u0103strare, pulpa este ferm\u0103, nu crap\u0103.\u00a0<\/span><\/h6>\n<h6><span style=\"color: #000080;\">Poate fi cultivat atat \u00een spa\u021bii protejate cat si in c\u00e2mp deschis, plantele sunt viguroase.<\/span><\/h6>\n<h6><span style=\"color: #000080;\">Tolerant la temperaturi ridicate, mediu-timpuriu .<\/span><\/h6>\n<h6><span style=\"color: #000080;\">Rezisten\u021b\u0103 la boli : <\/span><\/h6>\n<ul>\n<li>\n<h6><span style=\"color: #000080;\">ToMV &#8211;\u00a0Virusul mozaicul tomatelor;<\/span><\/h6>\n<\/li>\n<li>\n<h6><span style=\"color: #000080;\">V-Verticiloz\u0103<\/span><\/h6>\n<\/li>\n<li>\n<h6><span style=\"color: #000080;\">Fol 0-1-Fuzarioz\u0103<\/span><\/h6>\n<\/li>\n<li>\n<h6><span style=\"color: #000080;\">N\u00a0 \u00a0<\/span><\/h6>\n<\/li>\n<li><\/li>\n<li>Unigen Seeds Italy<\/li>\n<\/ul>\n<h6><\/h6>\n<h6><\/h6>\n","protected":false},"excerpt":{"rendered":"<h6><span style=\"color: #0000ff;\">0,2 grame\/60-70 semin\u021be\u00a0 \u00a0 \u00a0 \u00a0 \u00a0 \u00a0 \u00a0 \u00a0 \u00a0 \u00a0 <img loading=\"lazy\" decoding=\"async\" class=\"alignnone wp-image-6106\" src=\"https:\/\/vivasem.ro\/wp-content\/uploads\/2021\/12\/NOU3.jpg\" alt=\"\" width=\"92\" height=\"89\" srcset=\"https:\/\/vivasem.ro\/wp-content\/uploads\/2021\/12\/NOU3.jpg 270w, https:\/\/vivasem.ro\/wp-content\/uploads\/2021\/12\/NOU3-248x241.jpg 248w\" sizes=\"auto, (max-width: 92px) 100vw, 92px\" \/><\/span><\/h6>\n<h6><span style=\"color: #ff00ff;\">FOARTE PRODUCTIV, TIP CLUSTER, REZISTENT LA C\u0102LDUR\u0102,<\/span><\/h6>\n<h6><span style=\"color: #ff00ff;\">\u00a0<\/span><\/h6>\n","protected":false},"featured_media":14412,"comment_status":"open","ping_status":"closed","template":"","meta":{"site-sidebar-layout":"default","site-content-layout":"default","ast-site-content-layout":"default","site-content-style":"default","site-sidebar-style":"default","ast-global-header-display":"","ast-banner-title-visibility":"","ast-main-header-display":"","ast-hfb-above-header-display":"","ast-hfb-below-header-display":"","ast-hfb-mobile-header-display":"","site-post-title":"","ast-breadcrumbs-content":"","ast-featured-img":"","footer-sml-layout":"","ast-disable-related-posts":"","theme-transparent-header-meta":"default","adv-header-id-meta":"","stick-header-meta":"","header-above-stick-meta":"","header-main-stick-meta":"","header-below-stick-meta":"","astra-migrate-meta-layouts":"set","ast-page-background-enabled":"default","ast-page-background-meta":{"desktop":{"background-color":"var(--ast-global-color-4)","background-image":"","background-repeat":"repeat","background-position":"center center","background-size":"auto","background-attachment":"scroll","background-type":"","background-media":"","overlay-type":"","overlay-color":"","overlay-opacity":"","overlay-gradient":""},"tablet":{"background-color":"","background-image":"","background-repeat":"repeat","background-position":"center center","background-size":"auto","background-attachment":"scroll","background-type":"","background-media":"","overlay-type":"","overlay-color":"","overlay-opacity":"","overlay-gradient":""},"mobile":{"background-color":"","background-image":"","background-repeat":"repeat","background-position":"center center","background-size":"auto","background-attachment":"scroll","background-type":"","background-media":"","overlay-type":"","overlay-color":"","overlay-opacity":"","overlay-gradient":""}},"ast-content-background-meta":{"desktop":{"background-color":"var(--ast-global-color-5)","background-image":"","background-repeat":"repeat","background-position":"center center","background-size":"auto","background-attachment":"scroll","background-type":"","background-media":"","overlay-type":"","overlay-color":"","overlay-opacity":"","overlay-gradient":""},"tablet":{"background-color":"var(--ast-global-color-5)","background-image":"","background-repeat":"repeat","background-position":"center center","background-size":"auto","background-attachment":"scroll","background-type":"","background-media":"","overlay-type":"","overlay-color":"","overlay-opacity":"","overlay-gradient":""},"mobile":{"background-color":"var(--ast-global-color-5)","background-image":"","background-repeat":"repeat","background-position":"center center","background-size":"auto","background-attachment":"scroll","background-type":"","background-media":"","overlay-type":"","overlay-color":"","overlay-opacity":"","overlay-gradient":""}}},"product_brand":[],"product_cat":[110],"product_tag":[],"class_list":{"0":"post-14411","1":"product","2":"type-product","3":"status-publish","4":"has-post-thumbnail","6":"product_cat-tomate-hibrid","7":"desktop-align-left","8":"tablet-align-left","9":"mobile-align-left","11":"first","12":"instock","13":"taxable","14":"shipping-taxable","15":"purchasable","16":"product-type-simple"},"_links":{"self":[{"href":"https:\/\/vivasem.ro\/index.php?rest_route=\/wp\/v2\/product\/14411","targetHints":{"allow":["GET"]}}],"collection":[{"href":"https:\/\/vivasem.ro\/index.php?rest_route=\/wp\/v2\/product"}],"about":[{"href":"https:\/\/vivasem.ro\/index.php?rest_route=\/wp\/v2\/types\/product"}],"replies":[{"embeddable":true,"href":"https:\/\/vivasem.ro\/index.php?rest_route=%2Fwp%2Fv2%2Fcomments&post=14411"}],"wp:featuredmedia":[{"embeddable":true,"href":"https:\/\/vivasem.ro\/index.php?rest_route=\/wp\/v2\/media\/14412"}],"wp:attachment":[{"href":"https:\/\/vivasem.ro\/index.php?rest_route=%2Fwp%2Fv2%2Fmedia&parent=14411"}],"wp:term":[{"taxonomy":"product_brand","embeddable":true,"href":"https:\/\/vivasem.ro\/index.php?rest_route=%2Fwp%2Fv2%2Fproduct_brand&post=14411"},{"taxonomy":"product_cat","embeddable":true,"href":"https:\/\/vivasem.ro\/index.php?rest_route=%2Fwp%2Fv2%2Fproduct_cat&post=14411"},{"taxonomy":"product_tag","embeddable":true,"href":"https:\/\/vivasem.ro\/index.php?rest_route=%2Fwp%2Fv2%2Fproduct_tag&post=14411"}],"curies":[{"name":"wp","href":"https:\/\/api.w.org\/{rel}","templated":true}]}}