{"id":14386,"date":"2024-11-23T19:37:02","date_gmt":"2024-11-23T17:37:02","guid":{"rendered":"https:\/\/vivasem.ro\/?post_type=product&#038;p=14386"},"modified":"2026-02-15T10:40:28","modified_gmt":"2026-02-15T08:40:28","slug":"mazare-kelvedon-wonder-prima-sementi-100g","status":"publish","type":"product","link":"https:\/\/vivasem.ro\/?product=mazare-kelvedon-wonder-prima-sementi-100g","title":{"rendered":"MAZ\u0102RE KELVEDON WONDER (PRIMA SEMENTI) (100g)"},"content":{"rendered":"<h6><span style=\"color: #ff0000;\">MAZ\u0102RE KELVEDON WONDER,\u00a0 \u00a0 \u00a0 \u00a0 \u00a0 \u00a0 \u00a0 \u00a0 \u00a0 \u00a0 \u00a0 \u00a0 \u00a0 \u00a0 \u00a0 \u00a0 \u00a0 \u00a0 \u00a0 <img loading=\"lazy\" decoding=\"async\" class=\"alignnone wp-image-14350\" src=\"https:\/\/vivasem.ro\/wp-content\/uploads\/2024\/11\/PRIMA-SEMENTI-300x91.jpg\" alt=\"\" width=\"201\" height=\"61\" srcset=\"https:\/\/vivasem.ro\/wp-content\/uploads\/2024\/11\/PRIMA-SEMENTI-300x91.jpg 300w, https:\/\/vivasem.ro\/wp-content\/uploads\/2024\/11\/PRIMA-SEMENTI-248x75.jpg 248w, https:\/\/vivasem.ro\/wp-content\/uploads\/2024\/11\/PRIMA-SEMENTI-150x45.jpg 150w, https:\/\/vivasem.ro\/wp-content\/uploads\/2024\/11\/PRIMA-SEMENTI.jpg 387w\" sizes=\"auto, (max-width: 201px) 100vw, 201px\" \/><\/span><\/h6>\n<h6><span style=\"color: #ff0000;\">PRODUC\u0102TOR-Prima Sementi SRL Alba Iulia.<\/span><\/h6>\n<h6><\/h6>\n<h6><span style=\"color: #000080;\">Este un soi semitimpuriu, av\u00e2nd perioada de vegeta\u021bie de 65-70 zile. <\/span><\/h6>\n<h6><span style=\"color: #000080;\">Boabele rezultate sunt dulci, de culoare verde \u00eenchis.<\/span><\/h6>\n<h6><span style=\"color: #000080;\">Se caracterizeaz\u0103 printr-o capacitate de produc\u021bie ridicat\u0103.<\/span><\/h6>\n<h6><span style=\"color: #000080;\">Se recomand\u0103 pentru consum \u00een stare proasp\u0103ta \u0219i industrializare.<\/span><\/h6>\n<h6><\/h6>\n<h6><\/h6>\n","protected":false},"excerpt":{"rendered":"<h6><span style=\"color: #0000ff;\">100 grame\/ 435-440 semin\u021be<\/span><\/h6>\n<h6><span style=\"color: #ff00ff;\">\u00a0<\/span><\/h6>\n","protected":false},"featured_media":14388,"comment_status":"open","ping_status":"closed","template":"","meta":{"site-sidebar-layout":"default","site-content-layout":"default","ast-site-content-layout":"default","site-content-style":"default","site-sidebar-style":"default","ast-global-header-display":"","ast-banner-title-visibility":"","ast-main-header-display":"","ast-hfb-above-header-display":"","ast-hfb-below-header-display":"","ast-hfb-mobile-header-display":"","site-post-title":"","ast-breadcrumbs-content":"","ast-featured-img":"","footer-sml-layout":"","ast-disable-related-posts":"","theme-transparent-header-meta":"default","adv-header-id-meta":"","stick-header-meta":"","header-above-stick-meta":"","header-main-stick-meta":"","header-below-stick-meta":"","astra-migrate-meta-layouts":"set","ast-page-background-enabled":"default","ast-page-background-meta":{"desktop":{"background-color":"var(--ast-global-color-4)","background-image":"","background-repeat":"repeat","background-position":"center center","background-size":"auto","background-attachment":"scroll","background-type":"","background-media":"","overlay-type":"","overlay-color":"","overlay-opacity":"","overlay-gradient":""},"tablet":{"background-color":"","background-image":"","background-repeat":"repeat","background-position":"center center","background-size":"auto","background-attachment":"scroll","background-type":"","background-media":"","overlay-type":"","overlay-color":"","overlay-opacity":"","overlay-gradient":""},"mobile":{"background-color":"","background-image":"","background-repeat":"repeat","background-position":"center center","background-size":"auto","background-attachment":"scroll","background-type":"","background-media":"","overlay-type":"","overlay-color":"","overlay-opacity":"","overlay-gradient":""}},"ast-content-background-meta":{"desktop":{"background-color":"var(--ast-global-color-5)","background-image":"","background-repeat":"repeat","background-position":"center center","background-size":"auto","background-attachment":"scroll","background-type":"","background-media":"","overlay-type":"","overlay-color":"","overlay-opacity":"","overlay-gradient":""},"tablet":{"background-color":"var(--ast-global-color-5)","background-image":"","background-repeat":"repeat","background-position":"center center","background-size":"auto","background-attachment":"scroll","background-type":"","background-media":"","overlay-type":"","overlay-color":"","overlay-opacity":"","overlay-gradient":""},"mobile":{"background-color":"var(--ast-global-color-5)","background-image":"","background-repeat":"repeat","background-position":"center center","background-size":"auto","background-attachment":"scroll","background-type":"","background-media":"","overlay-type":"","overlay-color":"","overlay-opacity":"","overlay-gradient":""}}},"product_brand":[],"product_cat":[112],"product_tag":[],"class_list":{"0":"post-14386","1":"product","2":"type-product","3":"status-publish","4":"has-post-thumbnail","6":"product_cat-fasole-oloaga-fasole-pitica","7":"desktop-align-left","8":"tablet-align-left","9":"mobile-align-left","11":"first","12":"instock","13":"taxable","14":"shipping-taxable","15":"purchasable","16":"product-type-simple"},"_links":{"self":[{"href":"https:\/\/vivasem.ro\/index.php?rest_route=\/wp\/v2\/product\/14386","targetHints":{"allow":["GET"]}}],"collection":[{"href":"https:\/\/vivasem.ro\/index.php?rest_route=\/wp\/v2\/product"}],"about":[{"href":"https:\/\/vivasem.ro\/index.php?rest_route=\/wp\/v2\/types\/product"}],"replies":[{"embeddable":true,"href":"https:\/\/vivasem.ro\/index.php?rest_route=%2Fwp%2Fv2%2Fcomments&post=14386"}],"wp:featuredmedia":[{"embeddable":true,"href":"https:\/\/vivasem.ro\/index.php?rest_route=\/wp\/v2\/media\/14388"}],"wp:attachment":[{"href":"https:\/\/vivasem.ro\/index.php?rest_route=%2Fwp%2Fv2%2Fmedia&parent=14386"}],"wp:term":[{"taxonomy":"product_brand","embeddable":true,"href":"https:\/\/vivasem.ro\/index.php?rest_route=%2Fwp%2Fv2%2Fproduct_brand&post=14386"},{"taxonomy":"product_cat","embeddable":true,"href":"https:\/\/vivasem.ro\/index.php?rest_route=%2Fwp%2Fv2%2Fproduct_cat&post=14386"},{"taxonomy":"product_tag","embeddable":true,"href":"https:\/\/vivasem.ro\/index.php?rest_route=%2Fwp%2Fv2%2Fproduct_tag&post=14386"}],"curies":[{"name":"wp","href":"https:\/\/api.w.org\/{rel}","templated":true}]}}