{"id":14219,"date":"2024-11-18T07:28:27","date_gmt":"2024-11-18T05:28:27","guid":{"rendered":"https:\/\/vivasem.ro\/?post_type=product&#038;p=14219"},"modified":"2026-02-25T18:48:35","modified_gmt":"2026-02-25T16:48:35","slug":"varza-bucharest-f1-seminis","status":"publish","type":"product","link":"https:\/\/vivasem.ro\/?product=varza-bucharest-f1-seminis","title":{"rendered":"VARZ\u0102 HIBRID BUCHAREST F1-Seminis"},"content":{"rendered":"<h6><span style=\"color: #ff0000;\"><strong><u>VARZ\u0102 BUCHAREST F1,<\/u><\/strong><\/span><\/h6>\n<h6><span style=\"color: #ff0000;\"><strong><u>Produc\u0103tor:SEMINS-BAYER HOLLAND BV ,<\/u><\/strong><\/span>\u00a0 \u00a0 \u00a0 \u00a0 \u00a0 \u00a0 \u00a0<strong style=\"font-style: normal; font-size: 17.6px; color: #ff0000;\"><u><img loading=\"lazy\" decoding=\"async\" class=\"alignnone wp-image-14218\" src=\"https:\/\/vivasem.ro\/wp-content\/uploads\/2023\/11\/SEMINIS-BAYER-300x105.png\" alt=\"\" width=\"186\" height=\"65\" srcset=\"https:\/\/vivasem.ro\/wp-content\/uploads\/2023\/11\/SEMINIS-BAYER-300x105.png 300w, https:\/\/vivasem.ro\/wp-content\/uploads\/2023\/11\/SEMINIS-BAYER-248x87.png 248w, https:\/\/vivasem.ro\/wp-content\/uploads\/2023\/11\/SEMINIS-BAYER-150x53.png 150w, https:\/\/vivasem.ro\/wp-content\/uploads\/2023\/11\/SEMINIS-BAYER.png 376w\" sizes=\"auto, (max-width: 186px) 100vw, 186px\" \/><\/u><\/strong><\/h6>\n<h6><span style=\"color: #0000ff;\">Bucharest F1 este unul dintre cei mai aprecia\u021bi hibrizi de varz\u0103 alb\u0103 de pe pia\u021b\u0103!<\/span><br \/>\n<span style=\"color: #000080;\">-special dezvoltat pentru cultura de var\u0103\/toamn\u0103, in condi\u021biile de clim\u0103 \u0219i cerin\u021be ale pie\u021bei rom\u00e2ne\u0219ti<\/span><br \/>\n<span style=\"color: #000080;\">-perioada de vegeta\u021bie este de 80-85 de zile de la plantare<\/span><br \/>\n<span style=\"color: #000080;\">-forma c\u0103p\u0103\u021b\u00e2nii este rotund\u0103, u\u0219or turtit\u0103, iar greutatea medie este de 2-4 kg in func\u021bie de desimea de plantare \u0219i de momentul recolt\u0103rii<\/span><br \/>\n<span style=\"color: #000080;\">-prezint\u0103 rezisten\u021b\u0103 la cr\u0103pare \u0219i manipulare<\/span><br \/>\n<span style=\"color: #ff0000;\">-productia este destinata in special proces\u0103rii (mur\u0103rii) dar \u0219i consumului in stare proasp\u0103t\u0103<\/span><br \/>\n<span style=\"color: #ff0000;\">-Bucharest F1 raspunde foarte bine acestor deziderate in sensul c\u0103 frunzele acoperitoare sunt sub\u021biri, fine, flexibile (perfecte pentru sarmale) \u0219i au o culoare placut\u0103<\/span><br \/>\n<span style=\"color: #000080;\">-densitatea recomandat\u0103 de plantare : 40.000-50.000 plante\/ha<\/span><\/h6>\n<h6><span style=\"color: #003366;\">Prezint\u0103 rezisten\u021b\u0103 la Fuzarioza (Fusarium oxysporum f. sp conglutinans &#8211; FY)<\/span><\/h6>\n<h6><span style=\"color: #003366;\"><span style=\"font-size: 17.6px;\">Are <\/span>rezisten\u021b\u0103 <span style=\"font-size: 17.6px;\">intermediar\u0103 B<\/span>acterioz\u0103 (Xanthomonas campestris IR)<\/span><\/h6>\n<h6><span style=\"color: #0000ff;\">Se recomand\u0103 :<\/span><\/h6>\n<h6><span style=\"color: #333399;\">\u00cens\u0103m\u00e2n\u021barea : februarie -iunie , <\/span><\/h6>\n<h6><span style=\"color: #333399;\">Plantarea: martie-iulie. <\/span><\/h6>\n<h6><span style=\"color: #333399;\">Recoltarea:iunie-noiembrie<\/span><\/h6>\n<p>P+<\/p>\n<p>&nbsp;<\/p>\n","protected":false},"excerpt":{"rendered":"<h6><span style=\"color: #0000ff;\"><strong>1000 SEMIN\u021aE<\/strong><\/span><\/h6>\n<h6><span style=\"color: #ff00ff;\">VARZ\u0102 CU FOAIA SUB\u021aIRE PENTRU MURAT<img loading=\"lazy\" decoding=\"async\" class=\"alignnone wp-image-6106 \" src=\"https:\/\/vivasem.ro\/wp-content\/uploads\/2021\/12\/NOU3.jpg\" alt=\"\" width=\"77\" height=\"74\" srcset=\"https:\/\/vivasem.ro\/wp-content\/uploads\/2021\/12\/NOU3.jpg 270w, https:\/\/vivasem.ro\/wp-content\/uploads\/2021\/12\/NOU3-248x241.jpg 248w\" sizes=\"auto, (max-width: 77px) 100vw, 77px\" \/><\/span><\/h6>\n<h6><\/h6>\n","protected":false},"featured_media":14228,"comment_status":"open","ping_status":"closed","template":"","meta":{"site-sidebar-layout":"default","site-content-layout":"default","ast-site-content-layout":"default","site-content-style":"default","site-sidebar-style":"default","ast-global-header-display":"","ast-banner-title-visibility":"","ast-main-header-display":"","ast-hfb-above-header-display":"","ast-hfb-below-header-display":"","ast-hfb-mobile-header-display":"","site-post-title":"","ast-breadcrumbs-content":"","ast-featured-img":"","footer-sml-layout":"","ast-disable-related-posts":"","theme-transparent-header-meta":"default","adv-header-id-meta":"","stick-header-meta":"","header-above-stick-meta":"","header-main-stick-meta":"","header-below-stick-meta":"","astra-migrate-meta-layouts":"set","ast-page-background-enabled":"default","ast-page-background-meta":{"desktop":{"background-color":"var(--ast-global-color-4)","background-image":"","background-repeat":"repeat","background-position":"center center","background-size":"auto","background-attachment":"scroll","background-type":"","background-media":"","overlay-type":"","overlay-color":"","overlay-opacity":"","overlay-gradient":""},"tablet":{"background-color":"","background-image":"","background-repeat":"repeat","background-position":"center center","background-size":"auto","background-attachment":"scroll","background-type":"","background-media":"","overlay-type":"","overlay-color":"","overlay-opacity":"","overlay-gradient":""},"mobile":{"background-color":"","background-image":"","background-repeat":"repeat","background-position":"center center","background-size":"auto","background-attachment":"scroll","background-type":"","background-media":"","overlay-type":"","overlay-color":"","overlay-opacity":"","overlay-gradient":""}},"ast-content-background-meta":{"desktop":{"background-color":"var(--ast-global-color-5)","background-image":"","background-repeat":"repeat","background-position":"center center","background-size":"auto","background-attachment":"scroll","background-type":"","background-media":"","overlay-type":"","overlay-color":"","overlay-opacity":"","overlay-gradient":""},"tablet":{"background-color":"var(--ast-global-color-5)","background-image":"","background-repeat":"repeat","background-position":"center center","background-size":"auto","background-attachment":"scroll","background-type":"","background-media":"","overlay-type":"","overlay-color":"","overlay-opacity":"","overlay-gradient":""},"mobile":{"background-color":"var(--ast-global-color-5)","background-image":"","background-repeat":"repeat","background-position":"center center","background-size":"auto","background-attachment":"scroll","background-type":"","background-media":"","overlay-type":"","overlay-color":"","overlay-opacity":"","overlay-gradient":""}}},"product_brand":[],"product_cat":[148],"product_tag":[],"class_list":{"0":"post-14219","1":"product","2":"type-product","3":"status-publish","4":"has-post-thumbnail","6":"product_cat-10-varza-varza-kale","7":"pa_cantitate-10-seminte","8":"pa_cantitate-100-seminte","9":"pa_cantitate-200-seminte","10":"pa_cantitate-25-seminte","11":"pa_cantitate-250-seminte","12":"pa_cantitate-5-seminte","13":"pa_cantitate-50-seminte","14":"pa_cantitate-500-seminte","15":"desktop-align-left","16":"tablet-align-left","17":"mobile-align-left","19":"first","20":"instock","21":"taxable","22":"shipping-taxable","23":"purchasable","24":"product-type-simple"},"_links":{"self":[{"href":"https:\/\/vivasem.ro\/index.php?rest_route=\/wp\/v2\/product\/14219","targetHints":{"allow":["GET"]}}],"collection":[{"href":"https:\/\/vivasem.ro\/index.php?rest_route=\/wp\/v2\/product"}],"about":[{"href":"https:\/\/vivasem.ro\/index.php?rest_route=\/wp\/v2\/types\/product"}],"replies":[{"embeddable":true,"href":"https:\/\/vivasem.ro\/index.php?rest_route=%2Fwp%2Fv2%2Fcomments&post=14219"}],"wp:featuredmedia":[{"embeddable":true,"href":"https:\/\/vivasem.ro\/index.php?rest_route=\/wp\/v2\/media\/14228"}],"wp:attachment":[{"href":"https:\/\/vivasem.ro\/index.php?rest_route=%2Fwp%2Fv2%2Fmedia&parent=14219"}],"wp:term":[{"taxonomy":"product_brand","embeddable":true,"href":"https:\/\/vivasem.ro\/index.php?rest_route=%2Fwp%2Fv2%2Fproduct_brand&post=14219"},{"taxonomy":"product_cat","embeddable":true,"href":"https:\/\/vivasem.ro\/index.php?rest_route=%2Fwp%2Fv2%2Fproduct_cat&post=14219"},{"taxonomy":"product_tag","embeddable":true,"href":"https:\/\/vivasem.ro\/index.php?rest_route=%2Fwp%2Fv2%2Fproduct_tag&post=14219"}],"curies":[{"name":"wp","href":"https:\/\/api.w.org\/{rel}","templated":true}]}}