{"id":14158,"date":"2024-11-16T09:24:16","date_gmt":"2024-11-16T07:24:16","guid":{"rendered":"https:\/\/vivasem.ro\/?post_type=product&#038;p=14158"},"modified":"2025-02-24T15:00:08","modified_gmt":"2025-02-24T13:00:08","slug":"castraveti-muratic-f1","status":"publish","type":"product","link":"https:\/\/vivasem.ro\/?product=castraveti-muratic-f1","title":{"rendered":"\u201e\u201eCastraveti MURATIC F1"},"content":{"rendered":"<h6><span style=\"color: #ff0000;\">Castrave\u021bi MURATIC F1\u00a0<\/span>(ex. 19CUI35641)<\/h6>\n<h6><span style=\"color: #ff0000;\">Produc\u0103tor semin\u021be:Nongwoo Bio Co Ltd.- Coreea de Sud,\u00a0 \u00a0 \u00a0 \u00a0 \u00a0 \u00a0 \u00a0 \u00a0 \u00a0 \u00a0 \u00a0 \u00a0 \u00a0 \u00a0 \u00a0 \u00a0<img loading=\"lazy\" decoding=\"async\" class=\"alignnone size-medium wp-image-8500\" src=\"https:\/\/vivasem.ro\/wp-content\/uploads\/2022\/12\/NOONGWOO-BIO-300x56.jpg\" alt=\"\" width=\"300\" height=\"56\" srcset=\"https:\/\/vivasem.ro\/wp-content\/uploads\/2022\/12\/NOONGWOO-BIO-300x56.jpg 300w, https:\/\/vivasem.ro\/wp-content\/uploads\/2022\/12\/NOONGWOO-BIO-248x46.jpg 248w, https:\/\/vivasem.ro\/wp-content\/uploads\/2022\/12\/NOONGWOO-BIO.jpg 545w\" sizes=\"auto, (max-width: 300px) 100vw, 300px\" \/><\/span><\/h6>\n<h6><span style=\"color: #000080;\"><strong>Muratic F1 (fostul\u00a0 19CUI35641 F1) ,<\/strong> a fost <span style=\"color: #ff0000;\">special conceput pentru murat \u0219i pentru cultivarea direct in camp.<\/span><\/span><\/h6>\n<h6><span style=\"color: #000080;\">Fructele sunt cilindrice, uniforme, de culoare verde inchis, cu tepi, lungimea medie este de 11 centimetri, iar diametrul de 3 cm, fiind ideale pentru conservare at\u00e2t prin form\u0103, c\u00e2t \u0219i prin faptul c\u0103 <span style=\"color: #ff0000;\">isi pastreaza foarte bine consisten\u021ba dupa murare .<\/span><\/span><\/h6>\n<h6><span style=\"color: #000080;\">Este un <strong>hibrid<\/strong>\u00a0 nou, timpuriu, de castraveti pe tipul cornichon, cu flori predominant femele, <span style=\"color: #ff0000;\">destinat cultivarii in c\u00e2mp ,cu o perioada de vegetatie de aproximativ de 38 de zile.<\/span><\/span><\/h6>\n<h6><span style=\"color: #000080;\">Plantele\u00a0<strong>hibridului<\/strong> sunt viguroase, <span style=\"color: #ff0000;\">capacitatea de produc\u021bie este ridicat\u0103<\/span> \u0219i leag\u0103 foarte bine in diferite condi\u021bii de mediu.<\/span><\/h6>\n<h6><span style=\"color: #000080;\">Se preteaza cultivarii atat in ciclul I de productie, cat si in ciclul II.<\/span><\/h6>\n<h6><span style=\"color: #000080;\">Rezisten\u021be la urm\u0103toarele boli : CMV &#8211; Cucumber mosaic virus (Virusul mozaic al castravetelui) \u0219i la F\u0103inare.<\/span><\/h6>\n<h6><span style=\"color: #008000;\"><strong>NongWoo Bio<\/strong>\u00a0este o companie fondata in 1967 in Coreea de Sud, care a evoluat si s-a dezvoltat rapid avand, la momentul de fata, centre de productie in tari precum: SUA, Turcia, Indonezia, India, Myanmar, China si Coreea de Sud.\u00a0<\/span><\/h6>\n<h6><span style=\"color: #008000;\">Dezvoltarea rapida a companiei este data de investitiile majore facute in cercetarea si dezvoltarea noilor hibrizi (R&amp;D).\u00a0<\/span><\/h6>\n<p>&nbsp;<\/p>\n<h6><span style=\"color: #000000;\">Ambalare \u00een plic de polietilen\u0103 cu ziplock etichetat.<\/span><\/h6>\n","protected":false},"excerpt":{"rendered":"<h6><span style=\"color: #ff00ff;\">SPECIAL DE C\u00c2MP \u0218I DE MURAT! <\/span><\/h6>\n<h6><span style=\"color: #ff00ff;\">DEOSEBIT DE PRODUCTIV!<\/span><img loading=\"lazy\" decoding=\"async\" class=\"alignnone wp-image-6106\" style=\"color: #0000ff;\" src=\"https:\/\/vivasem.ro\/wp-content\/uploads\/2021\/12\/NOU3.jpg\" alt=\"\" width=\"73\" height=\"71\" srcset=\"https:\/\/vivasem.ro\/wp-content\/uploads\/2021\/12\/NOU3.jpg 270w, https:\/\/vivasem.ro\/wp-content\/uploads\/2021\/12\/NOU3-248x241.jpg 248w\" sizes=\"auto, (max-width: 73px) 100vw, 73px\" \/><\/h6>\n","protected":false},"featured_media":14172,"comment_status":"open","ping_status":"closed","template":"","meta":{"site-sidebar-layout":"default","site-content-layout":"default","ast-site-content-layout":"default","site-content-style":"default","site-sidebar-style":"default","ast-global-header-display":"","ast-banner-title-visibility":"","ast-main-header-display":"","ast-hfb-above-header-display":"","ast-hfb-below-header-display":"","ast-hfb-mobile-header-display":"","site-post-title":"","ast-breadcrumbs-content":"","ast-featured-img":"","footer-sml-layout":"","ast-disable-related-posts":"","theme-transparent-header-meta":"default","adv-header-id-meta":"","stick-header-meta":"","header-above-stick-meta":"","header-main-stick-meta":"","header-below-stick-meta":"","astra-migrate-meta-layouts":"set","ast-page-background-enabled":"default","ast-page-background-meta":{"desktop":{"background-color":"var(--ast-global-color-4)","background-image":"","background-repeat":"repeat","background-position":"center center","background-size":"auto","background-attachment":"scroll","background-type":"","background-media":"","overlay-type":"","overlay-color":"","overlay-opacity":"","overlay-gradient":""},"tablet":{"background-color":"","background-image":"","background-repeat":"repeat","background-position":"center center","background-size":"auto","background-attachment":"scroll","background-type":"","background-media":"","overlay-type":"","overlay-color":"","overlay-opacity":"","overlay-gradient":""},"mobile":{"background-color":"","background-image":"","background-repeat":"repeat","background-position":"center center","background-size":"auto","background-attachment":"scroll","background-type":"","background-media":"","overlay-type":"","overlay-color":"","overlay-opacity":"","overlay-gradient":""}},"ast-content-background-meta":{"desktop":{"background-color":"var(--ast-global-color-5)","background-image":"","background-repeat":"repeat","background-position":"center center","background-size":"auto","background-attachment":"scroll","background-type":"","background-media":"","overlay-type":"","overlay-color":"","overlay-opacity":"","overlay-gradient":""},"tablet":{"background-color":"var(--ast-global-color-5)","background-image":"","background-repeat":"repeat","background-position":"center center","background-size":"auto","background-attachment":"scroll","background-type":"","background-media":"","overlay-type":"","overlay-color":"","overlay-opacity":"","overlay-gradient":""},"mobile":{"background-color":"var(--ast-global-color-5)","background-image":"","background-repeat":"repeat","background-position":"center center","background-size":"auto","background-attachment":"scroll","background-type":"","background-media":"","overlay-type":"","overlay-color":"","overlay-opacity":"","overlay-gradient":""}}},"product_brand":[],"product_cat":[83],"product_tag":[],"class_list":{"0":"post-14158","1":"product","2":"type-product","3":"status-publish","4":"has-post-thumbnail","6":"product_cat-castraveti-hibrid","7":"pa_cantitate-10-seminte","8":"pa_cantitate-100-seminte","9":"pa_cantitate-200-seminte","10":"pa_cantitate-25-seminte","11":"pa_cantitate-250-seminte","12":"pa_cantitate-5-seminte","13":"pa_cantitate-50-seminte","14":"pa_cantitate-500-seminte","15":"desktop-align-left","16":"tablet-align-left","17":"mobile-align-left","19":"first","20":"outofstock","21":"sale","22":"taxable","23":"shipping-taxable","24":"purchasable","25":"product-type-variable"},"_links":{"self":[{"href":"https:\/\/vivasem.ro\/index.php?rest_route=\/wp\/v2\/product\/14158","targetHints":{"allow":["GET"]}}],"collection":[{"href":"https:\/\/vivasem.ro\/index.php?rest_route=\/wp\/v2\/product"}],"about":[{"href":"https:\/\/vivasem.ro\/index.php?rest_route=\/wp\/v2\/types\/product"}],"replies":[{"embeddable":true,"href":"https:\/\/vivasem.ro\/index.php?rest_route=%2Fwp%2Fv2%2Fcomments&post=14158"}],"wp:featuredmedia":[{"embeddable":true,"href":"https:\/\/vivasem.ro\/index.php?rest_route=\/wp\/v2\/media\/14172"}],"wp:attachment":[{"href":"https:\/\/vivasem.ro\/index.php?rest_route=%2Fwp%2Fv2%2Fmedia&parent=14158"}],"wp:term":[{"taxonomy":"product_brand","embeddable":true,"href":"https:\/\/vivasem.ro\/index.php?rest_route=%2Fwp%2Fv2%2Fproduct_brand&post=14158"},{"taxonomy":"product_cat","embeddable":true,"href":"https:\/\/vivasem.ro\/index.php?rest_route=%2Fwp%2Fv2%2Fproduct_cat&post=14158"},{"taxonomy":"product_tag","embeddable":true,"href":"https:\/\/vivasem.ro\/index.php?rest_route=%2Fwp%2Fv2%2Fproduct_tag&post=14158"}],"curies":[{"name":"wp","href":"https:\/\/api.w.org\/{rel}","templated":true}]}}