{"id":14129,"date":"2024-11-16T08:15:26","date_gmt":"2024-11-16T06:15:26","guid":{"rendered":"https:\/\/vivasem.ro\/?post_type=product&#038;p=14129"},"modified":"2025-10-03T11:04:00","modified_gmt":"2025-10-03T09:04:00","slug":"ardei-iute-shallal-f1","status":"publish","type":"product","link":"https:\/\/vivasem.ro\/?product=ardei-iute-shallal-f1","title":{"rendered":"ARDEI IUTE HIBRID SHALLAL F1 (PROFESIONAL)"},"content":{"rendered":"<h6><span style=\"color: #ff0000;\"><strong><u>ARDEI IUTE SHALLAL F1 <\/u><\/strong><\/span>\u00a0 \u00a0 \u00a0 \u00a0 \u00a0 \u00a0 \u00a0 \u00a0 \u00a0 \u00a0 \u00a0 \u00a0 \u00a0 \u00a0 \u00a0 \u00a0 \u00a0 <img loading=\"lazy\" decoding=\"async\" class=\"alignnone wp-image-8498\" src=\"https:\/\/vivasem.ro\/wp-content\/uploads\/2022\/12\/BAKKER-BROTHERS-300x106.jpg\" alt=\"\" width=\"227\" height=\"80\" srcset=\"https:\/\/vivasem.ro\/wp-content\/uploads\/2022\/12\/BAKKER-BROTHERS-300x106.jpg 300w, https:\/\/vivasem.ro\/wp-content\/uploads\/2022\/12\/BAKKER-BROTHERS-248x88.jpg 248w, https:\/\/vivasem.ro\/wp-content\/uploads\/2022\/12\/BAKKER-BROTHERS.jpg 412w\" sizes=\"auto, (max-width: 227px) 100vw, 227px\" \/><\/h6>\n<h6><span style=\"color: #ff0000;\"><strong><u>Produc\u0103tor seminte: BAKKER BROTHERS -Olanda,<\/u><\/strong><\/span><\/h6>\n<div id=\"product-description-short-1129\">\n<h6><span style=\"color: #000080;\">Shallal F1 este un hibrid timpuriu de ardei iute, foarte productiv, pentru recoltarea la culoarea verde.<\/span><\/h6>\n<h6><span style=\"color: #000080;\">Fructul este cu gust pl\u0103cut, aromat, mediu iute, conic, u\u0219or curbat . Pulpa este groas\u0103, lungimea medie este de 17 cm ,dar poate dep\u0103\u0219i 20 cm, cu\u00a0 2,8-3 cm diametru la codi\u021b\u0103.<\/span><\/h6>\n<h6><span style=\"color: #000080;\">Ofer\u0103 o produc\u021bie continu\u0103, fiind ideal pentru recoltare pe tot sezonul, oferind\u00a0 un randament ridicat.\u00a0<\/span><\/h6>\n<h6><span style=\"color: #000080;\">Prezinta o adaptabilitate mare la diferite conditii de mediu, DE CULTIVAT \u00ceN C\u00c2MP, GR\u0102DINA ,SERE \u0218I SOLARII \u0218I CHIAR \u00ceN GHIVECE.<\/span><\/h6>\n<h6><span style=\"color: #000080;\">Fructele sunt foarte ferme atunci c\u00e2nd sunt culese verzi \u0219i ,la maturitatea fiziologic\u0103, vor deveni de culoare ro\u0219ie ,mai moi \u0219i mai suculente .<\/span><\/h6>\n<h6><span style=\"color: #000080;\">Fructul verde este ideal pentru consum \u00een stare proasp\u0103t\u0103. Cules copt,la culoarea ro\u0219ie, este ideal pentru a produce sosuri picante.<\/span><\/h6>\n<h6><\/h6>\n<\/div>\n<h6><\/h6>\n","protected":false},"excerpt":{"rendered":"<h6><span style=\"color: #0000ff;\">10-200 SEMIN\u021aE\u00a0<\/span><\/h6>\n<h6><span style=\"color: #ff6600;\">\u00a0<span style=\"color: #ff0000;\">PRODUCTIV TOT SEZONUL<\/span><\/span><\/h6>\n<h6><\/h6>\n<p>&nbsp;<\/p>\n<h6><\/h6>\n","protected":false},"featured_media":14150,"comment_status":"open","ping_status":"closed","template":"","meta":{"site-sidebar-layout":"default","site-content-layout":"default","ast-site-content-layout":"default","site-content-style":"default","site-sidebar-style":"default","ast-global-header-display":"","ast-banner-title-visibility":"","ast-main-header-display":"","ast-hfb-above-header-display":"","ast-hfb-below-header-display":"","ast-hfb-mobile-header-display":"","site-post-title":"","ast-breadcrumbs-content":"","ast-featured-img":"","footer-sml-layout":"","ast-disable-related-posts":"","theme-transparent-header-meta":"default","adv-header-id-meta":"","stick-header-meta":"","header-above-stick-meta":"","header-main-stick-meta":"","header-below-stick-meta":"","astra-migrate-meta-layouts":"set","ast-page-background-enabled":"default","ast-page-background-meta":{"desktop":{"background-color":"var(--ast-global-color-4)","background-image":"","background-repeat":"repeat","background-position":"center center","background-size":"auto","background-attachment":"scroll","background-type":"","background-media":"","overlay-type":"","overlay-color":"","overlay-opacity":"","overlay-gradient":""},"tablet":{"background-color":"","background-image":"","background-repeat":"repeat","background-position":"center center","background-size":"auto","background-attachment":"scroll","background-type":"","background-media":"","overlay-type":"","overlay-color":"","overlay-opacity":"","overlay-gradient":""},"mobile":{"background-color":"","background-image":"","background-repeat":"repeat","background-position":"center center","background-size":"auto","background-attachment":"scroll","background-type":"","background-media":"","overlay-type":"","overlay-color":"","overlay-opacity":"","overlay-gradient":""}},"ast-content-background-meta":{"desktop":{"background-color":"var(--ast-global-color-5)","background-image":"","background-repeat":"repeat","background-position":"center center","background-size":"auto","background-attachment":"scroll","background-type":"","background-media":"","overlay-type":"","overlay-color":"","overlay-opacity":"","overlay-gradient":""},"tablet":{"background-color":"var(--ast-global-color-5)","background-image":"","background-repeat":"repeat","background-position":"center center","background-size":"auto","background-attachment":"scroll","background-type":"","background-media":"","overlay-type":"","overlay-color":"","overlay-opacity":"","overlay-gradient":""},"mobile":{"background-color":"var(--ast-global-color-5)","background-image":"","background-repeat":"repeat","background-position":"center center","background-size":"auto","background-attachment":"scroll","background-type":"","background-media":"","overlay-type":"","overlay-color":"","overlay-opacity":"","overlay-gradient":""}}},"product_brand":[],"product_cat":[111,145],"product_tag":[],"class_list":{"0":"post-14129","1":"product","2":"type-product","3":"status-publish","4":"has-post-thumbnail","6":"product_cat-ardei-iute","7":"product_cat-ardei-hibrid","8":"pa_cantitate-10-seminte","9":"pa_cantitate-100-seminte","10":"pa_cantitate-200-seminte","11":"pa_cantitate-25-seminte","12":"pa_cantitate-250-seminte","13":"pa_cantitate-5-seminte","14":"pa_cantitate-50-seminte","15":"pa_cantitate-500-seminte","16":"desktop-align-left","17":"tablet-align-left","18":"mobile-align-left","20":"first","21":"instock","22":"sale","23":"taxable","24":"shipping-taxable","25":"purchasable","26":"product-type-variable"},"_links":{"self":[{"href":"https:\/\/vivasem.ro\/index.php?rest_route=\/wp\/v2\/product\/14129","targetHints":{"allow":["GET"]}}],"collection":[{"href":"https:\/\/vivasem.ro\/index.php?rest_route=\/wp\/v2\/product"}],"about":[{"href":"https:\/\/vivasem.ro\/index.php?rest_route=\/wp\/v2\/types\/product"}],"replies":[{"embeddable":true,"href":"https:\/\/vivasem.ro\/index.php?rest_route=%2Fwp%2Fv2%2Fcomments&post=14129"}],"wp:featuredmedia":[{"embeddable":true,"href":"https:\/\/vivasem.ro\/index.php?rest_route=\/wp\/v2\/media\/14150"}],"wp:attachment":[{"href":"https:\/\/vivasem.ro\/index.php?rest_route=%2Fwp%2Fv2%2Fmedia&parent=14129"}],"wp:term":[{"taxonomy":"product_brand","embeddable":true,"href":"https:\/\/vivasem.ro\/index.php?rest_route=%2Fwp%2Fv2%2Fproduct_brand&post=14129"},{"taxonomy":"product_cat","embeddable":true,"href":"https:\/\/vivasem.ro\/index.php?rest_route=%2Fwp%2Fv2%2Fproduct_cat&post=14129"},{"taxonomy":"product_tag","embeddable":true,"href":"https:\/\/vivasem.ro\/index.php?rest_route=%2Fwp%2Fv2%2Fproduct_tag&post=14129"}],"curies":[{"name":"wp","href":"https:\/\/api.w.org\/{rel}","templated":true}]}}