{"id":14008,"date":"2024-11-07T20:36:18","date_gmt":"2024-11-07T18:36:18","guid":{"rendered":"https:\/\/vivasem.ro\/?post_type=product&#038;p=14008"},"modified":"2026-03-25T10:57:39","modified_gmt":"2026-03-25T08:57:39","slug":"patrunjel-de-frunze-gigant-italian-opal-zi-bulgaria-10g","status":"publish","type":"product","link":"https:\/\/vivasem.ro\/?product=patrunjel-de-frunze-gigant-italian-opal-zi-bulgaria-10g","title":{"rendered":"P\u0102TRUNJEL DE FRUNZE GIGANT ITALIAN (Opal ZI-Bulgaria) (10g)"},"content":{"rendered":"<h6><span style=\"color: #ff0000;\">P\u0102TRUNJEL DE FRUNZE GIGANT ITALIAN ,<\/span><\/h6>\n<h6><span style=\"color: #ff0000;\"><strong><u>Produs \u0219i ambalat de: <\/u><\/strong><\/span><span style=\"color: #ff0000;\"><strong><u>OPAL ZI ODD- BULGARIA,\u00a0 \u00a0 \u00a0 \u00a0 \u00a0 \u00a0<\/u><\/strong><\/span><span style=\"color: #ff0000;\"><strong><u><img loading=\"lazy\" decoding=\"async\" class=\"alignnone wp-image-13963 lazyautosizes ls-is-cached lazyloaded\" src=\"https:\/\/vivasem.ro\/wp-content\/uploads\/2024\/11\/OPAL-ZI-LTD-300x237.png\" sizes=\"auto, 77px\" srcset=\"https:\/\/vivasem.ro\/wp-content\/uploads\/2024\/11\/OPAL-ZI-LTD-300x237.png 300w, https:\/\/vivasem.ro\/wp-content\/uploads\/2024\/11\/OPAL-ZI-LTD-150x119.png 150w, https:\/\/vivasem.ro\/wp-content\/uploads\/2024\/11\/OPAL-ZI-LTD-250x198.png 250w, https:\/\/vivasem.ro\/wp-content\/uploads\/2024\/11\/OPAL-ZI-LTD.png 344w\" alt=\"\" width=\"77\" height=\"61\" data-src=\"https:\/\/vivasem.ro\/wp-content\/uploads\/2024\/11\/OPAL-ZI-LTD-300x237.png\" data-srcset=\"https:\/\/vivasem.ro\/wp-content\/uploads\/2024\/11\/OPAL-ZI-LTD-300x237.png 300w, https:\/\/vivasem.ro\/wp-content\/uploads\/2024\/11\/OPAL-ZI-LTD-150x119.png 150w, https:\/\/vivasem.ro\/wp-content\/uploads\/2024\/11\/OPAL-ZI-LTD-250x198.png 250w, https:\/\/vivasem.ro\/wp-content\/uploads\/2024\/11\/OPAL-ZI-LTD.png 344w\" data-sizes=\"auto\" data-eio-rwidth=\"300\" data-eio-rheight=\"237\" \/><\/u><\/strong><\/span><\/h6>\n<h6><\/h6>\n<div class=\"woocommerce-tabs wc-tabs-wrapper\">\n<div id=\"tab-description\" class=\"woocommerce-Tabs-panel woocommerce-Tabs-panel--description panel entry-content wc-tab\" role=\"tabpanel\" aria-labelledby=\"tab-title-description\">\n<h6><span style=\"color: #000080;\">Patrunjelul Gigant Italian, este o planta aromat\u0103 cu crestere viguroas\u0103, cu frunze mari, netede, aromate, de culoare verde \u00eenchis, ce au coada lung\u0103.<\/span><\/h6>\n<h6><span style=\"color: #000080;\">Soi timpuriu,ce se cultiva din primavara pana toamna tarziu.<\/span><\/h6>\n<h6><span style=\"color: #000080;\">Se poate cutiva in c\u00e2mp, in spatii acoperite, in jardiniere, etc.<\/span><\/h6>\n<h6><span style=\"color: #000080;\">Se consuma in stare proaspata sau conservat.<\/span><\/h6>\n<h6><span style=\"color: #000080;\">Sem\u0103nare in aer liber: martie-aprilie.<\/span><\/h6>\n<h6><span style=\"color: #000080;\">Distanta intre plante: 30 x 4 cm.<\/span><\/h6>\n<h6><span style=\"color: #000080;\">Recoltare: iunie-septembrie.<\/span><\/h6>\n<h6><span style=\"color: #000080;\">Perioada de vegetatie este de 75-85 zile.<\/span><\/h6>\n<h6><span style=\"color: #000080;\">Se recomanda nivelarea solului si stropirea usoara dupa insamantare.<\/span><\/h6>\n<h6><span style=\"color: #000080;\">Perioada de insamantat: 20 februarie-10 martie si 01-15 decembrie.<\/span><\/h6>\n<h6><span style=\"color: #000080;\">Specificatii tehnice:<\/span><\/h6>\n<ul>\n<li>\n<h6><span style=\"color: #000080;\">adancime 2-2,5 cm<\/span><\/h6>\n<\/li>\n<li>\n<h6><span style=\"color: #000080;\">insamantat incepand cu luna februarie-decembrie<\/span><\/h6>\n<\/li>\n<li>\n<h6><span style=\"color: #000080;\">norma de insamantat 8-10 grame\/100 mp<\/span><\/h6>\n<\/li>\n<li>\n<h6><span style=\"color: #000080;\">-sunt 600-700 seminte\/gram<\/span><\/h6>\n<\/li>\n<\/ul>\n<\/div>\n<\/div>\n","protected":false},"excerpt":{"rendered":"<h6><span style=\"color: #0000ff;\">10 grame\/6000-7000 SEMIN\u021aE<\/span><\/h6>\n<h6><\/h6>\n","protected":false},"featured_media":14009,"comment_status":"open","ping_status":"closed","template":"","meta":{"site-sidebar-layout":"default","site-content-layout":"default","ast-site-content-layout":"default","site-content-style":"default","site-sidebar-style":"default","ast-global-header-display":"","ast-banner-title-visibility":"","ast-main-header-display":"","ast-hfb-above-header-display":"","ast-hfb-below-header-display":"","ast-hfb-mobile-header-display":"","site-post-title":"","ast-breadcrumbs-content":"","ast-featured-img":"","footer-sml-layout":"","ast-disable-related-posts":"","theme-transparent-header-meta":"default","adv-header-id-meta":"","stick-header-meta":"","header-above-stick-meta":"","header-main-stick-meta":"","header-below-stick-meta":"","astra-migrate-meta-layouts":"set","ast-page-background-enabled":"default","ast-page-background-meta":{"desktop":{"background-color":"var(--ast-global-color-4)","background-image":"","background-repeat":"repeat","background-position":"center center","background-size":"auto","background-attachment":"scroll","background-type":"","background-media":"","overlay-type":"","overlay-color":"","overlay-opacity":"","overlay-gradient":""},"tablet":{"background-color":"","background-image":"","background-repeat":"repeat","background-position":"center center","background-size":"auto","background-attachment":"scroll","background-type":"","background-media":"","overlay-type":"","overlay-color":"","overlay-opacity":"","overlay-gradient":""},"mobile":{"background-color":"","background-image":"","background-repeat":"repeat","background-position":"center center","background-size":"auto","background-attachment":"scroll","background-type":"","background-media":"","overlay-type":"","overlay-color":"","overlay-opacity":"","overlay-gradient":""}},"ast-content-background-meta":{"desktop":{"background-color":"var(--ast-global-color-5)","background-image":"","background-repeat":"repeat","background-position":"center center","background-size":"auto","background-attachment":"scroll","background-type":"","background-media":"","overlay-type":"","overlay-color":"","overlay-opacity":"","overlay-gradient":""},"tablet":{"background-color":"var(--ast-global-color-5)","background-image":"","background-repeat":"repeat","background-position":"center center","background-size":"auto","background-attachment":"scroll","background-type":"","background-media":"","overlay-type":"","overlay-color":"","overlay-opacity":"","overlay-gradient":""},"mobile":{"background-color":"var(--ast-global-color-5)","background-image":"","background-repeat":"repeat","background-position":"center center","background-size":"auto","background-attachment":"scroll","background-type":"","background-media":"","overlay-type":"","overlay-color":"","overlay-opacity":"","overlay-gradient":""}}},"product_brand":[],"product_cat":[90],"product_tag":[],"class_list":{"0":"post-14008","1":"product","2":"type-product","3":"status-publish","4":"has-post-thumbnail","6":"product_cat-plante-aromatice","7":"desktop-align-left","8":"tablet-align-left","9":"mobile-align-left","11":"first","12":"instock","13":"sale","14":"taxable","15":"shipping-taxable","16":"purchasable","17":"product-type-simple"},"_links":{"self":[{"href":"https:\/\/vivasem.ro\/index.php?rest_route=\/wp\/v2\/product\/14008","targetHints":{"allow":["GET"]}}],"collection":[{"href":"https:\/\/vivasem.ro\/index.php?rest_route=\/wp\/v2\/product"}],"about":[{"href":"https:\/\/vivasem.ro\/index.php?rest_route=\/wp\/v2\/types\/product"}],"replies":[{"embeddable":true,"href":"https:\/\/vivasem.ro\/index.php?rest_route=%2Fwp%2Fv2%2Fcomments&post=14008"}],"wp:featuredmedia":[{"embeddable":true,"href":"https:\/\/vivasem.ro\/index.php?rest_route=\/wp\/v2\/media\/14009"}],"wp:attachment":[{"href":"https:\/\/vivasem.ro\/index.php?rest_route=%2Fwp%2Fv2%2Fmedia&parent=14008"}],"wp:term":[{"taxonomy":"product_brand","embeddable":true,"href":"https:\/\/vivasem.ro\/index.php?rest_route=%2Fwp%2Fv2%2Fproduct_brand&post=14008"},{"taxonomy":"product_cat","embeddable":true,"href":"https:\/\/vivasem.ro\/index.php?rest_route=%2Fwp%2Fv2%2Fproduct_cat&post=14008"},{"taxonomy":"product_tag","embeddable":true,"href":"https:\/\/vivasem.ro\/index.php?rest_route=%2Fwp%2Fv2%2Fproduct_tag&post=14008"}],"curies":[{"name":"wp","href":"https:\/\/api.w.org\/{rel}","templated":true}]}}