{"id":13997,"date":"2024-11-07T19:52:46","date_gmt":"2024-11-07T17:52:46","guid":{"rendered":"https:\/\/vivasem.ro\/?post_type=product&#038;p=13997"},"modified":"2026-02-07T21:05:57","modified_gmt":"2026-02-07T19:05:57","slug":"spanac-winter-giant-opal-30g","status":"publish","type":"product","link":"https:\/\/vivasem.ro\/?product=spanac-winter-giant-opal-30g","title":{"rendered":"\u201eSPANAC WINTER GIANT-OPAL (30g)"},"content":{"rendered":"<h6><span style=\"color: #ff0000;\">SPANAC WINTER GIANT,<\/span><\/h6>\n<h6><span style=\"color: #ff0000;\"><strong><u>Produs \u0219i ambalat de: <\/u><\/strong><\/span><span style=\"color: #ff0000;\"><strong><u>OPAL ZI ODD- BULGARIA,\u00a0 \u00a0 \u00a0 \u00a0 \u00a0 \u00a0<\/u><\/strong><\/span><span style=\"color: #ff0000;\"><strong><u><img loading=\"lazy\" decoding=\"async\" class=\"alignnone wp-image-13963 lazyautosizes ls-is-cached lazyloaded\" src=\"https:\/\/vivasem.ro\/wp-content\/uploads\/2024\/11\/OPAL-ZI-LTD-300x237.png\" sizes=\"auto, 77px\" srcset=\"https:\/\/vivasem.ro\/wp-content\/uploads\/2024\/11\/OPAL-ZI-LTD-300x237.png 300w, https:\/\/vivasem.ro\/wp-content\/uploads\/2024\/11\/OPAL-ZI-LTD-150x119.png 150w, https:\/\/vivasem.ro\/wp-content\/uploads\/2024\/11\/OPAL-ZI-LTD-250x198.png 250w, https:\/\/vivasem.ro\/wp-content\/uploads\/2024\/11\/OPAL-ZI-LTD.png 344w\" alt=\"\" width=\"77\" height=\"61\" data-src=\"https:\/\/vivasem.ro\/wp-content\/uploads\/2024\/11\/OPAL-ZI-LTD-300x237.png\" data-srcset=\"https:\/\/vivasem.ro\/wp-content\/uploads\/2024\/11\/OPAL-ZI-LTD-300x237.png 300w, https:\/\/vivasem.ro\/wp-content\/uploads\/2024\/11\/OPAL-ZI-LTD-150x119.png 150w, https:\/\/vivasem.ro\/wp-content\/uploads\/2024\/11\/OPAL-ZI-LTD-250x198.png 250w, https:\/\/vivasem.ro\/wp-content\/uploads\/2024\/11\/OPAL-ZI-LTD.png 344w\" data-sizes=\"auto\" data-eio-rwidth=\"300\" data-eio-rheight=\"237\" \/><\/u><\/strong><\/span><\/h6>\n<h6><span style=\"color: #000080;\"><strong>Formeaz\u0103 o rozet\u0103 mare, cu diametrul de 20-25 cm., cu frunze de lungime medie. <\/strong><\/span><\/h6>\n<h6><span style=\"color: #000080;\"><strong>Frunzele sunt mari, verde \u00eenchis, cu textura delicat\u0103 \u0219i cu un gust foarte bun, cu un randament ridicat. <\/strong><\/span><\/h6>\n<h6><span style=\"color: #000080;\"><strong>Soiul este apreciat datorit\u0103 calit\u0103\u021bilor gustative ridicate. <\/strong><\/span><\/h6>\n<h6><span style=\"color: #000080;\"><strong>Rezist\u0103 foarte bine iarna. <\/strong><\/span><\/h6>\n<h6><span style=\"color: #000080;\"><strong>Randament mediu: 1,2-1,8 to \/ 1000 mp. <\/strong><\/span><\/h6>\n<h6><span style=\"color: #000080;\"><strong>Este potrivit pentru cultivare toamna, chiar \u0219i \u00een soluri foarte s\u0103race. <\/strong><\/span><\/h6>\n<h6><span style=\"color: #000080;\"><strong>Norma de \u00eens\u0103m\u00e2n\u021bare: 2,5-3 kg. \/ 1000 mp.<\/strong><\/span><\/h6>\n<h6><span style=\"color: #000080;\"><strong> 1 g con\u0163ine aproximativ 80-90 semin\u021be.<\/strong><\/span><\/h6>\n<ul>\n<li><strong><em>varietate timpurie<\/em><\/strong><\/li>\n<li><strong><em>planta cu cre\u0219tere viguroas\u0103, compact\u0103<\/em><\/strong><\/li>\n<li><strong><em>frunze erecte, lanceolate, de culoare verde deschis, ample, consistente \u0219i u\u0219or gofrate<\/em><\/strong><\/li>\n<li><strong><em>recomandate pentru recoltare de toamna-iarna<\/em><\/strong><\/li>\n<li><strong><em>germinatie minima 75%<\/em><\/strong><\/li>\n<li><strong><em>puritate 97%<\/em><\/strong><\/li>\n<li><strong><em>cca 100 seminte\/gram<\/em><\/strong><\/li>\n<\/ul>\n<table border=\"1\" cellspacing=\"1\" cellpadding=\"1\" align=\"center\">\n<tbody>\n<tr>\n<td rowspan=\"2\"><em><strong>Semanare in camp<\/strong><\/em><\/td>\n<td rowspan=\"2\"><\/td>\n<td rowspan=\"2\"><\/td>\n<td rowspan=\"2\"><em><strong>Rarire<\/strong><\/em><\/td>\n<td rowspan=\"2\"><em><strong>Recoltare<\/strong><\/em><\/td>\n<td rowspan=\"2\"><em><strong>Distanta intre randuri<\/strong><\/em><\/td>\n<td rowspan=\"2\"><em><strong>Distanta intre plante<\/strong><\/em><\/td>\n<td colspan=\"2\"><strong><em>Temperatura de germinare<\/em><\/strong><\/td>\n<\/tr>\n<tr>\n<td><em><strong>minima<\/strong><\/em><\/td>\n<td><em><strong>maxima<\/strong><\/em><\/td>\n<\/tr>\n<tr>\n<td><strong><em>februarie-octombrie\u00a0<\/em><\/strong><\/td>\n<td><\/td>\n<td><\/td>\n<td><strong><em>martie-noiembrie\u00a0<\/em><\/strong><\/td>\n<td><strong><em>aprilie-decembrie\u00a0<\/em><\/strong><\/td>\n<td><strong><em>20<\/em><\/strong><\/td>\n<td><strong><em>10<\/em><\/strong><\/td>\n<td><em><strong>5\u00b0<\/strong><\/em><\/td>\n<td><em><strong>25\u00b0<\/strong><\/em><\/td>\n<\/tr>\n<\/tbody>\n<\/table>\n<p>P+2<\/p>\n","protected":false},"excerpt":{"rendered":"<h6><span style=\"color: #0000ff;\">30grame\/2400-2700 SEMIN\u021aE<\/span><\/h6>\n","protected":false},"featured_media":13999,"comment_status":"open","ping_status":"closed","template":"","meta":{"site-sidebar-layout":"default","site-content-layout":"default","ast-site-content-layout":"default","site-content-style":"default","site-sidebar-style":"default","ast-global-header-display":"","ast-banner-title-visibility":"","ast-main-header-display":"","ast-hfb-above-header-display":"","ast-hfb-below-header-display":"","ast-hfb-mobile-header-display":"","site-post-title":"","ast-breadcrumbs-content":"","ast-featured-img":"","footer-sml-layout":"","ast-disable-related-posts":"","theme-transparent-header-meta":"default","adv-header-id-meta":"","stick-header-meta":"","header-above-stick-meta":"","header-main-stick-meta":"","header-below-stick-meta":"","astra-migrate-meta-layouts":"set","ast-page-background-enabled":"default","ast-page-background-meta":{"desktop":{"background-color":"var(--ast-global-color-4)","background-image":"","background-repeat":"repeat","background-position":"center center","background-size":"auto","background-attachment":"scroll","background-type":"","background-media":"","overlay-type":"","overlay-color":"","overlay-opacity":"","overlay-gradient":""},"tablet":{"background-color":"","background-image":"","background-repeat":"repeat","background-position":"center center","background-size":"auto","background-attachment":"scroll","background-type":"","background-media":"","overlay-type":"","overlay-color":"","overlay-opacity":"","overlay-gradient":""},"mobile":{"background-color":"","background-image":"","background-repeat":"repeat","background-position":"center center","background-size":"auto","background-attachment":"scroll","background-type":"","background-media":"","overlay-type":"","overlay-color":"","overlay-opacity":"","overlay-gradient":""}},"ast-content-background-meta":{"desktop":{"background-color":"var(--ast-global-color-5)","background-image":"","background-repeat":"repeat","background-position":"center center","background-size":"auto","background-attachment":"scroll","background-type":"","background-media":"","overlay-type":"","overlay-color":"","overlay-opacity":"","overlay-gradient":""},"tablet":{"background-color":"var(--ast-global-color-5)","background-image":"","background-repeat":"repeat","background-position":"center center","background-size":"auto","background-attachment":"scroll","background-type":"","background-media":"","overlay-type":"","overlay-color":"","overlay-opacity":"","overlay-gradient":""},"mobile":{"background-color":"var(--ast-global-color-5)","background-image":"","background-repeat":"repeat","background-position":"center center","background-size":"auto","background-attachment":"scroll","background-type":"","background-media":"","overlay-type":"","overlay-color":"","overlay-opacity":"","overlay-gradient":""}}},"product_brand":[],"product_cat":[114],"product_tag":[],"class_list":{"0":"post-13997","1":"product","2":"type-product","3":"status-publish","4":"has-post-thumbnail","6":"product_cat-spanac","7":"desktop-align-left","8":"tablet-align-left","9":"mobile-align-left","11":"first","12":"outofstock","13":"taxable","14":"shipping-taxable","15":"purchasable","16":"product-type-simple"},"_links":{"self":[{"href":"https:\/\/vivasem.ro\/index.php?rest_route=\/wp\/v2\/product\/13997","targetHints":{"allow":["GET"]}}],"collection":[{"href":"https:\/\/vivasem.ro\/index.php?rest_route=\/wp\/v2\/product"}],"about":[{"href":"https:\/\/vivasem.ro\/index.php?rest_route=\/wp\/v2\/types\/product"}],"replies":[{"embeddable":true,"href":"https:\/\/vivasem.ro\/index.php?rest_route=%2Fwp%2Fv2%2Fcomments&post=13997"}],"wp:featuredmedia":[{"embeddable":true,"href":"https:\/\/vivasem.ro\/index.php?rest_route=\/wp\/v2\/media\/13999"}],"wp:attachment":[{"href":"https:\/\/vivasem.ro\/index.php?rest_route=%2Fwp%2Fv2%2Fmedia&parent=13997"}],"wp:term":[{"taxonomy":"product_brand","embeddable":true,"href":"https:\/\/vivasem.ro\/index.php?rest_route=%2Fwp%2Fv2%2Fproduct_brand&post=13997"},{"taxonomy":"product_cat","embeddable":true,"href":"https:\/\/vivasem.ro\/index.php?rest_route=%2Fwp%2Fv2%2Fproduct_cat&post=13997"},{"taxonomy":"product_tag","embeddable":true,"href":"https:\/\/vivasem.ro\/index.php?rest_route=%2Fwp%2Fv2%2Fproduct_tag&post=13997"}],"curies":[{"name":"wp","href":"https:\/\/api.w.org\/{rel}","templated":true}]}}