{"id":13991,"date":"2024-11-07T19:22:51","date_gmt":"2024-11-07T17:22:51","guid":{"rendered":"https:\/\/vivasem.ro\/?post_type=product&#038;p=13991"},"modified":"2026-03-23T12:40:55","modified_gmt":"2026-03-23T10:40:55","slug":"fasole-pitica-lata-goliath-opal-40g","status":"publish","type":"product","link":"https:\/\/vivasem.ro\/?product=fasole-pitica-lata-goliath-opal-40g","title":{"rendered":"FASOLE PITIC\u0102 LAT\u0102 GOLIATH-OPAL (40g)"},"content":{"rendered":"<h6><span style=\"color: #ff0000;\">FASOLE PITIC\u0102 LAT\u0102 GOLIATH,<\/span><\/h6>\n<h6><span style=\"color: #ff0000;\"><strong><u>Produs \u0219i ambalat de: <\/u><\/strong><\/span><span style=\"color: #ff0000;\"><strong><u>OPAL ZI ODD- BULGARIA,\u00a0 \u00a0 \u00a0 \u00a0 \u00a0 \u00a0<\/u><\/strong><\/span><span style=\"color: #ff0000;\"><strong><u><img loading=\"lazy\" decoding=\"async\" class=\"alignnone wp-image-13963 lazyautosizes ls-is-cached lazyloaded\" src=\"https:\/\/vivasem.ro\/wp-content\/uploads\/2024\/11\/OPAL-ZI-LTD-300x237.png\" sizes=\"auto, 77px\" srcset=\"https:\/\/vivasem.ro\/wp-content\/uploads\/2024\/11\/OPAL-ZI-LTD-300x237.png 300w, https:\/\/vivasem.ro\/wp-content\/uploads\/2024\/11\/OPAL-ZI-LTD-150x119.png 150w, https:\/\/vivasem.ro\/wp-content\/uploads\/2024\/11\/OPAL-ZI-LTD-250x198.png 250w, https:\/\/vivasem.ro\/wp-content\/uploads\/2024\/11\/OPAL-ZI-LTD.png 344w\" alt=\"\" width=\"77\" height=\"61\" data-src=\"https:\/\/vivasem.ro\/wp-content\/uploads\/2024\/11\/OPAL-ZI-LTD-300x237.png\" data-srcset=\"https:\/\/vivasem.ro\/wp-content\/uploads\/2024\/11\/OPAL-ZI-LTD-300x237.png 300w, https:\/\/vivasem.ro\/wp-content\/uploads\/2024\/11\/OPAL-ZI-LTD-150x119.png 150w, https:\/\/vivasem.ro\/wp-content\/uploads\/2024\/11\/OPAL-ZI-LTD-250x198.png 250w, https:\/\/vivasem.ro\/wp-content\/uploads\/2024\/11\/OPAL-ZI-LTD.png 344w\" data-sizes=\"auto\" data-eio-rwidth=\"300\" data-eio-rheight=\"237\" \/><\/u><\/strong><\/span><\/h6>\n<h6><span style=\"color: #000080;\"><strong>SOI FOARTE PRODUCTIV DE FASOLE PITIC\u0102 ,CU TOLERAN\u021a\u0102 RIDICAT\u0102 LA BOLI.<\/strong><\/span><\/h6>\n<h6><span style=\"color: #000080;\"><strong>PRODUCE\u00a0 P\u0102STAI GALBENE, LATE de 2 cm., LUNGI DE 14-16 centimetrii,\u00a0 \u00a0C\u0102RNOASE, F\u0102R\u0102 A\u021aE \u0218I FOARTE GUSTOASE.<\/strong><\/span><\/h6>\n<h6><span style=\"color: #000080;\"><strong>TUFA PITIC\u0102,AJUNGE LA 50 centimetrii IN\u0102L\u021aIME.<\/strong><\/span><\/h6>\n<h6><span style=\"color: #000080;\"><strong>BOABELE USCATE SUNT ALBE.<\/strong><\/span><\/h6>\n<h6><span style=\"color: #000080;\">Recomandat pentru consum \u00een stare proasp\u0103t\u0103, industrializare \u015fi congelare.<\/span><\/h6>\n<h6><span style=\"color: #000080;\">Soi semitimpuriu, perioada de vegetatie 55-60 zile.<\/span><\/h6>\n<h6><span style=\"color: #000080;\">Sem\u0103nat \u00een aer liber: aprilie-iulie.<\/span><\/h6>\n<h6><span style=\"color: #000080;\">Distan\u021ba \u00eentre plante: 50\u00d710 cm, dac\u0103 se cultiv\u0103 pe r\u00e2nduri , sau la 40 cm . \u00eentre cuiburi de 4-5 boabe.<\/span><\/h6>\n<h6><span style=\"color: #000080;\">Recolt\u0103: iunie-octombrie.<\/span><\/h6>\n","protected":false},"excerpt":{"rendered":"<h6><span style=\"color: #0000ff;\">40grame\/160-200 SEMIN\u021aE<\/span><\/h6>\n","protected":false},"featured_media":13992,"comment_status":"open","ping_status":"closed","template":"","meta":{"site-sidebar-layout":"default","site-content-layout":"default","ast-site-content-layout":"default","site-content-style":"default","site-sidebar-style":"default","ast-global-header-display":"","ast-banner-title-visibility":"","ast-main-header-display":"","ast-hfb-above-header-display":"","ast-hfb-below-header-display":"","ast-hfb-mobile-header-display":"","site-post-title":"","ast-breadcrumbs-content":"","ast-featured-img":"","footer-sml-layout":"","ast-disable-related-posts":"","theme-transparent-header-meta":"default","adv-header-id-meta":"","stick-header-meta":"","header-above-stick-meta":"","header-main-stick-meta":"","header-below-stick-meta":"","astra-migrate-meta-layouts":"set","ast-page-background-enabled":"default","ast-page-background-meta":{"desktop":{"background-color":"var(--ast-global-color-4)","background-image":"","background-repeat":"repeat","background-position":"center center","background-size":"auto","background-attachment":"scroll","background-type":"","background-media":"","overlay-type":"","overlay-color":"","overlay-opacity":"","overlay-gradient":""},"tablet":{"background-color":"","background-image":"","background-repeat":"repeat","background-position":"center center","background-size":"auto","background-attachment":"scroll","background-type":"","background-media":"","overlay-type":"","overlay-color":"","overlay-opacity":"","overlay-gradient":""},"mobile":{"background-color":"","background-image":"","background-repeat":"repeat","background-position":"center center","background-size":"auto","background-attachment":"scroll","background-type":"","background-media":"","overlay-type":"","overlay-color":"","overlay-opacity":"","overlay-gradient":""}},"ast-content-background-meta":{"desktop":{"background-color":"var(--ast-global-color-5)","background-image":"","background-repeat":"repeat","background-position":"center center","background-size":"auto","background-attachment":"scroll","background-type":"","background-media":"","overlay-type":"","overlay-color":"","overlay-opacity":"","overlay-gradient":""},"tablet":{"background-color":"var(--ast-global-color-5)","background-image":"","background-repeat":"repeat","background-position":"center center","background-size":"auto","background-attachment":"scroll","background-type":"","background-media":"","overlay-type":"","overlay-color":"","overlay-opacity":"","overlay-gradient":""},"mobile":{"background-color":"var(--ast-global-color-5)","background-image":"","background-repeat":"repeat","background-position":"center center","background-size":"auto","background-attachment":"scroll","background-type":"","background-media":"","overlay-type":"","overlay-color":"","overlay-opacity":"","overlay-gradient":""}}},"product_brand":[],"product_cat":[112],"product_tag":[],"class_list":{"0":"post-13991","1":"product","2":"type-product","3":"status-publish","4":"has-post-thumbnail","6":"product_cat-fasole-oloaga-fasole-pitica","7":"desktop-align-left","8":"tablet-align-left","9":"mobile-align-left","11":"first","12":"instock","13":"taxable","14":"shipping-taxable","15":"purchasable","16":"product-type-simple"},"_links":{"self":[{"href":"https:\/\/vivasem.ro\/index.php?rest_route=\/wp\/v2\/product\/13991","targetHints":{"allow":["GET"]}}],"collection":[{"href":"https:\/\/vivasem.ro\/index.php?rest_route=\/wp\/v2\/product"}],"about":[{"href":"https:\/\/vivasem.ro\/index.php?rest_route=\/wp\/v2\/types\/product"}],"replies":[{"embeddable":true,"href":"https:\/\/vivasem.ro\/index.php?rest_route=%2Fwp%2Fv2%2Fcomments&post=13991"}],"wp:featuredmedia":[{"embeddable":true,"href":"https:\/\/vivasem.ro\/index.php?rest_route=\/wp\/v2\/media\/13992"}],"wp:attachment":[{"href":"https:\/\/vivasem.ro\/index.php?rest_route=%2Fwp%2Fv2%2Fmedia&parent=13991"}],"wp:term":[{"taxonomy":"product_brand","embeddable":true,"href":"https:\/\/vivasem.ro\/index.php?rest_route=%2Fwp%2Fv2%2Fproduct_brand&post=13991"},{"taxonomy":"product_cat","embeddable":true,"href":"https:\/\/vivasem.ro\/index.php?rest_route=%2Fwp%2Fv2%2Fproduct_cat&post=13991"},{"taxonomy":"product_tag","embeddable":true,"href":"https:\/\/vivasem.ro\/index.php?rest_route=%2Fwp%2Fv2%2Fproduct_tag&post=13991"}],"curies":[{"name":"wp","href":"https:\/\/api.w.org\/{rel}","templated":true}]}}