{"id":13986,"date":"2024-11-07T18:25:40","date_gmt":"2024-11-07T16:25:40","guid":{"rendered":"https:\/\/vivasem.ro\/?post_type=product&#038;p=13986"},"modified":"2026-04-12T07:09:51","modified_gmt":"2026-04-12T05:09:51","slug":"ardei-semi-iute-pestisor-opal-zi-bulgaria-2g","status":"publish","type":"product","link":"https:\/\/vivasem.ro\/?product=ardei-semi-iute-pestisor-opal-zi-bulgaria-2g","title":{"rendered":"Ardei semi-iute PESTISOR (Opal ZI-Bulgaria) (2g)"},"content":{"rendered":"<h6><span style=\"color: #ff0000;\"><strong> Ardei semi-iute PE\u0218TI\u0218OR ,<\/strong><\/span><\/h6>\n<h6><span style=\"color: #ff0000;\"><strong>Produs \u0219i ambalat de:Opal ZI-Bulgaria\u00a0 \u00a0 \u00a0 \u00a0 \u00a0 \u00a0 \u00a0 <img loading=\"lazy\" decoding=\"async\" class=\"alignnone wp-image-13963 lazyautosizes ls-is-cached lazyloaded\" src=\"https:\/\/vivasem.ro\/wp-content\/uploads\/2024\/11\/OPAL-ZI-LTD-300x237.png\" sizes=\"auto, 77px\" srcset=\"https:\/\/vivasem.ro\/wp-content\/uploads\/2024\/11\/OPAL-ZI-LTD-300x237.png 300w, https:\/\/vivasem.ro\/wp-content\/uploads\/2024\/11\/OPAL-ZI-LTD-150x119.png 150w, https:\/\/vivasem.ro\/wp-content\/uploads\/2024\/11\/OPAL-ZI-LTD-250x198.png 250w, https:\/\/vivasem.ro\/wp-content\/uploads\/2024\/11\/OPAL-ZI-LTD.png 344w\" alt=\"\" width=\"77\" height=\"61\" data-src=\"https:\/\/vivasem.ro\/wp-content\/uploads\/2024\/11\/OPAL-ZI-LTD-300x237.png\" data-srcset=\"https:\/\/vivasem.ro\/wp-content\/uploads\/2024\/11\/OPAL-ZI-LTD-300x237.png 300w, https:\/\/vivasem.ro\/wp-content\/uploads\/2024\/11\/OPAL-ZI-LTD-150x119.png 150w, https:\/\/vivasem.ro\/wp-content\/uploads\/2024\/11\/OPAL-ZI-LTD-250x198.png 250w, https:\/\/vivasem.ro\/wp-content\/uploads\/2024\/11\/OPAL-ZI-LTD.png 344w\" data-sizes=\"auto\" data-eio-rwidth=\"300\" data-eio-rheight=\"237\" \/><\/strong><\/span><\/h6>\n<h6><span style=\"color: #000080;\"><strong> Fructul are <\/strong><strong>lungimea de 8-10 cm <\/strong><strong>,este aplatizat \u0219i seam\u0103n\u0103 la\u00a0 form\u0103 cu un\u00a0 pe\u0219te .<\/strong><\/span><\/h6>\n<h6><span style=\"color: #ff0000;\"><strong> Fructul este u\u0219or iute la gust.\u00a0 Ar<\/strong><strong>e culoarea verde deschis, iar la maturitate botanic\u0103 devine ro\u015fu-portocaliu.<\/strong><\/span><\/h6>\n<h6><span style=\"color: #000080;\"><strong>Cre\u0219te \u00een\u00a0 pozi\u0163ia at\u00e2rnat,<\/strong><\/span><\/h6>\n<h6><span style=\"color: #000080;\"><strong>\u00a0Soi cu productivitate sporit\u0103. <\/strong><\/span><\/h6>\n<h6><span style=\"color: #000080;\"><strong>Potrivit pentru consum \u00een stare proasp\u0103t\u0103 \u0219i pentru conservare.<\/strong><\/span><\/h6>\n","protected":false},"excerpt":{"rendered":"<h6><span style=\"color: #0000ff;\">2 GRAME\/ 250-300 SEMIN\u021aE<\/span><\/h6>\n<h6><\/h6>\n","protected":false},"featured_media":13988,"comment_status":"open","ping_status":"closed","template":"","meta":{"site-sidebar-layout":"default","site-content-layout":"default","ast-site-content-layout":"default","site-content-style":"default","site-sidebar-style":"default","ast-global-header-display":"","ast-banner-title-visibility":"","ast-main-header-display":"","ast-hfb-above-header-display":"","ast-hfb-below-header-display":"","ast-hfb-mobile-header-display":"","site-post-title":"","ast-breadcrumbs-content":"","ast-featured-img":"","footer-sml-layout":"","ast-disable-related-posts":"","theme-transparent-header-meta":"default","adv-header-id-meta":"","stick-header-meta":"","header-above-stick-meta":"","header-main-stick-meta":"","header-below-stick-meta":"","astra-migrate-meta-layouts":"set","ast-page-background-enabled":"default","ast-page-background-meta":{"desktop":{"background-color":"var(--ast-global-color-4)","background-image":"","background-repeat":"repeat","background-position":"center center","background-size":"auto","background-attachment":"scroll","background-type":"","background-media":"","overlay-type":"","overlay-color":"","overlay-opacity":"","overlay-gradient":""},"tablet":{"background-color":"","background-image":"","background-repeat":"repeat","background-position":"center center","background-size":"auto","background-attachment":"scroll","background-type":"","background-media":"","overlay-type":"","overlay-color":"","overlay-opacity":"","overlay-gradient":""},"mobile":{"background-color":"","background-image":"","background-repeat":"repeat","background-position":"center center","background-size":"auto","background-attachment":"scroll","background-type":"","background-media":"","overlay-type":"","overlay-color":"","overlay-opacity":"","overlay-gradient":""}},"ast-content-background-meta":{"desktop":{"background-color":"var(--ast-global-color-5)","background-image":"","background-repeat":"repeat","background-position":"center center","background-size":"auto","background-attachment":"scroll","background-type":"","background-media":"","overlay-type":"","overlay-color":"","overlay-opacity":"","overlay-gradient":""},"tablet":{"background-color":"var(--ast-global-color-5)","background-image":"","background-repeat":"repeat","background-position":"center center","background-size":"auto","background-attachment":"scroll","background-type":"","background-media":"","overlay-type":"","overlay-color":"","overlay-opacity":"","overlay-gradient":""},"mobile":{"background-color":"var(--ast-global-color-5)","background-image":"","background-repeat":"repeat","background-position":"center center","background-size":"auto","background-attachment":"scroll","background-type":"","background-media":"","overlay-type":"","overlay-color":"","overlay-opacity":"","overlay-gradient":""}}},"product_brand":[],"product_cat":[111],"product_tag":[],"class_list":{"0":"post-13986","1":"product","2":"type-product","3":"status-publish","4":"has-post-thumbnail","6":"product_cat-ardei-iute","7":"desktop-align-left","8":"tablet-align-left","9":"mobile-align-left","11":"first","12":"instock","13":"taxable","14":"shipping-taxable","15":"purchasable","16":"product-type-simple"},"_links":{"self":[{"href":"https:\/\/vivasem.ro\/index.php?rest_route=\/wp\/v2\/product\/13986","targetHints":{"allow":["GET"]}}],"collection":[{"href":"https:\/\/vivasem.ro\/index.php?rest_route=\/wp\/v2\/product"}],"about":[{"href":"https:\/\/vivasem.ro\/index.php?rest_route=\/wp\/v2\/types\/product"}],"replies":[{"embeddable":true,"href":"https:\/\/vivasem.ro\/index.php?rest_route=%2Fwp%2Fv2%2Fcomments&post=13986"}],"wp:featuredmedia":[{"embeddable":true,"href":"https:\/\/vivasem.ro\/index.php?rest_route=\/wp\/v2\/media\/13988"}],"wp:attachment":[{"href":"https:\/\/vivasem.ro\/index.php?rest_route=%2Fwp%2Fv2%2Fmedia&parent=13986"}],"wp:term":[{"taxonomy":"product_brand","embeddable":true,"href":"https:\/\/vivasem.ro\/index.php?rest_route=%2Fwp%2Fv2%2Fproduct_brand&post=13986"},{"taxonomy":"product_cat","embeddable":true,"href":"https:\/\/vivasem.ro\/index.php?rest_route=%2Fwp%2Fv2%2Fproduct_cat&post=13986"},{"taxonomy":"product_tag","embeddable":true,"href":"https:\/\/vivasem.ro\/index.php?rest_route=%2Fwp%2Fv2%2Fproduct_tag&post=13986"}],"curies":[{"name":"wp","href":"https:\/\/api.w.org\/{rel}","templated":true}]}}