{"id":13978,"date":"2024-11-07T10:46:38","date_gmt":"2024-11-07T08:46:38","guid":{"rendered":"https:\/\/vivasem.ro\/?post_type=product&#038;p=13978"},"modified":"2026-02-19T21:22:42","modified_gmt":"2026-02-19T19:22:42","slug":"beta-alpha-opal-zi-bulgaria-2g-castraveti-libanezi-castraveti-persani","status":"publish","type":"product","link":"https:\/\/vivasem.ro\/?product=beta-alpha-opal-zi-bulgaria-2g-castraveti-libanezi-castraveti-persani","title":{"rendered":"\u201e\u201eCASTRAVETI BETA ALPHA (Opal ZI-Bulgaria) (2g) \/CASTRAVETI LIBANEZI\/CASTRAVETI PERSANI"},"content":{"rendered":"<h6><span style=\"color: #ff0000;\"><strong><u>CASTRAVE\u021aI BETA ALPHA\/BEIT ALPHA \/CASTRAVETI LIBANEZI\/ CASTRAVETI PERSANI, ,<\/u><\/strong><\/span><\/h6>\n<h6><span style=\"color: #ff0000;\"><strong>Produs \u0219i ambalat de:Opal ZI-Bulgaria\u00a0 \u00a0 \u00a0 \u00a0 \u00a0 \u00a0 \u00a0 <img loading=\"lazy\" decoding=\"async\" class=\"alignnone wp-image-13963\" src=\"https:\/\/vivasem.ro\/wp-content\/uploads\/2024\/11\/OPAL-ZI-LTD-300x237.png\" alt=\"\" width=\"77\" height=\"61\" srcset=\"https:\/\/vivasem.ro\/wp-content\/uploads\/2024\/11\/OPAL-ZI-LTD-300x237.png 300w, https:\/\/vivasem.ro\/wp-content\/uploads\/2024\/11\/OPAL-ZI-LTD-248x196.png 248w, https:\/\/vivasem.ro\/wp-content\/uploads\/2024\/11\/OPAL-ZI-LTD-150x119.png 150w, https:\/\/vivasem.ro\/wp-content\/uploads\/2024\/11\/OPAL-ZI-LTD.png 344w\" sizes=\"auto, (max-width: 77px) 100vw, 77px\" \/><\/strong><\/span><\/h6>\n<h6><span style=\"color: #333399;\"><strong>Dintre cei mai populari \u0219i mai cultiva\u021bi castrave\u021bi \u00een tot Orientul Mijlociu, \u00een Israel fiind num\u0103rul unu de circa 100 de ani., \u00een fiecare regiune av\u00e2nd alt\u0103 denumire.<\/strong><\/span><\/h6>\n<h6><span style=\"color: #ff0000;\">Fructele\u00a0 de 12-18 centimetrii lungime,cu forma cilindric\u0103 ,spini rari \u0219i culoare verde deschis, neamare, uniforme, cu aspect comercial .<\/span><\/h6>\n<h6><span style=\"color: #333399;\">Este cultivat atat pentru consum in stare proaspata c\u00e2t si pentru murat,c\u00e2nd fructele isi pastreaza fermitatea.<\/span><\/h6>\n<h6><span style=\"color: #ff0000;\">EXCELENT DE SALAT\u0102 ,DATORIT\u0102 GUSTULUI DELICIOS, DULCE,AROM\u0102 PUTERNIC\u0102 .<\/span><\/h6>\n<h6><span style=\"color: #ff0000;\">\u00a0COAJA ESTE , FOARTE FIN\u0102 , CE DE CELE MAI MULTE ORI NU NECESIT\u0102 CUR\u0102\u021aAREA , PULPA FRAGED\u0102,CROCANT\u0102.<\/span><\/h6>\n<h6><span style=\"color: #ff0000;\">PLANTELE\u00a0 \u00a0SUNT TIMPURII,\u00a0\u00a050 -60 zile .<\/span><\/h6>\n<h6><span style=\"color: #333399;\">Prezint\u0103 pe tot sezonul,randament ridicat, deoarece produce preponderent flori femele fiind \u0219i partenocarpic.<\/span><\/h6>\n<h6><span style=\"color: #333399;\">Recomandat pentru cultura in spa\u021bii protejate c\u00e2t \u0219i in c\u00e2mp ,rezistent la stres termic.\u00a0<\/span><\/h6>\n<h6><span style=\"color: #333399;\">Este cultivat prin r\u0103saduri sau prin \u00eens\u0103m\u00e2n\u021barea direct\u0103 \u0219i se folose\u015fte o structur\u0103 de sus\u021binere. <\/span><\/h6>\n<h6><span style=\"color: #333399;\">Rata de \u00eens\u0103m\u00e2n\u021bare: sere 120-130 g. \/ 1000 mp.<\/span><\/h6>\n<h6><span style=\"color: #333399;\"> Sem\u0103nat direct: 150-250 g. \/ ha. <\/span><\/h6>\n<h6><span style=\"color: #333399;\">Num\u0103rul de semin\u021be \u00eentr-un gram: 30 buc.<\/span><\/h6>\n","protected":false},"excerpt":{"rendered":"<h6><span style=\"color: #0000ff;\">2 GRAME\/ 60 SEMIN\u021aE<\/span><\/h6>\n<h6><\/h6>\n","protected":false},"featured_media":13979,"comment_status":"open","ping_status":"closed","template":"","meta":{"site-sidebar-layout":"default","site-content-layout":"default","ast-site-content-layout":"default","site-content-style":"default","site-sidebar-style":"default","ast-global-header-display":"","ast-banner-title-visibility":"","ast-main-header-display":"","ast-hfb-above-header-display":"","ast-hfb-below-header-display":"","ast-hfb-mobile-header-display":"","site-post-title":"","ast-breadcrumbs-content":"","ast-featured-img":"","footer-sml-layout":"","ast-disable-related-posts":"","theme-transparent-header-meta":"default","adv-header-id-meta":"","stick-header-meta":"","header-above-stick-meta":"","header-main-stick-meta":"","header-below-stick-meta":"","astra-migrate-meta-layouts":"set","ast-page-background-enabled":"default","ast-page-background-meta":{"desktop":{"background-color":"var(--ast-global-color-4)","background-image":"","background-repeat":"repeat","background-position":"center center","background-size":"auto","background-attachment":"scroll","background-type":"","background-media":"","overlay-type":"","overlay-color":"","overlay-opacity":"","overlay-gradient":""},"tablet":{"background-color":"","background-image":"","background-repeat":"repeat","background-position":"center center","background-size":"auto","background-attachment":"scroll","background-type":"","background-media":"","overlay-type":"","overlay-color":"","overlay-opacity":"","overlay-gradient":""},"mobile":{"background-color":"","background-image":"","background-repeat":"repeat","background-position":"center center","background-size":"auto","background-attachment":"scroll","background-type":"","background-media":"","overlay-type":"","overlay-color":"","overlay-opacity":"","overlay-gradient":""}},"ast-content-background-meta":{"desktop":{"background-color":"var(--ast-global-color-5)","background-image":"","background-repeat":"repeat","background-position":"center center","background-size":"auto","background-attachment":"scroll","background-type":"","background-media":"","overlay-type":"","overlay-color":"","overlay-opacity":"","overlay-gradient":""},"tablet":{"background-color":"var(--ast-global-color-5)","background-image":"","background-repeat":"repeat","background-position":"center center","background-size":"auto","background-attachment":"scroll","background-type":"","background-media":"","overlay-type":"","overlay-color":"","overlay-opacity":"","overlay-gradient":""},"mobile":{"background-color":"var(--ast-global-color-5)","background-image":"","background-repeat":"repeat","background-position":"center center","background-size":"auto","background-attachment":"scroll","background-type":"","background-media":"","overlay-type":"","overlay-color":"","overlay-opacity":"","overlay-gradient":""}}},"product_brand":[],"product_cat":[147,136],"product_tag":[],"class_list":{"0":"post-13978","1":"product","2":"type-product","3":"status-publish","4":"has-post-thumbnail","6":"product_cat-02-castraveti","7":"product_cat-castraveti-soi","8":"desktop-align-left","9":"tablet-align-left","10":"mobile-align-left","12":"first","13":"outofstock","14":"taxable","15":"shipping-taxable","16":"purchasable","17":"product-type-simple"},"_links":{"self":[{"href":"https:\/\/vivasem.ro\/index.php?rest_route=\/wp\/v2\/product\/13978","targetHints":{"allow":["GET"]}}],"collection":[{"href":"https:\/\/vivasem.ro\/index.php?rest_route=\/wp\/v2\/product"}],"about":[{"href":"https:\/\/vivasem.ro\/index.php?rest_route=\/wp\/v2\/types\/product"}],"replies":[{"embeddable":true,"href":"https:\/\/vivasem.ro\/index.php?rest_route=%2Fwp%2Fv2%2Fcomments&post=13978"}],"wp:featuredmedia":[{"embeddable":true,"href":"https:\/\/vivasem.ro\/index.php?rest_route=\/wp\/v2\/media\/13979"}],"wp:attachment":[{"href":"https:\/\/vivasem.ro\/index.php?rest_route=%2Fwp%2Fv2%2Fmedia&parent=13978"}],"wp:term":[{"taxonomy":"product_brand","embeddable":true,"href":"https:\/\/vivasem.ro\/index.php?rest_route=%2Fwp%2Fv2%2Fproduct_brand&post=13978"},{"taxonomy":"product_cat","embeddable":true,"href":"https:\/\/vivasem.ro\/index.php?rest_route=%2Fwp%2Fv2%2Fproduct_cat&post=13978"},{"taxonomy":"product_tag","embeddable":true,"href":"https:\/\/vivasem.ro\/index.php?rest_route=%2Fwp%2Fv2%2Fproduct_tag&post=13978"}],"curies":[{"name":"wp","href":"https:\/\/api.w.org\/{rel}","templated":true}]}}