{"id":13969,"date":"2024-11-07T07:54:22","date_gmt":"2024-11-07T05:54:22","guid":{"rendered":"https:\/\/vivasem.ro\/?post_type=product&#038;p=13969"},"modified":"2026-03-26T08:40:57","modified_gmt":"2026-03-26T06:40:57","slug":"ridichi-cbo-national-opal-zi-bulgaria-5g","status":"publish","type":"product","link":"https:\/\/vivasem.ro\/?product=ridichi-cbo-national-opal-zi-bulgaria-5g","title":{"rendered":"RIDICHI CBO NATIONAL (Opal ZI-Bulgaria) (5g)"},"content":{"rendered":"<h6><span style=\"color: #ff0000;\"><strong><u>RIDICHI CBO NATIONAL,<\/u><\/strong><\/span><\/h6>\n<h6><span style=\"color: #ff0000;\"><strong>Produs \u0219i ambalat de:Opal ZI-Bulgaria\u00a0 \u00a0 \u00a0 \u00a0 \u00a0 \u00a0 \u00a0 <img loading=\"lazy\" decoding=\"async\" class=\"alignnone wp-image-13963\" src=\"https:\/\/vivasem.ro\/wp-content\/uploads\/2024\/11\/OPAL-ZI-LTD-300x237.png\" alt=\"\" width=\"77\" height=\"61\" srcset=\"https:\/\/vivasem.ro\/wp-content\/uploads\/2024\/11\/OPAL-ZI-LTD-300x237.png 300w, https:\/\/vivasem.ro\/wp-content\/uploads\/2024\/11\/OPAL-ZI-LTD-248x196.png 248w, https:\/\/vivasem.ro\/wp-content\/uploads\/2024\/11\/OPAL-ZI-LTD-150x119.png 150w, https:\/\/vivasem.ro\/wp-content\/uploads\/2024\/11\/OPAL-ZI-LTD.png 344w\" sizes=\"auto, (max-width: 77px) 100vw, 77px\" \/><\/strong><\/span><\/h6>\n<h6><span style=\"color: #333399;\">Ridichile\u00a0 au o form\u0103 sferic\u0103 rotund\u0103, <\/span><span style=\"color: #333399;\">sunt mari, <\/span><span style=\"color: #333399;\">cu diametrul de 3-3,5 cm.,<\/span><\/h6>\n<h6><span style=\"color: #333399;\">coaja <\/span><span style=\"color: #333399;\">are culoarea ro\u0219u-alb .<\/span><\/h6>\n<h6><span style=\"color: #333399;\">Miezul <\/span><span style=\"color: #333399;\">are culoarea alb-roz , este <\/span><span style=\"color: #333399;\">dens, crocant, <\/span><span style=\"color: #333399;\">cu un gust excelent.<\/span><\/h6>\n<h6><span style=\"color: #333399;\">Rozeta de frunze este bogat\u0103, compus\u0103 dintr-un numar mare de frunze.<\/span><\/h6>\n<h6><span style=\"color: #333399; font-size: 17.6px;\">Excelente pentru cultivare \u00een c\u00e2mp, pentru productia timpurie de primavara si de toamn\u0103 .<\/span><\/h6>\n","protected":false},"excerpt":{"rendered":"<h6><span style=\"color: #0000ff;\">5 GRAME\/cca 500-600 SEMIN\u021aE<\/span><\/h6>\n<h6><\/h6>\n","protected":false},"featured_media":13971,"comment_status":"open","ping_status":"closed","template":"","meta":{"site-sidebar-layout":"default","site-content-layout":"default","ast-site-content-layout":"default","site-content-style":"default","site-sidebar-style":"default","ast-global-header-display":"","ast-banner-title-visibility":"","ast-main-header-display":"","ast-hfb-above-header-display":"","ast-hfb-below-header-display":"","ast-hfb-mobile-header-display":"","site-post-title":"","ast-breadcrumbs-content":"","ast-featured-img":"","footer-sml-layout":"","ast-disable-related-posts":"","theme-transparent-header-meta":"default","adv-header-id-meta":"","stick-header-meta":"","header-above-stick-meta":"","header-main-stick-meta":"","header-below-stick-meta":"","astra-migrate-meta-layouts":"set","ast-page-background-enabled":"default","ast-page-background-meta":{"desktop":{"background-color":"var(--ast-global-color-4)","background-image":"","background-repeat":"repeat","background-position":"center center","background-size":"auto","background-attachment":"scroll","background-type":"","background-media":"","overlay-type":"","overlay-color":"","overlay-opacity":"","overlay-gradient":""},"tablet":{"background-color":"","background-image":"","background-repeat":"repeat","background-position":"center center","background-size":"auto","background-attachment":"scroll","background-type":"","background-media":"","overlay-type":"","overlay-color":"","overlay-opacity":"","overlay-gradient":""},"mobile":{"background-color":"","background-image":"","background-repeat":"repeat","background-position":"center center","background-size":"auto","background-attachment":"scroll","background-type":"","background-media":"","overlay-type":"","overlay-color":"","overlay-opacity":"","overlay-gradient":""}},"ast-content-background-meta":{"desktop":{"background-color":"var(--ast-global-color-5)","background-image":"","background-repeat":"repeat","background-position":"center center","background-size":"auto","background-attachment":"scroll","background-type":"","background-media":"","overlay-type":"","overlay-color":"","overlay-opacity":"","overlay-gradient":""},"tablet":{"background-color":"var(--ast-global-color-5)","background-image":"","background-repeat":"repeat","background-position":"center center","background-size":"auto","background-attachment":"scroll","background-type":"","background-media":"","overlay-type":"","overlay-color":"","overlay-opacity":"","overlay-gradient":""},"mobile":{"background-color":"var(--ast-global-color-5)","background-image":"","background-repeat":"repeat","background-position":"center center","background-size":"auto","background-attachment":"scroll","background-type":"","background-media":"","overlay-type":"","overlay-color":"","overlay-opacity":"","overlay-gradient":""}}},"product_brand":[],"product_cat":[89],"product_tag":[],"class_list":{"0":"post-13969","1":"product","2":"type-product","3":"status-publish","4":"has-post-thumbnail","6":"product_cat-radacinoase","7":"desktop-align-left","8":"tablet-align-left","9":"mobile-align-left","11":"first","12":"instock","13":"taxable","14":"shipping-taxable","15":"purchasable","16":"product-type-simple"},"_links":{"self":[{"href":"https:\/\/vivasem.ro\/index.php?rest_route=\/wp\/v2\/product\/13969","targetHints":{"allow":["GET"]}}],"collection":[{"href":"https:\/\/vivasem.ro\/index.php?rest_route=\/wp\/v2\/product"}],"about":[{"href":"https:\/\/vivasem.ro\/index.php?rest_route=\/wp\/v2\/types\/product"}],"replies":[{"embeddable":true,"href":"https:\/\/vivasem.ro\/index.php?rest_route=%2Fwp%2Fv2%2Fcomments&post=13969"}],"wp:featuredmedia":[{"embeddable":true,"href":"https:\/\/vivasem.ro\/index.php?rest_route=\/wp\/v2\/media\/13971"}],"wp:attachment":[{"href":"https:\/\/vivasem.ro\/index.php?rest_route=%2Fwp%2Fv2%2Fmedia&parent=13969"}],"wp:term":[{"taxonomy":"product_brand","embeddable":true,"href":"https:\/\/vivasem.ro\/index.php?rest_route=%2Fwp%2Fv2%2Fproduct_brand&post=13969"},{"taxonomy":"product_cat","embeddable":true,"href":"https:\/\/vivasem.ro\/index.php?rest_route=%2Fwp%2Fv2%2Fproduct_cat&post=13969"},{"taxonomy":"product_tag","embeddable":true,"href":"https:\/\/vivasem.ro\/index.php?rest_route=%2Fwp%2Fv2%2Fproduct_tag&post=13969"}],"curies":[{"name":"wp","href":"https:\/\/api.w.org\/{rel}","templated":true}]}}