{"id":13697,"date":"2024-10-29T09:10:21","date_gmt":"2024-10-29T07:10:21","guid":{"rendered":"https:\/\/vivasem.ro\/?post_type=product&#038;p=13697"},"modified":"2026-03-15T12:14:37","modified_gmt":"2026-03-15T10:14:37","slug":"porumb-zaharat-gia-f1-florian","status":"publish","type":"product","link":"https:\/\/vivasem.ro\/?product=porumb-zaharat-gia-f1-florian","title":{"rendered":"PORUMB ZAHARAT GIA F1  (FLORIAN )"},"content":{"rendered":"<h6><span style=\"color: #ff0000;\"><strong><u>PORUMB ZAHARAT GIA F1\u00a0,<\/u><\/strong><\/span><\/h6>\n<h6><span style=\"color: #ff0000;\"><strong><u>Produs \u0219i ambalat de FLORIAN OOD Bulgaria ,<\/u><\/strong><\/span><img loading=\"lazy\" decoding=\"async\" class=\"alignnone wp-image-11691\" style=\"color: #0000ff;\" src=\"https:\/\/vivasem.ro\/wp-content\/uploads\/2023\/02\/FLORIAN-logo-300x159.jpg\" alt=\"\" width=\"123\" height=\"65\" srcset=\"https:\/\/vivasem.ro\/wp-content\/uploads\/2023\/02\/FLORIAN-logo-300x159.jpg 300w, https:\/\/vivasem.ro\/wp-content\/uploads\/2023\/02\/FLORIAN-logo-original-248x131.jpg 248w, https:\/\/vivasem.ro\/wp-content\/uploads\/2023\/02\/FLORIAN-logo-original-590x313.jpg 590w, https:\/\/vivasem.ro\/wp-content\/uploads\/2023\/02\/FLORIAN-logo-original.jpg 655w\" sizes=\"auto, (max-width: 123px) 100vw, 123px\" \/><\/h6>\n<hr \/>\n<h6><span style=\"color: #ff0000;\">Hibrid timpuriu profesional de porumb dulce dublu zaharat<\/span><\/h6>\n<h6><span style=\"color: #ff0000;\">cu productivitate ridicat\u0103.\u00a0<\/span><\/h6>\n<h6><span style=\"color: #333399;\">\u0218tiule\u021bii au o lungime de 21 cm si 18-20 de randuri de boabe de\u00a0 culoare galben intens. <span style=\"color: #ff0000;\">Boabele sunt foarte dulci \u0219i aromate, fragede, nu necesit\u0103 fierbere \u00eendelungat\u0103.<\/span><\/span><\/h6>\n<h6><span style=\"color: #333399;\">Se pot consuma \u00een stare proaspat\u0103 \u0219i conservara\u021bi. <\/span><\/h6>\n<h6><span style=\"color: #333399;\">Potrivit pentru cultivare in aer liber si spatii inchise, sere si solarii. Rezistenta buna la boli &#8211; mdmv (mozaic), Ps. <\/span><\/h6>\n<h6><span style=\"color: #333399;\">Perioada de vegetatie: 75-78 de zile. Termen de insamantare: in camp deschis &#8211; dupa 15-20 aprilie in functie de regiune. Aduncime: 2 cm. <\/span><\/h6>\n<h6><span style=\"color: #333399;\">Numar de plante pe hectar: 6500 &#8211; 7000\/1000m2 in conditii de irigare: Schema de transplantare: 20&#215;70 mc.<\/span><\/h6>\n<h6><\/h6>\n","protected":false},"excerpt":{"rendered":"<h6><span style=\"color: #0000ff;\">10grame \/50 SEMIN\u021aE<img loading=\"lazy\" decoding=\"async\" class=\"alignnone wp-image-6106\" src=\"https:\/\/vivasem.ro\/wp-content\/uploads\/2021\/12\/NOU3.jpg\" alt=\"\" width=\"61\" height=\"59\" srcset=\"https:\/\/vivasem.ro\/wp-content\/uploads\/2021\/12\/NOU3.jpg 270w, https:\/\/vivasem.ro\/wp-content\/uploads\/2021\/12\/NOU3-248x241.jpg 248w\" sizes=\"auto, (max-width: 61px) 100vw, 61px\" \/><\/span><\/h6>\n<h6><\/h6>\n","protected":false},"featured_media":13711,"comment_status":"open","ping_status":"closed","template":"","meta":{"site-sidebar-layout":"default","site-content-layout":"default","ast-site-content-layout":"default","site-content-style":"default","site-sidebar-style":"default","ast-global-header-display":"","ast-banner-title-visibility":"","ast-main-header-display":"","ast-hfb-above-header-display":"","ast-hfb-below-header-display":"","ast-hfb-mobile-header-display":"","site-post-title":"","ast-breadcrumbs-content":"","ast-featured-img":"","footer-sml-layout":"","ast-disable-related-posts":"","theme-transparent-header-meta":"default","adv-header-id-meta":"","stick-header-meta":"","header-above-stick-meta":"","header-main-stick-meta":"","header-below-stick-meta":"","astra-migrate-meta-layouts":"set","ast-page-background-enabled":"default","ast-page-background-meta":{"desktop":{"background-color":"var(--ast-global-color-4)","background-image":"","background-repeat":"repeat","background-position":"center center","background-size":"auto","background-attachment":"scroll","background-type":"","background-media":"","overlay-type":"","overlay-color":"","overlay-opacity":"","overlay-gradient":""},"tablet":{"background-color":"","background-image":"","background-repeat":"repeat","background-position":"center center","background-size":"auto","background-attachment":"scroll","background-type":"","background-media":"","overlay-type":"","overlay-color":"","overlay-opacity":"","overlay-gradient":""},"mobile":{"background-color":"","background-image":"","background-repeat":"repeat","background-position":"center center","background-size":"auto","background-attachment":"scroll","background-type":"","background-media":"","overlay-type":"","overlay-color":"","overlay-opacity":"","overlay-gradient":""}},"ast-content-background-meta":{"desktop":{"background-color":"var(--ast-global-color-5)","background-image":"","background-repeat":"repeat","background-position":"center center","background-size":"auto","background-attachment":"scroll","background-type":"","background-media":"","overlay-type":"","overlay-color":"","overlay-opacity":"","overlay-gradient":""},"tablet":{"background-color":"var(--ast-global-color-5)","background-image":"","background-repeat":"repeat","background-position":"center center","background-size":"auto","background-attachment":"scroll","background-type":"","background-media":"","overlay-type":"","overlay-color":"","overlay-opacity":"","overlay-gradient":""},"mobile":{"background-color":"var(--ast-global-color-5)","background-image":"","background-repeat":"repeat","background-position":"center center","background-size":"auto","background-attachment":"scroll","background-type":"","background-media":"","overlay-type":"","overlay-color":"","overlay-opacity":"","overlay-gradient":""}}},"product_brand":[],"product_cat":[91],"product_tag":[],"class_list":{"0":"post-13697","1":"product","2":"type-product","3":"status-publish","4":"has-post-thumbnail","6":"product_cat-alte-legume","7":"desktop-align-left","8":"tablet-align-left","9":"mobile-align-left","11":"first","12":"instock","13":"taxable","14":"shipping-taxable","15":"purchasable","16":"product-type-simple"},"_links":{"self":[{"href":"https:\/\/vivasem.ro\/index.php?rest_route=\/wp\/v2\/product\/13697","targetHints":{"allow":["GET"]}}],"collection":[{"href":"https:\/\/vivasem.ro\/index.php?rest_route=\/wp\/v2\/product"}],"about":[{"href":"https:\/\/vivasem.ro\/index.php?rest_route=\/wp\/v2\/types\/product"}],"replies":[{"embeddable":true,"href":"https:\/\/vivasem.ro\/index.php?rest_route=%2Fwp%2Fv2%2Fcomments&post=13697"}],"wp:featuredmedia":[{"embeddable":true,"href":"https:\/\/vivasem.ro\/index.php?rest_route=\/wp\/v2\/media\/13711"}],"wp:attachment":[{"href":"https:\/\/vivasem.ro\/index.php?rest_route=%2Fwp%2Fv2%2Fmedia&parent=13697"}],"wp:term":[{"taxonomy":"product_brand","embeddable":true,"href":"https:\/\/vivasem.ro\/index.php?rest_route=%2Fwp%2Fv2%2Fproduct_brand&post=13697"},{"taxonomy":"product_cat","embeddable":true,"href":"https:\/\/vivasem.ro\/index.php?rest_route=%2Fwp%2Fv2%2Fproduct_cat&post=13697"},{"taxonomy":"product_tag","embeddable":true,"href":"https:\/\/vivasem.ro\/index.php?rest_route=%2Fwp%2Fv2%2Fproduct_tag&post=13697"}],"curies":[{"name":"wp","href":"https:\/\/api.w.org\/{rel}","templated":true}]}}