{"id":13688,"date":"2024-10-27T09:25:41","date_gmt":"2024-10-27T07:25:41","guid":{"rendered":"https:\/\/vivasem.ro\/?post_type=product&#038;p=13688"},"modified":"2024-10-27T09:44:31","modified_gmt":"2024-10-27T07:44:31","slug":"pepene-galben-gladiator-f1-florian-bulgaria","status":"publish","type":"product","link":"https:\/\/vivasem.ro\/?product=pepene-galben-gladiator-f1-florian-bulgaria","title":{"rendered":"PEPENE GALBEN GLADIATOR F1 (FLORIAN-Bulgaria)"},"content":{"rendered":"<h6><span style=\"color: #ff0000;\"><strong><u>PEPENE GALBEN GLADIATOR F1 ,<\/u><\/strong><\/span>\u00a0 \u00a0 \u00a0 \u00a0 \u00a0 <span style=\"color: #ff0000;\"><strong><u><a href=\"https:\/\/vivasem.ro\/wp-content\/uploads\/2023\/02\/FLORIAN-logo.jpg\"><img loading=\"lazy\" decoding=\"async\" class=\"alignnone wp-image-11691\" src=\"https:\/\/vivasem.ro\/wp-content\/uploads\/2023\/02\/FLORIAN-logo-300x159.jpg\" alt=\"\" width=\"155\" height=\"82\" srcset=\"https:\/\/vivasem.ro\/wp-content\/uploads\/2023\/02\/FLORIAN-logo-300x159.jpg 300w, https:\/\/vivasem.ro\/wp-content\/uploads\/2023\/02\/FLORIAN-logo-original-248x131.jpg 248w, https:\/\/vivasem.ro\/wp-content\/uploads\/2023\/02\/FLORIAN-logo-original-590x313.jpg 590w, https:\/\/vivasem.ro\/wp-content\/uploads\/2023\/02\/FLORIAN-logo-original.jpg 655w\" sizes=\"auto, (max-width: 155px) 100vw, 155px\" \/><\/a><\/u><\/strong><\/span><\/h6>\n<h6><span style=\"color: #ff0000;\"><span class=\"post-meta-key\">Produs \u0219i ambalat de :Florian-Bulgaria<\/span><\/span><\/h6>\n<h6><span style=\"color: #000080;\">Hibrid bulg\u0103resc <\/span><span style=\"color: #000080;\">de pepene galben, cu gust, arom\u0103 \u0219i consisten\u021ba exceptionale.\u00a0<\/span><\/h6>\n<h6><span style=\"color: #000080;\"> Plantele sunt foarte puternice , cu cre\u0219tere rapid\u0103, cu frunze mari de culoare verde inchis. <\/span><\/h6>\n<h6><span style=\"color: #ff0000;\">Fructele sunt medii spre mari, c\u00e2ntarind pana la 4 kg, pepenele galben avand o forma eliptic\u0103, cu o re\u021bea fin\u0103 \u0219i brazde u\u0219or pronuntate.<\/span><\/h6>\n<h6><span style=\"color: #000080;\"> La maturitate, culoarea cojii\u00a0 devine galben-portocalie. <\/span><\/h6>\n<h6><span style=\"color: #000080;\">Pulpa este portocaliu deschis, crocant\u0103, extrem de dulce si gustoas\u0103, suculent\u0103 ,cu aroma caracteristic\u0103 bulgareasca a pepenilor galbeni. <\/span><\/h6>\n<h6><span style=\"color: #000080;\">Fructul are un aspect comercial excelent, cu durabilitate ridicat\u0103, rezistenta ridicat\u0103 la transport, f\u0103r\u0103 fisuri, combinat cu calit\u0103\u021bi gustative excep\u021bionale.<\/span><\/h6>\n<h6><span style=\"color: #000080;\"> Potrivit pentru cultivare in sere din polietilena \u0219i in aer liber.<\/span><\/h6>\n<h6><span style=\"color: #000080;\">Este timpuriu- mediu timpuriu, pentru cultura de primavar\u0103-var\u0103, var\u0103 \u0219i var\u0103-toamn\u0103.<\/span><\/h6>\n<h6><span style=\"color: #000080;\">Perioada de vegetatie 80-85 zile.<\/span><\/h6>\n<h6><span style=\"color: #000080;\">\u2013 Prezinta capacitate buna de pastrare<\/span><\/h6>\n<h6><span style=\"color: #000080;\">\u2013 Poten\u021bial de produc\u021bie\u00a0 ridicat<\/span><\/h6>\n<h6><span style=\"color: #000080;\">\u00a0<\/span><\/h6>\n<h6><\/h6>\n<div class=\"ff7\">\n<div class=\"ff20\">\n<div class=\"ff20\">\n<div id=\"pageContainer5\" class=\"page\" data-page-number=\"5\" data-loaded=\"true\"><\/div>\n<\/div>\n<\/div>\n<\/div>\n","protected":false},"excerpt":{"rendered":"<h6><span style=\"color: #0000ff;\">1 gram\/circa 30-35 semin\u021be<\/span><\/h6>\n<h6><span style=\"color: #ff00ff;\">Hibrid extrem de aromat<\/span><\/h6>\n","protected":false},"featured_media":13689,"comment_status":"open","ping_status":"closed","template":"","meta":{"site-sidebar-layout":"default","site-content-layout":"default","ast-site-content-layout":"default","site-content-style":"default","site-sidebar-style":"default","ast-global-header-display":"","ast-banner-title-visibility":"","ast-main-header-display":"","ast-hfb-above-header-display":"","ast-hfb-below-header-display":"","ast-hfb-mobile-header-display":"","site-post-title":"","ast-breadcrumbs-content":"","ast-featured-img":"","footer-sml-layout":"","ast-disable-related-posts":"","theme-transparent-header-meta":"default","adv-header-id-meta":"","stick-header-meta":"","header-above-stick-meta":"","header-main-stick-meta":"","header-below-stick-meta":"","astra-migrate-meta-layouts":"set","ast-page-background-enabled":"default","ast-page-background-meta":{"desktop":{"background-color":"var(--ast-global-color-4)","background-image":"","background-repeat":"repeat","background-position":"center center","background-size":"auto","background-attachment":"scroll","background-type":"","background-media":"","overlay-type":"","overlay-color":"","overlay-opacity":"","overlay-gradient":""},"tablet":{"background-color":"","background-image":"","background-repeat":"repeat","background-position":"center center","background-size":"auto","background-attachment":"scroll","background-type":"","background-media":"","overlay-type":"","overlay-color":"","overlay-opacity":"","overlay-gradient":""},"mobile":{"background-color":"","background-image":"","background-repeat":"repeat","background-position":"center center","background-size":"auto","background-attachment":"scroll","background-type":"","background-media":"","overlay-type":"","overlay-color":"","overlay-opacity":"","overlay-gradient":""}},"ast-content-background-meta":{"desktop":{"background-color":"var(--ast-global-color-5)","background-image":"","background-repeat":"repeat","background-position":"center center","background-size":"auto","background-attachment":"scroll","background-type":"","background-media":"","overlay-type":"","overlay-color":"","overlay-opacity":"","overlay-gradient":""},"tablet":{"background-color":"var(--ast-global-color-5)","background-image":"","background-repeat":"repeat","background-position":"center center","background-size":"auto","background-attachment":"scroll","background-type":"","background-media":"","overlay-type":"","overlay-color":"","overlay-opacity":"","overlay-gradient":""},"mobile":{"background-color":"var(--ast-global-color-5)","background-image":"","background-repeat":"repeat","background-position":"center center","background-size":"auto","background-attachment":"scroll","background-type":"","background-media":"","overlay-type":"","overlay-color":"","overlay-opacity":"","overlay-gradient":""}}},"product_brand":[],"product_cat":[87],"product_tag":[],"class_list":{"0":"post-13688","1":"product","2":"type-product","3":"status-publish","4":"has-post-thumbnail","6":"product_cat-dovlecei","7":"desktop-align-left","8":"tablet-align-left","9":"mobile-align-left","11":"first","12":"instock","13":"taxable","14":"shipping-taxable","15":"purchasable","16":"product-type-simple"},"_links":{"self":[{"href":"https:\/\/vivasem.ro\/index.php?rest_route=\/wp\/v2\/product\/13688","targetHints":{"allow":["GET"]}}],"collection":[{"href":"https:\/\/vivasem.ro\/index.php?rest_route=\/wp\/v2\/product"}],"about":[{"href":"https:\/\/vivasem.ro\/index.php?rest_route=\/wp\/v2\/types\/product"}],"replies":[{"embeddable":true,"href":"https:\/\/vivasem.ro\/index.php?rest_route=%2Fwp%2Fv2%2Fcomments&post=13688"}],"wp:featuredmedia":[{"embeddable":true,"href":"https:\/\/vivasem.ro\/index.php?rest_route=\/wp\/v2\/media\/13689"}],"wp:attachment":[{"href":"https:\/\/vivasem.ro\/index.php?rest_route=%2Fwp%2Fv2%2Fmedia&parent=13688"}],"wp:term":[{"taxonomy":"product_brand","embeddable":true,"href":"https:\/\/vivasem.ro\/index.php?rest_route=%2Fwp%2Fv2%2Fproduct_brand&post=13688"},{"taxonomy":"product_cat","embeddable":true,"href":"https:\/\/vivasem.ro\/index.php?rest_route=%2Fwp%2Fv2%2Fproduct_cat&post=13688"},{"taxonomy":"product_tag","embeddable":true,"href":"https:\/\/vivasem.ro\/index.php?rest_route=%2Fwp%2Fv2%2Fproduct_tag&post=13688"}],"curies":[{"name":"wp","href":"https:\/\/api.w.org\/{rel}","templated":true}]}}