{"id":13681,"date":"2024-10-27T08:42:15","date_gmt":"2024-10-27T06:42:15","guid":{"rendered":"https:\/\/vivasem.ro\/?post_type=product&#038;p=13681"},"modified":"2026-04-12T07:09:51","modified_gmt":"2026-04-12T05:09:51","slug":"ardei-iute-pikantina-florian","status":"publish","type":"product","link":"https:\/\/vivasem.ro\/?product=ardei-iute-pikantina-florian","title":{"rendered":"ARDEI IUTE PIKANTINA-FLORIAN"},"content":{"rendered":"<h6><span style=\"color: #ff0000;\"><strong><u>ARDEI IUTE PIKANTINA,<a href=\"https:\/\/vivasem.ro\/wp-content\/uploads\/2023\/02\/FLORIAN-logo-original.jpg\"><img loading=\"lazy\" decoding=\"async\" class=\"alignnone wp-image-11691\" src=\"https:\/\/vivasem.ro\/wp-content\/uploads\/2023\/02\/FLORIAN-logo-300x159.jpg\" alt=\"\" width=\"145\" height=\"77\" srcset=\"https:\/\/vivasem.ro\/wp-content\/uploads\/2023\/02\/FLORIAN-logo-300x159.jpg 300w, https:\/\/vivasem.ro\/wp-content\/uploads\/2023\/02\/FLORIAN-logo-original-248x131.jpg 248w, https:\/\/vivasem.ro\/wp-content\/uploads\/2023\/02\/FLORIAN-logo-original-590x313.jpg 590w, https:\/\/vivasem.ro\/wp-content\/uploads\/2023\/02\/FLORIAN-logo-original.jpg 655w\" sizes=\"auto, (max-width: 145px) 100vw, 145px\" \/><\/a><\/u><\/strong><\/span><\/h6>\n<h6><span style=\"color: #ff0000;\"><span class=\"post-meta-key\">PRODUS \u0218I AMBALAT DE:FLORIAN Bulgaria,<\/span><\/span><\/h6>\n<div>\n<div id=\"tab-description\" role=\"tabpanel\" aria-labelledby=\"tab-title-description\">\n<h6><span style=\"color: #333399;\"><strong>SOI TIMPURIU DE ARDEI IU\u021aI DESTINAT CONSUMULUI \u00ceN STARE PROASP\u0102T\u0102 SAU CONSERVAT\u0102.<\/strong><\/span><\/h6>\n<h6><span style=\"color: #ff0000;\"><strong>PRODUCE FRUCTE <\/strong><strong>, <\/strong><strong>LUNGI\u00a0 DE 10 -12 centimetrii,DE CULOARE VERDE DESCHIS, CARE DOAR DUP\u0102 MULT TIMP SE COLOREAZ\u0102 \u00ceN\u00a0 RO\u0218U. SUNT APLATIZATE, CU PULPA GROAS\u0102, <\/strong><\/span><span style=\"color: #ff0000;\"><strong>CROCANT\u0102,SUCULENT\u0102, AROMAT\u0102,<\/strong><\/span><\/h6>\n<h6><span style=\"color: #ff0000;\"><strong>POTRIVIT DE IU\u021aI\u00a0 .<\/strong><\/span><\/h6>\n<h6><span style=\"color: #333399;\">PENTRU PRODUCTII TIMPURII SE SEAMANA RASAD , SAU POATE FI SEMANAT DIRECT PENTRU PRODUCTIA DE TOAMN\u0102.<\/span><\/h6>\n<h6><span style=\"color: #333399;\">FOARTE PRODUCTIV, PLANTELE SUNT MEDIU-\u00ceNALTE, CU FRUNZE MICI.<\/span><\/h6>\n<h6><span style=\"color: #333399;\">REZISTENT LA TEMPERATURI SC\u0102ZUTE.<\/span><\/h6>\n<h6><span style=\"color: #333399;\">SE CONSUM\u0102 PROASPE\u021aI, SAU CONSERVA\u021aI.<\/span><\/h6>\n<h6><span style=\"color: #0000ff;\"><strong>\u00a0FRUCTELE SUNT INITIAL VERDE-DESCHIS SI LA MATURARE SE COLOREAZA IN RO\u0218U.<\/strong><\/span><\/h6>\n<h6><span style=\"color: #0000ff;\"><strong>Se poate cultiva cu succes atat in spatii protejate c\u00e2t si direct in gradini.<\/strong><\/span><\/h6>\n<h6><\/h6>\n<h6>P+2<\/h6>\n<\/div>\n<\/div>\n","protected":false},"excerpt":{"rendered":"<h6><span style=\"color: #0000ff;\"><strong>1 gram\/150 SEMIN\u021aE<\/strong><img loading=\"lazy\" decoding=\"async\" class=\"alignnone wp-image-5567\" src=\"https:\/\/vivasem.ro\/wp-content\/uploads\/2021\/11\/NOU3.jpg\" alt=\"\" width=\"69\" height=\"67\" srcset=\"https:\/\/vivasem.ro\/wp-content\/uploads\/2021\/11\/NOU3.jpg 270w, https:\/\/vivasem.ro\/wp-content\/uploads\/2021\/11\/NOU3-248x241.jpg 248w\" sizes=\"auto, (max-width: 69px) 100vw, 69px\" \/><\/span><\/h6>\n<p>&nbsp;<\/p>\n","protected":false},"featured_media":13727,"comment_status":"open","ping_status":"closed","template":"","meta":{"site-sidebar-layout":"default","site-content-layout":"default","ast-site-content-layout":"default","site-content-style":"default","site-sidebar-style":"default","ast-global-header-display":"","ast-banner-title-visibility":"","ast-main-header-display":"","ast-hfb-above-header-display":"","ast-hfb-below-header-display":"","ast-hfb-mobile-header-display":"","site-post-title":"","ast-breadcrumbs-content":"","ast-featured-img":"","footer-sml-layout":"","ast-disable-related-posts":"","theme-transparent-header-meta":"default","adv-header-id-meta":"","stick-header-meta":"","header-above-stick-meta":"","header-main-stick-meta":"","header-below-stick-meta":"","astra-migrate-meta-layouts":"set","ast-page-background-enabled":"default","ast-page-background-meta":{"desktop":{"background-color":"var(--ast-global-color-4)","background-image":"","background-repeat":"repeat","background-position":"center center","background-size":"auto","background-attachment":"scroll","background-type":"","background-media":"","overlay-type":"","overlay-color":"","overlay-opacity":"","overlay-gradient":""},"tablet":{"background-color":"","background-image":"","background-repeat":"repeat","background-position":"center center","background-size":"auto","background-attachment":"scroll","background-type":"","background-media":"","overlay-type":"","overlay-color":"","overlay-opacity":"","overlay-gradient":""},"mobile":{"background-color":"","background-image":"","background-repeat":"repeat","background-position":"center center","background-size":"auto","background-attachment":"scroll","background-type":"","background-media":"","overlay-type":"","overlay-color":"","overlay-opacity":"","overlay-gradient":""}},"ast-content-background-meta":{"desktop":{"background-color":"var(--ast-global-color-5)","background-image":"","background-repeat":"repeat","background-position":"center center","background-size":"auto","background-attachment":"scroll","background-type":"","background-media":"","overlay-type":"","overlay-color":"","overlay-opacity":"","overlay-gradient":""},"tablet":{"background-color":"var(--ast-global-color-5)","background-image":"","background-repeat":"repeat","background-position":"center center","background-size":"auto","background-attachment":"scroll","background-type":"","background-media":"","overlay-type":"","overlay-color":"","overlay-opacity":"","overlay-gradient":""},"mobile":{"background-color":"var(--ast-global-color-5)","background-image":"","background-repeat":"repeat","background-position":"center center","background-size":"auto","background-attachment":"scroll","background-type":"","background-media":"","overlay-type":"","overlay-color":"","overlay-opacity":"","overlay-gradient":""}}},"product_brand":[],"product_cat":[111],"product_tag":[],"class_list":{"0":"post-13681","1":"product","2":"type-product","3":"status-publish","4":"has-post-thumbnail","6":"product_cat-ardei-iute","7":"desktop-align-left","8":"tablet-align-left","9":"mobile-align-left","11":"first","12":"instock","13":"taxable","14":"shipping-taxable","15":"purchasable","16":"product-type-simple"},"_links":{"self":[{"href":"https:\/\/vivasem.ro\/index.php?rest_route=\/wp\/v2\/product\/13681","targetHints":{"allow":["GET"]}}],"collection":[{"href":"https:\/\/vivasem.ro\/index.php?rest_route=\/wp\/v2\/product"}],"about":[{"href":"https:\/\/vivasem.ro\/index.php?rest_route=\/wp\/v2\/types\/product"}],"replies":[{"embeddable":true,"href":"https:\/\/vivasem.ro\/index.php?rest_route=%2Fwp%2Fv2%2Fcomments&post=13681"}],"wp:featuredmedia":[{"embeddable":true,"href":"https:\/\/vivasem.ro\/index.php?rest_route=\/wp\/v2\/media\/13727"}],"wp:attachment":[{"href":"https:\/\/vivasem.ro\/index.php?rest_route=%2Fwp%2Fv2%2Fmedia&parent=13681"}],"wp:term":[{"taxonomy":"product_brand","embeddable":true,"href":"https:\/\/vivasem.ro\/index.php?rest_route=%2Fwp%2Fv2%2Fproduct_brand&post=13681"},{"taxonomy":"product_cat","embeddable":true,"href":"https:\/\/vivasem.ro\/index.php?rest_route=%2Fwp%2Fv2%2Fproduct_cat&post=13681"},{"taxonomy":"product_tag","embeddable":true,"href":"https:\/\/vivasem.ro\/index.php?rest_route=%2Fwp%2Fv2%2Fproduct_tag&post=13681"}],"curies":[{"name":"wp","href":"https:\/\/api.w.org\/{rel}","templated":true}]}}