{"id":13677,"date":"2024-10-25T08:52:15","date_gmt":"2024-10-25T06:52:15","guid":{"rendered":"https:\/\/vivasem.ro\/?post_type=product&#038;p=13677"},"modified":"2026-02-12T14:10:03","modified_gmt":"2026-02-12T12:10:03","slug":"ardei-gras-tarska-kamba-florian","status":"publish","type":"product","link":"https:\/\/vivasem.ro\/?product=ardei-gras-tarska-kamba-florian","title":{"rendered":"GOGOSARI\u00a0SOI TARSKA KAMBA\/(FLORIAN)"},"content":{"rendered":"<h6><strong><u><span style=\"color: #ff0000;\">GOGO\u0218ARI\u00a0TARSKA KAMBA,<\/span><\/u><\/strong><\/h6>\n<h6><strong><u><span style=\"color: #ff0000;\">Produs ambalat de :FLORIAN BULGARIA,<\/span><img loading=\"lazy\" decoding=\"async\" class=\"alignnone wp-image-11691\" src=\"https:\/\/vivasem.ro\/wp-content\/uploads\/2023\/02\/FLORIAN-logo-300x159.jpg\" alt=\"\" width=\"166\" height=\"88\" srcset=\"https:\/\/vivasem.ro\/wp-content\/uploads\/2023\/02\/FLORIAN-logo-300x159.jpg 300w, https:\/\/vivasem.ro\/wp-content\/uploads\/2023\/02\/FLORIAN-logo-original-248x131.jpg 248w, https:\/\/vivasem.ro\/wp-content\/uploads\/2023\/02\/FLORIAN-logo-original-590x313.jpg 590w, https:\/\/vivasem.ro\/wp-content\/uploads\/2023\/02\/FLORIAN-logo-original.jpg 655w\" sizes=\"auto, (max-width: 166px) 100vw, 166px\" \/><\/u><\/strong><\/h6>\n<h6><span style=\"color: #333399;\"><strong><span style=\"color: #ff0000;\">SOI DE ARDEI GOGO\u0218ARI, CU O FORM\u0102\u00a0 COMBINAT\u0102 \u00ceNTRE ARDEI GRAS \u0218I GOGO\u0218AR,\u00a0 CU FRUCTE MARI \u00ceN\u00a0 GREUTATE MEDIE DE 250-280 grame,\u00a0<\/span><\/strong><\/span><\/h6>\n<h6><span style=\"color: #000080;\"><strong>V\u0102ZUT\u00a0 DE SUS ESTE ROTUND ,CU <\/strong><\/span><span style=\"color: #000080;\"><strong>DIAMETRU DE 10-12 cm., IAR DIN PROFIL, <\/strong><strong>FORMA ESTE DE INIM\u0102, CU ONDULEURI SLAB VIZIBILE\u00a0\u0218I SUNT DE CULOARE RO\u0218IE-INTENS\u0102 <\/strong><strong style=\"font-size: 1.1em;\">\u00a0LA COACERE.<\/strong><\/span><\/h6>\n<h6><span style=\"color: #333399;\"><strong>INI\u021aIAL FRUCTELE SUNT DE CULOARE VERDE \u00ceNCHIS, AU <\/strong>PULPA FOARTE GROAS\u0102, SUCULENT\u0102, SUNT\u00a0 GUSTOASE.<\/span><\/h6>\n<h6><span style=\"color: #333399;\">SOI FOARTE PRODUCTIV, DE CULTIVAT \u00ceN GR\u0102DIN\u0102 \u0218I\u00a0 SOLARII, PENTRU CULTURI T\u00c2RZII, EXCELENT DE CONSERVAT DAR \u0218I DE\u00a0 CONSUMAT \u00ceN STARE PROASP\u0102T\u0102.<\/span><\/h6>\n<h6>TEHNOLOGIA DE CULTUR\u0102, ESTE CEA OBI\u0218NUIT\u0102 LA GOGO\u0218ARI.<\/h6>\n","protected":false},"excerpt":{"rendered":"<h6><span style=\"color: #ff0000;\"><strong>1 GRAM\/130-150 SEMIN\u021aE<\/strong><\/span><\/h6>\n<h6><\/h6>\n<h6><\/h6>\n","protected":false},"featured_media":13702,"comment_status":"open","ping_status":"closed","template":"","meta":{"site-sidebar-layout":"default","site-content-layout":"default","ast-site-content-layout":"default","site-content-style":"default","site-sidebar-style":"default","ast-global-header-display":"","ast-banner-title-visibility":"","ast-main-header-display":"","ast-hfb-above-header-display":"","ast-hfb-below-header-display":"","ast-hfb-mobile-header-display":"","site-post-title":"","ast-breadcrumbs-content":"","ast-featured-img":"","footer-sml-layout":"","ast-disable-related-posts":"","theme-transparent-header-meta":"default","adv-header-id-meta":"","stick-header-meta":"","header-above-stick-meta":"","header-main-stick-meta":"","header-below-stick-meta":"","astra-migrate-meta-layouts":"set","ast-page-background-enabled":"default","ast-page-background-meta":{"desktop":{"background-color":"var(--ast-global-color-4)","background-image":"","background-repeat":"repeat","background-position":"center center","background-size":"auto","background-attachment":"scroll","background-type":"","background-media":"","overlay-type":"","overlay-color":"","overlay-opacity":"","overlay-gradient":""},"tablet":{"background-color":"","background-image":"","background-repeat":"repeat","background-position":"center center","background-size":"auto","background-attachment":"scroll","background-type":"","background-media":"","overlay-type":"","overlay-color":"","overlay-opacity":"","overlay-gradient":""},"mobile":{"background-color":"","background-image":"","background-repeat":"repeat","background-position":"center center","background-size":"auto","background-attachment":"scroll","background-type":"","background-media":"","overlay-type":"","overlay-color":"","overlay-opacity":"","overlay-gradient":""}},"ast-content-background-meta":{"desktop":{"background-color":"var(--ast-global-color-5)","background-image":"","background-repeat":"repeat","background-position":"center center","background-size":"auto","background-attachment":"scroll","background-type":"","background-media":"","overlay-type":"","overlay-color":"","overlay-opacity":"","overlay-gradient":""},"tablet":{"background-color":"var(--ast-global-color-5)","background-image":"","background-repeat":"repeat","background-position":"center center","background-size":"auto","background-attachment":"scroll","background-type":"","background-media":"","overlay-type":"","overlay-color":"","overlay-opacity":"","overlay-gradient":""},"mobile":{"background-color":"var(--ast-global-color-5)","background-image":"","background-repeat":"repeat","background-position":"center center","background-size":"auto","background-attachment":"scroll","background-type":"","background-media":"","overlay-type":"","overlay-color":"","overlay-opacity":"","overlay-gradient":""}}},"product_brand":[],"product_cat":[84,146],"product_tag":[],"class_list":{"0":"post-13677","1":"product","2":"type-product","3":"status-publish","4":"has-post-thumbnail","6":"product_cat-ardei","7":"product_cat-ardei-soi","8":"desktop-align-left","9":"tablet-align-left","10":"mobile-align-left","12":"first","13":"instock","14":"taxable","15":"shipping-taxable","16":"purchasable","17":"product-type-simple"},"_links":{"self":[{"href":"https:\/\/vivasem.ro\/index.php?rest_route=\/wp\/v2\/product\/13677","targetHints":{"allow":["GET"]}}],"collection":[{"href":"https:\/\/vivasem.ro\/index.php?rest_route=\/wp\/v2\/product"}],"about":[{"href":"https:\/\/vivasem.ro\/index.php?rest_route=\/wp\/v2\/types\/product"}],"replies":[{"embeddable":true,"href":"https:\/\/vivasem.ro\/index.php?rest_route=%2Fwp%2Fv2%2Fcomments&post=13677"}],"wp:featuredmedia":[{"embeddable":true,"href":"https:\/\/vivasem.ro\/index.php?rest_route=\/wp\/v2\/media\/13702"}],"wp:attachment":[{"href":"https:\/\/vivasem.ro\/index.php?rest_route=%2Fwp%2Fv2%2Fmedia&parent=13677"}],"wp:term":[{"taxonomy":"product_brand","embeddable":true,"href":"https:\/\/vivasem.ro\/index.php?rest_route=%2Fwp%2Fv2%2Fproduct_brand&post=13677"},{"taxonomy":"product_cat","embeddable":true,"href":"https:\/\/vivasem.ro\/index.php?rest_route=%2Fwp%2Fv2%2Fproduct_cat&post=13677"},{"taxonomy":"product_tag","embeddable":true,"href":"https:\/\/vivasem.ro\/index.php?rest_route=%2Fwp%2Fv2%2Fproduct_tag&post=13677"}],"curies":[{"name":"wp","href":"https:\/\/api.w.org\/{rel}","templated":true}]}}