{"id":13654,"date":"2024-10-25T07:50:53","date_gmt":"2024-10-25T05:50:53","guid":{"rendered":"https:\/\/vivasem.ro\/?post_type=product&#038;p=13654"},"modified":"2026-03-20T12:57:04","modified_gmt":"2026-03-20T10:57:04","slug":"castraveti-beit-alpha-castraveti-libanezi-1g-florian","status":"publish","type":"product","link":"https:\/\/vivasem.ro\/?product=castraveti-beit-alpha-castraveti-libanezi-1g-florian","title":{"rendered":"CASTRAVETI SEMILUNGI BETA ALFA F1 (FLORIAN)"},"content":{"rendered":"<h6><span style=\"color: #ff0000;\"><strong><u>BETA ALFA F1<\/u><\/strong><\/span><span style=\"color: #ff0000;\">,<img loading=\"lazy\" decoding=\"async\" class=\"alignnone wp-image-11691\" src=\"https:\/\/vivasem.ro\/wp-content\/uploads\/2023\/02\/FLORIAN-logo-300x159.jpg\" alt=\"\" width=\"179\" height=\"95\" srcset=\"https:\/\/vivasem.ro\/wp-content\/uploads\/2023\/02\/FLORIAN-logo-300x159.jpg 300w, https:\/\/vivasem.ro\/wp-content\/uploads\/2023\/02\/FLORIAN-logo-original-248x131.jpg 248w, https:\/\/vivasem.ro\/wp-content\/uploads\/2023\/02\/FLORIAN-logo-original-590x313.jpg 590w, https:\/\/vivasem.ro\/wp-content\/uploads\/2023\/02\/FLORIAN-logo-original.jpg 655w\" sizes=\"auto, (max-width: 179px) 100vw, 179px\" \/><\/span><\/h6>\n<h6><span style=\"color: #ff0000;\"><strong>Hibrid <\/strong><\/span><span style=\"color: #ff0000;\"><strong>de castrave\u021bi\u00a0<\/strong><\/span><span style=\"color: #ff0000;\"><strong>foarte productiv<\/strong><\/span><span style=\"color: #ff0000;\"><strong>, semitimpuriu, <\/strong>45 -50 zile , <\/span><span style=\"color: #ff0000;\"><strong>\u00a0cu dimensiuni medii.<\/strong><\/span><\/h6>\n<h6><span style=\"color: #0000ff;\">Fructele\u00a0 sunt de 12-18-20 centimetrii lungime,cu forma cilindric\u0103 ,spini rari \u0219i culoare verde deschis, neamare, uniforme, cu aspect comercial .<\/span><\/h6>\n<h6>Este cultivat atat pentru consum in stare proaspata c\u00e2t si pentru murat,la dimensiuni mai mici,c\u00e2nd fructele isi pastreaza fermitatea.<\/h6>\n<h6><span style=\"color: #0000ff;\">EXCELENT DE SALAT\u0102 ,DATORIT\u0102 GUSTULUI DELICIOS, DULCE,AROM\u0102 PUTERNIC\u0102 .<\/span><\/h6>\n<h6><span style=\"color: #0000ff;\">\u00a0COAJA ESTE , FOARTE FIN\u0102 , CE DE CELE MAI MULTE ORI NU NECESIT\u0102 CUR\u0102\u021aAREA , PULPA FRAGED\u0102,CROCANT\u0102<\/span><span style=\"color: #0000ff;\">.<\/span><\/h6>\n<h6><span style=\"color: #0000ff;\">Prezint\u0103 pe tot sezonul,randament ridicat.<\/span><\/h6>\n<h6><span style=\"color: #0000ff;\">Recomandat pentru cultura in spa\u021bii protejate c\u00e2t \u0219i in c\u00e2mp ,rezistent la stres termic.\u00a0<\/span><\/h6>\n<p>P+2<\/p>\n<h6><\/h6>\n<p>&nbsp;<\/p>\n","protected":false},"excerpt":{"rendered":"<h6><span style=\"color: #0000ff;\">1 gram\/30-40 SEMIN\u021aE<\/span><\/h6>\n<h6><span style=\"color: #ff00ff;\">SOI CELEBRU, FOARTE CULTIVAT !<\/span><\/h6>\n<h6><\/h6>\n","protected":false},"featured_media":13655,"comment_status":"open","ping_status":"closed","template":"","meta":{"site-sidebar-layout":"default","site-content-layout":"default","ast-site-content-layout":"default","site-content-style":"default","site-sidebar-style":"default","ast-global-header-display":"","ast-banner-title-visibility":"","ast-main-header-display":"","ast-hfb-above-header-display":"","ast-hfb-below-header-display":"","ast-hfb-mobile-header-display":"","site-post-title":"","ast-breadcrumbs-content":"","ast-featured-img":"","footer-sml-layout":"","ast-disable-related-posts":"","theme-transparent-header-meta":"default","adv-header-id-meta":"","stick-header-meta":"","header-above-stick-meta":"","header-main-stick-meta":"","header-below-stick-meta":"","astra-migrate-meta-layouts":"set","ast-page-background-enabled":"default","ast-page-background-meta":{"desktop":{"background-color":"var(--ast-global-color-4)","background-image":"","background-repeat":"repeat","background-position":"center center","background-size":"auto","background-attachment":"scroll","background-type":"","background-media":"","overlay-type":"","overlay-color":"","overlay-opacity":"","overlay-gradient":""},"tablet":{"background-color":"","background-image":"","background-repeat":"repeat","background-position":"center center","background-size":"auto","background-attachment":"scroll","background-type":"","background-media":"","overlay-type":"","overlay-color":"","overlay-opacity":"","overlay-gradient":""},"mobile":{"background-color":"","background-image":"","background-repeat":"repeat","background-position":"center center","background-size":"auto","background-attachment":"scroll","background-type":"","background-media":"","overlay-type":"","overlay-color":"","overlay-opacity":"","overlay-gradient":""}},"ast-content-background-meta":{"desktop":{"background-color":"var(--ast-global-color-5)","background-image":"","background-repeat":"repeat","background-position":"center center","background-size":"auto","background-attachment":"scroll","background-type":"","background-media":"","overlay-type":"","overlay-color":"","overlay-opacity":"","overlay-gradient":""},"tablet":{"background-color":"var(--ast-global-color-5)","background-image":"","background-repeat":"repeat","background-position":"center center","background-size":"auto","background-attachment":"scroll","background-type":"","background-media":"","overlay-type":"","overlay-color":"","overlay-opacity":"","overlay-gradient":""},"mobile":{"background-color":"var(--ast-global-color-5)","background-image":"","background-repeat":"repeat","background-position":"center center","background-size":"auto","background-attachment":"scroll","background-type":"","background-media":"","overlay-type":"","overlay-color":"","overlay-opacity":"","overlay-gradient":""}}},"product_brand":[],"product_cat":[147,83],"product_tag":[],"class_list":{"0":"post-13654","1":"product","2":"type-product","3":"status-publish","4":"has-post-thumbnail","6":"product_cat-02-castraveti","7":"product_cat-castraveti-hibrid","8":"desktop-align-left","9":"tablet-align-left","10":"mobile-align-left","12":"first","13":"instock","14":"taxable","15":"shipping-taxable","16":"purchasable","17":"product-type-simple"},"_links":{"self":[{"href":"https:\/\/vivasem.ro\/index.php?rest_route=\/wp\/v2\/product\/13654","targetHints":{"allow":["GET"]}}],"collection":[{"href":"https:\/\/vivasem.ro\/index.php?rest_route=\/wp\/v2\/product"}],"about":[{"href":"https:\/\/vivasem.ro\/index.php?rest_route=\/wp\/v2\/types\/product"}],"replies":[{"embeddable":true,"href":"https:\/\/vivasem.ro\/index.php?rest_route=%2Fwp%2Fv2%2Fcomments&post=13654"}],"wp:featuredmedia":[{"embeddable":true,"href":"https:\/\/vivasem.ro\/index.php?rest_route=\/wp\/v2\/media\/13655"}],"wp:attachment":[{"href":"https:\/\/vivasem.ro\/index.php?rest_route=%2Fwp%2Fv2%2Fmedia&parent=13654"}],"wp:term":[{"taxonomy":"product_brand","embeddable":true,"href":"https:\/\/vivasem.ro\/index.php?rest_route=%2Fwp%2Fv2%2Fproduct_brand&post=13654"},{"taxonomy":"product_cat","embeddable":true,"href":"https:\/\/vivasem.ro\/index.php?rest_route=%2Fwp%2Fv2%2Fproduct_cat&post=13654"},{"taxonomy":"product_tag","embeddable":true,"href":"https:\/\/vivasem.ro\/index.php?rest_route=%2Fwp%2Fv2%2Fproduct_tag&post=13654"}],"curies":[{"name":"wp","href":"https:\/\/api.w.org\/{rel}","templated":true}]}}