{"id":13640,"date":"2024-10-24T19:10:37","date_gmt":"2024-10-24T17:10:37","guid":{"rendered":"https:\/\/vivasem.ro\/?post_type=product&#038;p=13640"},"modified":"2025-11-27T15:37:04","modified_gmt":"2025-11-27T13:37:04","slug":"inima-de-bivol-rosie-florian-03g","status":"publish","type":"product","link":"https:\/\/vivasem.ro\/?product=inima-de-bivol-rosie-florian-03g","title":{"rendered":"\u201eINIM\u0102 DE BIVOL ROSIE (FLORIAN ) 0,3g"},"content":{"rendered":"<h6><span style=\"color: #ff0000;\"><a style=\"color: #ff0000;\" href=\"https:\/\/vivasem.ro\/wp-content\/uploads\/2023\/02\/FLORIAN-logo-original.jpg\">INIM\u0102 DE BIVOL RO\u0218IE <\/a>\u00a0\u00a0<a href=\"https:\/\/vivasem.ro\/wp-content\/uploads\/2023\/02\/FLORIAN-logo-original.jpg\"><img loading=\"lazy\" decoding=\"async\" class=\"alignnone wp-image-11691\" src=\"https:\/\/vivasem.ro\/wp-content\/uploads\/2023\/02\/FLORIAN-logo-300x159.jpg\" alt=\"\" width=\"131\" height=\"70\" srcset=\"https:\/\/vivasem.ro\/wp-content\/uploads\/2023\/02\/FLORIAN-logo-300x159.jpg 300w, https:\/\/vivasem.ro\/wp-content\/uploads\/2023\/02\/FLORIAN-logo-original-248x131.jpg 248w, https:\/\/vivasem.ro\/wp-content\/uploads\/2023\/02\/FLORIAN-logo-original-590x313.jpg 590w, https:\/\/vivasem.ro\/wp-content\/uploads\/2023\/02\/FLORIAN-logo-original.jpg 655w\" sizes=\"auto, (max-width: 131px) 100vw, 131px\" \/><\/a> \u00a0 \u00a0 <u><\/u><\/span><\/h6>\n<h6><span style=\"color: #ff0000;\"><strong><u>Produs \u0219i ambalat de: FLORIAN-Bulgaria,<\/u><\/strong><\/span><\/h6>\n<div class=\"woocommerce-tabs wc-tabs-wrapper\">\n<div id=\"tab-description\" class=\"woocommerce-Tabs-panel woocommerce-Tabs-panel--description panel entry-content wc-tab\" role=\"tabpanel\" aria-labelledby=\"tab-title-description\">\n<h6><span style=\"color: #333399;\">Ro\u0219iile Inim\u0103 de Bivol ro\u0219u sunt un soi tradi\u021bional bulg\u0103resc, cu cre\u0219tere nedeterminat\u0103, caracterizat prin forma de inim\u0103 a fructelor.<\/span><\/h6>\n<h6><span style=\"color: #333399;\">Este unul dintre cele mai populare soiuri, datorit\u0103 randamentului mare \u0219i a calit\u0103\u021bii produselor.<\/span><\/h6>\n<h6><span style=\"color: #333399;\">Soiul se preteaza at\u00e2t pentru cultivarea \u00een c\u00e2mp c\u00e2t \u0219i pentru sere, dar se recomand\u0103 utilizarea de suporturi.<\/span><\/h6>\n<h6><span style=\"color: #ff0000;\">Fructele au o culoare ro\u0219ie intens\u0103, form\u0103 de inim\u0103, au pulpa c\u0103rnoas\u0103 \u0219i semin\u021be pu\u021bine.<\/span><\/h6>\n<h6><span style=\"color: #ff0000;\">Greutatea medie a fructelor este \u00eentre 150-300 grame,\u00a0 unele ating 400-600 grame \u0219i chiar 1 kilogram.<\/span><\/h6>\n<h6><span style=\"color: #333399;\">Au gust dulce, u\u0219or acid,arom\u0103 excelent\u0103 de ro\u0219ie tradi\u021bional\u0103, fiind preferate de majoritatea fermierilor \u0219i consumatorilor.<\/span><\/h6>\n<h6><span style=\"color: #333399;\">PLANTELE SUNT NEDETERMINATE, DEOSEBIT DE\u00a0 PRODUCTIVE ,CIORCHINII S\u0102I BOGA\u021aI, AJUNG LA PESTE 1 kilogram.<\/span><\/h6>\n<h6><span style=\"color: #333399;\">TIMPURIETATEA ESTE MEDIE.<\/span><\/h6>\n<\/div>\n<\/div>\n<h6>+3<\/h6>\n","protected":false},"excerpt":{"rendered":"<h6><span style=\"color: #0000ff;\">0,3 grame\/ 90-100 semin\u021be<img loading=\"lazy\" decoding=\"async\" class=\"alignnone wp-image-6106\" src=\"https:\/\/vivasem.ro\/wp-content\/uploads\/2021\/12\/NOU3.jpg\" alt=\"\" width=\"68\" height=\"66\" srcset=\"https:\/\/vivasem.ro\/wp-content\/uploads\/2021\/12\/NOU3.jpg 270w, https:\/\/vivasem.ro\/wp-content\/uploads\/2021\/12\/NOU3-248x241.jpg 248w\" sizes=\"auto, (max-width: 68px) 100vw, 68px\" \/> <\/span><\/h6>\n<h6><span style=\"color: #ff00ff;\">INIM\u0102 DE BOU cu GUST EXCEP\u021aIONAL\u00a0<\/span><\/h6>\n<p>&nbsp;<\/p>\n","protected":false},"featured_media":13709,"comment_status":"open","ping_status":"closed","template":"","meta":{"site-sidebar-layout":"default","site-content-layout":"default","ast-site-content-layout":"default","site-content-style":"default","site-sidebar-style":"default","ast-global-header-display":"","ast-banner-title-visibility":"","ast-main-header-display":"","ast-hfb-above-header-display":"","ast-hfb-below-header-display":"","ast-hfb-mobile-header-display":"","site-post-title":"","ast-breadcrumbs-content":"","ast-featured-img":"","footer-sml-layout":"","ast-disable-related-posts":"","theme-transparent-header-meta":"default","adv-header-id-meta":"","stick-header-meta":"","header-above-stick-meta":"","header-main-stick-meta":"","header-below-stick-meta":"","astra-migrate-meta-layouts":"set","ast-page-background-enabled":"default","ast-page-background-meta":{"desktop":{"background-color":"var(--ast-global-color-4)","background-image":"","background-repeat":"repeat","background-position":"center center","background-size":"auto","background-attachment":"scroll","background-type":"","background-media":"","overlay-type":"","overlay-color":"","overlay-opacity":"","overlay-gradient":""},"tablet":{"background-color":"","background-image":"","background-repeat":"repeat","background-position":"center center","background-size":"auto","background-attachment":"scroll","background-type":"","background-media":"","overlay-type":"","overlay-color":"","overlay-opacity":"","overlay-gradient":""},"mobile":{"background-color":"","background-image":"","background-repeat":"repeat","background-position":"center center","background-size":"auto","background-attachment":"scroll","background-type":"","background-media":"","overlay-type":"","overlay-color":"","overlay-opacity":"","overlay-gradient":""}},"ast-content-background-meta":{"desktop":{"background-color":"var(--ast-global-color-5)","background-image":"","background-repeat":"repeat","background-position":"center center","background-size":"auto","background-attachment":"scroll","background-type":"","background-media":"","overlay-type":"","overlay-color":"","overlay-opacity":"","overlay-gradient":""},"tablet":{"background-color":"var(--ast-global-color-5)","background-image":"","background-repeat":"repeat","background-position":"center center","background-size":"auto","background-attachment":"scroll","background-type":"","background-media":"","overlay-type":"","overlay-color":"","overlay-opacity":"","overlay-gradient":""},"mobile":{"background-color":"var(--ast-global-color-5)","background-image":"","background-repeat":"repeat","background-position":"center center","background-size":"auto","background-attachment":"scroll","background-type":"","background-media":"","overlay-type":"","overlay-color":"","overlay-opacity":"","overlay-gradient":""}}},"product_brand":[],"product_cat":[149],"product_tag":[],"class_list":{"0":"post-13640","1":"product","2":"type-product","3":"status-publish","4":"has-post-thumbnail","6":"product_cat-33-produse-epuizate","7":"desktop-align-left","8":"tablet-align-left","9":"mobile-align-left","11":"first","12":"outofstock","13":"taxable","14":"shipping-taxable","15":"purchasable","16":"product-type-simple"},"_links":{"self":[{"href":"https:\/\/vivasem.ro\/index.php?rest_route=\/wp\/v2\/product\/13640","targetHints":{"allow":["GET"]}}],"collection":[{"href":"https:\/\/vivasem.ro\/index.php?rest_route=\/wp\/v2\/product"}],"about":[{"href":"https:\/\/vivasem.ro\/index.php?rest_route=\/wp\/v2\/types\/product"}],"replies":[{"embeddable":true,"href":"https:\/\/vivasem.ro\/index.php?rest_route=%2Fwp%2Fv2%2Fcomments&post=13640"}],"wp:featuredmedia":[{"embeddable":true,"href":"https:\/\/vivasem.ro\/index.php?rest_route=\/wp\/v2\/media\/13709"}],"wp:attachment":[{"href":"https:\/\/vivasem.ro\/index.php?rest_route=%2Fwp%2Fv2%2Fmedia&parent=13640"}],"wp:term":[{"taxonomy":"product_brand","embeddable":true,"href":"https:\/\/vivasem.ro\/index.php?rest_route=%2Fwp%2Fv2%2Fproduct_brand&post=13640"},{"taxonomy":"product_cat","embeddable":true,"href":"https:\/\/vivasem.ro\/index.php?rest_route=%2Fwp%2Fv2%2Fproduct_cat&post=13640"},{"taxonomy":"product_tag","embeddable":true,"href":"https:\/\/vivasem.ro\/index.php?rest_route=%2Fwp%2Fv2%2Fproduct_tag&post=13640"}],"curies":[{"name":"wp","href":"https:\/\/api.w.org\/{rel}","templated":true}]}}