{"id":13624,"date":"2024-10-24T18:09:15","date_gmt":"2024-10-24T16:09:15","guid":{"rendered":"https:\/\/vivasem.ro\/?post_type=product&#038;p=13624"},"modified":"2025-11-07T19:59:45","modified_gmt":"2025-11-07T17:59:45","slug":"rozov-gradinski-roz-de-gradina-gigant-03g","status":"publish","type":"product","link":"https:\/\/vivasem.ro\/?product=rozov-gradinski-roz-de-gradina-gigant-03g","title":{"rendered":"ROZOV GRADINSKI\/ ROZ DE GR\u0102DIN\u0102 (GIGANT) FLORIAN 0,3g"},"content":{"rendered":"<p><span style=\"color: #ff0000;\"><strong><u>ROZOV GRADINSKI\/ ROZ DE GR\u0102DIN\u0102 \u00a0,<a href=\"https:\/\/vivasem.ro\/wp-content\/uploads\/2023\/02\/FLORIAN-logo-original.jpg\"><img loading=\"lazy\" decoding=\"async\" class=\"alignnone wp-image-11691\" src=\"https:\/\/vivasem.ro\/wp-content\/uploads\/2023\/02\/FLORIAN-logo-300x159.jpg\" alt=\"\" width=\"108\" height=\"58\" srcset=\"https:\/\/vivasem.ro\/wp-content\/uploads\/2023\/02\/FLORIAN-logo-300x159.jpg 300w, https:\/\/vivasem.ro\/wp-content\/uploads\/2023\/02\/FLORIAN-logo-original-248x131.jpg 248w, https:\/\/vivasem.ro\/wp-content\/uploads\/2023\/02\/FLORIAN-logo-original-590x313.jpg 590w, https:\/\/vivasem.ro\/wp-content\/uploads\/2023\/02\/FLORIAN-logo-original.jpg 655w\" sizes=\"auto, (max-width: 108px) 100vw, 108px\" \/><\/a><\/u><\/strong><\/span><\/p>\n<h6><span style=\"color: #ff0000;\">PRODUS \u0218I AMBALAT DE :FLORIAN-BULGARIA,<\/span><\/h6>\n<h6><span lang=\"ro-RO\"><span style=\"color: #000080;\">\u00a0Roze de Gradina (Rozov Gradinski), este o ro\u0219ie de tip\u00a0 Gigant Bulg\u0103resc. <\/span><\/span><\/h6>\n<h6><span style=\"color: #000080;\"><span style=\"color: #ff0000;\"><span lang=\"ro-RO\">A<\/span>re dimensiuni mari tip gigant, soi mediu-timpuriu, nedeterminat, de culoare roz intens, cu o greutate medie de 350 -800 g , dar ajunge \u0219i p\u00e2na la 1.5 kg , chiar \u0219i mai mare de at\u00e2t,<\/span> Miezul este c\u0103rnos , dens, tip beef,\u00a0 \u0219i are gust excep\u021bional.<\/span><\/h6>\n<h6><span style=\"color: #000080;\">Soi cu cre\u0219tere nedeterminat\u0103 . Plantele sunt viguros dezvoltate, cu multe frunze, cu tulpina groasa.<\/span><\/h6>\n<h6><span style=\"color: #000080;\">Fructele nu cr\u0103p\u0103,sunt de o culoare roz intens atractiv, cu o form\u0103 plat rotund\u0103 spre rotund\u0103, cu nervuri slab vizibile.\u00a0 Potrivit pentru productie semi timpurie spre tarzie pe suprafete deschise \u0219i \u00een solarii. Cultivare pe o tulpin\u0103, pe structur\u0103 de sus\u021binere.<\/span><\/h6>\n<h6><span style=\"color: #333399;\">Termen de sem\u0103nat \u00een solarii: Januarie &#8211; Februarie, \u00een camp Februarie &#8211; Martie.<\/span><\/h6>\n<h6><span style=\"color: #333399;\">\u0422ermen de plantare &#8211; Martie &#8211; Aprilie \u00een solar. 15 Aprilie &#8211; 15 Mai \u00een camp.<\/span><\/h6>\n<h6><span style=\"color: #333399;\">Schema de replantare pe un r\u00e2nd 80\/40 sm.<\/span><\/h6>\n<h6><span style=\"color: #333399;\">Dou\u0103 r\u00e2nduri 80\/55\/40 sm.; Norma de \u00eensamantare 20 &#8211; 25 gr &#8211; 1000 mp.<\/span><\/h6>\n<h6><span lang=\"ro-RO\" style=\"color: #000080;\"> Soiul este potrivit pentru cre\u0219tere \u00een c\u00e2mp deschis, dar se prezint\u0103 tot at\u00e2t de bine \u0219i \u00een solarii . <\/span><\/h6>\n<h6><span lang=\"ro-RO\" style=\"color: #000080;\">Potrivit pentru consum proasp\u0103t.<\/span><\/h6>\n<h6><\/h6>\n","protected":false},"excerpt":{"rendered":"<h6><span style=\"color: #0000ff;\">0,3 grame\/90-100 SEMIN\u021aE<\/span><\/h6>\n<h6><span style=\"color: #ff00ff;\">GUST EXCEP\u021aIONAL ! <\/span><span style=\"color: #ff00ff;\">FOARTE PRODUCTIV !<\/span><\/h6>\n","protected":false},"featured_media":13626,"comment_status":"open","ping_status":"closed","template":"","meta":{"site-sidebar-layout":"default","site-content-layout":"default","ast-site-content-layout":"default","site-content-style":"default","site-sidebar-style":"default","ast-global-header-display":"","ast-banner-title-visibility":"","ast-main-header-display":"","ast-hfb-above-header-display":"","ast-hfb-below-header-display":"","ast-hfb-mobile-header-display":"","site-post-title":"","ast-breadcrumbs-content":"","ast-featured-img":"","footer-sml-layout":"","ast-disable-related-posts":"","theme-transparent-header-meta":"default","adv-header-id-meta":"","stick-header-meta":"","header-above-stick-meta":"","header-main-stick-meta":"","header-below-stick-meta":"","astra-migrate-meta-layouts":"set","ast-page-background-enabled":"default","ast-page-background-meta":{"desktop":{"background-color":"var(--ast-global-color-4)","background-image":"","background-repeat":"repeat","background-position":"center center","background-size":"auto","background-attachment":"scroll","background-type":"","background-media":"","overlay-type":"","overlay-color":"","overlay-opacity":"","overlay-gradient":""},"tablet":{"background-color":"","background-image":"","background-repeat":"repeat","background-position":"center center","background-size":"auto","background-attachment":"scroll","background-type":"","background-media":"","overlay-type":"","overlay-color":"","overlay-opacity":"","overlay-gradient":""},"mobile":{"background-color":"","background-image":"","background-repeat":"repeat","background-position":"center center","background-size":"auto","background-attachment":"scroll","background-type":"","background-media":"","overlay-type":"","overlay-color":"","overlay-opacity":"","overlay-gradient":""}},"ast-content-background-meta":{"desktop":{"background-color":"var(--ast-global-color-5)","background-image":"","background-repeat":"repeat","background-position":"center center","background-size":"auto","background-attachment":"scroll","background-type":"","background-media":"","overlay-type":"","overlay-color":"","overlay-opacity":"","overlay-gradient":""},"tablet":{"background-color":"var(--ast-global-color-5)","background-image":"","background-repeat":"repeat","background-position":"center center","background-size":"auto","background-attachment":"scroll","background-type":"","background-media":"","overlay-type":"","overlay-color":"","overlay-opacity":"","overlay-gradient":""},"mobile":{"background-color":"var(--ast-global-color-5)","background-image":"","background-repeat":"repeat","background-position":"center center","background-size":"auto","background-attachment":"scroll","background-type":"","background-media":"","overlay-type":"","overlay-color":"","overlay-opacity":"","overlay-gradient":""}}},"product_brand":[],"product_cat":[141,142,144,187,15],"product_tag":[],"class_list":{"0":"post-13624","1":"product","2":"type-product","3":"status-publish","4":"has-post-thumbnail","6":"product_cat-soi-gigant-urias","7":"product_cat-soiuri-rosii-roz","8":"product_cat-soiuri-tip-inima-de-bou","9":"product_cat-soiuri-florian-opal-bulgaria","10":"product_cat-tomate-soi","11":"desktop-align-left","12":"tablet-align-left","13":"mobile-align-left","15":"first","16":"instock","17":"taxable","18":"shipping-taxable","19":"purchasable","20":"product-type-simple"},"_links":{"self":[{"href":"https:\/\/vivasem.ro\/index.php?rest_route=\/wp\/v2\/product\/13624","targetHints":{"allow":["GET"]}}],"collection":[{"href":"https:\/\/vivasem.ro\/index.php?rest_route=\/wp\/v2\/product"}],"about":[{"href":"https:\/\/vivasem.ro\/index.php?rest_route=\/wp\/v2\/types\/product"}],"replies":[{"embeddable":true,"href":"https:\/\/vivasem.ro\/index.php?rest_route=%2Fwp%2Fv2%2Fcomments&post=13624"}],"wp:featuredmedia":[{"embeddable":true,"href":"https:\/\/vivasem.ro\/index.php?rest_route=\/wp\/v2\/media\/13626"}],"wp:attachment":[{"href":"https:\/\/vivasem.ro\/index.php?rest_route=%2Fwp%2Fv2%2Fmedia&parent=13624"}],"wp:term":[{"taxonomy":"product_brand","embeddable":true,"href":"https:\/\/vivasem.ro\/index.php?rest_route=%2Fwp%2Fv2%2Fproduct_brand&post=13624"},{"taxonomy":"product_cat","embeddable":true,"href":"https:\/\/vivasem.ro\/index.php?rest_route=%2Fwp%2Fv2%2Fproduct_cat&post=13624"},{"taxonomy":"product_tag","embeddable":true,"href":"https:\/\/vivasem.ro\/index.php?rest_route=%2Fwp%2Fv2%2Fproduct_tag&post=13624"}],"curies":[{"name":"wp","href":"https:\/\/api.w.org\/{rel}","templated":true}]}}