{"id":13615,"date":"2024-10-24T18:02:45","date_gmt":"2024-10-24T16:02:45","guid":{"rendered":"https:\/\/vivasem.ro\/?post_type=product&#038;p=13615"},"modified":"2026-02-05T08:08:49","modified_gmt":"2026-02-05T06:08:49","slug":"cerven-gradinski-rosu-de-gradina-gigant-05g","status":"publish","type":"product","link":"https:\/\/vivasem.ro\/?product=cerven-gradinski-rosu-de-gradina-gigant-05g","title":{"rendered":"RO\u0218U DE GR\u0102DIN\u0102 \/CERVEN GRADINSKI (GIGANT) 0,5g"},"content":{"rendered":"<p><span style=\"color: #ff0000;\"><strong><u>CERVEN GRADINSKI\/ RO\u0218U DE GR\u0102DIN\u0102 ,<a href=\"https:\/\/vivasem.ro\/wp-content\/uploads\/2023\/02\/FLORIAN-logo-original.jpg\"><img loading=\"lazy\" decoding=\"async\" class=\"alignnone wp-image-11691\" src=\"https:\/\/vivasem.ro\/wp-content\/uploads\/2023\/02\/FLORIAN-logo-300x159.jpg\" alt=\"\" width=\"108\" height=\"58\" srcset=\"https:\/\/vivasem.ro\/wp-content\/uploads\/2023\/02\/FLORIAN-logo-300x159.jpg 300w, https:\/\/vivasem.ro\/wp-content\/uploads\/2023\/02\/FLORIAN-logo-original-248x131.jpg 248w, https:\/\/vivasem.ro\/wp-content\/uploads\/2023\/02\/FLORIAN-logo-original-590x313.jpg 590w, https:\/\/vivasem.ro\/wp-content\/uploads\/2023\/02\/FLORIAN-logo-original.jpg 655w\" sizes=\"auto, (max-width: 108px) 100vw, 108px\" \/><\/a><\/u><\/strong><\/span><\/p>\n<h6><span style=\"color: #ff0000;\">PRODUS \u0218I AMBALAT DE :FLORIAN-BULGARIA,<\/span><\/h6>\n<div class=\"ast-oembed-container \" style=\"height: 100%;\"><iframe loading=\"lazy\" title=\"Tomate Rosu de gradina   un alt soi promitator\" width=\"500\" height=\"281\" src=\"https:\/\/www.youtube.com\/embed\/39D_QAjX4N0?feature=oembed\" frameborder=\"0\" allow=\"accelerometer; autoplay; clipboard-write; encrypted-media; gyroscope; picture-in-picture; web-share\" referrerpolicy=\"strict-origin-when-cross-origin\" allowfullscreen><\/iframe><\/div>\n<h6><span lang=\"ro-RO\"><a href=\"https:\/\/www.semplus.ro\/seminte-de-tomate-de-gradina-gigant-florian-1-gram\"><span style=\"color: #000080;\">Cherven gradinski<\/span><\/a><span style=\"color: #000080;\">\u00a0 (Ro\u0219u de gradina) este o ro\u0219ie de tip\u00a0 Gigant Bulg\u0103resc ,FOARTE PRODUCTIV. <\/span><\/span><\/h6>\n<h6><span lang=\"ro-RO\" style=\"color: #ff0000;\">Are fructe dulci \u0219i c\u0103rnoase, foarte mari ,ating\u00e2nd greutate de 1,5 kg.<\/span><\/h6>\n<h6><span lang=\"ro-RO\" style=\"color: #000080;\">Soi nedeterminat (\u00eenalt), direct, mediu-timpuriu .<\/span><\/h6>\n<h6><span lang=\"ro-RO\" style=\"color: #000080;\">Plantele sunt puternic dezvoltate cu o tulpina groas\u0103 \u0219i cre\u0219tere luxuriant\u0103.<\/span><\/h6>\n<h6><span lang=\"ro-RO\" style=\"color: #000080;\"><span style=\"color: #ff0000;\"> La maturitate fructele au culoarea ro\u0219u intens, turtite spre rotund turtite, cu nervuri, foarte mari cu greutatea medie de 400-800 grame, cu t\u0103rie medie, cu aroma tipic\u0103<\/span>, <span style=\"color: #ff0000;\">consistenta \u0219i gust autentic a tomatelor bulg\u0103re\u0219ti tip Gigant.<\/span><\/span><\/h6>\n<h6><span lang=\"ro-RO\" style=\"color: #000080;\"> Soiul este potrivit pentru cre\u0219tere \u00een c\u00e2mp deschis, dar se prezint\u0103 tot at\u00e2t de bine \u0219i \u00een solarii . <\/span><\/h6>\n<h6><span lang=\"ro-RO\" style=\"color: #000080;\">Potrivit pentru consum proasp\u0103t.<\/span><\/h6>\n<h6><span style=\"color: #ff00ff;\">\u00ceN TESTELE NOASTRE A AVUT REZULTATE EXCEP\u021aIONALE DE PRODUCTIVITATE \u0218I\u00a0 GUST !<\/span><\/h6>\n<h6><\/h6>\n<h6>+2<\/h6>\n","protected":false},"excerpt":{"rendered":"<h6><span style=\"color: #0000ff;\">0,5 grame\/150-200 SEMIN\u021aE<img loading=\"lazy\" decoding=\"async\" class=\"alignnone size-full wp-image-8306\" src=\"https:\/\/vivasem.ro\/wp-content\/uploads\/2021\/11\/RECOMAND-e1762844609348.jpg\" alt=\"\" width=\"87\" height=\"84\" \/><\/span><\/h6>\n<h6><span style=\"color: #ff00ff;\">EXTREM DE PRODUCTIV !<\/span><\/h6>\n<h6><span style=\"color: #ff00ff;\">GUST EXCEP\u021aIONAL ! <\/span><\/h6>\n<h6><span style=\"color: #ff00ff;\"><span style=\"color: #ff0000;\">VEZI VIDEO !<\/span><\/span><\/h6>\n","protected":false},"featured_media":13609,"comment_status":"open","ping_status":"closed","template":"","meta":{"site-sidebar-layout":"default","site-content-layout":"default","ast-site-content-layout":"default","site-content-style":"default","site-sidebar-style":"default","ast-global-header-display":"","ast-banner-title-visibility":"","ast-main-header-display":"","ast-hfb-above-header-display":"","ast-hfb-below-header-display":"","ast-hfb-mobile-header-display":"","site-post-title":"","ast-breadcrumbs-content":"","ast-featured-img":"","footer-sml-layout":"","ast-disable-related-posts":"","theme-transparent-header-meta":"default","adv-header-id-meta":"","stick-header-meta":"","header-above-stick-meta":"","header-main-stick-meta":"","header-below-stick-meta":"","astra-migrate-meta-layouts":"set","ast-page-background-enabled":"default","ast-page-background-meta":{"desktop":{"background-color":"var(--ast-global-color-4)","background-image":"","background-repeat":"repeat","background-position":"center center","background-size":"auto","background-attachment":"scroll","background-type":"","background-media":"","overlay-type":"","overlay-color":"","overlay-opacity":"","overlay-gradient":""},"tablet":{"background-color":"","background-image":"","background-repeat":"repeat","background-position":"center center","background-size":"auto","background-attachment":"scroll","background-type":"","background-media":"","overlay-type":"","overlay-color":"","overlay-opacity":"","overlay-gradient":""},"mobile":{"background-color":"","background-image":"","background-repeat":"repeat","background-position":"center center","background-size":"auto","background-attachment":"scroll","background-type":"","background-media":"","overlay-type":"","overlay-color":"","overlay-opacity":"","overlay-gradient":""}},"ast-content-background-meta":{"desktop":{"background-color":"var(--ast-global-color-5)","background-image":"","background-repeat":"repeat","background-position":"center center","background-size":"auto","background-attachment":"scroll","background-type":"","background-media":"","overlay-type":"","overlay-color":"","overlay-opacity":"","overlay-gradient":""},"tablet":{"background-color":"var(--ast-global-color-5)","background-image":"","background-repeat":"repeat","background-position":"center center","background-size":"auto","background-attachment":"scroll","background-type":"","background-media":"","overlay-type":"","overlay-color":"","overlay-opacity":"","overlay-gradient":""},"mobile":{"background-color":"var(--ast-global-color-5)","background-image":"","background-repeat":"repeat","background-position":"center center","background-size":"auto","background-attachment":"scroll","background-type":"","background-media":"","overlay-type":"","overlay-color":"","overlay-opacity":"","overlay-gradient":""}}},"product_brand":[],"product_cat":[141,142,187,15],"product_tag":[],"class_list":{"0":"post-13615","1":"product","2":"type-product","3":"status-publish","4":"has-post-thumbnail","6":"product_cat-soi-gigant-urias","7":"product_cat-soiuri-rosii-roz","8":"product_cat-soiuri-florian-opal-bulgaria","9":"product_cat-tomate-soi","10":"desktop-align-left","11":"tablet-align-left","12":"mobile-align-left","14":"first","15":"instock","16":"taxable","17":"shipping-taxable","18":"purchasable","19":"product-type-simple"},"_links":{"self":[{"href":"https:\/\/vivasem.ro\/index.php?rest_route=\/wp\/v2\/product\/13615","targetHints":{"allow":["GET"]}}],"collection":[{"href":"https:\/\/vivasem.ro\/index.php?rest_route=\/wp\/v2\/product"}],"about":[{"href":"https:\/\/vivasem.ro\/index.php?rest_route=\/wp\/v2\/types\/product"}],"replies":[{"embeddable":true,"href":"https:\/\/vivasem.ro\/index.php?rest_route=%2Fwp%2Fv2%2Fcomments&post=13615"}],"wp:featuredmedia":[{"embeddable":true,"href":"https:\/\/vivasem.ro\/index.php?rest_route=\/wp\/v2\/media\/13609"}],"wp:attachment":[{"href":"https:\/\/vivasem.ro\/index.php?rest_route=%2Fwp%2Fv2%2Fmedia&parent=13615"}],"wp:term":[{"taxonomy":"product_brand","embeddable":true,"href":"https:\/\/vivasem.ro\/index.php?rest_route=%2Fwp%2Fv2%2Fproduct_brand&post=13615"},{"taxonomy":"product_cat","embeddable":true,"href":"https:\/\/vivasem.ro\/index.php?rest_route=%2Fwp%2Fv2%2Fproduct_cat&post=13615"},{"taxonomy":"product_tag","embeddable":true,"href":"https:\/\/vivasem.ro\/index.php?rest_route=%2Fwp%2Fv2%2Fproduct_tag&post=13615"}],"curies":[{"name":"wp","href":"https:\/\/api.w.org\/{rel}","templated":true}]}}