{"id":13605,"date":"2024-10-24T17:01:12","date_gmt":"2024-10-24T15:01:12","guid":{"rendered":"https:\/\/vivasem.ro\/?post_type=product&#038;p=13605"},"modified":"2025-11-26T11:56:53","modified_gmt":"2025-11-26T09:56:53","slug":"morcovi-purple-florian-bg","status":"publish","type":"product","link":"https:\/\/vivasem.ro\/?product=morcovi-purple-florian-bg","title":{"rendered":"MORCOVI PURPLE (FLORIAN Bg.)"},"content":{"rendered":"<h6><span style=\"color: #ff0000;\"><strong><u>MORCOVI PURPLE \u00a0,<\/u><\/strong><\/span>\u00a0 \u00a0 \u00a0<span style=\"color: #ff0000;\"><strong><u><a href=\"https:\/\/vivasem.ro\/wp-content\/uploads\/2023\/02\/FLORIAN-logo.jpg\"><img loading=\"lazy\" decoding=\"async\" class=\"alignnone wp-image-11691\" src=\"https:\/\/vivasem.ro\/wp-content\/uploads\/2023\/02\/FLORIAN-logo-300x159.jpg\" alt=\"\" width=\"125\" height=\"66\" srcset=\"https:\/\/vivasem.ro\/wp-content\/uploads\/2023\/02\/FLORIAN-logo-300x159.jpg 300w, https:\/\/vivasem.ro\/wp-content\/uploads\/2023\/02\/FLORIAN-logo-original-248x131.jpg 248w, https:\/\/vivasem.ro\/wp-content\/uploads\/2023\/02\/FLORIAN-logo-original-590x313.jpg 590w, https:\/\/vivasem.ro\/wp-content\/uploads\/2023\/02\/FLORIAN-logo-original.jpg 655w\" sizes=\"auto, (max-width: 125px) 100vw, 125px\" \/><\/a><\/u><\/strong><\/span><\/h6>\n<h6><span style=\"color: #ff0000;\"><span class=\"post-meta-key\">Produs si ambalat de :Florian-Bulgaria<\/span><\/span><\/h6>\n<h6><span style=\"color: #333399;\">Un soi de morcovi timpuriu , cu fructe mari, netede, cu lungimea de 16-20 cm.<\/span><\/h6>\n<h6><span style=\"color: #333399;\">Morcovul Purple ,are un\u00a0 gust dulce,atat in stare proaspat\u0103 c\u00e2t si dupa g\u0103tire, o culoare neobisnuita, atractiva, de un violet \u00eenchis.<br \/>\nMorcovul purpuriu este cultivat in unele regiuni din Turcia si din Irak, fiind bogat in pigmenti antocianici, principii active care imbunatatesc vederea nocturna, combat inflamatiile articulare, previn trombozele de tot felul.<br \/>\n<\/span><\/h6>\n<h6><span style=\"color: #333399;\"> Au calitati gustative excelente \u0219i miez crocant. Potrivit de consum in stare proaspata.<\/span><\/h6>\n<h6><span style=\"color: #333399;\">Pentru productia de primavara se ins\u0103m\u00e2n\u021beaza incepand din 20 februarie -10 martie, iar pentru cea de iarna din 01-15 decembrie,la o adancime de 2-3 cm.<\/span><\/h6>\n<h6><span style=\"color: #333399;\">Temperatura de germinare 10-20 grade<br \/>\nGermineaza in 15-25 zile<\/span><\/h6>\n<h6><\/h6>\n<h6><\/h6>\n<div class=\"woocommerce-tabs wc-tabs-wrapper\">\n<div id=\"tab-description\" class=\"woocommerce-Tabs-panel woocommerce-Tabs-panel--description panel entry-content wc-tab\" role=\"tabpanel\" aria-labelledby=\"tab-title-description\">\n<p>&nbsp;<\/p>\n<\/div>\n<\/div>\n","protected":false},"excerpt":{"rendered":"<h6><span style=\"color: #0000ff;\">0,6 grame\/cca 500 semin\u021be<\/span><\/h6>\n","protected":false},"featured_media":13674,"comment_status":"open","ping_status":"closed","template":"","meta":{"site-sidebar-layout":"default","site-content-layout":"default","ast-site-content-layout":"default","site-content-style":"default","site-sidebar-style":"default","ast-global-header-display":"","ast-banner-title-visibility":"","ast-main-header-display":"","ast-hfb-above-header-display":"","ast-hfb-below-header-display":"","ast-hfb-mobile-header-display":"","site-post-title":"","ast-breadcrumbs-content":"","ast-featured-img":"","footer-sml-layout":"","ast-disable-related-posts":"","theme-transparent-header-meta":"default","adv-header-id-meta":"","stick-header-meta":"","header-above-stick-meta":"","header-main-stick-meta":"","header-below-stick-meta":"","astra-migrate-meta-layouts":"set","ast-page-background-enabled":"default","ast-page-background-meta":{"desktop":{"background-color":"var(--ast-global-color-4)","background-image":"","background-repeat":"repeat","background-position":"center center","background-size":"auto","background-attachment":"scroll","background-type":"","background-media":"","overlay-type":"","overlay-color":"","overlay-opacity":"","overlay-gradient":""},"tablet":{"background-color":"","background-image":"","background-repeat":"repeat","background-position":"center center","background-size":"auto","background-attachment":"scroll","background-type":"","background-media":"","overlay-type":"","overlay-color":"","overlay-opacity":"","overlay-gradient":""},"mobile":{"background-color":"","background-image":"","background-repeat":"repeat","background-position":"center center","background-size":"auto","background-attachment":"scroll","background-type":"","background-media":"","overlay-type":"","overlay-color":"","overlay-opacity":"","overlay-gradient":""}},"ast-content-background-meta":{"desktop":{"background-color":"var(--ast-global-color-5)","background-image":"","background-repeat":"repeat","background-position":"center center","background-size":"auto","background-attachment":"scroll","background-type":"","background-media":"","overlay-type":"","overlay-color":"","overlay-opacity":"","overlay-gradient":""},"tablet":{"background-color":"var(--ast-global-color-5)","background-image":"","background-repeat":"repeat","background-position":"center center","background-size":"auto","background-attachment":"scroll","background-type":"","background-media":"","overlay-type":"","overlay-color":"","overlay-opacity":"","overlay-gradient":""},"mobile":{"background-color":"var(--ast-global-color-5)","background-image":"","background-repeat":"repeat","background-position":"center center","background-size":"auto","background-attachment":"scroll","background-type":"","background-media":"","overlay-type":"","overlay-color":"","overlay-opacity":"","overlay-gradient":""}}},"product_brand":[],"product_cat":[89],"product_tag":[],"class_list":{"0":"post-13605","1":"product","2":"type-product","3":"status-publish","4":"has-post-thumbnail","6":"product_cat-radacinoase","7":"desktop-align-left","8":"tablet-align-left","9":"mobile-align-left","11":"first","12":"instock","13":"taxable","14":"shipping-taxable","15":"purchasable","16":"product-type-simple"},"_links":{"self":[{"href":"https:\/\/vivasem.ro\/index.php?rest_route=\/wp\/v2\/product\/13605","targetHints":{"allow":["GET"]}}],"collection":[{"href":"https:\/\/vivasem.ro\/index.php?rest_route=\/wp\/v2\/product"}],"about":[{"href":"https:\/\/vivasem.ro\/index.php?rest_route=\/wp\/v2\/types\/product"}],"replies":[{"embeddable":true,"href":"https:\/\/vivasem.ro\/index.php?rest_route=%2Fwp%2Fv2%2Fcomments&post=13605"}],"wp:featuredmedia":[{"embeddable":true,"href":"https:\/\/vivasem.ro\/index.php?rest_route=\/wp\/v2\/media\/13674"}],"wp:attachment":[{"href":"https:\/\/vivasem.ro\/index.php?rest_route=%2Fwp%2Fv2%2Fmedia&parent=13605"}],"wp:term":[{"taxonomy":"product_brand","embeddable":true,"href":"https:\/\/vivasem.ro\/index.php?rest_route=%2Fwp%2Fv2%2Fproduct_brand&post=13605"},{"taxonomy":"product_cat","embeddable":true,"href":"https:\/\/vivasem.ro\/index.php?rest_route=%2Fwp%2Fv2%2Fproduct_cat&post=13605"},{"taxonomy":"product_tag","embeddable":true,"href":"https:\/\/vivasem.ro\/index.php?rest_route=%2Fwp%2Fv2%2Fproduct_tag&post=13605"}],"curies":[{"name":"wp","href":"https:\/\/api.w.org\/{rel}","templated":true}]}}