{"id":13596,"date":"2024-10-24T09:05:45","date_gmt":"2024-10-24T07:05:45","guid":{"rendered":"https:\/\/vivasem.ro\/?post_type=product&#038;p=13596"},"modified":"2024-11-01T08:30:25","modified_gmt":"2024-11-01T06:30:25","slug":"fasole-urcatoare-marconi-50g-florian-bg","status":"publish","type":"product","link":"https:\/\/vivasem.ro\/?product=fasole-urcatoare-marconi-50g-florian-bg","title":{"rendered":"FASOLE URC\u0102TOARE MARCONI (50g -FLORIAN Bg.)"},"content":{"rendered":"<h6><span style=\"color: #ff0000;\"><strong><u>FASOLE URC\u0102TOARE MARCONI ,<\/u><\/strong><\/span>\u00a0 \u00a0 \u00a0 \u00a0 \u00a0 <span style=\"color: #ff0000;\"><strong><u><a href=\"https:\/\/vivasem.ro\/wp-content\/uploads\/2023\/02\/FLORIAN-logo.jpg\"><img loading=\"lazy\" decoding=\"async\" class=\"alignnone wp-image-11691\" src=\"https:\/\/vivasem.ro\/wp-content\/uploads\/2023\/02\/FLORIAN-logo-300x159.jpg\" alt=\"\" width=\"155\" height=\"82\" srcset=\"https:\/\/vivasem.ro\/wp-content\/uploads\/2023\/02\/FLORIAN-logo-300x159.jpg 300w, https:\/\/vivasem.ro\/wp-content\/uploads\/2023\/02\/FLORIAN-logo-original-248x131.jpg 248w, https:\/\/vivasem.ro\/wp-content\/uploads\/2023\/02\/FLORIAN-logo-original-590x313.jpg 590w, https:\/\/vivasem.ro\/wp-content\/uploads\/2023\/02\/FLORIAN-logo-original.jpg 655w\" sizes=\"auto, (max-width: 155px) 100vw, 155px\" \/><\/a><\/u><\/strong><\/span><\/h6>\n<h6><span style=\"color: #ff0000;\"><span class=\"post-meta-key\">Produs si ambalat de :Florian-Bulgaria<\/span><\/span><\/h6>\n<div class=\"woocommerce-tabs wc-tabs-wrapper\">\n<div id=\"tab-description\" class=\"woocommerce-Tabs-panel woocommerce-Tabs-panel--description panel entry-content wc-tab\" role=\"tabpanel\" aria-labelledby=\"tab-title-description\">\n<h6><span style=\"color: #333399;\"><strong>Marconi <\/strong>este o varietate\u00a0 de fasole urc\u0103toare , de arac, cu <strong>p\u0103st\u0103i verzi, late \u0219i foarte gustoase,\u00a0<\/strong>cu semin\u021bele de culoare alb\u0103.<\/span><\/h6>\n<p><span style=\"color: #ff0000;\">\u00a0Pastaile sunt late de 2-2,5 cm, lungi de 20 \u2013 28 centimetri \u0219i au culoarea verde deschis, au un interior fraged \u0219i nu con\u021bin a\u021be.<\/span><\/p>\n<p><span style=\"color: #333399;\">Plantele sunt viguroase, de 2-2,5 m, iar modul de cultivare este similar celui de la fasolea urcatoare de culoare galbena.\u00a0<\/span><\/p>\n<p><span style=\"color: #333399;\"><strong>E<\/strong>ste de sezon lung, destinata culturilor de primavar\u0103 pan\u0103 in toamn\u0103, atat in culturile protejate, cat si in c\u00e2mp deschis, pe arac \u0219i se poate recolta pe o perioada indelungat\u0103.<\/span><br \/>\n<span style=\"color: #333399;\">SE CULTIV\u0102 CU REZULTATE FOARTE BUNE \u00ceN C\u00c2MP \u0218I EXCEP\u021aIONALE \u00ceN SOLAR.<\/span><br \/>\n<span style=\"color: #333399;\">Semintele se seamana din 1 aprilie pana in 15 mai cand temperatura solului este de 12 grade celsius si este trecut pericolul de inghet.<\/span><br \/>\n<span style=\"color: #333399;\">Se utilizeaza insamantarea in randuri la o distanta de:<\/span><br \/>\n<span style=\"color: #333399;\">&#8211; pentru cultura pe arac &#8211; 80\/50 cm.<\/span><br \/>\n<span style=\"color: #333399;\">Perioada de vegetatie 70-95 zile.<\/span><br \/>\n<span style=\"color: #333399;\">Se consuma in stare proaspata sau congelata.<\/span><\/p>\n<p>P+2<\/p>\n<\/div>\n<\/div>\n","protected":false},"excerpt":{"rendered":"<h6><span style=\"color: #0000ff;\">50 grame\/cca 80-100 semin\u021be<\/span><\/h6>\n","protected":false},"featured_media":13597,"comment_status":"open","ping_status":"closed","template":"","meta":{"site-sidebar-layout":"default","site-content-layout":"default","ast-site-content-layout":"default","site-content-style":"default","site-sidebar-style":"default","ast-global-header-display":"","ast-banner-title-visibility":"","ast-main-header-display":"","ast-hfb-above-header-display":"","ast-hfb-below-header-display":"","ast-hfb-mobile-header-display":"","site-post-title":"","ast-breadcrumbs-content":"","ast-featured-img":"","footer-sml-layout":"","ast-disable-related-posts":"","theme-transparent-header-meta":"default","adv-header-id-meta":"","stick-header-meta":"","header-above-stick-meta":"","header-main-stick-meta":"","header-below-stick-meta":"","astra-migrate-meta-layouts":"set","ast-page-background-enabled":"default","ast-page-background-meta":{"desktop":{"background-color":"var(--ast-global-color-4)","background-image":"","background-repeat":"repeat","background-position":"center center","background-size":"auto","background-attachment":"scroll","background-type":"","background-media":"","overlay-type":"","overlay-color":"","overlay-opacity":"","overlay-gradient":""},"tablet":{"background-color":"","background-image":"","background-repeat":"repeat","background-position":"center center","background-size":"auto","background-attachment":"scroll","background-type":"","background-media":"","overlay-type":"","overlay-color":"","overlay-opacity":"","overlay-gradient":""},"mobile":{"background-color":"","background-image":"","background-repeat":"repeat","background-position":"center center","background-size":"auto","background-attachment":"scroll","background-type":"","background-media":"","overlay-type":"","overlay-color":"","overlay-opacity":"","overlay-gradient":""}},"ast-content-background-meta":{"desktop":{"background-color":"var(--ast-global-color-5)","background-image":"","background-repeat":"repeat","background-position":"center center","background-size":"auto","background-attachment":"scroll","background-type":"","background-media":"","overlay-type":"","overlay-color":"","overlay-opacity":"","overlay-gradient":""},"tablet":{"background-color":"var(--ast-global-color-5)","background-image":"","background-repeat":"repeat","background-position":"center center","background-size":"auto","background-attachment":"scroll","background-type":"","background-media":"","overlay-type":"","overlay-color":"","overlay-opacity":"","overlay-gradient":""},"mobile":{"background-color":"var(--ast-global-color-5)","background-image":"","background-repeat":"repeat","background-position":"center center","background-size":"auto","background-attachment":"scroll","background-type":"","background-media":"","overlay-type":"","overlay-color":"","overlay-opacity":"","overlay-gradient":""}}},"product_brand":[],"product_cat":[85],"product_tag":[],"class_list":{"0":"post-13596","1":"product","2":"type-product","3":"status-publish","4":"has-post-thumbnail","6":"product_cat-fasole","7":"desktop-align-left","8":"tablet-align-left","9":"mobile-align-left","11":"first","12":"instock","13":"taxable","14":"shipping-taxable","15":"purchasable","16":"product-type-simple"},"_links":{"self":[{"href":"https:\/\/vivasem.ro\/index.php?rest_route=\/wp\/v2\/product\/13596","targetHints":{"allow":["GET"]}}],"collection":[{"href":"https:\/\/vivasem.ro\/index.php?rest_route=\/wp\/v2\/product"}],"about":[{"href":"https:\/\/vivasem.ro\/index.php?rest_route=\/wp\/v2\/types\/product"}],"replies":[{"embeddable":true,"href":"https:\/\/vivasem.ro\/index.php?rest_route=%2Fwp%2Fv2%2Fcomments&post=13596"}],"wp:featuredmedia":[{"embeddable":true,"href":"https:\/\/vivasem.ro\/index.php?rest_route=\/wp\/v2\/media\/13597"}],"wp:attachment":[{"href":"https:\/\/vivasem.ro\/index.php?rest_route=%2Fwp%2Fv2%2Fmedia&parent=13596"}],"wp:term":[{"taxonomy":"product_brand","embeddable":true,"href":"https:\/\/vivasem.ro\/index.php?rest_route=%2Fwp%2Fv2%2Fproduct_brand&post=13596"},{"taxonomy":"product_cat","embeddable":true,"href":"https:\/\/vivasem.ro\/index.php?rest_route=%2Fwp%2Fv2%2Fproduct_cat&post=13596"},{"taxonomy":"product_tag","embeddable":true,"href":"https:\/\/vivasem.ro\/index.php?rest_route=%2Fwp%2Fv2%2Fproduct_tag&post=13596"}],"curies":[{"name":"wp","href":"https:\/\/api.w.org\/{rel}","templated":true}]}}