{"id":13592,"date":"2024-10-24T08:43:20","date_gmt":"2024-10-24T06:43:20","guid":{"rendered":"https:\/\/vivasem.ro\/?post_type=product&#038;p=13592"},"modified":"2024-11-01T08:35:42","modified_gmt":"2024-11-01T06:35:42","slug":"fasole-pitica-bergold-50g-florian-bg","status":"publish","type":"product","link":"https:\/\/vivasem.ro\/?product=fasole-pitica-bergold-50g-florian-bg","title":{"rendered":"FASOLE PITIC\u0102 BERGOLD (50g -FLORIAN Bg.)"},"content":{"rendered":"<h6><span style=\"color: #ff0000;\"><u>FASOLE<\/u><strong><u> BERGOLD ,<\/u><\/strong><\/span>\u00a0 \u00a0 \u00a0 \u00a0 \u00a0 <span style=\"color: #ff0000;\"><strong><u><a href=\"https:\/\/vivasem.ro\/wp-content\/uploads\/2023\/02\/FLORIAN-logo.jpg\"><img loading=\"lazy\" decoding=\"async\" class=\"alignnone wp-image-11691\" src=\"https:\/\/vivasem.ro\/wp-content\/uploads\/2023\/02\/FLORIAN-logo-300x159.jpg\" alt=\"\" width=\"155\" height=\"82\" srcset=\"https:\/\/vivasem.ro\/wp-content\/uploads\/2023\/02\/FLORIAN-logo-300x159.jpg 300w, https:\/\/vivasem.ro\/wp-content\/uploads\/2023\/02\/FLORIAN-logo-original-248x131.jpg 248w, https:\/\/vivasem.ro\/wp-content\/uploads\/2023\/02\/FLORIAN-logo-original-590x313.jpg 590w, https:\/\/vivasem.ro\/wp-content\/uploads\/2023\/02\/FLORIAN-logo-original.jpg 655w\" sizes=\"auto, (max-width: 155px) 100vw, 155px\" \/><\/a><\/u><\/strong><\/span><\/h6>\n<h6><span style=\"color: #ff0000;\"><span class=\"post-meta-key\">Produs ambalat de :Florian-Bulgaria<\/span><\/span><\/h6>\n<div class=\"woocommerce-tabs wc-tabs-wrapper\">\n<div id=\"tab-description\" class=\"woocommerce-Tabs-panel woocommerce-Tabs-panel--description panel entry-content wc-tab\" role=\"tabpanel\" aria-labelledby=\"tab-title-description\">\n<h6><span style=\"color: #333399;\"><strong>SOI FOARTE PRODUCTIV DE FASOLE PITIC\u0102, CU P\u0102STAIA TIP FIDELU\u021a\u0102 CE PRODUCE\u00a0 P\u0102STAI GALBENE-AURII, LUNGI DE 12-14 centimetrii, DIAMETRU DE 8- 9 mm.<\/strong><\/span><\/h6>\n<h6><span style=\"color: #333399;\"><strong>TECILE SUNT ROTUNDE, CILINDRICE,C\u0102RNOASE, F\u0102R\u0102 A\u021aE \u0218I FOARTE GUSTOASE, BOABELE USCATE SUNT ALBE.<\/strong><\/span><\/h6>\n<h6><span style=\"color: #333399;\">Planta are o inaltime de 45-50 cm, cu frunze de culoare verzuie, productiva.<\/span><\/h6>\n<h6><span style=\"color: #333399;\">Semintele se seamana din 01 aprilie pana in 15 mai cand temperatura solului este peste 12 gradeC.<\/span><\/h6>\n<h6><span style=\"color: #333399;\">Perioada de vegetatie 45-50 zile.<\/span><\/h6>\n<h6><span style=\"color: #333399;\">Se consuma in stare proaspata sau congelata.<\/span><\/h6>\n<p>P+2<\/p>\n<\/div>\n<\/div>\n","protected":false},"excerpt":{"rendered":"<h6><span style=\"color: #0000ff;\">50 grame\/cca 200-250 semin\u021be<\/span><\/h6>\n","protected":false},"featured_media":13593,"comment_status":"open","ping_status":"closed","template":"","meta":{"site-sidebar-layout":"default","site-content-layout":"default","ast-site-content-layout":"default","site-content-style":"default","site-sidebar-style":"default","ast-global-header-display":"","ast-banner-title-visibility":"","ast-main-header-display":"","ast-hfb-above-header-display":"","ast-hfb-below-header-display":"","ast-hfb-mobile-header-display":"","site-post-title":"","ast-breadcrumbs-content":"","ast-featured-img":"","footer-sml-layout":"","ast-disable-related-posts":"","theme-transparent-header-meta":"default","adv-header-id-meta":"","stick-header-meta":"","header-above-stick-meta":"","header-main-stick-meta":"","header-below-stick-meta":"","astra-migrate-meta-layouts":"set","ast-page-background-enabled":"default","ast-page-background-meta":{"desktop":{"background-color":"var(--ast-global-color-4)","background-image":"","background-repeat":"repeat","background-position":"center center","background-size":"auto","background-attachment":"scroll","background-type":"","background-media":"","overlay-type":"","overlay-color":"","overlay-opacity":"","overlay-gradient":""},"tablet":{"background-color":"","background-image":"","background-repeat":"repeat","background-position":"center center","background-size":"auto","background-attachment":"scroll","background-type":"","background-media":"","overlay-type":"","overlay-color":"","overlay-opacity":"","overlay-gradient":""},"mobile":{"background-color":"","background-image":"","background-repeat":"repeat","background-position":"center center","background-size":"auto","background-attachment":"scroll","background-type":"","background-media":"","overlay-type":"","overlay-color":"","overlay-opacity":"","overlay-gradient":""}},"ast-content-background-meta":{"desktop":{"background-color":"var(--ast-global-color-5)","background-image":"","background-repeat":"repeat","background-position":"center center","background-size":"auto","background-attachment":"scroll","background-type":"","background-media":"","overlay-type":"","overlay-color":"","overlay-opacity":"","overlay-gradient":""},"tablet":{"background-color":"var(--ast-global-color-5)","background-image":"","background-repeat":"repeat","background-position":"center center","background-size":"auto","background-attachment":"scroll","background-type":"","background-media":"","overlay-type":"","overlay-color":"","overlay-opacity":"","overlay-gradient":""},"mobile":{"background-color":"var(--ast-global-color-5)","background-image":"","background-repeat":"repeat","background-position":"center center","background-size":"auto","background-attachment":"scroll","background-type":"","background-media":"","overlay-type":"","overlay-color":"","overlay-opacity":"","overlay-gradient":""}}},"product_brand":[],"product_cat":[112],"product_tag":[],"class_list":{"0":"post-13592","1":"product","2":"type-product","3":"status-publish","4":"has-post-thumbnail","6":"product_cat-fasole-oloaga-fasole-pitica","7":"desktop-align-left","8":"tablet-align-left","9":"mobile-align-left","11":"first","12":"instock","13":"taxable","14":"shipping-taxable","15":"purchasable","16":"product-type-simple"},"_links":{"self":[{"href":"https:\/\/vivasem.ro\/index.php?rest_route=\/wp\/v2\/product\/13592","targetHints":{"allow":["GET"]}}],"collection":[{"href":"https:\/\/vivasem.ro\/index.php?rest_route=\/wp\/v2\/product"}],"about":[{"href":"https:\/\/vivasem.ro\/index.php?rest_route=\/wp\/v2\/types\/product"}],"replies":[{"embeddable":true,"href":"https:\/\/vivasem.ro\/index.php?rest_route=%2Fwp%2Fv2%2Fcomments&post=13592"}],"wp:featuredmedia":[{"embeddable":true,"href":"https:\/\/vivasem.ro\/index.php?rest_route=\/wp\/v2\/media\/13593"}],"wp:attachment":[{"href":"https:\/\/vivasem.ro\/index.php?rest_route=%2Fwp%2Fv2%2Fmedia&parent=13592"}],"wp:term":[{"taxonomy":"product_brand","embeddable":true,"href":"https:\/\/vivasem.ro\/index.php?rest_route=%2Fwp%2Fv2%2Fproduct_brand&post=13592"},{"taxonomy":"product_cat","embeddable":true,"href":"https:\/\/vivasem.ro\/index.php?rest_route=%2Fwp%2Fv2%2Fproduct_cat&post=13592"},{"taxonomy":"product_tag","embeddable":true,"href":"https:\/\/vivasem.ro\/index.php?rest_route=%2Fwp%2Fv2%2Fproduct_tag&post=13592"}],"curies":[{"name":"wp","href":"https:\/\/api.w.org\/{rel}","templated":true}]}}