{"id":13585,"date":"2024-10-24T07:59:44","date_gmt":"2024-10-24T05:59:44","guid":{"rendered":"https:\/\/vivasem.ro\/?post_type=product&#038;p=13585"},"modified":"2025-12-19T18:34:01","modified_gmt":"2025-12-19T16:34:01","slug":"mazare-ambrosia-zaharata-100g-florian-bg","status":"publish","type":"product","link":"https:\/\/vivasem.ro\/?product=mazare-ambrosia-zaharata-100g-florian-bg","title":{"rendered":"MAZ\u0102RE AMBROSIA (ZAHARAT\u0102) (100g -FLORIAN Bg.)"},"content":{"rendered":"<h6><span style=\"color: #ff0000;\"><strong><u>MAZ\u0102RE ZAHARAT\u0102 AMBROSIA ,<\/u><\/strong><\/span>\u00a0 \u00a0 \u00a0 \u00a0 \u00a0 <span style=\"color: #ff0000;\"><strong><u><a href=\"https:\/\/vivasem.ro\/wp-content\/uploads\/2023\/02\/FLORIAN-logo.jpg\"><img loading=\"lazy\" decoding=\"async\" class=\"alignnone wp-image-11691\" src=\"https:\/\/vivasem.ro\/wp-content\/uploads\/2023\/02\/FLORIAN-logo-300x159.jpg\" alt=\"\" width=\"155\" height=\"82\" srcset=\"https:\/\/vivasem.ro\/wp-content\/uploads\/2023\/02\/FLORIAN-logo-300x159.jpg 300w, https:\/\/vivasem.ro\/wp-content\/uploads\/2023\/02\/FLORIAN-logo-original-248x131.jpg 248w, https:\/\/vivasem.ro\/wp-content\/uploads\/2023\/02\/FLORIAN-logo-original-590x313.jpg 590w, https:\/\/vivasem.ro\/wp-content\/uploads\/2023\/02\/FLORIAN-logo-original.jpg 655w\" sizes=\"auto, (max-width: 155px) 100vw, 155px\" \/><\/a><\/u><\/strong><\/span><\/h6>\n<h6><span style=\"color: #ff0000;\"><span class=\"post-meta-key\">Produs \u0219i ambalat de :Florian-Bulgaria<\/span><\/span><\/h6>\n<h6><span style=\"color: #333399;\">Soiul de maz\u0103re zaharat\u0103 &#8216;Ambrosia&#8217; (<em>Pisum sativum<\/em>), este unul dintre cele mai bune cunoscute, datorit\u0103\u00a0 gustului excep\u021bional, foarte dulce,\u00een plus fiind \u0219i u\u0219or de cultivat. <\/span><\/h6>\n<h6><span style=\"color: #333399;\">Produc\u021bia este generoas\u0103 , p\u0103st\u0103ile sunt verzi, pline \u0219i suculente, ce con\u021bin semin\u021be rotunde \u0219i dulci. <\/span><\/h6>\n<h6><span style=\"color: #333399;\">Un aspect notabil al maz\u0103rii zaharate &#8216;Ambrosia&#8217; este p\u0103staia lipsit\u0103 de teaca dur\u0103 la exterior, f\u0103c\u00e2ndu-le complet comestibile\u00a0 , nu doar boabele.<\/span><\/h6>\n<h6><span style=\"color: #333399;\"> Aceste p\u0103st\u0103i sunt o surs\u0103 magnific\u0103 de vitaminele A, B \u0219i C, inclusiv minerale esen\u021biale ca calciul, magneziul, fierul, potasiul \u0219i fosforul.<\/span><\/h6>\n<h6><span style=\"color: #333399;\">Se poate sem\u0103na de la jumatatea lunii octombrie pana la jumatatea lunii noiembrie &#8211; pana cand solul\u00a0 inghea\u021b\u0103, \u00een randuri la o distanta de 15 cm intre randuri si 5 cm pe rand.<\/span><\/h6>\n<h6><span style=\"color: #333399;\">Sau sem\u0103natul se efectuaz\u0103 la \u00eenceputul prim\u0103verii, \u00eentr-un sol bine drenat, moderat fertil \u0219i bogat \u00een materie organic\u0103. Locul ales trebuie s\u0103 fie \u00eensoarit \u0219i s\u0103 nu prezinte tendin\u021ba de formare a crustei.<\/span><\/h6>\n<h6><span style=\"color: #333399;\"> Recoltarea p\u0103st\u0103ilor poate \u00eencepe dup\u0103 aproximativ 60-70 de zile de la sem\u0103nat, adic\u0103 spre sf\u00e2r\u0219itul prim\u0103verii sau \u00eenceputul verii, cu posibilitatea consumului imediat sau a congel\u0103rii pentru mai t\u00e2rziu.<\/span><\/h6>\n<h6><span style=\"color: #333399;\">Indiferent dac\u0103 sunte\u021bi un gr\u0103dinar experimentat sau un \u00eencep\u0103tor \u00een c\u0103utarea unei experien\u021be unice \u0219i satisf\u0103c\u0103toare, maz\u0103rea zaharat\u0103 &#8216;Ambrosia&#8217; v\u0103 ofer\u0103 o experien\u021b\u0103 de gr\u0103din\u0103rit excep\u021bional\u0103, cu o produc\u021bie impresionant\u0103 \u0219i p\u0103st\u0103i delicioase. <\/span><\/h6>\n<h6><span style=\"color: #333399;\">Achizi\u021biona\u021bi aceste semin\u021be\u00a0 \u0219i bucura\u021bi-v\u0103 de gustul succesului \u00een gr\u0103din\u0103rit!<\/span><\/h6>\n","protected":false},"excerpt":{"rendered":"<h6><span style=\"color: #0000ff;\">100 grame\/cca 400-500 semin\u021be<\/span><\/h6>\n","protected":false},"featured_media":13587,"comment_status":"open","ping_status":"closed","template":"","meta":{"site-sidebar-layout":"default","site-content-layout":"default","ast-site-content-layout":"default","site-content-style":"default","site-sidebar-style":"default","ast-global-header-display":"","ast-banner-title-visibility":"","ast-main-header-display":"","ast-hfb-above-header-display":"","ast-hfb-below-header-display":"","ast-hfb-mobile-header-display":"","site-post-title":"","ast-breadcrumbs-content":"","ast-featured-img":"","footer-sml-layout":"","ast-disable-related-posts":"","theme-transparent-header-meta":"default","adv-header-id-meta":"","stick-header-meta":"","header-above-stick-meta":"","header-main-stick-meta":"","header-below-stick-meta":"","astra-migrate-meta-layouts":"set","ast-page-background-enabled":"default","ast-page-background-meta":{"desktop":{"background-color":"var(--ast-global-color-4)","background-image":"","background-repeat":"repeat","background-position":"center center","background-size":"auto","background-attachment":"scroll","background-type":"","background-media":"","overlay-type":"","overlay-color":"","overlay-opacity":"","overlay-gradient":""},"tablet":{"background-color":"","background-image":"","background-repeat":"repeat","background-position":"center center","background-size":"auto","background-attachment":"scroll","background-type":"","background-media":"","overlay-type":"","overlay-color":"","overlay-opacity":"","overlay-gradient":""},"mobile":{"background-color":"","background-image":"","background-repeat":"repeat","background-position":"center center","background-size":"auto","background-attachment":"scroll","background-type":"","background-media":"","overlay-type":"","overlay-color":"","overlay-opacity":"","overlay-gradient":""}},"ast-content-background-meta":{"desktop":{"background-color":"var(--ast-global-color-5)","background-image":"","background-repeat":"repeat","background-position":"center center","background-size":"auto","background-attachment":"scroll","background-type":"","background-media":"","overlay-type":"","overlay-color":"","overlay-opacity":"","overlay-gradient":""},"tablet":{"background-color":"var(--ast-global-color-5)","background-image":"","background-repeat":"repeat","background-position":"center center","background-size":"auto","background-attachment":"scroll","background-type":"","background-media":"","overlay-type":"","overlay-color":"","overlay-opacity":"","overlay-gradient":""},"mobile":{"background-color":"var(--ast-global-color-5)","background-image":"","background-repeat":"repeat","background-position":"center center","background-size":"auto","background-attachment":"scroll","background-type":"","background-media":"","overlay-type":"","overlay-color":"","overlay-opacity":"","overlay-gradient":""}}},"product_brand":[],"product_cat":[112,91],"product_tag":[],"class_list":{"0":"post-13585","1":"product","2":"type-product","3":"status-publish","4":"has-post-thumbnail","6":"product_cat-fasole-oloaga-fasole-pitica","7":"product_cat-alte-legume","8":"desktop-align-left","9":"tablet-align-left","10":"mobile-align-left","12":"first","13":"instock","14":"taxable","15":"shipping-taxable","16":"purchasable","17":"product-type-simple"},"_links":{"self":[{"href":"https:\/\/vivasem.ro\/index.php?rest_route=\/wp\/v2\/product\/13585","targetHints":{"allow":["GET"]}}],"collection":[{"href":"https:\/\/vivasem.ro\/index.php?rest_route=\/wp\/v2\/product"}],"about":[{"href":"https:\/\/vivasem.ro\/index.php?rest_route=\/wp\/v2\/types\/product"}],"replies":[{"embeddable":true,"href":"https:\/\/vivasem.ro\/index.php?rest_route=%2Fwp%2Fv2%2Fcomments&post=13585"}],"wp:featuredmedia":[{"embeddable":true,"href":"https:\/\/vivasem.ro\/index.php?rest_route=\/wp\/v2\/media\/13587"}],"wp:attachment":[{"href":"https:\/\/vivasem.ro\/index.php?rest_route=%2Fwp%2Fv2%2Fmedia&parent=13585"}],"wp:term":[{"taxonomy":"product_brand","embeddable":true,"href":"https:\/\/vivasem.ro\/index.php?rest_route=%2Fwp%2Fv2%2Fproduct_brand&post=13585"},{"taxonomy":"product_cat","embeddable":true,"href":"https:\/\/vivasem.ro\/index.php?rest_route=%2Fwp%2Fv2%2Fproduct_cat&post=13585"},{"taxonomy":"product_tag","embeddable":true,"href":"https:\/\/vivasem.ro\/index.php?rest_route=%2Fwp%2Fv2%2Fproduct_tag&post=13585"}],"curies":[{"name":"wp","href":"https:\/\/api.w.org\/{rel}","templated":true}]}}